{"id":86,"date":"2014-04-14T18:43:53","date_gmt":"2014-04-14T16:43:53","guid":{"rendered":"http:\/\/www.ana.usn.hu\/hu\/?page_id=86"},"modified":"2021-02-19T15:28:48","modified_gmt":"2021-02-19T14:28:48","slug":"szakdolgozatok","status":"publish","type":"page","link":"https:\/\/semmelweis.hu\/anatomia\/kutatas\/tudomanyos-diakmunka\/szakdolgozatok\/","title":{"rendered":"Szakdolgozat"},"content":{"rendered":"<h2>\u00c1llamvizsga \/z\u00e1r\u00f3vizsga szakdolgozatok<\/h2>\n<figure id=\"attachment_165\" aria-describedby=\"caption-attachment-165\" style=\"width: 300px\" class=\"wp-caption alignright\"><a href=\"https:\/\/semmelweis.hu\/anatomia\/files\/2014\/04\/szakd-.jpg\"><img loading=\"lazy\" decoding=\"async\" class=\"wp-image-165 size-medium\" style=\"border: 1px solid black; margin: 4px;\" src=\"https:\/\/semmelweis.hu\/anatomia\/files\/2014\/04\/szakd--300x200.jpg\" alt=\"szakd--\" width=\"300\" height=\"200\" srcset=\"https:\/\/semmelweis.hu\/anatomia\/files\/2014\/04\/szakd--300x200.jpg 300w, https:\/\/semmelweis.hu\/anatomia\/files\/2014\/04\/szakd--450x300.jpg 450w, https:\/\/semmelweis.hu\/anatomia\/files\/2014\/04\/szakd-.jpg 600w\" sizes=\"auto, (max-width: 300px) 100vw, 300px\" \/><\/a><figcaption id=\"caption-attachment-165\" class=\"wp-caption-text\">Sikeres v\u00e9d\u00e9s ut\u00e1n (2013)<\/figcaption><\/figure>\n<p>Szab\u00e1lyok: &#8222;<a href=\"https:\/\/semmelweis.hu\/anatomia\/files\/2018\/10\/Diplomamunka-\u00e9s-szakdolgozat.pdf\">Diplomamunka \u00e9s szakdolgozat<\/a>&#8221; (A SEMMELWEIS EGYETEM SZMSZ, III. fejezet\u00a0Az Egyetem Kreditrendszer\u0171 Tanulm\u00e1nyi \u00e9s Vizsgaszab\u00e1lyzat\u00e1r\u00f3l III.\/I. fejezet\u00c1OK, FOK \u00e9s GYTK Kreditrendszer\u0171 Tanulm\u00e1nyi \u00e9s Vizsgaszab\u00e1lyzata, 24. \u00a7)<br \/>\n<a href=\"https:\/\/semmelweis.hu\/jogigfoig\/dokumentumtar\/szervezeti-es-mukodesi-szabalyzat\/\" target=\"_blank\" rel=\"noopener noreferrer\">https:\/\/semmelweis.hu\/jogigfoig\/dokumentumtar\/szervezeti-es-mukodesi-szabalyzat\/<\/a><\/p>\n<p>Z\u00e1r\u00f3vizsga (\u00e1llamvizsga) szakdolgozati c\u00edmlista a <strong>2019\/20 \u00e9s 2020\/21. tan\u00e9vre<\/strong>:<\/p>\n<ul>\n<li><a href=\"https:\/\/semmelweis.hu\/anatomia\/files\/2021\/01\/szakdolgozat-t\u00e9m\u00e1k-2019_20.pdf\" target=\"_blank\" rel=\"noopener noreferrer\"><strong>\u00c1OK\u00a0<\/strong><\/a><\/li>\n<li><strong>FOK\u00a0<\/strong><\/li>\n<\/ul>\n<ul>\n<li>Z\u00e1r\u00f3vizsga (\u00e1llamvizsga) szakdolgozati c\u00edmlista a 2017\/2018. tan\u00e9vre: <br \/>\n\u00c1OK &#8211; <a href=\"https:\/\/semmelweis.hu\/anatomia\/files\/2014\/04\/Szakdolgozat_c\u00edmek-2017-18ra-FOK.pdf\" target=\"_blank\" rel=\"noopener noreferrer\">FOK<\/a><\/li>\n<li>Z\u00e1r\u00f3vizsga (\u00e1llamvizsga) szakdolgozati c\u00edmlista a 2014\/2015. tan\u00e9vre:<br \/>\n<a href=\"https:\/\/semmelweis.hu\/anatomia\/files\/archiv\/pdf\/szakd-aok-2014.pdf\" target=\"_blank\" rel=\"noopener noreferrer\"><span style=\"color: #0000ff;\">\u00c1OK <\/span><\/a>(pdf) &#8211;<a href=\"https:\/\/semmelweis.hu\/anatomia\/files\/archiv\/pdf\/szakd-fok-2014.pdf\" target=\"_blank\" rel=\"noopener noreferrer\"><span style=\"color: #0000ff;\">FOK <\/span><\/a>(pdf)<\/li>\n<\/ul>\n<p class=\"entry-title\"><strong>Szakdolgozatok v\u00e9d\u00e9se Int\u00e9zet\u00fcnkben:<\/strong><br \/>\n<ul class=\"display-posts-listing\"><li class=\"listing-item\"><a class=\"title\" href=\"https:\/\/semmelweis.hu\/anatomia\/2025\/04\/05\/zarovizsga-szakdolgozatok-vedese\/\">Z\u00e1r\u00f3vizsga szakdolgozatok v\u00e9d\u00e9se<\/a><\/li><li class=\"listing-item\"><a class=\"title\" href=\"https:\/\/semmelweis.hu\/anatomia\/2024\/03\/23\/szakdolgozat-vedesek-2024\/\">Szakdolgozat v\u00e9d\u00e9sek 2024.<\/a><\/li><li class=\"listing-item\"><a class=\"title\" href=\"https:\/\/semmelweis.hu\/anatomia\/2019\/03\/30\/szakdolgozat-vedesek-2019\/\">Szakdolgozat v\u00e9d\u00e9sek 2019.<\/a><\/li><li class=\"listing-item\"><a class=\"title\" href=\"https:\/\/semmelweis.hu\/anatomia\/2018\/04\/01\/szakdolgozat-vedesek-2018\/\">Szakdolgozat v\u00e9d\u00e9sek 2018.<\/a><\/li><li class=\"listing-item\"><a class=\"title\" href=\"https:\/\/semmelweis.hu\/anatomia\/2017\/03\/24\/szakdolgozat-vedesek-2017\/\">Szakdolgozat-v\u00e9d\u00e9sek 2017.<\/a><\/li><li class=\"listing-item\"><a class=\"title\" href=\"https:\/\/semmelweis.hu\/anatomia\/2016\/04\/01\/szakdolgozat-vedesek-2016\/\">Szakdolgozat-v\u00e9d\u00e9sek 2016.<\/a><\/li><li class=\"listing-item\"><a class=\"title\" href=\"https:\/\/semmelweis.hu\/anatomia\/2015\/05\/06\/szakdolgozat-vedesek-2015\/\">Szakdolgozat-v\u00e9d\u00e9sek 2015.<\/a><\/li><li class=\"listing-item\"><a class=\"title\" href=\"https:\/\/semmelweis.hu\/anatomia\/2014\/07\/16\/szakdolgozat-vedesek-2014\/\">Szakdolgozat-v\u00e9d\u00e9sek (2014)<\/a><\/li><li class=\"listing-item\"><a class=\"title\" href=\"https:\/\/semmelweis.hu\/anatomia\/2014\/04\/17\/grimm-andras-szakdolgozat-vedese-2013\/\">Szakdolgozat-v\u00e9d\u00e9sek (2013)<\/a><\/li><li class=\"listing-item\"><a class=\"title\" href=\"https:\/\/semmelweis.hu\/anatomia\/2012\/04\/17\/szakdolgozat-vedesek-2012\/\">Szakdolgozat-v\u00e9d\u00e9sek (2012)<\/a><\/li><li class=\"listing-item\"><a class=\"title\" href=\"https:\/\/semmelweis.hu\/anatomia\/2011\/04\/17\/szakdolgozatok-vedese-2011\/\">Szakdolgozat-v\u00e9d\u00e9sek (2011)<\/a><\/li><li class=\"listing-item\"><a class=\"title\" href=\"https:\/\/semmelweis.hu\/anatomia\/2010\/04\/17\/szakdolgozatok-vedese-2010\/\">Szakdolgozat-v\u00e9d\u00e9sek (2010)<\/a><\/li><li class=\"listing-item\"><a class=\"title\" href=\"https:\/\/semmelweis.hu\/anatomia\/2008\/04\/17\/szakdolgozat-vedesek-2008\/\">Szakdolgozat-v\u00e9d\u00e9sek (2008)<\/a><\/li><\/ul><\/p>\n<p>&nbsp;<\/p>\n","protected":false},"excerpt":{"rendered":"<p>D\u00e9ri Tam\u00e1s Zolt\u00e1n: A maxilla fogmedri ny\u00falv\u00e1ny\u00e1nak a fogak elveszt\u00e9s\u00e9vel kapcsolatos alak \u00e9s szerkezet v\u00e1ltoz\u00e1sai\u00a0 a fog\u00e1szati implantol\u00f3gia szemsz\u00f6g\u00e9b\u0151l V\u00e9csey Zsombor: A nyelv beidegz\u00e9s\u00e9ben r\u00e9sztvev\u0151 neuropeptid tartalm\u00fa idegelemek lokaliz\u00e1ci\u00f3ja \u00e9s eredete Szabadits Eszter: Nitrog\u00e9n-monoxid jel\u00e1tvitel a hipocampus GABA-erg szinapszisaiban (els\u0151szerz\u0151s k\u00f6zlem\u00e9ny alapj\u00e1n) Bodon Gergely: Anat\u00f3miai tanulm\u00e1ny a Wiltse-f\u00e9le paravertebr\u00e1lis felt\u00e1r\u00e1shoz, annak alkalmaz\u00e1sa extraforamin\u00e1lis porckorongs\u00e9rv oper\u00e1ci\u00f3j\u00e1hoz. &hellip;<\/p>\n","protected":false},"author":12,"featured_media":0,"parent":13729,"menu_order":2,"comment_status":"closed","ping_status":"closed","template":"","meta":{"_acf_changed":false,"footnotes":""},"categories":[],"tags":[],"class_list":["post-86","page","type-page","status-publish","hentry"],"acf":[],"_links":{"self":[{"href":"https:\/\/semmelweis.hu\/anatomia\/wp-json\/wp\/v2\/pages\/86","targetHints":{"allow":["GET"]}}],"collection":[{"href":"https:\/\/semmelweis.hu\/anatomia\/wp-json\/wp\/v2\/pages"}],"about":[{"href":"https:\/\/semmelweis.hu\/anatomia\/wp-json\/wp\/v2\/types\/page"}],"author":[{"embeddable":true,"href":"https:\/\/semmelweis.hu\/anatomia\/wp-json\/wp\/v2\/users\/12"}],"replies":[{"embeddable":true,"href":"https:\/\/semmelweis.hu\/anatomia\/wp-json\/wp\/v2\/comments?post=86"}],"version-history":[{"count":11,"href":"https:\/\/semmelweis.hu\/anatomia\/wp-json\/wp\/v2\/pages\/86\/revisions"}],"predecessor-version":[{"id":28499,"href":"https:\/\/semmelweis.hu\/anatomia\/wp-json\/wp\/v2\/pages\/86\/revisions\/28499"}],"up":[{"embeddable":true,"href":"https:\/\/semmelweis.hu\/anatomia\/wp-json\/wp\/v2\/pages\/13729"}],"wp:attachment":[{"href":"https:\/\/semmelweis.hu\/anatomia\/wp-json\/wp\/v2\/media?parent=86"}],"wp:term":[{"taxonomy":"category","embeddable":true,"href":"https:\/\/semmelweis.hu\/anatomia\/wp-json\/wp\/v2\/categories?post=86"},{"taxonomy":"post_tag","embeddable":true,"href":"https:\/\/semmelweis.hu\/anatomia\/wp-json\/wp\/v2\/tags?post=86"}],"curies":[{"name":"wp","href":"https:\/\/api.w.org\/{rel}","templated":true}]}}