{"id":84,"date":"2014-04-14T18:43:39","date_gmt":"2014-04-14T18:43:39","guid":{"rendered":"http:\/\/www.ana.usn.hu\/hu\/?page_id=84"},"modified":"2025-05-05T09:31:26","modified_gmt":"2025-05-05T07:31:26","slug":"tdk","status":"publish","type":"page","link":"https:\/\/semmelweis.hu\/anatomia\/kutatas\/tudomanyos-diakmunka\/tdk\/","title":{"rendered":"Tudom\u00e1nyos Di\u00e1kk\u00f6r (TDK)"},"content":{"rendered":"<p><strong>Az Anat\u00f3miai Int\u00e9zet szeretettel v\u00e1rja a hallgat\u00f3kat az int\u00e9zet tudom\u00e1nyos laborjaiban v\u00e9gzett\u00a0TDK-munk\u00e1ra \u00e9s prepar\u00e1l\u00e1sra. Int\u00e9zet\u00fcnk mind alapkutat\u00e1si, mind klinikai anat\u00f3miai ter\u00fcleten v\u00e1rja a j\u00f6v\u0151 tudom\u00e1nyos gener\u00e1ci\u00f3j\u00e1nak jelentkez\u00e9s\u00e9t. Hallgat\u00f3ink minden \u00e9vben jelent\u0151s eredm\u00e9nyeket \u00e9rnek el mind az egyetemi, mind az orsz\u00e1gos di\u00e1kk\u00f6ri konferenci\u00e1kon. Az int\u00e9zet figyelmet szentel a hallgat\u00f3k tudom\u00e1nyos k\u00e9pz\u00e9s\u00e9nek, bels\u0151 k\u00e9pz\u00e9si modulokkal is t\u00e1mogatva a TDK munk\u00e1t v\u00e9gz\u0151 hallgat\u00f3kat. <\/strong><\/p>\n<p><strong>Fontos inform\u00e1ci\u00f3k:<\/strong><\/p>\n<p><strong>TDK-felel\u0151s:<\/strong><\/p>\n<ul>\n<li>Dr. Horv\u00e1th Andr\u00e1s Attila, egyetemi adjunktus:\u00a0<a href=\"mailto:horvath.andras1@semmelweis.hu\">horvath.andras1@semmelweis.hu<\/a><\/li>\n<\/ul>\n<p><strong>Regisztr\u00e1ci\u00f3 \u00e9s al\u00e1\u00edr\u00e1s:<\/strong><\/p>\n<p>A hallgat\u00f3k a szemeszterek kezdet\u00e9t megel\u0151z\u0151en szem\u00e9lyesen jelentkezzenek a meghirdetett kutat\u00e1si t\u00e9m\u00e1k t\u00e9mavezet\u0151in\u00e9l \u2013 illetve, amennyiben kreditpontot szeretn\u00e9nek kapni, a\u00a0Neptun-ban\u00a0regisztr\u00e1lj\u00e1k magukat, mint az Anat\u00f3miai Int\u00e9zet TDK hallgat\u00f3i. Fontos, hogy a Neptun regisztr\u00e1ci\u00f3t jelezze a t\u00e9mavezet\u0151j\u00e9nek is. A hallgat\u00f3k a f\u00e9l\u00e9v sor\u00e1n az int\u00e9zeti honlapon ellen\u0151rizhetik, hogy Neptun regisztr\u00e1ci\u00f3juk megfelel\u0151 volt-e (<a href=\"https:\/\/semmelweis.hu\/anatomia\/files\/2025\/05\/Jelenlegi-TDK-hallgatoink.xlsx\"><strong>Jelenlegi TDK hallgat\u00f3ink 2025<\/strong><\/a>). Amennyiben a hallgat\u00f3 az adott f\u00e9l\u00e9vben nem v\u00e9gez tudom\u00e1nyos tev\u00e9kenys\u00e9get, amelyet t\u00e9mavezet\u0151je meger\u0151s\u00edt, \u00fagy nem jogosult al\u00e1\u00edr\u00e1sra a Neptun-ban.<\/p>\n<p>A kurzusfelv\u00e9teln\u00e9l az \u00c1OK, FOK \u00e9s GYOK D\u00e9k\u00e1ni Hivatalok t\u00e1j\u00e9koztat\u00e1sa a m\u00e9rvad\u00f3. Kutat\u00e1si, prepar\u00e1tumk\u00e9sz\u00edt\u00e9si (oktat\u00e1s n\u00e9lk\u00fcl) sz\u00e1nd\u00e9k eset\u00e9n is a \u201eTDK-kurzus\u201d-t kell felvenni. Term\u00e9szetesen lehets\u00e9ges oktat\u00e1st \u00e9s\/vagy kutat\u00e1st \u00e9s\/vagy prepar\u00e1l\u00e1st egyar\u00e1nt v\u00e9gezni. A f\u00e9l\u00e9v v\u00e9g\u00e9n al\u00e1\u00edr\u00e1st csak az kaphat, aki teljes\u00edtette a kutat\u00e1si k\u00f6vetelm\u00e9nyeket.<\/p>\n<p><strong>\u00c9vk\u00f6zi TDK kurzus:<\/strong><\/p>\n<p>Az int\u00e9zetben a TDK hallgat\u00f3k \u00f6nk\u00e9ntes, bels\u0151 k\u00e9pz\u00e9sben vehetnek r\u00e9szt, amelyben elsaj\u00e1t\u00edthatj\u00e1k a tudom\u00e1nyos munka \u00e9s gondolkod\u00e1s alapjait. A k\u00e9pz\u00e9sr\u0151l r\u00e9szletes t\u00e1j\u00e9koztat\u00e1st (t\u00e9m\u00e1k, id\u0151pontok, helysz\u00edn) az<a href=\"https:\/\/semmelweis.hu\/anatomia\/files\/2025\/04\/Intezeti-TDK-kepzes-2025.pdf\"><strong> Int\u00e9zeti TDK k\u00e9pz\u00e9s 2025 <\/strong><\/a>f\u00fcl alatt tal\u00e1lnak.<\/p>\n<p>&nbsp;<\/p>\n<p style=\"text-align: left\">\u00a0<\/p>\n<hr \/>\n<h3>Kutat\u00e1s<\/h3>\n<p><strong><a href=\"https:\/\/semmelweis.hu\/anatomia\/files\/2025\/04\/Valaszthato-TDK-temak-2025.xlsx\">V\u00e1laszthat\u00f3 TDK-t\u00e9m\u00e1k Int\u00e9zet\u00fcnkben (2025)<\/a> \u2192<\/strong><\/p>\n<p><strong><a href=\"https:\/\/semmelweis.hu\/tdk\/\">Egyetemi TDK-honlap (v\u00e1laszthat\u00f3 t\u00e9m\u00e1k, TDK szab\u00e1lyzat) \u2192<\/a><\/strong><\/p>\n<h3>Prepar\u00e1l\u00e1s<\/h3>\n<ul>\n<li><strong><a href=\"https:\/\/semmelweis.hu\/anatomia\/az-intezet-alapitvanyai\/apathy-istvan-alapitvany\/\" target=\"_blank\" rel=\"noopener noreferrer\">Ap\u00e1thy p\u00e1ly\u00e1zat<\/a><\/strong><\/li>\n<li>\n<p class=\"entry-title\"><strong><a href=\"\/anatomia\/?page_id=503\" target=\"_blank\" rel=\"noopener noreferrer\">Mih\u00e1lkovics p\u00e1ly\u00e1zat<\/a><\/strong><\/p>\n<\/li>\n<\/ul>\n<hr \/>\n<p>&nbsp;<\/p>\n<h3>Int\u00e9zet\u00fcnk szerepl\u00e9se a TDK-konferenci\u00e1kon (el\u0151ad\u00e1sok, d\u00edjak):<\/h3>\n<ul>\n<li><a href=\"https:\/\/semmelweis.hu\/anatomia\/files\/2025\/04\/TDK-eredmenyek-2025.pdf\">A 2025. \u00e9vi TDK-konferencia d\u00edjnyertes el\u0151ad\u00f3i Int\u00e9zet\u00fcnkb\u0151l<\/a><\/li>\n<li><a href=\"https:\/\/semmelweis.hu\/anatomia\/files\/2023\/02\/TDK-2023-reszvetel_eredmenyek_AnatomiaInt.pdf\">A 2023. \u00e9vi TDK-konferencia d\u00edjnyertes el\u0151ad\u00f3i Int\u00e9zet\u00fcnkb\u0151l<\/a><\/li>\n<li><a href=\"https:\/\/semmelweis.hu\/anatomia\/files\/2023\/02\/International-TDK-2023-eredmenyek_AnatomiaInt.pdf\">A 2023. \u00e9vi Semmelweis International Student\u2019s Conference d\u00edjnyertes el\u0151ad\u00f3i Int\u00e9zet\u00fcnkb\u0151l<\/a><\/li>\n<li><a href=\"https:\/\/semmelweis.hu\/anatomia\/2021\/03\/23\/tdk-konferencia-2020-2\/\">A 2021. \u00e9vi TDK-konferencia d\u00edjnyertes el\u0151ad\u00f3i Int\u00e9zet\u00fcnkb\u0151l<\/a><\/li>\n<li><a href=\"https:\/\/semmelweis.hu\/anatomia\/2020\/09\/10\/tdk-konferencia-2020\/\">A 2020. \u00e9vi TDK-konferencia d\u00edjnyertes el\u0151ad\u00f3i Int\u00e9zet\u00fcnkb\u0151l<\/a><\/li>\n<li><a href=\"https:\/\/semmelweis.hu\/anatomia\/2019\/02\/20\/a-2019-evi-tdk-konferencia\/\">A 2019. \u00e9vi TDK-konferencia d\u00edjnyertes el\u0151ad\u00f3i Int\u00e9zet\u00fcnkb\u0151l<\/a><\/li>\n<li><span style=\"color: #000000\"><span style=\"font-size: 14pt\"><a href=\"https:\/\/semmelweis.hu\/anatomia\/2018\/03\/12\/a-2018-evi-tdk-konferencia-dijnyertes-eloadoi\/\" target=\"_blank\" rel=\"noopener noreferrer\">A 2018. \u00e9vi TDK-konferencia d\u00edjnyertes el\u0151ad\u00f3i Int\u00e9zet\u00fcnkb\u0151l<\/a><\/span><\/span><\/li>\n<li><span style=\"color: #000000\"><span style=\"font-size: 14pt\"><a href=\"https:\/\/semmelweis.hu\/anatomia\/2017\/03\/12\/a-2017-evi-tdk-konferencia-dijnyertes-eloadoi\/\" target=\"_blank\" rel=\"noopener noreferrer\">A 2017. \u00e9vi TDK-konferencia d\u00edjnyertes el\u0151ad\u00f3i Int\u00e9zet\u00fcnkb\u0151l<\/a><\/span><\/span><\/li>\n<li><a href=\"https:\/\/semmelweis.hu\/anatomia\/2016\/03\/12\/a-2016-evi-tdk-konferencia-szereploi-es-dijazottjai\/\" target=\"_blank\" rel=\"noopener noreferrer\">A 2016. \u00e9vi TDK-konferencia szerepl\u0151i \u00e9s d\u00edjazottjai Int\u00e9zet\u00fcnkb\u0151l <\/a><span style=\"color: #000000;font-size: 1rem\">(a kor\u00e1bbi Anat\u00f3miai Int\u00e9zetb\u0151l)<\/span><\/li>\n<li><a href=\"https:\/\/semmelweis.hu\/anatomia\/2015\/03\/12\/a-2015-evi-otdk-es-tdk-konferencia-dijazottjai\/\" target=\"_blank\" rel=\"noopener noreferrer\">A 2015. \u00e9vi OTDK \u00e9s TDK-konferencia d\u00edjazottjai Int\u00e9zet\u00fcnkb\u0151l <\/a><span style=\"color: #000000;font-size: 1rem\">(a kor\u00e1bbi Anat\u00f3miai Int\u00e9zetb\u0151l)<\/span><\/li>\n<li><a href=\"https:\/\/semmelweis.hu\/anatomia\/kutatas\/tdk\/tudomanyos-diakkorunk-tdk\/\">Kor\u00e1bbi (1997-2014) TDK-eredm\u00e9nyek<\/a><\/li>\n<\/ul>\n<hr \/>\n<h3>TDK arch\u00edv anyagok<\/h3>\n<ul style=\"list-style-type: square\">\n<li><a href=\"https:\/\/semmelweis.hu\/tdk\/archivum\/anatomiai-szovet-es-fejlodestani-intezet-aok\/\">V\u00e1laszthat\u00f3 TDK-t\u00e9m\u00e1k Int\u00e9zet\u00fcnkben (2021\/2022)<\/a><\/li>\n<li><a href=\"https:\/\/semmelweis.hu\/anatomia\/files\/2021\/01\/TDK-c\u00edmlista-2020_2021.pdf\" target=\"_blank\" rel=\"noopener noreferrer\">V\u00e1laszthat\u00f3 TDK-t\u00e9m\u00e1k Int\u00e9zet\u00fcnkben<\/a> (2020\/2021)<\/li>\n<li><a href=\"https:\/\/semmelweis.hu\/tdk\/archivum\/anatomiai-szovet-es-fejlodestani-intezet-aok\/\" target=\"_blank\" rel=\"noopener noreferrer\">V\u00e1laszthat\u00f3 TDK-t\u00e9m\u00e1k Int\u00e9zet\u00fcnkben<\/a> (2017\/2018)<\/li>\n<li><a href=\"https:\/\/semmelweis.hu\/anatomia\/files\/2018\/10\/TDK-t\u00e9m\u00e1k-2016-17-.pdf\" target=\"_blank\" rel=\"noopener noreferrer\">V\u00e1laszthat\u00f3 TDK-t\u00e9m\u00e1k Int\u00e9zet\u00fcnkben<\/a> (2016\/2017)<\/li>\n<li><a href=\"https:\/\/semmelweis.hu\/anatomia\/files\/2018\/10\/TDK-t\u00e9m\u00e1k-2014-15.pdf\" target=\"_blank\" rel=\"noopener noreferrer\">V\u00e1laszthat\u00f3 TDK-t\u00e9m\u00e1k Int\u00e9zet\u00fcnkben<\/a> (2014\/2015)<\/li>\n<\/ul>\n","protected":false},"excerpt":{"rendered":"<p>Az Anat\u00f3miai Int\u00e9zet szeretettel v\u00e1rja a hallgat\u00f3kat az int\u00e9zet tudom\u00e1nyos laborjaiban v\u00e9gzett\u00a0TDK-munk\u00e1ra \u00e9s prepar\u00e1l\u00e1sra. Int\u00e9zet\u00fcnk mind alapkutat\u00e1si, mind klinikai anat\u00f3miai ter\u00fcleten v\u00e1rja a j\u00f6v\u0151 tudom\u00e1nyos gener\u00e1ci\u00f3j\u00e1nak jelentkez\u00e9s\u00e9t. Hallgat\u00f3ink minden \u00e9vben jelent\u0151s eredm\u00e9nyeket \u00e9rnek el mind az egyetemi, mind az orsz\u00e1gos di\u00e1kk\u00f6ri konferenci\u00e1kon. Az int\u00e9zet figyelmet szentel a hallgat\u00f3k tudom\u00e1nyos k\u00e9pz\u00e9s\u00e9nek, bels\u0151 k\u00e9pz\u00e9si modulokkal is t\u00e1mogatva &hellip;<\/p>\n","protected":false},"author":12,"featured_media":0,"parent":13729,"menu_order":0,"comment_status":"closed","ping_status":"closed","template":"","meta":{"_acf_changed":false,"footnotes":""},"categories":[],"tags":[],"class_list":["post-84","page","type-page","status-publish","hentry"],"acf":[],"_links":{"self":[{"href":"https:\/\/semmelweis.hu\/anatomia\/wp-json\/wp\/v2\/pages\/84","targetHints":{"allow":["GET"]}}],"collection":[{"href":"https:\/\/semmelweis.hu\/anatomia\/wp-json\/wp\/v2\/pages"}],"about":[{"href":"https:\/\/semmelweis.hu\/anatomia\/wp-json\/wp\/v2\/types\/page"}],"author":[{"embeddable":true,"href":"https:\/\/semmelweis.hu\/anatomia\/wp-json\/wp\/v2\/users\/12"}],"replies":[{"embeddable":true,"href":"https:\/\/semmelweis.hu\/anatomia\/wp-json\/wp\/v2\/comments?post=84"}],"version-history":[{"count":13,"href":"https:\/\/semmelweis.hu\/anatomia\/wp-json\/wp\/v2\/pages\/84\/revisions"}],"predecessor-version":[{"id":32753,"href":"https:\/\/semmelweis.hu\/anatomia\/wp-json\/wp\/v2\/pages\/84\/revisions\/32753"}],"up":[{"embeddable":true,"href":"https:\/\/semmelweis.hu\/anatomia\/wp-json\/wp\/v2\/pages\/13729"}],"wp:attachment":[{"href":"https:\/\/semmelweis.hu\/anatomia\/wp-json\/wp\/v2\/media?parent=84"}],"wp:term":[{"taxonomy":"category","embeddable":true,"href":"https:\/\/semmelweis.hu\/anatomia\/wp-json\/wp\/v2\/categories?post=84"},{"taxonomy":"post_tag","embeddable":true,"href":"https:\/\/semmelweis.hu\/anatomia\/wp-json\/wp\/v2\/tags?post=84"}],"curies":[{"name":"wp","href":"https:\/\/api.w.org\/{rel}","templated":true}]}}