{"id":700,"date":"2014-04-19T14:59:34","date_gmt":"2014-04-19T12:59:34","guid":{"rendered":"http:\/\/www.ana.usn.hu\/hu\/?page_id=700"},"modified":"2020-04-06T17:31:54","modified_gmt":"2020-04-06T15:31:54","slug":"dr-csillag-andras","status":"publish","type":"page","link":"https:\/\/semmelweis.hu\/anatomia\/szemelyes-oldalak-personal-pages\/dr-csillag-andras\/","title":{"rendered":"Csillag Andr\u00e1s Dr."},"content":{"rendered":"<ul>\n<li><span style=\"color: #000000\"><strong><span style=\"font-family: Verdana\"><span style=\"font-family: Verdana;font-size: small\"><span style=\"color: #3366ff\"><a href=\"https:\/\/semmelweis.hu\/hirek\/2014\/10\/10\/dr-csillag-andras-semmi-nem-potolja-a-motivalt-oktatot-es-hallgatot\/\" target=\"_top\" rel=\"noopener noreferrer\">Csillag professzorral k\u00e9sz\u00fclt interj\u00fa<\/a><\/span> az egyetemi honlapon<\/span><\/span><\/strong><\/span><\/li>\n<li><span style=\"color: #000000\">A 2014. \u00e9vi <span style=\"color: #3366ff\"><a href=\"https:\/\/semmelweis.hu\/hirek\/2014\/06\/30\/semmelweis-nap-elkezdhetjuk-elvezni-a-valtozasok-gyumolcseit\/\">Semmelweis-napi egyetemi \u00fcnneps\u00e9gen<\/a><\/span> vette \u00e1t a lek\u00f6sz\u00f6n\u0151 tansz\u00e9kvezet\u0151knek j\u00e1r\u00f3 <em>arany pecs\u00e9tgy\u0171r\u0171t<\/em> <strong>Dr. Csillag Andr\u00e1s<\/strong> professzor, eddigi igazgat\u00f3nk.<\/span><\/li>\n<li><span style=\"color: #3366ff\"><strong><a href=\"https:\/\/semmelweis.hu\/anatomia\/?page_id=1856\">Tansz\u00e9kvezet\u0151-v\u00e1lt\u00e1s (2004)<\/a><\/strong><\/span><\/li>\n<\/ul>\n<figure id=\"attachment_2471\" aria-describedby=\"caption-attachment-2471\" style=\"width: 300px\" class=\"wp-caption aligncenter\"><a href=\"https:\/\/semmelweis.hu\/anatomia\/files\/2014\/07\/gyuru-012.jpg\"><img loading=\"lazy\" decoding=\"async\" class=\"wp-image-2471 size-medium\" src=\"https:\/\/semmelweis.hu\/anatomia\/files\/2014\/07\/gyuru-012-300x199.jpg\" alt=\"gyuru--012\" width=\"300\" height=\"199\" srcset=\"https:\/\/semmelweis.hu\/anatomia\/files\/2014\/07\/gyuru-012-300x199.jpg 300w, https:\/\/semmelweis.hu\/anatomia\/files\/2014\/07\/gyuru-012-450x300.jpg 450w, https:\/\/semmelweis.hu\/anatomia\/files\/2014\/07\/gyuru-012.jpg 800w\" sizes=\"auto, (max-width: 300px) 100vw, 300px\" \/><\/a><figcaption id=\"caption-attachment-2471\" class=\"wp-caption-text\">Csillag professzor a pecs\u00e9tgy\u0171r\u0171vel<\/figcaption><\/figure>\n<hr \/>\n<h2><strong>Curriculum vitae<\/strong><\/h2>\n<blockquote>\n<h3>\u00a0<\/h3>\n<h3><strong><em>Szem\u00e9lyi adatok<\/em><\/strong><\/h3>\n<figure id=\"attachment_1347\" aria-describedby=\"caption-attachment-1347\" style=\"width: 228px\" class=\"wp-caption alignright\"><a href=\"https:\/\/semmelweis.hu\/anatomia\/files\/2014\/06\/csillag1kis.jpg\"><img loading=\"lazy\" decoding=\"async\" class=\"wp-image-1347 size-medium\" src=\"https:\/\/semmelweis.hu\/anatomia\/files\/2014\/06\/csillag1kis-228x300.jpg\" alt=\"csillag1kis\" width=\"228\" height=\"300\" srcset=\"https:\/\/semmelweis.hu\/anatomia\/files\/2014\/06\/csillag1kis-228x300.jpg 228w, https:\/\/semmelweis.hu\/anatomia\/files\/2014\/06\/csillag1kis.jpg 260w\" sizes=\"auto, (max-width: 228px) 100vw, 228px\" \/><\/a><figcaption id=\"caption-attachment-1347\" class=\"wp-caption-text\">Dr. Csillag Andr\u00e1s<\/figcaption><\/figure>\n<p><em>\u00c1llampolg\u00e1rs\u00e1g: magyar<\/em><\/p>\n<p><em>Sz\u00fclet\u00e9si id\u0151: 1949. febru\u00e1r 20.<\/em><\/p>\n<p><em>Sz\u00fclet\u00e9si hely: Debrecen<\/em><\/p>\n<p><em>Anyja neve: Budai Erzs\u00e9bet<\/em><\/p>\n<h3><strong><em>Munkahelyi c\u00edm:<\/em><\/strong><\/h3>\n<p><em>Semmelweis Egyetem, \u00c1ltal\u00e1nos Orvostudom\u00e1nyi Kar<\/em><\/p>\n<p><em>Anat\u00f3miai, Sz\u00f6vet- \u00e9s Fejl\u0151d\u00e9stani Int\u00e9zet,<\/em><\/p>\n<p><em>Budapest, IX. T\u0171zolt\u00f3 u. 58. H-1450<\/em><\/p>\n<p><em>Tel: 215 6920, Fax: 215 5158, email: <a href=\"mailto:csillag.andras@med.semmelweis-univ.hu\">csillag.andras@med.semmelweis-univ.hu<\/a><\/em><\/p>\n<ul>\n<li>\n<p class=\"entry-title\"><a href=\"\/anatomia\/?page_id=1280\"><em>\u00d6sszehasonl\u00edt\u00f3 neurohisztol\u00f3giai \u00e9s neurocitok\u00e9miai laborat\u00f3rium<\/em><\/a><\/p>\n<\/li>\n<\/ul>\n<p>&nbsp;<\/p>\n<h3>\u00a0<\/h3>\n<h3><strong><em>Iskolai v\u00e9gzetts\u00e9g, tudom\u00e1nyos fokozatok, habilit\u00e1ci\u00f3<\/em><\/strong><\/h3>\n<ul>\n<li><em>1967 Jeles \u00e9retts\u00e9gi a budapesti Szinyei-Merse P\u00e1l \u00c1lt. Iskola \u00e9s Gimn\u00e1ziumban<\/em><\/li>\n<li><em>1967-1973 Orvostanhallgat\u00f3 a Budapesti (Semmelweis) OTE \u00c1lt. Orvosi Kar\u00e1n<\/em><\/li>\n<li><em>1973 &#8222;Summa cum laude&#8221; \u00e1ltal\u00e1nos orvosdoktori diploma<\/em><\/li>\n<li><em>1984 Az orvostudom\u00e1ny kandid\u00e1tusa &#8222;Transzport folyamatok izol\u00e1lt idegv\u00e9gz\u00f5d\u00e9sekben&#8221; c. \u00e9rtekez\u00e9s alapj\u00e1n<\/em><\/li>\n<li><em>1994 Habilit\u00e1lt doktori c\u00edm (Semmelweis Orvostudom\u00e1nyi Egyetem)<\/em><\/li>\n<li><em>1995 A biol\u00f3giai tudom\u00e1ny doktora az &#8222;Averzi\u00f3ra \u00e9p\u00fcl\u00f5 tanul\u00e1s funkci\u00f3s neuroanat\u00f3miai alapjai mad\u00e1rban&#8221; c. doktori t\u00e9zisek alapj\u00e1n<\/em><\/li>\n<\/ul>\n<h3><strong><em>Szakmai tov\u00e1bbk\u00e9pz\u00e9s, kutat\u00e1si gyakorlat<\/em><\/strong><\/h3>\n<p><em>1969-1973<\/em><br \/>\n<em> Tudom\u00e1nyos di\u00e1kk\u00f6ri tev\u00e9kenys\u00e9g a Semmelweis OTE K\u00eds\u00e9rleti Kutat\u00f3 Laborat\u00f3rium\u00e1ban.<\/em><\/p>\n<p><em>T\u00e9ma \u00e9s m\u00f3dszerek: mitochondriumok anion transzportja, membr\u00e1ntraszport-biok\u00e9mia<\/em><\/p>\n<p><em>T\u00e9mavezet\u00f5: Fony\u00f3 Attila<\/em><\/p>\n<p><em>1973-1984<\/em><br \/>\n<em> A Semmelweis OTE I. Anat\u00f3miai Int\u00e9zet\u00e9ben v\u00e9gzett kutat\u00f3munka.<\/em><\/p>\n<p><em>T\u00e9ma \u00e9s m\u00f3dszerek: Idegv\u00e9gz\u0151d\u00e9sek funkci\u00f3s morfol\u00f3gi\u00e1ja, elektronmikroszk\u00f3pia, subcellul\u00e1ris frakci\u00f3k k\u00e9sz\u00edt\u00e9se<\/em><\/p>\n<p><em>T\u00e9mavezet\u0151: Haj\u00f3s Ferenc<\/em><\/p>\n<p><em>1977-1978<\/em><br \/>\n<em> 6 h\u00f3napos tanulm\u00e1ny\u00fat az MRC Developmental Neurobiology Unit (London, Anglia) vend\u00e9gkutat\u00f3jak\u00e9nt.<\/em><\/p>\n<p><em>T\u00e9ma \u00e9s m\u00f3dszerek: transzmitterek (GABA, glicin) sz\u00f6veti lokaliz\u00e1ci\u00f3ja kisagyban, neurok\u00e9mia, elektronmikroszk\u00f3pos autoradiogr\u00e1fia, immuncitok\u00e9mia.<\/em><\/p>\n<p><em>T\u00e9mavezet\u00f5: Robert Bal\u00e1zs<\/em><\/p>\n<p><em>1984-1987<\/em><br \/>\n<em> 3 \u00e9ves tanulm\u00e1ny\u00fat az Open University Biol\u00f3giai Int\u00e9zet\u00e9nek Brain Research Group-j\u00e1n\u00e1l (Milton Keynes, Anglia).<\/em><\/p>\n<p><em>T\u00e9ma \u00e9s m\u00f3dszerek: szinaptikus plaszticit\u00e1ssal \u00f6sszef\u00fcgg\u00f5 neuromorfol\u00f3giai \u00e9s neurok\u00e9miai v\u00e1laszok h\u00e1zicsirke tanul\u00e1si modellen, viselked\u00e9sbiol\u00f3gia, immuncitok\u00e9mia, kvantitat\u00edv szinaptometria, receptorok biok\u00e9miai \u00e9s kvantitat\u00edv autoradiogr\u00e1fi\u00e1s vizsg\u00e1lata.<\/em><\/p>\n<p><em>T\u00e9mavezet\u00f5k: Steven P.R. Rose \u00e9s Michael G. Stewart<\/em><\/p>\n<p><em>1989-1991<\/em><br \/>\n<em> Az id\u00f5szakon bel\u00fcl h\u00e1rom 1-2 h\u00f3napos tanulm\u00e1ny\u00fat a K\u00f6lni Egyetem Anat\u00f3miai Int\u00e9zet\u00e9ben (K\u00f6ln, N\u00e9metorsz\u00e1g).<\/em><\/p>\n<p><em>T\u00e9ma \u00e9s m\u00f3dszerek: vasoactive intestinal polypeptide (VIP) \u00e9s VIP receptor- tartalm\u00fa strukt\u00far\u00e1k a l\u00e1t\u00f3k\u00e9regben. Glial fibrillary acidic protein (GFAP) \u00e9s agyp\u00e1lyas\u00e9r\u00fcl\u00e9s \u00f6sszef\u00fcgg\u00e9se. Immuncitok\u00e9mia, kvantitat\u00edv neuromorfol\u00f3gia.<\/em><\/p>\n<p><em>T\u00e9mavezet\u00f5k: Karl Zilles \u00e9s Haj\u00f3s Ferenc<\/em><\/p>\n<p><em>1992-1994<\/em><br \/>\n<em> Az id\u00f5szakon bel\u00fcl 2 x 3 ill. 1 x 4 h\u00f3napos tanulm\u00e1ny\u00fat a Menninger Int\u00e9zetben (Topeka, USA), Fogarty-NIH \u00f6szt\u00f6nd\u00edjjal.<\/em><\/p>\n<p><em>Az egy\u00fcttm\u00fbk\u00f6d\u00e9s keret\u00e9ben 2 hetes l\u00e1togat\u00e1s a University of California in San Diego, Dept. of Neurosciences-n\u00e9l (La Jolla, California, USA)<\/em><\/p>\n<p><em>T\u00e9ma \u00e9s m\u00f3dszerek: genetikailag szelekt\u00e1lt f\u00fcrjek f\u00e9nyk\u00f6vet\u00f5 preferenci\u00e1j\u00e1nak neuromorfol\u00f3giai korrel\u00e1tumai. Retin\u00e1lis afferensek lokaliz\u00e1ci\u00f3ja \u00e9s receptor citok\u00e9mi\u00e1ja f\u00fcrjben. Neuroetol\u00f3gia, agyi l\u00e9zi\u00f3s technik\u00e1k, p\u00e1lyakutat\u00e1s<\/em><\/p>\n<p><em>T\u00e9mavezet\u0151k ill. kollabor\u00e1ci\u00f3s partnerek: Joseph K. Kovach, H.J. Karten<\/em><\/p>\n<h3><strong><em>Munkahelyek, beoszt\u00e1sok<\/em><\/strong><\/h3>\n<ul>\n<li><em>1973-1975 Tudom\u00e1nyos \u00f6szt\u00f6nd\u00edjas a Semmelweis OTE I. Anat\u00f3miai, Sz\u00f6vet- \u00e9s Fejl\u00f5d\u00e9stani Int\u00e9zet\u00e9ben.<\/em><\/li>\n<li><em>1975-1988 Tan\u00e1rseg\u00e9d ugyanott<\/em><\/li>\n<li><em>1988- Adjunktus ugyanott<\/em><\/li>\n<li><em>1996- Docens ugyanott<\/em><\/li>\n<li><em>2001- Egyetemi tan\u00e1r ugyanott<\/em><\/li>\n<li><em><a href=\"\/anatomia\/?page_id=1833\">2004-2014 Int\u00e9zetigazgat\u00f3<\/a> ugyanott<\/em><\/li>\n<li><em>1977-1978 Vend\u00e9gkutat\u00f3 (Research Officer) az MRC Developmental Neurobiology Unit alkalmaz\u00e1s\u00e1ban 6 h\u00f3napig<\/em><\/li>\n<li><em>1984-1987 Vend\u00e9gkutat\u00f3 (Senior Research Fellow) az Open University, Biol\u00f3giai Int\u00e9zet, Brain Research Group alkalmaz\u00e1s\u00e1ban 3 \u00e9vig (\u00e1lland\u00f3 magyarorsz\u00e1gi munkahelyr\u00f5l tart\u00f3s szabads\u00e1gon)<\/em><\/li>\n<\/ul>\n<p>&nbsp;<\/p>\n<h3><span style=\"text-decoration: underline\"><strong><em>Szakmai tev\u00e9kenys\u00e9g<\/em><\/strong><\/span><\/h3>\n<h3><strong> <em> Oktat\u00f3munka<\/em><\/strong><\/h3>\n<figure id=\"attachment_5524\" aria-describedby=\"caption-attachment-5524\" style=\"width: 600px\" class=\"wp-caption alignright\"><a href=\"https:\/\/semmelweis.hu\/anatomia\/files\/2015\/05\/8.jpg\"><img loading=\"lazy\" decoding=\"async\" class=\"wp-image-5524\" src=\"https:\/\/semmelweis.hu\/anatomia\/files\/2015\/05\/8.jpg\" alt=\"8\" width=\"600\" height=\"400\" srcset=\"https:\/\/semmelweis.hu\/anatomia\/files\/2015\/05\/8.jpg 900w, https:\/\/semmelweis.hu\/anatomia\/files\/2015\/05\/8-300x200.jpg 300w, https:\/\/semmelweis.hu\/anatomia\/files\/2015\/05\/8-450x300.jpg 450w\" sizes=\"auto, (max-width: 600px) 100vw, 600px\" \/><\/a><figcaption id=\"caption-attachment-5524\" class=\"wp-caption-text\">Csoportk\u00e9p (2015)<\/figcaption><\/figure>\n<ul>\n<li><em>1973- Semmelweis OTE I. Anat\u00f3miai Int\u00e9zetben anat\u00f3mia, sz\u00f6vettan \u00e9s fejl\u0151d\u00e9stan t\u00e1rgyak oktat\u00e1sa orvos- \u00e9s fogorvostanhallgat\u00f3k r\u00e9sz\u00e9re (1983\/84-ben n\u00e9met, 1989 \u00f3ta angol nyelven is)<\/em><\/li>\n<li><em>1989 Open University, Milton Keynes, Anglia.<\/em><\/li>\n<li><em>European Training Program, Summer Course on Advanced Methods in Neuroscience c. metodikai szaktanfolyam megh\u00edvott el\u00f5ad\u00f3ja.<\/em><\/li>\n<li><em>1989- A Semmelweis OTE angol nyelv\u0171 oktat\u00e1si programj\u00e1nak szervez\u00e9s\u00e9\u00e9rt \u00e9s koordin\u00e1l\u00e1s\u00e1\u00e9rt felel\u0151s Operat\u00edv Bizotts\u00e1g tagja<\/em><\/li>\n<li><em>1998 A tanul\u00e1s \u00e9s motiv\u00e1ci\u00f3 neuroanat\u00f3miai alapjai c. PhD kurzus szervez\u0151je \u00e9s egyik el\u0151ad\u00f3ja<\/em><\/li>\n<li><em>2000 Anat\u00f3mai a k\u00e9palkot\u00f3 elj\u00e1r\u00e1sok t\u00fckr\u00e9ben c. speci\u00e1lkoll\u00e9gium szervez\u00f5je \u00e9s egyik el\u0151ad\u00f3ja<\/em><\/li>\n<li><em>2001 A BMGE-mel k\u00f6z\u00f6sen szervezett rehabilit\u00e1ci\u00f3s szakemberk\u00e9pz\u00e9s el\u0151ad\u00f3ja<\/em><\/li>\n<\/ul>\n<h3><strong><em>Kutat\u00f3munka<\/em><\/strong><\/h3>\n<p><strong><em>Kutat\u00e1si t\u00e9m\u00e1k \u00e9s grant t\u00e1mogat\u00e1sok 1998 \u00f3ta<\/em><\/strong><\/p>\n<ul>\n<li><em>1995-1998 A tegmento-limbikus kapcsolatrendszer \u00e9s a tanul\u00e1s \u00f6sszef\u00fcgg\u00e9se madarakban, OTKA T 017754<\/em><\/li>\n<li><em>1997-1999 Dopamin \u00e9s glutam\u00e1treceptorok k\u00f6lcs\u00f6nhat\u00e1sai ETT 500\/1996<\/em><\/li>\n<li><em>1998-2002 A prefront\u00e1lis k\u00e9rgi rendszer \u00f6sszehasonl\u00edt\u00f3 neuroanat\u00f3mi\u00e1ja \u00e9s szerepe a tanul\u00e1sban \u00e9s a motiv\u00e1ci\u00f3ban, OTKA T 029613<\/em><\/li>\n<li><em>2000-2002 Striatalis neuronrendszerek \u00e9s receptorok \u00f6sszef\u00fcgg\u00e9se a tanul\u00e1ssal \u00e9s a motiv\u00e1ci\u00f3val, ETT 309\/2000<\/em><\/li>\n<li><em>2003-2006 Tanul\u00e1ssal \u00f6sszef\u00fcgg\u0151 el\u0151agyi rendszerek madarakban, OTKA T 043462,<\/em><\/li>\n<li><em>2003-2004 Az eml\u00e9kezet-r\u00f6gz\u00fcl\u00e9s idegi alapjai madarakban, T\u00e9T Bilat JAP 16\/00<\/em><br \/>\n<em> Jelent\u00f5sebb folyamatban lev\u00f5 tudom\u00e1nyos egy\u00fcttm\u00fbk\u00f6d\u00e9si t\u00e9m\u00e1k \u00e9s r\u00e9sztvev\u00f5k<\/em><\/li>\n<li><em>1984-<\/em><br \/>\n<em> Mem\u00f3ria-f\u00fcgg\u00f5 szinaptikus plaszticit\u00e1s h\u00e1zicsirk\u00e9ben.<\/em><\/li>\n<li><em>The Open University, Milton Keynes, Anglia<\/em><\/li>\n<li><em>Michael G. Stewart, Steven P.R. Rose<\/em><\/li>\n<li><em>1995-<\/em><br \/>\n<em> Tanul\u00e1si \u00e9s viselked\u00e9si v\u00e1laszok neuroanat\u00f3miai \u00e9s neurok\u00e9miai h\u00e1ttere madarakon.<\/em><\/li>\n<li><em>Szent Istv\u00e1n Egyetem, \u00c1llatorvostudom\u00e1nyi Kar, \u00d6kol\u00f3giai Tansz\u00e9k, Budapest, Dr Kabai P\u00e9ter<\/em><\/li>\n<li><em>1998-<\/em><br \/>\n<em> Neur\u00e1lis v\u00e1laszok korrel\u00e1lt elektrofiziol\u00f3giai \u00e9s morfol\u00f3giai vizsg\u00e1lata madarak tanul\u00e1si folyamatai sor\u00e1n<\/em><\/li>\n<li><em>Nagoya University, Graduate School of Bioagricultural Sciences, Lab. of Animal Information Biology, Neuroetology Group<\/em><\/li>\n<li><em>Toshiya Matsushima, Assoc. Professor<\/em><\/li>\n<li><em>2001-<\/em><br \/>\n<em> Tanul\u00e1si \u00e9s viselked\u00e9si v\u00e1laszok neurok\u00e9miai h\u00e1ttere madarakon.<\/em><\/li>\n<li><em>ELTE \u00c9lettani-Neurobiol\u00f3giai Tansz\u00e9k, Dr Juh\u00e1sz G\u00e1bor, Dr K\u00e9kesi Katalin<\/em><\/li>\n<li><em>2002-<\/em><br \/>\n<em> Cannabinoid receptorok szerepe a tanul\u00e1si \u00e9s motiv\u00e1ci\u00f3s folyamatban.<\/em><\/li>\n<li><em>Semmelweis Egyetem, Hum\u00e1nmorfol\u00f3giai \u00e9s Fejl\u0151d\u00e9sbiol\u00f3giai Int\u00e9zete, Prof. Wenger Tibor,<\/em><br \/>\n<em>Nathan Kline Institute, Orangeburg, N.Y. USA, Basalingappa L. Hungund<\/em><\/li>\n<\/ul>\n<h3><strong><em> Tudom\u00e1nyos t\u00e1rsas\u00e1gi tags\u00e1gok, tudom\u00e1nyszervez\u0151i tev\u00e9kenys\u00e9g<\/em><\/strong><\/h3>\n<p><em>\u2022Magyar Anat\u00f3mus T\u00e1rsas\u00e1g (2001-ig vezet\u0151s\u00e9gi tag)<\/em><br \/>\n<em> \u2022Magyar Idegtudom\u00e1nyi T\u00e1rsas\u00e1g (2005-t\u0151l vezet\u0151s\u00e9gi tag)<\/em><br \/>\n<em> \u2022 European Neuroscience Association<\/em><br \/>\n<em> \u2022International Brain Research Organization<\/em><br \/>\n<em> \u2022 American Neuroscience Association<\/em><br \/>\n<em> \u2022British Neuroscience Association<\/em><br \/>\n<em> \u2022Az OTKA \u00c9lettudom\u00e1nyi Koll\u00e9gium tagja (1999-2002)<\/em><\/p>\n<p><em>\u2022<\/em> <em>1996 Tihany &#8222;Avian Brain and Behaviour&#8221; c. nemzetk\u00f6zi szimpozium szervez\u0151je Dr Sz\u00e9kely Andre\u00e1val k\u00f6z\u00f6sen. A konferencia anyag\u00e1t \u00e9s a kapcsol\u00f3d\u00f3 publik\u00e1ci\u00f3kat a Behav. Brain Res. k\u00fcl\u00f6nsz\u00e1mban k\u00f6z\u00f6lte (1999) Csillag A., Sz\u00e9kely AD \u00e9s Stewart MG szerkeszt\u00e9s\u00e9ben<\/em><br \/>\n<em> \u2022 2002 Durham (NC, USA) Avian Neuroscience and Nomenclature Forum megh\u00edvott szak\u00e9rt\u0151 el\u0151ad\u00f3ja mint a mad\u00e1ragy \u00faj, most bevezet\u00e9sre ker\u00fcl\u0151 nevez\u00e9ktan\u00e1nak egyik kidolgoz\u00f3ja \u00e9s az ezzel kapcsolatos, k\u00f6zl\u00e9s alatt \u00e1ll\u00f3 publik\u00e1ci\u00f3k t\u00e1rsszerz\u0151je.<\/em><\/p>\n<h3><strong><em>Tiszteletbeli tags\u00e1g, kit\u00fcntet\u00e9sek<\/em><\/strong><\/h3>\n<p><em>1990 &#8222;Honorary Research Fellow&#8221; az Open University Brain and Behaviour Research Group- n\u00e1l<\/em><\/p>\n<p><em>1997 A Semmelweis Egyetem Kiv\u00e1l\u00f3 Dolgoz\u00f3ja<\/em><\/p>\n<p><em>1997 Huzella Eml\u00e9k\u00e9rem \u00e9s Jutalomd\u00edj (SOTE)<\/em><\/p>\n<p><em>1998-2001 Sz\u00e9chenyi Professzori \u00d6szt\u00f6nd\u00edj<\/em><\/p>\n<p><em>2003 Kiv\u00e1l\u00f3 Tudom\u00e1nyos Di\u00e1kk\u00f6ri Nevel\u0151<\/em><\/p>\n<p><em>2003 Semmelweis Eml\u00e9k\u00e9rem (az idegennyelv\u0171 oktat\u00e1s szervez\u00e9s\u00e9\u00e9rt)<\/em><\/p>\n<h3><strong><em>Nyelvtud\u00e1s<\/em><\/strong><\/h3>\n<p><em>\u2022angol fels\u0151fok\u00fa \u00e1llami nyelvvizsga<\/em><br \/>\n<em> \u2022orosz k\u00f6z\u00e9pfok\u00fa \u00e1llami nyelvvizsga<\/em><br \/>\n<em> \u2022n\u00e9met olvas\u00e1si \u00e9s besz\u00e9d szinten, el\u0151ad\u00f3k\u00e9pes<\/em><\/p>\n<p><em>\u00a0<\/em><\/p>\n<p class=\"entry-title\"><a href=\"https:\/\/semmelweis.hu\/anatomia\/elerhetosegeink\/munkatarsak-elerhetosegei\/dr-csillag-andras\/dr-csillag-andras-publikaciok\/\"><strong><em>Publik\u00e1ci\u00f3k<\/em><\/strong><\/a> (2007-ig)<\/p>\n<p class=\"entry-title\"><em><a href=\"https:\/\/semmelweis.hu\/anatomia\/teaching-staff\/50-2\/dr-csillag-andras-biographical-sketch\/\">Biograpical sketch<\/a> &#8211; in English<\/em><\/p>\n<p class=\"entry-title\"><a href=\"\/anatomia\/?page_id=1280\"><em>\u00d6sszehasonl\u00edt\u00f3 neurohisztol\u00f3giai \u00e9s neurocitok\u00e9miai laborat\u00f3rium<\/em><\/a><\/p>\n<figure id=\"attachment_8819\" aria-describedby=\"caption-attachment-8819\" style=\"width: 300px\" class=\"wp-caption aligncenter\"><a href=\"https:\/\/semmelweis.hu\/anatomia\/files\/2014\/04\/csa-3tanszvez1.jpg\"><img loading=\"lazy\" decoding=\"async\" class=\"wp-image-8819 size-medium\" src=\"https:\/\/semmelweis.hu\/anatomia\/files\/2014\/04\/csa-3tanszvez1-300x204.jpg\" alt=\"csa-3tanszvez1\" width=\"300\" height=\"204\" srcset=\"https:\/\/semmelweis.hu\/anatomia\/files\/2014\/04\/csa-3tanszvez1-300x204.jpg 300w, https:\/\/semmelweis.hu\/anatomia\/files\/2014\/04\/csa-3tanszvez1-1024x695.jpg 1024w, https:\/\/semmelweis.hu\/anatomia\/files\/2014\/04\/csa-3tanszvez1-442x300.jpg 442w, https:\/\/semmelweis.hu\/anatomia\/files\/2014\/04\/csa-3tanszvez1-175x120.jpg 175w, https:\/\/semmelweis.hu\/anatomia\/files\/2014\/04\/csa-3tanszvez1.jpg 1153w\" sizes=\"auto, (max-width: 300px) 100vw, 300px\" \/><\/a><figcaption id=\"caption-attachment-8819\" class=\"wp-caption-text\">A m\u00e1j sz\u00f6vettana c. el\u0151ad\u00e1s (tansz\u00e9kvezet\u0151i p\u00e1ly\u00e1zat, 2004.)<\/figcaption><\/figure>\n<p><em>\u00a0<\/em><\/p>\n<hr \/>\n<p>&nbsp;<\/p>\n<figure id=\"attachment_8820\" aria-describedby=\"caption-attachment-8820\" style=\"width: 300px\" class=\"wp-caption aligncenter\"><a href=\"https:\/\/semmelweis.hu\/anatomia\/files\/2014\/04\/Hamburg_zoo_tapir.jpg\"><img loading=\"lazy\" decoding=\"async\" class=\"wp-image-8820 size-medium\" src=\"https:\/\/semmelweis.hu\/anatomia\/files\/2014\/04\/Hamburg_zoo_tapir-300x225.jpg\" alt=\"Hamburg_zoo_tapir\" width=\"300\" height=\"225\" srcset=\"https:\/\/semmelweis.hu\/anatomia\/files\/2014\/04\/Hamburg_zoo_tapir-300x225.jpg 300w, https:\/\/semmelweis.hu\/anatomia\/files\/2014\/04\/Hamburg_zoo_tapir-1024x768.jpg 1024w, https:\/\/semmelweis.hu\/anatomia\/files\/2014\/04\/Hamburg_zoo_tapir-400x300.jpg 400w, https:\/\/semmelweis.hu\/anatomia\/files\/2014\/04\/Hamburg_zoo_tapir.jpg 1600w\" sizes=\"auto, (max-width: 300px) 100vw, 300px\" \/><\/a><figcaption id=\"caption-attachment-8820\" class=\"wp-caption-text\">Tap\u00edr (ZOO Hamburg)<\/figcaption><\/figure><\/blockquote>\n<div id=\"__if72ru4sdfsdfruh7fewui_once\">\u00a0<\/div>\n<div id=\"__zsc_once\">\u00a0<\/div>\n<div id=\"__hggasdgjhsagd_once\">\u00a0<\/div>\n","protected":false},"excerpt":{"rendered":"<p><a href=\"https:\/\/semmelweis.hu\/hirek\/2014\/10\/10\/dr-csillag-andras-semmi-nem-potolja-a-motivalt-oktatot-es-hallgatot\/\" target=\"_top\" rel=\"noopener noreferrer\">Csillag professzorral k\u00e9sz\u00fclt interj\u00fa<\/a> az egyetemi honlapon A 2014. \u00e9vi <a href=\"https:\/\/semmelweis.hu\/hirek\/2014\/06\/30\/semmelweis-nap-elkezdhetjuk-elvezni-a-valtozasok-gyumolcseit\/\">Semmelweis-napi egyetemi \u00fcnneps\u00e9gen<\/a> vette \u00e1t a lek\u00f6sz\u00f6n\u0151 tansz\u00e9kvezet\u0151knek j\u00e1r\u00f3 arany pecs\u00e9tgy\u0171r\u0171t Dr. Csillag Andr\u00e1s professzor, eddigi igazgat\u00f3nk. <a href=\"https:\/\/semmelweis.hu\/anatomia\/?page_id=1856\">Tansz\u00e9kvezet\u0151-v\u00e1lt\u00e1s (2004)<\/a> Curriculum vitae \u00a0 Szem\u00e9lyi adatok \u00c1llampolg\u00e1rs\u00e1g: magyar Sz\u00fclet\u00e9si id\u0151: 1949. febru\u00e1r 20. Sz\u00fclet\u00e9si hely: Debrecen Anyja neve: Budai Erzs\u00e9bet Munkahelyi c\u00edm: Semmelweis Egyetem, \u00c1ltal\u00e1nos Orvostudom\u00e1nyi Kar Anat\u00f3miai, Sz\u00f6vet- \u00e9s Fejl\u0151d\u00e9stani Int\u00e9zet, Budapest, IX. T\u0171zolt\u00f3 u. &hellip;<\/p>\n","protected":false},"author":12,"featured_media":0,"parent":19145,"menu_order":0,"comment_status":"closed","ping_status":"closed","template":"","meta":{"_acf_changed":false,"footnotes":""},"categories":[],"tags":[],"class_list":["post-700","page","type-page","status-publish","hentry"],"acf":[],"_links":{"self":[{"href":"https:\/\/semmelweis.hu\/anatomia\/wp-json\/wp\/v2\/pages\/700","targetHints":{"allow":["GET"]}}],"collection":[{"href":"https:\/\/semmelweis.hu\/anatomia\/wp-json\/wp\/v2\/pages"}],"about":[{"href":"https:\/\/semmelweis.hu\/anatomia\/wp-json\/wp\/v2\/types\/page"}],"author":[{"embeddable":true,"href":"https:\/\/semmelweis.hu\/anatomia\/wp-json\/wp\/v2\/users\/12"}],"replies":[{"embeddable":true,"href":"https:\/\/semmelweis.hu\/anatomia\/wp-json\/wp\/v2\/comments?post=700"}],"version-history":[{"count":10,"href":"https:\/\/semmelweis.hu\/anatomia\/wp-json\/wp\/v2\/pages\/700\/revisions"}],"predecessor-version":[{"id":23396,"href":"https:\/\/semmelweis.hu\/anatomia\/wp-json\/wp\/v2\/pages\/700\/revisions\/23396"}],"up":[{"embeddable":true,"href":"https:\/\/semmelweis.hu\/anatomia\/wp-json\/wp\/v2\/pages\/19145"}],"wp:attachment":[{"href":"https:\/\/semmelweis.hu\/anatomia\/wp-json\/wp\/v2\/media?parent=700"}],"wp:term":[{"taxonomy":"category","embeddable":true,"href":"https:\/\/semmelweis.hu\/anatomia\/wp-json\/wp\/v2\/categories?post=700"},{"taxonomy":"post_tag","embeddable":true,"href":"https:\/\/semmelweis.hu\/anatomia\/wp-json\/wp\/v2\/tags?post=700"}],"curies":[{"name":"wp","href":"https:\/\/api.w.org\/{rel}","templated":true}]}}