{"id":68,"date":"2013-10-13T00:17:41","date_gmt":"2013-10-13T00:17:41","guid":{"rendered":"http:\/\/www.ana.usn.hu\/en\/?page_id=68"},"modified":"2020-04-06T17:31:54","modified_gmt":"2020-04-06T15:31:54","slug":"68-2","status":"publish","type":"page","link":"https:\/\/semmelweis.hu\/anatomia\/szemelyes-oldalak-personal-pages\/altdorfer-karoly\/68-2\/","title":{"rendered":"Dr. Altdorfer, K\u00e1roly (EN)"},"content":{"rendered":"<h2>M.D., Ph.D.<\/h2>\n<figure id=\"attachment_69\" aria-describedby=\"caption-attachment-69\" style=\"width: 245px\" class=\"wp-caption alignright\"><a href=\"https:\/\/semmelweis.hu\/anatomia\/files\/2013\/10\/Dr.-Altdorfer-Karoly.jpg\"><img loading=\"lazy\" decoding=\"async\" class=\"wp-image-69 size-full\" title=\"Dr. Altdorfer Karoly\" src=\"https:\/\/semmelweis.hu\/anatomia\/files\/2013\/10\/Dr.-Altdorfer-Karoly.jpg\" alt=\"\" width=\"245\" height=\"311\" srcset=\"https:\/\/semmelweis.hu\/anatomia\/files\/2013\/10\/Dr.-Altdorfer-Karoly.jpg 245w, https:\/\/semmelweis.hu\/anatomia\/files\/2013\/10\/Dr.-Altdorfer-Karoly-236x300.jpg 236w\" sizes=\"auto, (max-width: 245px) 100vw, 245px\" \/><\/a><figcaption id=\"caption-attachment-69\" class=\"wp-caption-text\">Dr. Altdorfer K\u00e1roly<\/figcaption><\/figure>\n<p>Affiliation: associate professor, German (DM I., DZ I-II.) course director at the <strong><a href=\"https:\/\/semmelweis.hu\/anatomia\/en\/\">Department of Anatomy, Histology and Embryology<\/a><\/strong>, Budapest, Semmelweis University &#8211; working here since 1994<\/p>\n<p><a href=\"https:\/\/semmelweis.hu\/anatomia\/munkatarsak-elerhetosegei\/altdorfer-karoly\/sajat-csoportok-1992-2015\/\"><strong>Own student groups<\/strong> <\/a>with photos<\/p>\n<p><a href=\"https:\/\/semmelweis.hu\/anatomia\/research\/laboratories\/autonomic-innervation-laboratory\/\">Laboratory of Autonomic innervation<\/a>, Department of Anatomy, Histology and Embryology, Budapest, Semmelweis University Budapest, IX. T\u0171zolt\u00f3 u. 58.<\/p>\n<p>Mailing address: P.O.B.: H-1428 Budapest, Pf. 2. Hungary<\/p>\n<p>E-mail: <a href=\"mailto:altdorfer.karoly@med.semmelweis-univ.hu\">altdorfer.karoly@med.semmelweis-univ.hu<\/a><\/p>\n<p>Tel.: (36-1) 459-1500 \/ 53639\u00a0 &#8211;\u00a0 Fax: (36-1) 215-51-58<\/p>\n<p><strong>Education:<\/strong><\/p>\n<p>1988 &#8211; 1994:\u00a0<a href=\"http:\/\/www.semmelweis.hu\/\">Semmelweis University Medical School<\/a>, Budapest, Faculty of Medicine<\/p>\n<p>1994: graduation; diploma (<em>summa cum laude<\/em>) <strong><span style=\"text-decoration: underline\">SCIENTIFIC RESEARCH<\/span><\/strong><\/p>\n<p>1994 &#8211; Semmelweis University PhD School Clinical Medical Sciences Postgraduate School, <em>&#8222;Role of free radicals and immunology in hepatology&#8221; program <\/em>(Supervisor: Prof. Erzs\u00e9bet Feh\u00e9r DSc, Program Director: Prof. J\u00e1nos Feh\u00e9r DSc)<\/p>\n<p><strong>RESEARCH FIELD<\/strong><\/p>\n<p>Autonomic inervation of the gastrointestinal organs<\/p>\n<p>PhD thesis title:<strong>\u00a0&#8222;Nitric oxide containing nerve elements in the gastrointestinal tract&#8221; &#8211;\u00a0<\/strong>completed and defended in June 2003. (<a href=\"https:\/\/semmelweis.hu\/anatomia\/files\/2014\/06\/tezis-ak.pdf\"><strong>Summary of PhD theses<\/strong><\/a>)<\/p>\n<p>PhD degree (2003):\u00a0<em>summa cum laude<\/em><\/p>\n<p><strong>MEMBERSHIPS:<\/strong><\/p>\n<ul>\n<li>Hungarian Society of Anatomy<\/li>\n<li><a href=\"http:\/\/www.gastroent.hu\/\">Hungarian Society of Gastroenterology<\/a><\/li>\n<\/ul>\n<p><strong><span style=\"text-decoration: underline\">TEACHING EXPERIENCES<\/span><\/strong><\/p>\n<p><strong>Anatomy, Neuroanatomy, Histology and Embryology teaching<\/strong> for<a href=\"https:\/\/semmelweis.hu\/anatomia\/munkatarsak-elerhetosegei\/altdorfer-karoly\/sajat-csoportok-1992-2015\/\"> medical and dentist students<\/a> (Hungarian practicals since 1992; English practicals since 1995, German practicals since 2013; German lectures from 2014)<\/p>\n<ul>\n<li>Participation in the English translation of the\u00a0<em>Histology &#8211; Practical Manual<\/em>\u00a0(First Edition:1999, Second Edition: 2002, Third Edition: 2010).<\/li>\n<li>Organizer of Gross Anatomy course for the<em>\u00a0students of Grace School of Medicine<\/em>\u00a0(2001, 2002).<\/li>\n<li>Webmaster: constructed and continously updates the\u00a0<strong>Department web-pages<\/strong>\u00a0(since 1999).<\/li>\n<li>ERASMUS Teaching Staff tutor at London St. George&#8217;s Hospital Medical School (May 2000).<\/li>\n<\/ul>\n<p><strong>Publications<\/strong> <strong>\u00a0 <\/strong><\/p>\n<p><strong><span style=\"text-decoration: underline\">Original articles:<\/span><\/strong><\/p>\n<ol>\n<li><strong>Altdorfer K.<\/strong>, Feh\u00e9r E., Feh\u00e9r J.: Nitrog\u00e9n monoxid tartalm\u00fa idegelemek megoszl\u00e1sa \u00e9s lokaliz\u00e1ci\u00f3ja a t\u00e1pcsatorn\u00e1ban. <em> Orv Hetil <\/em>1996;137:857-861.<\/li>\n<li><strong>Altdorfer K.<\/strong>, Feh\u00e9r E., Don\u00e1th T., Feh\u00e9r J.: Nitric oxide synthase-containing nerve elements in the pylorus of the cat. <em>Neurosci Lett <\/em> 1996;212:195-198. IF:<strong> 2,090<\/strong><\/li>\n<li>Inovay J., Marton T., Urbancsek J., K\u00e1d\u00e1r Z., <strong>Altdorfer K.<\/strong> and Papp Z.: Spontaneous bilateral cornual uterine dehiscence early in the second trimester after bilateral laparoscopic salpingectomy and in-vitro fertilization -Case report- &#8211; full text (pdf) <em>Hum Reprod<\/em> 1999;14:2471-2473. IF:<strong>3,003<\/strong><\/li>\n<li>Feh\u00e9r E., <strong>Altdorfer K.<\/strong>, Don\u00e1th T., Feh\u00e9r J.: Electronmicroscopical localization of nitric oxide synthase-containing nerve elements in cat pylorus &#8211; abstract <em>Eur J Morphol <\/em>2001;39:121-126.IF: <strong>0,622<\/strong><\/li>\n<li>Feh\u00e9r E., <strong>Altdorfer K.<\/strong>, Bagam\u00e9ri G., Feh\u00e9r J.: Neuroimmune interactions in experimental colitis &#8211; An immunoelectron microscopic study <em>&#8211;<\/em><em>\u00a0 NeuroImmunoModulation <\/em> 2001;9:247-255. IF: <strong>1,989<\/strong><\/li>\n<li><strong>Altdorfer K.<\/strong>, Bagam\u00e9ri G., Don\u00e1th T., Feh\u00e9r E.: Nitric oxide synthase immunoreactivity of interstitial cells of Cajal in experimental colitis <em>&#8211;\u00a0<\/em>full text (pdf)<em> Inflamm Res <\/em> 2002;51:12 569-571. IF: <strong>1,325<\/strong><\/li>\n<li>Sipos G, <strong> Altdorfer K<\/strong>, Pongor \u00c9,Chen LP, Feh\u00e9r E: Neuroimmune-link in the mucosa of chronic gastritis with Helicobacter Pylori infection <em>Dig Dis Sci<\/em> 2006 Oct;51(10):1810-7. \u00a0\u00a0 IF: <strong>1,427<\/strong><\/li>\n<li>Sipos G, Sipos P, <strong>Altdorfer K<\/strong>, Pongor E, Feh\u00e9r E.: Correlation and immunolocalization of substance P nerve fibers and activated immune cells in human chronic gastritis. &#8211; Anat Rec (Hoboken). 2008 Sep;291(9):1140-8. IF: <strong>1,569<\/strong><\/li>\n<li>Pongor \u00c9., Led\u00f3 N., <strong>Altdorfer K.<\/strong>, Lengyel G. and Feh\u00e9r E.: Distribution and possible origin of neuropeptide-containing nerve elements in the mammalian liver. Acta Vet Hung. 2010 Jun;58(2):177-87. IF: <strong>0,624<\/strong> (2008)<\/li>\n<li>Pongor \u00c9., <strong>Altdorfer K.<\/strong>, Feh\u00e9r E.: Colocalization of substance P with tumor necrosis factor-\u03b1 in the lymphocytes and mast cells in gastritis in experimental rats. Inflamm Res. 2011 Feb;60(2):163-8. Epub 2010 Sep 24. IF: <strong>1,586<\/strong><\/li>\n<li><strong>Altdorfer K<\/strong>, Zelles T, Pongor E, Feh\u00e9r E.: Morphological evidence of local reflex arc in the rat&#8217;s tongue. Acta Physiol Hung. 99(4):479-88, 2012. <strong>IF: 1.226<\/strong><\/li>\n<li>Hev\u00e9r H, <strong>Altdorfer K<\/strong>, Zelles Z, Batbayar B, Feh\u00e9r E: \u00cdzlel\u0151bimb\u00f3k beidegz\u00e9s\u00e9nek v\u00e1ltoz\u00e1sa diabetes mellitusban patk\u00e1nyban. Orvosi Hetilap, 154, 443-448, 2013.<\/li>\n<li>Feh\u00e9r E, Pongor \u00c9, <strong>Altdorfer K<\/strong>, K\u00f3bori L, Lengyel G.: Neuroimmunomodulation in human autoimmune liver disease. Cell Tissue Res. 354, 543-550, 2013. DOI 10.10007\/s00441-013-1683-x <strong>IF:3,114<\/strong><\/li>\n<li>Kisp\u00e9lyi B, Lohinai Z., <strong>Altdorfer K<\/strong>, Feh\u00e9r E: Neuropeptide analysis on oral mucosa of diabetic rats. Neuroimmunomodulation, 2014; 21, 213-220. DOI. 10.1159\/000356949 <strong>IF: 1.835<\/strong><\/li>\n<li>Kisp\u00e9lyi B, <strong><u>Altdorfer K<\/u><\/strong>, Feh\u00e9r E: A nyelv ny\u00e1lkah\u00e1rtya \u00e9s mirigyek innerv\u00e1ci\u00f3j\u00e1nak v\u00e1ltoz\u00e1sa korai \u00e9s k\u00e9s\u0151i k\u00eds\u00e9rletes diabetes mellitusban. <span class=\"folyoirat\">FOGORVOSI SZEMLE <\/span><span class=\"kotet\"> 108:<\/span>(1) <span class=\"oldal\">pp. 19-24.<\/span><span class=\"ev\"> (2015)<\/span><\/li>\n<\/ol>\n<p><strong><span style=\"text-decoration: underline\">Other articles:<\/span><\/strong><\/p>\n<p><strong>Altdorfer K<\/strong>, R\u00e9thelyi M. <a href=\"\/anatomia\/?page_id=819\">Hallgat\u00f3i v\u00e9lem\u00e9nyek az anat\u00f3mi\u00e1r\u00f3l (oktat\u00e1sstatisztikai felm\u00e9r\u00e9s)<\/a> Orvosegyetem 1996;6:2-3.<\/p>\n","protected":false},"excerpt":{"rendered":"<p>M.D., Ph.D. Affiliation: associate professor, German (DM I., DZ I-II.) course director at the <a href=\"https:\/\/semmelweis.hu\/anatomia\/en\/\">Department of Anatomy, Histology and Embryology<\/a> , Budapest, Semmelweis University &#8211; working here since 1994 <a href=\"https:\/\/semmelweis.hu\/anatomia\/munkatarsak-elerhetosegei\/altdorfer-karoly\/sajat-csoportok-1992-2015\/\">Own student groups <\/a> with photos <a href=\"https:\/\/semmelweis.hu\/anatomia\/research\/laboratories\/autonomic-innervation-laboratory\/\">Laboratory of Autonomic innervation<\/a> , Department of Anatomy, Histology and Embryology, Budapest, Semmelweis University Budapest, IX. T\u0171zolt\u00f3 u. 58. Mailing address: P.O.B.: H-1428 Budapest, Pf. 2. Hungary E-mail: <a href=\"mailto:altdorfer.karoly@med.semmelweis-univ.hu\">altdorfer.karoly@med.semmelweis-univ.hu<\/a> Tel.: (36-1) 459-1500 \/ 53639\u00a0 &#8211;\u00a0 &hellip;<\/p>\n","protected":false},"author":349,"featured_media":0,"parent":817,"menu_order":2,"comment_status":"closed","ping_status":"open","template":"","meta":{"_acf_changed":false,"footnotes":""},"categories":[],"tags":[],"class_list":["post-68","page","type-page","status-publish","hentry"],"acf":[],"_links":{"self":[{"href":"https:\/\/semmelweis.hu\/anatomia\/wp-json\/wp\/v2\/pages\/68","targetHints":{"allow":["GET"]}}],"collection":[{"href":"https:\/\/semmelweis.hu\/anatomia\/wp-json\/wp\/v2\/pages"}],"about":[{"href":"https:\/\/semmelweis.hu\/anatomia\/wp-json\/wp\/v2\/types\/page"}],"author":[{"embeddable":true,"href":"https:\/\/semmelweis.hu\/anatomia\/wp-json\/wp\/v2\/users\/349"}],"replies":[{"embeddable":true,"href":"https:\/\/semmelweis.hu\/anatomia\/wp-json\/wp\/v2\/comments?post=68"}],"version-history":[{"count":10,"href":"https:\/\/semmelweis.hu\/anatomia\/wp-json\/wp\/v2\/pages\/68\/revisions"}],"predecessor-version":[{"id":24542,"href":"https:\/\/semmelweis.hu\/anatomia\/wp-json\/wp\/v2\/pages\/68\/revisions\/24542"}],"up":[{"embeddable":true,"href":"https:\/\/semmelweis.hu\/anatomia\/wp-json\/wp\/v2\/pages\/817"}],"wp:attachment":[{"href":"https:\/\/semmelweis.hu\/anatomia\/wp-json\/wp\/v2\/media?parent=68"}],"wp:term":[{"taxonomy":"category","embeddable":true,"href":"https:\/\/semmelweis.hu\/anatomia\/wp-json\/wp\/v2\/categories?post=68"},{"taxonomy":"post_tag","embeddable":true,"href":"https:\/\/semmelweis.hu\/anatomia\/wp-json\/wp\/v2\/tags?post=68"}],"curies":[{"name":"wp","href":"https:\/\/api.w.org\/{rel}","templated":true}]}}