{"id":51,"date":"2014-03-31T18:58:14","date_gmt":"2014-03-31T16:58:14","guid":{"rendered":"http:\/\/www.ana.usn.hu\/hu\/?page_id=51"},"modified":"2025-12-06T09:26:59","modified_gmt":"2025-12-06T08:26:59","slug":"konzultaciok","status":"publish","type":"page","link":"https:\/\/semmelweis.hu\/anatomia\/oktatas\/konzultaciok\/","title":{"rendered":"Konzult\u00e1ci\u00f3k"},"content":{"rendered":"<p><strong>Egy\u00e9ni ism\u00e9tl\u00e9si lehet\u0151s\u00e9gek:<\/strong><strong><em>\u00a0<\/em><\/strong><\/p>\n<p><strong>Boncterem:\u00a0<br \/>\n<\/strong><\/p>\n<p>\u00c1OK, FOK: egy\u00e9ni ism\u00e9tl\u00e9si alkalmak a boncteremben <em><strong>a vizsgaid\u0151szakra (k\u00e9s\u0151bb \u00edrjuk ki):<\/strong><\/em><\/p>\n<ul>\n<li><a href=\"https:\/\/semmelweis.hu\/anatomia\/files\/2025\/12\/KONZULTACIOK-AOK-1-12.pdf\"><em>\u00c1OK (1-12. csoport)<\/em><\/a><\/li>\n<li><em><a href=\"https:\/\/semmelweis.hu\/anatomia\/files\/2025\/12\/konzult2025-26.pdf\" target=\"_blank\" rel=\"noopener\">\u00c1OK (13-24. csoport) \u00e9s FOK<\/a>.<\/em><\/li>\n<\/ul>\n<p>Felel\u0151s: Dr. Katz S\u00e1ndor, Dr. Lendvai D\u00e1vid<\/p>\n<p class=\"entry-title\"><span style=\"color: #000000\"><strong><a href=\"https:\/\/semmelweis.hu\/anatomia\/anatomiai-muzeum\/informacio-hallgatoknak\/\" target=\"_blank\" rel=\"noopener noreferrer\">Anat\u00f3miai M\u00fazeum z\u00e1rva<\/a> &#8211;\u00a0<\/strong> a fel\u00faj\u00edt\u00e1s miatt nem haszn\u00e1lhat\u00f3 2024. szeptember\u00e9t\u0151l. Lehet\u0151s\u00e9g csontok, \u00edz\u00fcletek, plasztin\u00e1lt agyk\u00e9sz\u00edtm\u00e9nyek stb. egy\u00e9ni tanul\u00e1s\u00e1ra:<span style=\"color: #ff0000\"> Korl\u00e1tozott csontn\u00e9z\u00e9si lehet\u0151s\u00e9g az <a href=\"https:\/\/semmelweis.hu\/anatomia\/csontkeszitmenyek-az-eok-konyvtarban\/\">EOK k\u00f6nyvt\u00e1r\u00e1ban<\/a> van. <\/span>&#8211; M\u00fazeumfelel\u0151s: Dr. Baksa G\u00e1bor<br \/>\n<\/span><\/p>\n<p><strong>Sz\u00f6vettan:<span style=\"color: #ff0000\">\u00a0<\/span><\/strong><span style=\"color: #ff0000\"><em> <span style=\"color: #000000\">A sz\u00f6vettani termek digit\u00e1lis mikroszk\u00f3pi\u00e1ra val\u00f3 \u00e1t\u00e9p\u00edt\u00e9se ut\u00e1n &#8211; 2017.\u00a0 december k\u00f6zep\u00e9t\u0151l &#8211; <a href=\"https:\/\/semmelweis.hu\/anatomia\/2017\/12\/11\/szovettani-metszetek-otthoni-elerese\/\">online el\u00e9rhet\u0151 metszeteinket ak\u00e1r otthonr\u00f3l is<\/a> n\u00e9zhetik hallgat\u00f3ink, ett\u0151l kezdve nem tartunk ism\u00e9tl\u00e9si, konzult\u00e1ci\u00f3s alkalmakat.<br \/>\n<\/span><\/em><\/span><\/p>\n<p style=\"padding-left: 90px\">\u00a0<\/p>\n","protected":false},"excerpt":{"rendered":"<p>Egy\u00e9ni ism\u00e9tl\u00e9si lehet\u0151s\u00e9gek:\u00a0 Boncterem:\u00a0 \u00c1OK, FOK: egy\u00e9ni ism\u00e9tl\u00e9si alkalmak a boncteremben a vizsgaid\u0151szakra (k\u00e9s\u0151bb \u00edrjuk ki): <a href=\"https:\/\/semmelweis.hu\/anatomia\/files\/2025\/12\/KONZULTACIOK-AOK-1-12.pdf\">\u00c1OK (1-12. csoport)<\/a> <a href=\"https:\/\/semmelweis.hu\/anatomia\/files\/2025\/12\/konzult2025-26.pdf\" target=\"_blank\" rel=\"noopener\">\u00c1OK (13-24. csoport) \u00e9s FOK<\/a> . Felel\u0151s: Dr. Katz S\u00e1ndor, Dr. Lendvai D\u00e1vid <a href=\"https:\/\/semmelweis.hu\/anatomia\/anatomiai-muzeum\/informacio-hallgatoknak\/\" target=\"_blank\" rel=\"noopener noreferrer\">Anat\u00f3miai M\u00fazeum z\u00e1rva<\/a> &#8211;\u00a0 a fel\u00faj\u00edt\u00e1s miatt nem haszn\u00e1lhat\u00f3 2024. szeptember\u00e9t\u0151l. Lehet\u0151s\u00e9g csontok, \u00edz\u00fcletek, plasztin\u00e1lt agyk\u00e9sz\u00edtm\u00e9nyek stb. egy\u00e9ni tanul\u00e1s\u00e1ra: Korl\u00e1tozott csontn\u00e9z\u00e9si lehet\u0151s\u00e9g az <a href=\"https:\/\/semmelweis.hu\/anatomia\/csontkeszitmenyek-az-eok-konyvtarban\/\">EOK k\u00f6nyvt\u00e1r\u00e1ban<\/a> van. &#8211; M\u00fazeumfelel\u0151s: Dr. Baksa G\u00e1bor Sz\u00f6vettan:\u00a0 A sz\u00f6vettani termek digit\u00e1lis &hellip;<\/p>\n","protected":false},"author":12,"featured_media":3067,"parent":53,"menu_order":7,"comment_status":"closed","ping_status":"closed","template":"","meta":{"_acf_changed":false,"footnotes":""},"categories":[],"tags":[],"class_list":["post-51","page","type-page","status-publish","has-post-thumbnail","hentry"],"acf":[],"_links":{"self":[{"href":"https:\/\/semmelweis.hu\/anatomia\/wp-json\/wp\/v2\/pages\/51","targetHints":{"allow":["GET"]}}],"collection":[{"href":"https:\/\/semmelweis.hu\/anatomia\/wp-json\/wp\/v2\/pages"}],"about":[{"href":"https:\/\/semmelweis.hu\/anatomia\/wp-json\/wp\/v2\/types\/page"}],"author":[{"embeddable":true,"href":"https:\/\/semmelweis.hu\/anatomia\/wp-json\/wp\/v2\/users\/12"}],"replies":[{"embeddable":true,"href":"https:\/\/semmelweis.hu\/anatomia\/wp-json\/wp\/v2\/comments?post=51"}],"version-history":[{"count":12,"href":"https:\/\/semmelweis.hu\/anatomia\/wp-json\/wp\/v2\/pages\/51\/revisions"}],"predecessor-version":[{"id":33032,"href":"https:\/\/semmelweis.hu\/anatomia\/wp-json\/wp\/v2\/pages\/51\/revisions\/33032"}],"up":[{"embeddable":true,"href":"https:\/\/semmelweis.hu\/anatomia\/wp-json\/wp\/v2\/pages\/53"}],"wp:featuredmedia":[{"embeddable":true,"href":"https:\/\/semmelweis.hu\/anatomia\/wp-json\/wp\/v2\/media\/3067"}],"wp:attachment":[{"href":"https:\/\/semmelweis.hu\/anatomia\/wp-json\/wp\/v2\/media?parent=51"}],"wp:term":[{"taxonomy":"category","embeddable":true,"href":"https:\/\/semmelweis.hu\/anatomia\/wp-json\/wp\/v2\/categories?post=51"},{"taxonomy":"post_tag","embeddable":true,"href":"https:\/\/semmelweis.hu\/anatomia\/wp-json\/wp\/v2\/tags?post=51"}],"curies":[{"name":"wp","href":"https:\/\/api.w.org\/{rel}","templated":true}]}}