{"id":505,"date":"2014-04-17T21:51:39","date_gmt":"2014-04-17T19:51:39","guid":{"rendered":"http:\/\/www.ana.usn.hu\/hu\/?page_id=505"},"modified":"2025-08-20T22:44:45","modified_gmt":"2025-08-20T20:44:45","slug":"oktatas-archivum","status":"publish","type":"page","link":"https:\/\/semmelweis.hu\/anatomia\/oktatas\/oktatas-archivum\/","title":{"rendered":"Oktat\u00e1s arch\u00edvum"},"content":{"rendered":"<h3><a href=\"https:\/\/semmelweis.hu\/anatomia\/category\/archivum-oktatas-2017tol\/\" target=\"_blank\" rel=\"noopener noreferrer\">Tanmenetek, t\u00e1j\u00e9koztat\u00f3k az elm\u00falt tan\u00e9vekb\u0151l:<\/a><\/h3>\n<ul class=\"display-posts-listing\"><li class=\"listing-item\"><a class=\"title\" href=\"https:\/\/semmelweis.hu\/anatomia\/2024\/08\/27\/2024-2025-tanev-1-felev\/\">2024\/2025. tan\u00e9v 1. f\u00e9l\u00e9v<\/a><\/li><li class=\"listing-item\"><a class=\"title\" href=\"https:\/\/semmelweis.hu\/anatomia\/2024\/02\/02\/2023-2024-tanev-2-felev\/\">2023\/2024. tan\u00e9v 2. f\u00e9l\u00e9v<\/a><\/li><li class=\"listing-item\"><a class=\"title\" href=\"https:\/\/semmelweis.hu\/anatomia\/2023\/08\/29\/2023-2024-tanev-1-felev\/\">2023\/2024. tan\u00e9v 1. f\u00e9l\u00e9v<\/a><\/li><li class=\"listing-item\"><a class=\"title\" href=\"https:\/\/semmelweis.hu\/anatomia\/2023\/01\/26\/2022-2023-tanev-2-felev\/\">2022\/2023. tan\u00e9v 2. f\u00e9l\u00e9v<\/a><\/li><li class=\"listing-item\"><a class=\"title\" href=\"https:\/\/semmelweis.hu\/anatomia\/2022\/08\/25\/2022-2023-tanev-1-felev\/\">2022\/2023. tan\u00e9v 1. f\u00e9l\u00e9v<\/a><\/li><li class=\"listing-item\"><a class=\"title\" href=\"https:\/\/semmelweis.hu\/anatomia\/2022\/01\/18\/2021-2022-tanev-2-felev\/\">2021\/2022. tan\u00e9v 2. f\u00e9l\u00e9v<\/a><\/li><li class=\"listing-item\"><a class=\"title\" href=\"https:\/\/semmelweis.hu\/anatomia\/2021\/08\/27\/2021-2022-tanev-1-felev\/\">2021\/2022. tan\u00e9v 1. f\u00e9l\u00e9v<\/a><\/li><li class=\"listing-item\"><a class=\"title\" href=\"https:\/\/semmelweis.hu\/anatomia\/2021\/01\/16\/2020-2021-tanev-2-felev\/\">2020\/2021. tan\u00e9v 2. f\u00e9l\u00e9v<\/a><\/li><li class=\"listing-item\"><a class=\"title\" href=\"https:\/\/semmelweis.hu\/anatomia\/2020\/08\/17\/2020-2021-tanev-1-felev\/\">2020\/2021. tan\u00e9v 1. f\u00e9l\u00e9v<\/a><\/li><li class=\"listing-item\"><a class=\"title\" href=\"https:\/\/semmelweis.hu\/anatomia\/2020\/01\/21\/2019-2020-tanev-2-felev\/\">2019\/2020. tan\u00e9v 2. f\u00e9l\u00e9v<\/a><\/li><li class=\"listing-item\"><a class=\"title\" href=\"https:\/\/semmelweis.hu\/anatomia\/2019\/08\/30\/2019-2020-tanev-1-felev\/\">2019\/2020. tan\u00e9v 1. f\u00e9l\u00e9v<\/a><\/li><li class=\"listing-item\"><a class=\"title\" href=\"https:\/\/semmelweis.hu\/anatomia\/2019\/06\/08\/tanulmanyi-versenyek-vegeredmenye-1995-2018\/\">Tanulm\u00e1nyi versenyek v\u00e9geredm\u00e9nye (1995-2019)<\/a><\/li><li class=\"listing-item\"><a class=\"title\" href=\"https:\/\/semmelweis.hu\/anatomia\/2019\/01\/29\/2018-2019-tanev-2-felev\/\">2018\/2019. tan\u00e9v 2. f\u00e9l\u00e9v<\/a><\/li><li class=\"listing-item\"><a class=\"title\" href=\"https:\/\/semmelweis.hu\/anatomia\/2018\/08\/31\/2018-2019-tanev-1-felev\/\">2018\/2019. tan\u00e9v 1. f\u00e9l\u00e9v<\/a><\/li><li class=\"listing-item\"><a class=\"title\" href=\"https:\/\/semmelweis.hu\/anatomia\/2018\/01\/27\/2017-2018-tanev-2-felev\/\">2017\/2018. tan\u00e9v 2. f\u00e9l\u00e9v<\/a><\/li><li class=\"listing-item\"><a class=\"title\" href=\"https:\/\/semmelweis.hu\/anatomia\/2017\/09\/08\/20172018-tanev-1-felev\/\">2017\/2018. tan\u00e9v 1. f\u00e9l\u00e9v<\/a><\/li><\/ul>\n<h3><a href=\"https:\/\/semmelweis.hu\/anatomia\/category\/archivum-oktatas-regi\/\" target=\"_blank\" rel=\"noopener noreferrer\">Az oktat\u00e1s teljes \u00f6sszevon\u00e1sa el\u0151tti &#8222;Anat\u00f3miai Int\u00e9zetes&#8221; t\u00e1j\u00e9koztat\u00f3k:<\/a><\/h3>\n<ul class=\"display-posts-listing\"><li class=\"listing-item\"><a class=\"title\" href=\"https:\/\/semmelweis.hu\/anatomia\/2017\/02\/08\/oktatasi-tajekoztatok-20162017-tanev-2-felev\/\">2016\/2017. tan\u00e9v, 2. f\u00e9l\u00e9v<\/a><\/li><li class=\"listing-item\"><a class=\"title\" href=\"https:\/\/semmelweis.hu\/anatomia\/2016\/09\/08\/oktatasi-tajekoztatok-20162017-tanev-1-felev\/\">2016\/2017. tan\u00e9v 1. f\u00e9l\u00e9v<\/a><\/li><li class=\"listing-item\"><a class=\"title\" href=\"https:\/\/semmelweis.hu\/anatomia\/2016\/01\/30\/10259-2\/\">2015\/2016. tan\u00e9v, 2. f\u00e9l\u00e9v<\/a><\/li><li class=\"listing-item\"><a class=\"title\" href=\"https:\/\/semmelweis.hu\/anatomia\/2015\/07\/06\/20152016-tanev-1-felev-tervezetek\/\">2015\/2016. tan\u00e9v, 1. f\u00e9l\u00e9v<\/a><\/li><li class=\"listing-item\"><a class=\"title\" href=\"https:\/\/semmelweis.hu\/anatomia\/2015\/02\/07\/2-felev-20142015\/\">2014\/2015. tan\u00e9v 2. f\u00e9l\u00e9v<\/a><\/li><li class=\"listing-item\"><a class=\"title\" href=\"https:\/\/semmelweis.hu\/anatomia\/2014\/09\/07\/1-felev-20142015-vazlat\/\">2014\/2015. tan\u00e9v 1. f\u00e9l\u00e9v<\/a><\/li><li class=\"listing-item\"><a class=\"title\" href=\"https:\/\/semmelweis.hu\/anatomia\/2014\/06\/06\/hallgatoi-velemenyek-2\/\">Hallgat\u00f3i v\u00e9lem\u00e9nyek<\/a><\/li><li class=\"listing-item\"><a class=\"title\" href=\"https:\/\/semmelweis.hu\/anatomia\/2014\/04\/29\/hasznos-linkek\/\">Hasznos linkek<\/a><\/li><li class=\"listing-item\"><a class=\"title\" href=\"https:\/\/semmelweis.hu\/anatomia\/2014\/04\/18\/sejtbiologia\/\">Sejtbiol\u00f3gia<\/a><\/li><li class=\"listing-item\"><a class=\"title\" href=\"https:\/\/semmelweis.hu\/anatomia\/2014\/04\/17\/szigorlat\/\">Szigorlat<\/a><\/li><li class=\"listing-item\"><a class=\"title\" href=\"https:\/\/semmelweis.hu\/anatomia\/2014\/02\/18\/2-felev\/\">2013\/2014. tan\u00e9v 2. f\u00e9l\u00e9v<\/a><\/li><li class=\"listing-item\"><a class=\"title\" href=\"https:\/\/semmelweis.hu\/anatomia\/2013\/08\/18\/1-felev-20132014-tanev\/\">2013\/2014. tan\u00e9v 1. f\u00e9l\u00e9v<\/a><\/li><li class=\"listing-item\"><a class=\"title\" href=\"https:\/\/semmelweis.hu\/anatomia\/1997\/07\/19\/hallgato-velemenyek-1997\/\">Hallgat\u00f3 v\u00e9lem\u00e9nyek 1997<\/a><\/li><\/ul>\n<p><a href=\"https:\/\/semmelweis.hu\/anatomia\/2022\/03\/10\/oktatoi-merit-dij-2\/\">Oktat\u00f3i Merit d\u00edjasaink<\/a> (2013-2022)<\/p>\n<p>&nbsp;<\/p>\n","protected":false},"excerpt":{"rendered":"<p>Fogorvostanhallgat\u00f3k v\u00e9lem\u00e9nye az 1996\/97-es tan\u00e9vr\u0151l (Szigorlatozott hallgat\u00f3k sorai) Kedves Koll\u00e9ga! Anat\u00f3miai- sz\u00f6vet \u00e9s fejl\u0151d\u00e9stani tanulm\u00e1nyainak sikeres befejez\u00e9se alkalm\u00e1b\u00f3l k\u00e9rem tekintsen vissza az elm\u00falt n\u00e9gy f\u00e9l\u00e9vre, \u00e9s \u00edrja le r\u00f6viden tapasztalatait az Anat\u00f3miai Int\u00e9zet oktat\u00f3 munk\u00e1j\u00e1r\u00f3l. V\u00e9lem\u00e9nye, \u00e9ppen \u00fagy, mint a kor\u00e1bbi alkalmakkor, fontos sz\u00e1munkra. Budapest, 1997. m\u00e1jus-j\u00fanius K\u00f6sz\u00f6nettel Az Anat\u00f3miai int\u00e9zet oktat\u00f3i 1. \u00c9v k\u00f6zbeni &hellip;<\/p>\n","protected":false},"author":12,"featured_media":0,"parent":53,"menu_order":12,"comment_status":"closed","ping_status":"closed","template":"","meta":{"_acf_changed":false,"footnotes":""},"categories":[],"tags":[],"class_list":["post-505","page","type-page","status-publish","hentry"],"acf":[],"_links":{"self":[{"href":"https:\/\/semmelweis.hu\/anatomia\/wp-json\/wp\/v2\/pages\/505","targetHints":{"allow":["GET"]}}],"collection":[{"href":"https:\/\/semmelweis.hu\/anatomia\/wp-json\/wp\/v2\/pages"}],"about":[{"href":"https:\/\/semmelweis.hu\/anatomia\/wp-json\/wp\/v2\/types\/page"}],"author":[{"embeddable":true,"href":"https:\/\/semmelweis.hu\/anatomia\/wp-json\/wp\/v2\/users\/12"}],"replies":[{"embeddable":true,"href":"https:\/\/semmelweis.hu\/anatomia\/wp-json\/wp\/v2\/comments?post=505"}],"version-history":[{"count":11,"href":"https:\/\/semmelweis.hu\/anatomia\/wp-json\/wp\/v2\/pages\/505\/revisions"}],"predecessor-version":[{"id":30657,"href":"https:\/\/semmelweis.hu\/anatomia\/wp-json\/wp\/v2\/pages\/505\/revisions\/30657"}],"up":[{"embeddable":true,"href":"https:\/\/semmelweis.hu\/anatomia\/wp-json\/wp\/v2\/pages\/53"}],"wp:attachment":[{"href":"https:\/\/semmelweis.hu\/anatomia\/wp-json\/wp\/v2\/media?parent=505"}],"wp:term":[{"taxonomy":"category","embeddable":true,"href":"https:\/\/semmelweis.hu\/anatomia\/wp-json\/wp\/v2\/categories?post=505"},{"taxonomy":"post_tag","embeddable":true,"href":"https:\/\/semmelweis.hu\/anatomia\/wp-json\/wp\/v2\/tags?post=505"}],"curies":[{"name":"wp","href":"https:\/\/api.w.org\/{rel}","templated":true}]}}