{"id":503,"date":"2014-04-17T21:50:50","date_gmt":"2014-04-17T21:50:50","guid":{"rendered":"http:\/\/www.ana.usn.hu\/hu\/?page_id=503"},"modified":"2020-04-06T17:32:00","modified_gmt":"2020-04-06T15:32:00","slug":"mihalkovics-palyazat","status":"publish","type":"page","link":"https:\/\/semmelweis.hu\/anatomia\/az-intezet-alapitvanyai\/mihalkovics-palyazat\/","title":{"rendered":"Mih\u00e1lkovics-Alap\u00edtv\u00e1ny \u00e9s p\u00e1ly\u00e1zat"},"content":{"rendered":"<p align=\"center\"><strong>A P\u00c1LY\u00c1ZATI FELH\u00cdV\u00c1S<\/strong> <br \/>\na Mih\u00e1lkovics-Alap\u00edtv\u00e1ny alap<span style=\"font-family: Verdana;font-size: small\">\u00edt\u00f3 okirata alapj\u00e1n<\/span><\/p>\n<p class=\"entry-title\" style=\"text-align: center\"><span style=\"font-family: Verdana;font-size: small\"><i><b>\u00a0<\/b><\/i><\/span><a href=\"\/anatomia\/?page_id=1382\">Mihalkovics G\u00e9za<\/a> anat\u00f3mus professzor\u00a0\u00e9s\u00a0<br \/>\n<strong>dr. Mihalkovics \u00c1rp\u00e1d<\/strong>, a 26 \u00e9vesen tragikus k\u00f6r\u00fclm\u00e9nyek k\u00f6z\u00f6tt elhunyt fogszakorvos eml\u00e9k\u00e9re<\/p>\n<figure id=\"attachment_709\" aria-describedby=\"caption-attachment-709\" style=\"width: 400px\" class=\"wp-caption aligncenter\"><a href=\"https:\/\/semmelweis.hu\/anatomia\/files\/2014\/04\/mih-arpad.jpg\"><img loading=\"lazy\" decoding=\"async\" class=\"wp-image-709\" src=\"https:\/\/semmelweis.hu\/anatomia\/files\/2014\/04\/mih-arpad-1024x584.jpg\" alt=\"mih-arpad\" width=\"400\" height=\"228\" srcset=\"https:\/\/semmelweis.hu\/anatomia\/files\/2014\/04\/mih-arpad-1024x584.jpg 1024w, https:\/\/semmelweis.hu\/anatomia\/files\/2014\/04\/mih-arpad-300x171.jpg 300w, https:\/\/semmelweis.hu\/anatomia\/files\/2014\/04\/mih-arpad-525x300.jpg 525w, https:\/\/semmelweis.hu\/anatomia\/files\/2014\/04\/mih-arpad.jpg 1109w\" sizes=\"auto, (max-width: 400px) 100vw, 400px\" \/><\/a><figcaption id=\"caption-attachment-709\" class=\"wp-caption-text\">Dr. Mih\u00e1lkovics \u00c1rp\u00e1d<\/figcaption><\/figure>\n<p style=\"text-align: left\" align=\"center\">P\u00e1ly\u00e1zhatnak: a Semmelweis Egyetem \u00e1ltal\u00e1nos- \u00e9s fogorvoskari hallgat\u00f3i \u00e9s oktat\u00f3i 28 \u00e9ves korig,\u00a0az elm\u00falt napt\u00e1ri \u00e9vben az anat\u00f3mia, illetve a fogorvostudom\u00e1ny elm\u00e9leti t\u00e1rgyk\u00f6r\u00e9b\u0151l k\u00e9sz\u00edtett dolgozattal,\u00a0illet\u0151leg az <a href=\"\/anatomia\/?page_id=114\">Anat\u00f3miai M\u00fazeum<\/a> r\u00e9sz\u00e9re k\u00e9sz\u00edtett demonstr\u00e1ci\u00f3s anyaggal.<\/p>\n<p style=\"text-align: left\" align=\"center\">Az alap\u00edtv\u00e1ny c\u00e9lj\u00e1nak megfelel\u0151 produktumot, illetve annak elk\u00e9sz\u00edt\u00e9s\u00e9t \u00e9s let\u00e9tbe helyez\u00e9s\u00e9t igazol\u00f3 dokumentumot a Fogorvostudom\u00e1nyi Kar D\u00e9k\u00e1ni Hivatal\u00e1ba kell bek\u00fcldeni m\u00e1rcius 1-ig.<span style=\"font-family: Verdana;font-size: small\"><br \/>\n<\/span><\/p>\n<table style=\"width: 100%\" cellspacing=\"10\" cellpadding=\"10\">\n<tbody>\n<tr>\n<td style=\"background-color: #e3e1e1\"><span style=\"font-size: 17pt;color: grey\">A Mih\u00e1lkovics p\u00e1ly\u00e1zat eredm\u00e9nyei:<\/span><\/td>\n<\/tr>\n<\/tbody>\n<\/table>\n<ul class=\"display-posts-listing\"><li class=\"listing-item\"><a class=\"title\" href=\"https:\/\/semmelweis.hu\/anatomia\/2025\/03\/11\/a-mihalkovics-es-apathy-alapitvany-dijazottjai-2025\/\">A Mih\u00e1lkovics \u00e9s Ap\u00e1thy Alap\u00edtv\u00e1ny d\u00edjazottjai 2025<\/a><\/li><li class=\"listing-item\"><a class=\"title\" href=\"https:\/\/semmelweis.hu\/anatomia\/2024\/03\/23\/a-mihalkovics-es-apathy-alapitvany-dijazottjai-2024\/\">A Mih\u00e1lkovics \u00e9s Ap\u00e1thy Alap\u00edtv\u00e1ny d\u00edjazottjai 2024<\/a><\/li><li class=\"listing-item\"><a class=\"title\" href=\"https:\/\/semmelweis.hu\/anatomia\/2023\/03\/13\/a-mihalkovics-alapitvany-dijazottjai-2023\/\">A Mih\u00e1lkovics Alap\u00edtv\u00e1ny d\u00edjazottjai 2023<\/a><\/li><li class=\"listing-item\"><a class=\"title\" href=\"https:\/\/semmelweis.hu\/anatomia\/2022\/03\/16\/a-mihalkovics-alapitvany-dijazottjai-2022\/\">A Mih\u00e1lkovics Alap\u00edtv\u00e1ny d\u00edjazottjai 2022<\/a><\/li><li class=\"listing-item\"><a class=\"title\" href=\"https:\/\/semmelweis.hu\/anatomia\/2021\/03\/31\/mihalkovics-alapitvany-dijazottjai-2021\/\">A Mih\u00e1lkovics-alap\u00edtv\u00e1ny d\u00edjazottjai 2021<\/a><\/li><li class=\"listing-item\"><a class=\"title\" href=\"https:\/\/semmelweis.hu\/anatomia\/2020\/07\/15\/oklevelek-atadasa-fok\/\">A Mih\u00e1lkovics Alap\u00edtv\u00e1ny d\u00edjazottjai 2020<\/a><\/li><li class=\"listing-item\"><a class=\"title\" href=\"https:\/\/semmelweis.hu\/anatomia\/2019\/03\/06\/a-mihalkovics-alapitvany-dijazottjai-2019\/\">A Mih\u00e1lkovics Alap\u00edtv\u00e1ny d\u00edjazottjai 2019<\/a><\/li><li class=\"listing-item\"><a class=\"title\" href=\"https:\/\/semmelweis.hu\/anatomia\/2018\/03\/05\/a-mihalkovics-alapitvany-dijazottjai-2017\/\">A Mih\u00e1lkovics Alap\u00edtv\u00e1ny d\u00edjazottjai 2018<\/a><\/li><li class=\"listing-item\"><a class=\"title\" href=\"https:\/\/semmelweis.hu\/anatomia\/2017\/02\/28\/mihalkovics-verseny-2017-2\/\">A Mih\u00e1lkovics Alap\u00edtv\u00e1ny d\u00edjazottjai 2017<\/a><\/li><li class=\"listing-item\"><a class=\"title\" href=\"https:\/\/semmelweis.hu\/anatomia\/2016\/03\/05\/mihalkovics-verseny-2016\/\">A Mih\u00e1lkovics Alap\u00edtv\u00e1ny d\u00edjazottjai 2016<\/a><\/li><li class=\"listing-item\"><a class=\"title\" href=\"https:\/\/semmelweis.hu\/anatomia\/2015\/03\/05\/mihalkovics-verseny-dijazottak-2015\/\">A Mih\u00e1lkovics Alap\u00edtv\u00e1ny d\u00edjazottjai 2015<\/a><\/li><li class=\"listing-item\"><a class=\"title\" href=\"https:\/\/semmelweis.hu\/anatomia\/2014\/04\/19\/mihalkovics-verseny-2014\/\">A Mih\u00e1lkovics Alap\u00edtv\u00e1ny d\u00edjazottjai 2014<\/a><\/li><li class=\"listing-item\"><a class=\"title\" href=\"https:\/\/semmelweis.hu\/anatomia\/2013\/04\/19\/mihalkovics-verseny-2013\/\">A Mih\u00e1lkovics Alap\u00edtv\u00e1ny d\u00edjazottjai 2013.<\/a><\/li><li class=\"listing-item\"><a class=\"title\" href=\"https:\/\/semmelweis.hu\/anatomia\/2012\/04\/08\/mihalkovics-verseny-2012\/\">A Mih\u00e1lkovics p\u00e1ly\u00e1zat gy\u0151ztesei 2012<\/a><\/li><li class=\"listing-item\"><a class=\"title\" href=\"https:\/\/semmelweis.hu\/anatomia\/2011\/10\/22\/mihalkovics-palyazat-2011\/\">Mih\u00e1lkovics p\u00e1ly\u00e1zat 2011<\/a><\/li><li class=\"listing-item\"><a class=\"title\" href=\"https:\/\/semmelweis.hu\/anatomia\/2011\/07\/08\/mihalkovics-verseny-2011\/\">A Mih\u00e1lkovics Alap\u00edtv\u00e1ny 2011. \u00e9vi d\u00edjazottjai<\/a><\/li><li class=\"listing-item\"><a class=\"title\" href=\"https:\/\/semmelweis.hu\/anatomia\/2010\/10\/22\/mihalkovics-palyazat-2010\/\">Mih\u00e1lkovics p\u00e1ly\u00e1zat 2010<\/a><\/li><li class=\"listing-item\"><a class=\"title\" href=\"https:\/\/semmelweis.hu\/anatomia\/2010\/07\/08\/mihalkovics-verseny-2010\/\">A Mih\u00e1lkovics Alap\u00edtv\u00e1ny d\u00edjazottjai 2010.<\/a><\/li><li class=\"listing-item\"><a class=\"title\" href=\"https:\/\/semmelweis.hu\/anatomia\/2009\/10\/22\/mihalkovics-palyazat-2009\/\">Mih\u00e1lkovics p\u00e1ly\u00e1zat 2009<\/a><\/li><li class=\"listing-item\"><a class=\"title\" href=\"https:\/\/semmelweis.hu\/anatomia\/2009\/07\/08\/mihalkovics-verseny-2009\/\">A Mih\u00e1lkovics Alap\u00edtv\u00e1ny d\u00edjazottjai 2009.<\/a><\/li><li class=\"listing-item\"><a class=\"title\" href=\"https:\/\/semmelweis.hu\/anatomia\/2008\/07\/08\/mihalkovics-verseny-2008\/\">Mih\u00e1lkovics-verseny d\u00edjazottjai 2008.<\/a><\/li><li class=\"listing-item\"><a class=\"title\" href=\"https:\/\/semmelweis.hu\/anatomia\/2008\/07\/08\/mihalkovics-palyazat-2008\/\">Mih\u00e1lkovics p\u00e1ly\u00e1zat 2008<\/a><\/li><li class=\"listing-item\"><a class=\"title\" href=\"https:\/\/semmelweis.hu\/anatomia\/2007\/07\/08\/mihalkovics-verseny-2007\/\">Mih\u00e1lkovics-verseny d\u00edjazottjai 2007.<\/a><\/li><li class=\"listing-item\"><a class=\"title\" href=\"https:\/\/semmelweis.hu\/anatomia\/2006\/07\/08\/mihalkovics-verseny-2006\/\">Mih\u00e1lkovics-verseny eredm\u00e9nyhirdet\u00e9se 2006.<\/a><\/li><li class=\"listing-item\"><a class=\"title\" href=\"https:\/\/semmelweis.hu\/anatomia\/2005\/07\/08\/mihalkovics-verseny-2005\/\">Mih\u00e1lkovics-verseny 2005<\/a><\/li><li class=\"listing-item\"><a class=\"title\" href=\"https:\/\/semmelweis.hu\/anatomia\/2004\/07\/08\/mihalkovics-verseny-2004\/\">Mih\u00e1lkovics-verseny eredm\u00e9nyhirdet\u00e9s 2004.<\/a><\/li><li class=\"listing-item\"><a class=\"title\" href=\"https:\/\/semmelweis.hu\/anatomia\/2003\/07\/08\/mihalkovics-verseny-2003\/\">Mih\u00e1lkovics-verseny eredm\u00e9nyhirdet\u00e9s 2003.<\/a><\/li><li class=\"listing-item\"><a class=\"title\" href=\"https:\/\/semmelweis.hu\/anatomia\/2001\/07\/08\/mihalkovics-verseny-2001\/\">Mih\u00e1lkovics-verseny 2001.<\/a><\/li><\/ul>\n","protected":false},"excerpt":{"rendered":"<p>I. d\u00edjra javasolva:<br \/>\nBenis Szabolcs, \u00c1OK V. \u00e9vfolyam: A k\u00e9z art\u00e9ri\u00e1s rendszere<br \/>\nDr. Nagy Kriszti\u00e1n, FOK III. \u00e9vfolyam: A human fogazat morphologi\u00e1ja<br \/>\n&nbsp;<br \/>\nII. d\u00edjra javasolva:<br \/>\nEiszrich \u00c1d\u00e1m, \u00c1OK V. \u00e9vfolyam: A mell\u00fcreg \u00e9s a has\u00fcreg m\u00e9ly r\u00e9gi\u00f3inak k\u00e9pletei foetuson<br \/>\nKiss Tam\u00e1s, \u00c1OK V. \u00e9vfolyam: Magzati prepar\u00e1tum<br \/>\n\u00a0<br \/>\n\u00a0<br \/>\n\u00a0<br \/>\n\u00a0<\/p>\n","protected":false},"author":12,"featured_media":0,"parent":12723,"menu_order":1,"comment_status":"closed","ping_status":"open","template":"","meta":{"_acf_changed":false,"footnotes":""},"categories":[],"tags":[],"class_list":["post-503","page","type-page","status-publish","hentry"],"acf":[],"_links":{"self":[{"href":"https:\/\/semmelweis.hu\/anatomia\/wp-json\/wp\/v2\/pages\/503","targetHints":{"allow":["GET"]}}],"collection":[{"href":"https:\/\/semmelweis.hu\/anatomia\/wp-json\/wp\/v2\/pages"}],"about":[{"href":"https:\/\/semmelweis.hu\/anatomia\/wp-json\/wp\/v2\/types\/page"}],"author":[{"embeddable":true,"href":"https:\/\/semmelweis.hu\/anatomia\/wp-json\/wp\/v2\/users\/12"}],"replies":[{"embeddable":true,"href":"https:\/\/semmelweis.hu\/anatomia\/wp-json\/wp\/v2\/comments?post=503"}],"version-history":[{"count":11,"href":"https:\/\/semmelweis.hu\/anatomia\/wp-json\/wp\/v2\/pages\/503\/revisions"}],"predecessor-version":[{"id":19662,"href":"https:\/\/semmelweis.hu\/anatomia\/wp-json\/wp\/v2\/pages\/503\/revisions\/19662"}],"up":[{"embeddable":true,"href":"https:\/\/semmelweis.hu\/anatomia\/wp-json\/wp\/v2\/pages\/12723"}],"wp:attachment":[{"href":"https:\/\/semmelweis.hu\/anatomia\/wp-json\/wp\/v2\/media?parent=503"}],"wp:term":[{"taxonomy":"category","embeddable":true,"href":"https:\/\/semmelweis.hu\/anatomia\/wp-json\/wp\/v2\/categories?post=503"},{"taxonomy":"post_tag","embeddable":true,"href":"https:\/\/semmelweis.hu\/anatomia\/wp-json\/wp\/v2\/tags?post=503"}],"curies":[{"name":"wp","href":"https:\/\/api.w.org\/{rel}","templated":true}]}}