{"id":488,"date":"2023-01-26T10:24:49","date_gmt":"2023-01-26T09:24:49","guid":{"rendered":"http:\/\/www.ana.usn.hu\/hu\/?page_id=488"},"modified":"2025-08-20T22:45:52","modified_gmt":"2025-08-20T20:45:52","slug":"demonstratoraink","status":"publish","type":"page","link":"https:\/\/semmelweis.hu\/anatomia\/oktatas\/demonstratoraink\/","title":{"rendered":"Demonstr\u00e1tori munka, TDK, Rektori p\u00e1ly\u00e1zat, Szakdolgozat"},"content":{"rendered":"<p><strong>A sikeresen szigorlatozott hallgat\u00f3kat v\u00e1rjuk oktatni \/ kutatni \/ prepar\u00e1lni\u00a0 &#8211; \u00a0tudom\u00e1nyos di\u00e1kk\u00f6r\u00f6snek \/ demonstr\u00e1tornak! <em>(Kreditpont szerezhet\u0151.) <\/em><\/strong><\/p>\n<ul>\n<li><span style=\"font-size: 18pt\"><a href=\"https:\/\/semmelweis.hu\/anatomia\/2023\/01\/30\/demonstratori-palyazat\/\" target=\"_blank\" rel=\"noopener noreferrer\">Demonstr\u00e1tori munka: teend\u0151k, inform\u00e1ci\u00f3k, jelentkez\u00e9si lap<\/a><\/span><\/li>\n<li><span style=\"font-size: 18pt\"><a href=\"https:\/\/semmelweis.hu\/anatomia\/kutatas\/tudomanyos-diakmunka\/tdk\/\" target=\"_blank\" rel=\"noopener noreferrer\">TDK: teend\u0151k, inform\u00e1ci\u00f3k, jelentkez\u00e9si lap<\/a><\/span><\/li>\n<li><span style=\"font-size: 18pt\"><a href=\"https:\/\/semmelweis.hu\/anatomia\/kutatas\/tudomanyos-diakmunka\/rektori-palyazatok\/\" target=\"_blank\" rel=\"noopener noreferrer\">Rektori p\u00e1ly\u00e1zat<\/a><\/span><\/li>\n<li><span style=\"font-size: 18pt\"><a href=\"https:\/\/semmelweis.hu\/anatomia\/kutatas\/tudomanyos-diakmunka\/szakdolgozatok\/\" target=\"_blank\" rel=\"noopener noreferrer\">Szakdolgozat<\/a><\/span><\/li>\n<\/ul>\n<h3>\u00a0<\/h3>\n<p>&nbsp;<\/p>\n<p>&nbsp;<\/p>\n","protected":false},"excerpt":{"rendered":"<p>A sikeresen szigorlatozott hallgat\u00f3kat v\u00e1rjuk oktatni \/ kutatni \/ prepar\u00e1lni\u00a0 &#8211; \u00a0tudom\u00e1nyos di\u00e1kk\u00f6r\u00f6snek \/ demonstr\u00e1tornak! (Kreditpont szerezhet\u0151.) <\/p>\n<p><a href=\"https:\/\/semmelweis.hu\/anatomia\/2023\/01\/30\/demonstratori-palyazat\/\" target=\"_blank\" rel=\"noopener noreferrer\">Demonstr\u00e1tori munka: teend\u0151k, inform\u00e1ci\u00f3k, jelentkez\u00e9si lap<\/a><br \/>\n<a href=\"https:\/\/semmelweis.hu\/anatomia\/kutatas\/tudomanyos-diakmunka\/tdk\/\" target=\"_blank\" rel=\"noopener noreferrer\">TDK: teend\u0151k, inform\u00e1ci\u00f3k, jelentkez\u00e9si lap<\/a><br \/>\n<a href=\"https:\/\/semmelweis.hu\/anatomia\/kutatas\/tudomanyos-diakmunka\/rektori-palyazatok\/\" target=\"_blank\" rel=\"noopener noreferrer\">Rektori p\u00e1ly\u00e1zat<\/a><br \/>\n<a href=\"https:\/\/semmelweis.hu\/anatomia\/kutatas\/tudomanyos-diakmunka\/szakdolgozatok\/\" target=\"_blank\" rel=\"noopener noreferrer\">Szakdolgozat<\/a><\/p>\n<p>\u00a0<br \/>\n&nbsp;<br \/>\n&nbsp;<\/p>\n","protected":false},"author":12,"featured_media":29798,"parent":53,"menu_order":8,"comment_status":"closed","ping_status":"closed","template":"","meta":{"_acf_changed":false,"footnotes":""},"categories":[222],"tags":[],"class_list":["post-488","page","type-page","status-publish","has-post-thumbnail","hentry","category-hirek"],"acf":[],"_links":{"self":[{"href":"https:\/\/semmelweis.hu\/anatomia\/wp-json\/wp\/v2\/pages\/488","targetHints":{"allow":["GET"]}}],"collection":[{"href":"https:\/\/semmelweis.hu\/anatomia\/wp-json\/wp\/v2\/pages"}],"about":[{"href":"https:\/\/semmelweis.hu\/anatomia\/wp-json\/wp\/v2\/types\/page"}],"author":[{"embeddable":true,"href":"https:\/\/semmelweis.hu\/anatomia\/wp-json\/wp\/v2\/users\/12"}],"replies":[{"embeddable":true,"href":"https:\/\/semmelweis.hu\/anatomia\/wp-json\/wp\/v2\/comments?post=488"}],"version-history":[{"count":13,"href":"https:\/\/semmelweis.hu\/anatomia\/wp-json\/wp\/v2\/pages\/488\/revisions"}],"predecessor-version":[{"id":30926,"href":"https:\/\/semmelweis.hu\/anatomia\/wp-json\/wp\/v2\/pages\/488\/revisions\/30926"}],"up":[{"embeddable":true,"href":"https:\/\/semmelweis.hu\/anatomia\/wp-json\/wp\/v2\/pages\/53"}],"wp:featuredmedia":[{"embeddable":true,"href":"https:\/\/semmelweis.hu\/anatomia\/wp-json\/wp\/v2\/media\/29798"}],"wp:attachment":[{"href":"https:\/\/semmelweis.hu\/anatomia\/wp-json\/wp\/v2\/media?parent=488"}],"wp:term":[{"taxonomy":"category","embeddable":true,"href":"https:\/\/semmelweis.hu\/anatomia\/wp-json\/wp\/v2\/categories?post=488"},{"taxonomy":"post_tag","embeddable":true,"href":"https:\/\/semmelweis.hu\/anatomia\/wp-json\/wp\/v2\/tags?post=488"}],"curies":[{"name":"wp","href":"https:\/\/api.w.org\/{rel}","templated":true}]}}