{"id":471,"date":"2014-04-17T21:32:04","date_gmt":"2014-04-17T21:32:04","guid":{"rendered":"http:\/\/www.ana.usn.hu\/hu\/?page_id=471"},"modified":"2023-01-16T15:48:18","modified_gmt":"2023-01-16T14:48:18","slug":"laborok-kutatocsoportok","status":"publish","type":"page","link":"https:\/\/semmelweis.hu\/anatomia\/kutatas\/laborok-kutatocsoportok\/","title":{"rendered":"Kutat\u00f3csoportok \/ Research Groups"},"content":{"rendered":"<p><strong>Int\u00e9zet\u00fcnk kutat\u00f3csoportjai \/ Resarch groups of the Department \/ Forschergruppen des Instituts :<\/strong><\/p>\n<ul>\n<li>\n<p class=\"entry-title\"><strong><a href=\"\/anatomia\/?page_id=2502\">Agyk\u00e9rgi Modularit\u00e1s Kutat\u00f3 Csoport \/ Research Group for Cerebral Cortical Modularity<\/a><\/strong><br \/>\n<strong>(Dr. N\u00e9gyessy L\u00e1szl\u00f3 \u00e9s Dr. P\u00e1lfi Emese)<\/strong><\/p>\n<\/li>\n<li>\n<p class=\"entry-title\"><strong><a href=\"\/anatomia\/?page_id=1350\">Alkalmazott \u00e9s Klinikai Anat\u00f3miai Laborat\u00f3rium \/ Applied and Clinical Anatomy Laboratory<\/a><\/strong><br \/>\n<strong>(Dr. Patonay Lajos \u00e9s Dr. Baksa G\u00e1bor)<\/strong><\/p>\n<\/li>\n<li>\n<p class=\"entry-title\"><strong><a href=\"https:\/\/semmelweis.hu\/anatomia\/kutatas\/laborok-kutatocsoportok\/glia-lab\/\" target=\"_blank\" rel=\"noopener noreferrer\">Glia Laborat\u00f3rium \/ Glia Laboratory<\/a><\/strong><br \/>\n<strong>(Dr. K\u00e1lm\u00e1n Mih\u00e1ly)<\/strong><\/p>\n<\/li>\n<li>\n<p class=\"entry-title\"><strong><a href=\"\/anatomia\/?page_id=1299\">K\u00eds\u00e9rletes Neuroanat\u00f3miai \u00e9s Fejl\u0151d\u00e9sbiol\u00f3giai Csoport \/\u00a0Research Group of Experimental Neuroanatomy and Developmental Biology<\/a><\/strong><br \/>\n<strong>(Dr. Alp\u00e1r Al\u00e1n)<\/strong><\/p>\n<\/li>\n<li>\n<p class=\"entry-title\"><strong><a href=\"https:\/\/semmelweis.hu\/anatomia\/kutatas\/laborok-kutatocsoportok\/klinikai-anatomiai-kutatolaboratorium\/\" target=\"_blank\" rel=\"noopener noreferrer\">Klinikai Anat\u00f3miai Kutat\u00f3laborat\u00f3rium<\/a><\/strong><br \/>\n<strong>(Dr. Nemesk\u00e9ri \u00c1gnes)<\/strong><\/p>\n<\/li>\n<li>\n<p class=\"entry-title\" title=\"Neuroendokrinol\u00f3giai \u00e9s In situ hibridiz\u00e1ci\u00f3s Laborat\u00f3rium\"><strong><a href=\"\/anatomia\/?page_id=2538\">Neuroendokrinol\u00f3giai \u00e9s In situ hibridiz\u00e1ci\u00f3s Laborat\u00f3rium<\/a><\/strong><br \/>\n<strong>(Dr. T\u00f3th Zsuzsanna)<\/strong><\/p>\n<\/li>\n<li>\n<p class=\"entry-title\"><strong><a href=\"\/anatomia\/?page_id=2576\">Neuromorfol\u00f3giai Laborat\u00f3rium \/ Laboratory of Neuromorphology<\/a><\/strong><br \/>\n<strong>(Dr. Dobolyi \u00c1rp\u00e1d)<\/strong><\/p>\n<\/li>\n<li>\n<p class=\"entry-title\"><strong><a href=\"https:\/\/semmelweis.hu\/anatomia\/kutatas\/laborok-kutatocsoportok\/neuropsychiatry-group\/\" target=\"_blank\" rel=\"noopener noreferrer\">Neuropszichi\u00e1triai munkacsoport \/ Neuropsychiatry Group<\/a><\/strong><br \/>\n<strong>(Dr. Adorj\u00e1n Istv\u00e1n)<\/strong><\/p>\n<\/li>\n<li>\n<p class=\"entry-title\"><strong><a href=\"https:\/\/semmelweis.hu\/stemcell\" target=\"_blank\" rel=\"noopener noreferrer\"><strong>\u0150ssejt \u00e9s K\u00eds\u00e9rletes Embriol\u00f3gia Laborat\u00f3rium \/ Laboratory of Stem Cell and Experimental Embryology<\/strong><\/a><br \/>\n<strong>(Dr. Nagy N\u00e1ndor)<\/strong><\/strong><\/p>\n<\/li>\n<li>\n<p class=\"entry-title\"><a href=\"https:\/\/semmelweis.hu\/anatomia\/kutatas\/laborok-kutatocsoportok\/osszehasonlito-neurohisztologiai-es-neurocitokemiai-laboratorium\/\" target=\"_blank\" rel=\"noopener noreferrer\"><strong>\u00d6sszehasonl\u00edt\u00f3 Neurohisztol\u00f3giai \u00e9s Neurocitok\u00e9miai Laborat\u00f3rium \/ Comparative Neurohistology and Neurochemistry Laboratory<\/strong><\/a><br \/>\n<strong>(Dr. Csillag Andr\u00e1s)<\/strong><\/p>\n<\/li>\n<li>\n<p class=\"entry-title\"><strong><a href=\"https:\/\/semmelweis.hu\/anatomia\/kutatas\/laborok-kutatocsoportok\/palyakutato-laboratorium\/\" target=\"_blank\" rel=\"noopener noreferrer\">P\u00e1lyakutat\u00f3 Laborat\u00f3rium<\/a><\/strong><br \/>\n<strong>(Dr. Cs\u00e1ki \u00c1gnes)<\/strong><\/p>\n<\/li>\n<li>\n<p class=\"entry-title\"><strong><a href=\"https:\/\/semmelweis.hu\/anatomia\/kutatas\/laborok-kutatocsoportok\/retina-labor\/\" target=\"_blank\" rel=\"noopener noreferrer\">Retina Laborat\u00f3rium<\/a><\/strong><br \/>\n<strong>(Dr. Szab\u00f3 Arnold)<\/strong><\/p>\n<\/li>\n<li>\n<p class=\"entry-title\"><strong><a href=\"https:\/\/semmelweis.hu\/anatomia\/kutatas\/laborok-kutatocsoportok\/sejt-es-molekularis-biologiai-labor\/\" target=\"_blank\" rel=\"noopener noreferrer\">Sejt- \u00e9s Molekul\u00e1ris Biol\u00f3giai Laborat\u00f3rium<\/a><\/strong><br \/>\n<strong>(Dr. L. Kiss Anna)<\/strong><\/p>\n<\/li>\n<li>\n<p class=\"entry-title\"><a href=\"https:\/\/semmelweis.hu\/szentagothailab\/\" target=\"_blank\" rel=\"noopener noreferrer\"><strong>Szent\u00e1gothai J\u00e1nos Laborat\u00f3rium<\/strong><\/a><br \/>\n<strong>(Dr. Pusk\u00e1r Zita \u00e9s Dr. R\u00e9thelyi Mikl\u00f3s)<\/strong><\/p>\n<\/li>\n<li>\n<p class=\"entry-title\"><strong><a href=\"\/anatomia\/?page_id=1268\">Vegetat\u00edv Beidegz\u00e9s Laborat\u00f3rium<\/a><\/strong><br \/>\n<strong>(Dr. Feh\u00e9r Erzs\u00e9bet)<\/strong><\/p>\n<\/li>\n<\/ul>\n<hr \/>\n<p><a href=\"https:\/\/semmelweis.hu\/anatomia\/category\/archivum-kutatas\/\">R\u00e9gebbi kutat\u00f3csoportok:<\/a><\/p>\n<ul class=\"display-posts-listing\"><li class=\"listing-item\"><a class=\"title\" href=\"https:\/\/semmelweis.hu\/anatomia\/2014\/06\/07\/golgi-laboratorium-archiv\/\">Golgi Laborat\u00f3rium \/ Golgi Laboratory (arch\u00edv)<\/a><\/li><li class=\"listing-item\"><a class=\"title\" href=\"https:\/\/semmelweis.hu\/anatomia\/2014\/06\/07\/archiv-fluoreszcens-mikroszkopos-labor\/\">Fluoreszcens Mikroszk\u00f3pos Labor (arch\u00edv)<\/a><\/li><li class=\"listing-item\"><a class=\"title\" href=\"https:\/\/semmelweis.hu\/anatomia\/2014\/06\/06\/neuroscience-research-group-infobionika\/\">Infobionika &#8211; Neuroscience Research Group (archive)<\/a><\/li><li class=\"listing-item\"><a class=\"title\" href=\"https:\/\/semmelweis.hu\/anatomia\/2014\/06\/05\/kiserletes-neurohisztologiai-laboratorium\/\">K\u00eds\u00e9rletes Neurohisztol\u00f3giai Laborat\u00f3rium \/ Experimental Neurohistology Laboratory (arch\u00edv)<\/a><\/li><li class=\"listing-item\"><a class=\"title\" href=\"https:\/\/semmelweis.hu\/anatomia\/2014\/06\/04\/archiv-mta-ppke-se-neuro-infobionika-kutatocsoport-neurobiologiai-kutatocsoport\/\">MTA-PPKE-SE Neuro-Infobionika Kutat\u00f3csoport (arch\u00edv)<\/a><\/li><li class=\"listing-item\"><a class=\"title\" href=\"https:\/\/semmelweis.hu\/anatomia\/2014\/06\/03\/neurokibernetikai-laboratorium\/\">Neurokibernetikai Laborat\u00f3rium (arch\u00edv)<\/a><\/li><li class=\"listing-item\"><a class=\"title\" href=\"https:\/\/semmelweis.hu\/anatomia\/2014\/06\/02\/404-2\/\">Neuromorphological and Neuroendocrine Research Group (Arch\u00edv)<\/a><\/li><li class=\"listing-item\"><a class=\"title\" href=\"https:\/\/semmelweis.hu\/anatomia\/2014\/06\/01\/archiv-thalamus-laboratorium\/\">Thalamus Laborat\u00f3rium \/ Thalamus Laboratory (arch\u00edv)<\/a><\/li><li class=\"listing-item\"><a class=\"title\" href=\"https:\/\/semmelweis.hu\/anatomia\/2014\/06\/01\/vesztibularis-laboratorium\/\">Vesztibul\u00e1ris Laborat\u00f3rium \/ Sensorimotor Adaptation and Vestibular laboratory (arch\u00edv)<\/a><\/li><\/ul>\n","protected":false},"excerpt":{"rendered":"<p>A szenzomotoros adapt\u00e1ci\u00f3val foglalkoz\u00f3 Vesztibul\u00e1ris laborat\u00f3rium A Magyar \u0170rkutat\u00e1si Iroda \u00e1ltal t\u00e1mogatott kutat\u00f3csoport Vezet\u0151: Dr. Simon L\u00e1szl\u00f3 Tagok: Garab S\u00e1ndor (Dr. Noszek Annam\u00e1ria) Csap Tibor Tiszteletbeli tag: K\u00e1ldy Domonkos &nbsp; A laborat\u00f3rium profilja: k\u00eds\u00e9rletes egyens\u00falyszervi (\u00e9lettani \u00e9s morfol\u00f3giai) kutat\u00e1sok; \u0171rhaj\u00f3sok vesztibul\u00e1ris eredet\u0171 mozg\u00e1skoordin\u00e1ci\u00f3s, t\u00e1j\u00e9koz\u00f3d\u00e1si \u00e9s vegetat\u00edv funkcion\u00e1lis zavarokkal jellemezhet\u0151 szindr\u00f3m\u00e1j\u00e1nak, az \u00fan. \u0171rbetegs\u00e9gnek, illetve az &hellip;<\/p>\n","protected":false},"author":12,"featured_media":0,"parent":1250,"menu_order":0,"comment_status":"closed","ping_status":"closed","template":"","meta":{"_acf_changed":false,"footnotes":""},"categories":[],"tags":[],"class_list":["post-471","page","type-page","status-publish","hentry"],"acf":[],"_links":{"self":[{"href":"https:\/\/semmelweis.hu\/anatomia\/wp-json\/wp\/v2\/pages\/471","targetHints":{"allow":["GET"]}}],"collection":[{"href":"https:\/\/semmelweis.hu\/anatomia\/wp-json\/wp\/v2\/pages"}],"about":[{"href":"https:\/\/semmelweis.hu\/anatomia\/wp-json\/wp\/v2\/types\/page"}],"author":[{"embeddable":true,"href":"https:\/\/semmelweis.hu\/anatomia\/wp-json\/wp\/v2\/users\/12"}],"replies":[{"embeddable":true,"href":"https:\/\/semmelweis.hu\/anatomia\/wp-json\/wp\/v2\/comments?post=471"}],"version-history":[{"count":11,"href":"https:\/\/semmelweis.hu\/anatomia\/wp-json\/wp\/v2\/pages\/471\/revisions"}],"predecessor-version":[{"id":30828,"href":"https:\/\/semmelweis.hu\/anatomia\/wp-json\/wp\/v2\/pages\/471\/revisions\/30828"}],"up":[{"embeddable":true,"href":"https:\/\/semmelweis.hu\/anatomia\/wp-json\/wp\/v2\/pages\/1250"}],"wp:attachment":[{"href":"https:\/\/semmelweis.hu\/anatomia\/wp-json\/wp\/v2\/media?parent=471"}],"wp:term":[{"taxonomy":"category","embeddable":true,"href":"https:\/\/semmelweis.hu\/anatomia\/wp-json\/wp\/v2\/categories?post=471"},{"taxonomy":"post_tag","embeddable":true,"href":"https:\/\/semmelweis.hu\/anatomia\/wp-json\/wp\/v2\/tags?post=471"}],"curies":[{"name":"wp","href":"https:\/\/api.w.org\/{rel}","templated":true}]}}