{"id":33100,"date":"2026-02-04T12:19:10","date_gmt":"2026-02-04T11:19:10","guid":{"rendered":"https:\/\/semmelweis.hu\/anatomia\/?page_id=33100"},"modified":"2026-03-17T18:07:10","modified_gmt":"2026-03-17T17:07:10","slug":"2025-2026-tanev-2-felev","status":"publish","type":"page","link":"https:\/\/semmelweis.hu\/anatomia\/oktatas\/2025-2026-tanev-2-felev\/","title":{"rendered":"2025\/2026. tan\u00e9v 2. f\u00e9l\u00e9v"},"content":{"rendered":"<h2 style=\"text-align: center\">OKTAT\u00c1SI T\u00c1J\u00c9KOZTAT\u00d3K<\/h2>\n<p><a href=\"https:\/\/itc.semmelweis.hu\/moodle\/course\/view.php?id=10749\">Az el\u0151ad\u00e1sok anyaga megtal\u00e1lhat\u00f3 a Moodle-on, a megfelel\u0151 mapp\u00e1ban.<\/a><\/p>\n<p><a href=\"https:\/\/itc.semmelweis.hu\/moodle\/course\/view.php?id=5766\">Oktat\u00e1si seg\u00e9danyagok gy\u0171jtem\u00e9nye a Moodle-ban, bel\u00e9p\u00e9shez, ha sz\u00fcks\u00e9ges, a jelsz\u00f3t a gyakorlatvezet\u0151kt\u0151l tudj\u00e1k meg a hallgat\u00f3k.<\/a><\/p>\n<hr \/>\n<div class=\"responsive-tabs\">\n<h2 class=\"tabtitle\">\u00c1OK I.<br \/>\nMakro II.<\/h2>\n<div class=\"tabcontent\">\n\n<p><strong>\u00c1OK I. Makroszk\u00f3pos anat\u00f3mia \u00e9s fejl\u0151d\u00e9stan <\/strong>tant\u00e1rgy, 2. f\u00e9l\u00e9v<\/p>\n<p>Tanulm\u00e1nyi felel\u0151s: Dr. \u00c1d\u00e1m \u00c1gota egyetemi docens (<a href=\"mailto:adam.agota@semmelweis.hu\">adam.agota@semmelweis.hu<\/a>)<\/p>\n<ul>\n<li><a href=\"https:\/\/semmelweis.hu\/anatomia\/files\/2026\/03\/Versenykiiras_makroszkopos_anatomia_2026.pdf\" target=\"_blank\" rel=\"noopener\">Tanulm\u00e1nyi verseny<\/a><\/li>\n<li><a href=\"https:\/\/semmelweis.hu\/anatomia\/files\/2026\/02\/Makro2_tantargyi_tajekoztato_2026.pdf\">Makro2_tant\u00e1rgyi_t\u00e1j\u00e9koztat\u00f3_2026<\/a><\/li>\n<li><a href=\"https:\/\/itc.semmelweis.hu\/moodle\/course\/view.php?id=10499\">Moodle-oldal (SeKA-k\u00f3ddal)<\/a><\/li>\n<li><a href=\"https:\/\/itc.semmelweis.hu\/moodle\/mod\/folder\/view.php?id=345584\">El\u0151ad\u00e1sok<\/a><\/li>\n<\/ul>\n<p>&nbsp;<\/p>\n<p>&nbsp;<\/p>\n<hr \/>\n\n<\/div><h2 class=\"tabtitle\">\u00c1OK I.<br \/>\nMikro I.<\/h2>\n<div class=\"tabcontent\">\n\n<p><strong>\u00c1OK I. Mikroszk\u00f3pos anat\u00f3mia \u00e9s fejl\u0151d\u00e9stan I.<\/strong><\/p>\n<p>Tanulm\u00e1nyi felel\u0151s: Dr. \u00c1d\u00e1m \u00c1gota egyetemi docens (<a href=\"mailto:adam.agota@semmelweis.hu\">adam.agota@semmelweis.hu<\/a>)<\/p>\n<ul>\n<li><a href=\"https:\/\/semmelweis.hu\/anatomia\/files\/2026\/02\/Mikro1_tantargyi_tajekoztato_2026.pdf\">Mikro1_tant\u00e1rgyi_t\u00e1j\u00e9koztat\u00f3_2026<\/a><\/li>\n<li><a href=\"https:\/\/itc.semmelweis.hu\/moodle\/course\/view.php?id=11885\">Moodle-oldal (SeKA-k\u00f3ddal)<\/a><\/li>\n<li><a href=\"https:\/\/itc.semmelweis.hu\/moodle\/mod\/folder\/view.php?id=345591\">El\u0151ad\u00e1sok<\/a><\/li>\n<\/ul>\n<p>&nbsp;<\/p>\n<p>&nbsp;<\/p>\n\n<\/div><h2 class=\"tabtitle\">FOK I.<br \/>\nMakro II.<\/h2>\n<div class=\"tabcontent\">\n\n<p><strong>FOK I. Makroszk\u00f3pos Anat\u00f3mia \u00e9s Fejl\u0151d\u00e9stan II.<\/strong><\/p>\n<p>Tanulm\u00e1nyi felel\u0151s: Dr. Papp Rege Sug\u00e1rka tudom\u00e1nyos munkat\u00e1rs (<a href=\"mailto:papp.rege@semmelweis.hu\">papp.rege@semmelweis.hu<\/a>)<\/p>\n<ul>\n<li><a href=\"https:\/\/semmelweis.hu\/anatomia\/files\/2026\/02\/makro2-hirdetmeny_25_26-2.pdf\">makro2 hirdetm\u00e9ny_25_26 2<\/a><\/li>\n<li><a href=\"https:\/\/semmelweis.hu\/anatomia\/files\/2026\/02\/FOK-makro2-eloadasok-25-26-2.pdf\">FOK makro2 el\u0151ad\u00e1sok 25-26 2<\/a><\/li>\n<li><a href=\"https:\/\/semmelweis.hu\/anatomia\/files\/2026\/02\/FOK-makro2-gyakorlat-25-26-2.pdf\">FOK makro2 gyakorlat 25-26 2<\/a><\/li>\n<li><a href=\"https:\/\/semmelweis.hu\/anatomia\/files\/2026\/02\/makro2-szigorlati-tajekoztato_25_26.pdf\">szigorlati t\u00e1j\u00e9koztat\u00f3_25_26<\/a><\/li>\n<li><a href=\"https:\/\/semmelweis.hu\/anatomia\/files\/2026\/02\/Maxfac-demo-checklist_2026.pdf\">Maxfac demo checklist_2026<\/a><\/li>\n<li><a href=\"https:\/\/semmelweis.hu\/anatomia\/files\/2026\/02\/Szigorlati-temakorok-2026.pdf\">Szigorlati t\u00e9mak\u00f6r\u00f6k 2026<\/a><\/li>\n<li><a href=\"https:\/\/itc.semmelweis.hu\/moodle\/course\/view.php?id=10510\">Moodle-oldal (SeKA-k\u00f3ddal)<\/a><\/li>\n<li><a href=\"https:\/\/itc.semmelweis.hu\/moodle\/mod\/folder\/view.php?id=345588\">El\u0151ad\u00e1sok<\/a><\/li>\n<\/ul>\n\n<\/div><h2 class=\"tabtitle\">FOK I.<br \/>\nMikro I.<\/h2>\n<div class=\"tabcontent\">\n\n<p>Tanulm\u00e1nyi felel\u0151s: Dr. Papp Rege Sug\u00e1rka tudom\u00e1nyos munkat\u00e1rs (<a href=\"mailto:papp.rege@semmelweis.hu\">papp.rege@semmelweis.hu<\/a>)<\/p>\n<p><strong>FOK I. Mikroszk\u00f3pos Anat\u00f3mia \u00e9s Fejl\u0151d\u00e9stan I.<\/strong><\/p>\n<ul>\n<li><a href=\"https:\/\/semmelweis.hu\/anatomia\/files\/2026\/02\/FOK-mikro1-eloadasok-25-26-2.pdf\">FOK mikro1 el\u0151ad\u00e1sok 25-26 2<\/a><\/li>\n<li><a href=\"https:\/\/semmelweis.hu\/anatomia\/files\/2026\/02\/FOK-mikro1-gyakorlat-25-26-2.pdf\">FOK mikro1 gyakorlat 25-26 2<\/a><\/li>\n<li><a href=\"https:\/\/semmelweis.hu\/anatomia\/files\/2026\/02\/FOK-mikro1-vizsgatajekoztato_25_26-2.pdf\">FOK mikro1 vizsgat\u00e1j\u00e9koztat\u00f3_25_26 2<\/a><\/li>\n<li><a href=\"https:\/\/semmelweis.hu\/anatomia\/files\/2026\/02\/mikro1-hirdetmeny_fejleces_25_26-2.pdf\">mikro1 hirdetm\u00e9ny_fejl\u00e9ces_25_26 2<\/a><\/li>\n<li><a href=\"https:\/\/itc.semmelweis.hu\/moodle\/course\/view.php?id=11886\">Moodle-oldal (SeKA-k\u00f3ddal)<\/a><\/li>\n<li><a href=\"https:\/\/itc.semmelweis.hu\/moodle\/mod\/folder\/view.php?id=345592\">El\u0151ad\u00e1sok<\/a><\/li>\n<\/ul>\n<p>&nbsp;<\/p>\n\n<\/div><h2 class=\"tabtitle\"><br \/>\nEKK<\/h2>\n<div class=\"tabcontent\">\n\n<p><strong>Eg\u00e9szs\u00e9g\u00fcgyi \u00fcgyvitelszervez\u0151 szak, Orvostudom\u00e1ny, Hum\u00e1n anat\u00f3mia II.<\/strong><\/p>\n<ul>\n<li><strong>tant\u00e1rgyi el\u0151ad\u00f3:\u00a0<\/strong>Dr. Herberth-Mink\u00f3 Krisztina adjunktus<\/li>\n<li><strong>tanulm\u00e1nyi felel\u0151s:<\/strong> Dr. Herberth-Mink\u00f3 Krisztina adjunktus<\/li>\n<li>Tov\u00e1bbi inform\u00e1ci\u00f3k a tant\u00e1rgy aktu\u00e1lis <a href=\"https:\/\/itc.semmelweis.hu\/moodle\/enrol\/index.php?id=11466\"><strong>Moodle-kurzus-oldal\u00e1n<\/strong><\/a> tal\u00e1lhat\u00f3ak.<\/li>\n<\/ul>\n\n<\/div><h2 class=\"tabtitle\"><br \/>\nGYTK<\/h2>\n<div class=\"tabcontent\">\n\n<p><strong>Anat\u00f3mia<\/strong> tant\u00e1rgy (el\u0151ad\u00e1s\/elm\u00e9let \u00e9s gyakorlat)<\/p>\n<p>Tov\u00e1bbi inform\u00e1ci\u00f3k a tant\u00e1rgy aktu\u00e1lis <a href=\"https:\/\/itc.semmelweis.hu\/moodle\/course\/view.php?id=11884\"><strong>Moodle-kurzus-oldal\u00e1n<\/strong><\/a> tal\u00e1lhat\u00f3ak.<\/p>\n<p><strong>Neptun k\u00f3dok: GYKANT272E1M<\/strong><\/p>\n<ul>\n<li><strong>tant\u00e1rgyi el\u0151ad\u00f3:<\/strong> Prof. Dr. Alp\u00e1r Al\u00e1n egyetemi tan\u00e1r<\/li>\n<li><strong>tanulm\u00e1nyi felel\u0151s:<\/strong> Sz\u00e1szn\u00e9 Dr. Kocsis Katalin adjunktus<\/li>\n<\/ul>\n<p><strong>Tant\u00e1rgyi program<\/strong>:<\/p>\n<ul>\n<li><a href=\"https:\/\/semmelweis.hu\/anatomia\/files\/2026\/02\/Anatomia-GYKANT272E1M-2025_26.pdf\">Anat\u00f3mia GYKANT272E1M 2025_26 GYTK_tant\u00e1rgyi program \u00e9s K\u00f6vetelm\u00e9nyrendszer\u00a0<\/a><\/li>\n<\/ul>\n<p><strong>Tematika, ismertet\u0151k:<\/strong><\/p>\n<ul>\n<li><a href=\"https:\/\/semmelweis.hu\/anatomia\/files\/2026\/02\/2025_26-SZOVETTAN_metszetek_felismerendok_gytk.pdf\">2025_26 SZ\u00d6VETTAN_metszetek_felismerend\u0151k_gytk<\/a><\/li>\n<li><a href=\"https:\/\/semmelweis.hu\/anatomia\/files\/2026\/02\/2025_26_2-GYTK-tematika-magyar.pdf\">2025_26_2 GYTK tematika magyar<\/a><\/li>\n<li><a href=\"https:\/\/semmelweis.hu\/anatomia\/files\/2026\/02\/2025_26_2-GYTK_EP_DP_metszetsor_sections_Schnitte.pdf\">2025_26_2 GYTK_EP_DP_metszetsor_sections_Schnitte<\/a><\/li>\n<\/ul>\n<p>&nbsp;<\/p>\n\n<\/div><h2 class=\"tabtitle\"><br \/>\nKurzusok<\/h2>\n<div class=\"tabcontent\">\n\n<p><strong>Emberr\u00e9 v\u00e1l\u00e1s (Hum\u00e1n evol\u00faci\u00f3 \u00e9s \u00f6sszehasonl\u00edt\u00f3 f\u0151eml\u0151s anat\u00f3mia)\u00a0<\/strong><\/p>\n<ul>\n<li><a href=\"https:\/\/semmelweis.hu\/anatomia\/files\/2026\/02\/Emberre-valas-kurzus-orarend-2026k.pdf\">Tematika 2026<\/a><\/li>\n<li><a href=\"https:\/\/semmelweis.hu\/anatomia\/files\/2026\/02\/Emberre-valas-tantargyi-adatlap-2026.pdf\">Emberr\u00e9 v\u00e1l\u00e1s tant\u00e1rgyi adatlap 2026<\/a><\/li>\n<li><a href=\"https:\/\/itc.semmelweis.hu\/moodle\/course\/view.php?id=11893\">Moodle kurzus<\/a><\/li>\n<\/ul>\n<hr \/>\n<p><strong>Modern k\u00e9palkot\u00f3 m\u00f3dszerek haszn\u00e1lata az anat\u00f3miaoktat\u00e1sban II.<\/strong><\/p>\n<ul>\n<li><a href=\"https:\/\/semmelweis.hu\/anatomia\/files\/2026\/02\/Tantargyi-adatlap.pdf\">Tant\u00e1rgyi adatlap<\/a><\/li>\n<li><a href=\"https:\/\/semmelweis.hu\/anatomia\/files\/2026\/02\/Fontos_Tudnivalok_II_szemeszter.pdf\">Fontos_Tudnivalok_II_szemeszter<\/a><\/li>\n<\/ul>\n<p>&nbsp;<\/p>\n<hr \/>\n<p><strong>Fejl\u0151d\u00e9sbiol\u00f3gia II.<\/strong> <strong>(k\u00f6telez\u0151en v\u00e1laszthat\u00f3 kurzus) (AOVANT834_2M):<\/strong><\/p>\n<ul>\n<li>Tematika<\/li>\n<li>Fejl\u0151d\u00e9sbiol\u00f3gia II &#8211; K\u00f6vetelm\u00e9nyrendszer<\/li>\n<\/ul>\n<p>Tov\u00e1bbi inform\u00e1ci\u00f3k a tant\u00e1rgy aktu\u00e1lis Moodle-kurzus-oldal\u00e1n tal\u00e1lhat\u00f3ak.<\/p>\n<hr \/>\n<p>&nbsp;<\/p>\n<p class=\"entry-title\"><strong>A j\u00f3ga funkcion\u00e1lis morfol\u00f3giai alapismeretei 1.<\/strong> (szabadon v\u00e1laszthat\u00f3 kurzus):<\/p>\n<p>Tov\u00e1bbi inform\u00e1ci\u00f3k a tant\u00e1rgy aktu\u00e1lis Moodle-kurzus-oldal\u00e1n tal\u00e1lhat\u00f3ak.<\/p>\n<p>Tant\u00e1rgyi adatlap &#8211; A j\u00f3ga funkcion\u00e1lis morfol\u00f3giai alapismeretei<\/p>\n<p>&nbsp;<\/p>\n<hr \/>\n<p>&nbsp;<\/p>\n<p><strong>Velesz\u00fcletett sz\u00edvfejl\u0151d\u00e9si rendelleness\u00e9gek fejl\u0151d\u00e9stana a klinikum t\u00fckr\u00e9ben (k\u00f6telez\u0151en v\u00e1laszthat\u00f3 kurzus)\u00a0<\/strong><\/p>\n<ul>\n<li>K\u00f6vetelm\u00e9nyrendszer<\/li>\n<li>Tematika<\/li>\n<li><a href=\"https:\/\/itc.semmelweis.hu\/moodle\/course\/view.php?id=12394\">Moodle-kurzus-oldal<\/a><\/li>\n<\/ul>\n<hr \/>\n<p>&nbsp;<\/p>\n<h3>\u00a0<\/h3>\n<h3><strong>Introduction to Clinical Anatomy<\/strong><\/h3>\n<ul>\n<li>Tematika<\/li>\n<li>Topic list<\/li>\n<li><a href=\"https:\/\/itc.semmelweis.hu\/moodle\/course\/view.php?id=11894\">Moodle-oldal<\/a><\/li>\n<\/ul>\n<p>&nbsp;<\/p>\n<p>&nbsp;<\/p>\n\n<\/div><h2 class=\"tabtitle\"><br \/>\nEgy\u00e9b<\/h2>\n<div class=\"tabcontent\">\n\n<p><strong>Seg\u00e9danyagok:<\/strong><\/p>\n<ul>\n<li><a href=\"https:\/\/semmelweis.hu\/anatomia\/files\/2017\/09\/a_legfontosabb_anatomiai_fogalmak.pdf\">A legfontosabb anat\u00f3miai fogalmak (pdf)<\/a> (latin-magyar sz\u00f3szedet, Dr. Hajdu)<\/li>\n<li><a href=\"https:\/\/semmelweis.hu\/anatomia\/files\/2017\/09\/hf-mozgasr.pdf\" target=\"_blank\" rel=\"noopener noreferrer\">\u00cdz\u00fcletek \u00e9s a r\u00e1juk hat\u00f3 izmok<\/a> (pdf) (Dr.Hajdu)<\/li>\n<li><b><a href=\"https:\/\/semmelweis.hu\/anatomia\/files\/2014\/04\/koponya.pdf\">A koponya csatorn\u00e1i<\/a> <\/b>(pdf) &#8211; (a ny\u00edl\u00e1sok tartalma az 1. f\u00e9l\u00e9vben m\u00e9g nem kell), t\u00e1bl\u00e1zatban (dr. Altdorfer K.)<\/li>\n<li><a href=\"https:\/\/semmelweis.hu\/anatomia\/files\/2019\/08\/A-koponya-csatorn\u00e1i-Dr.-Finta.pdf\">A koponya csatorn\u00e1i (Dr. Finta) (pdf)<\/a><\/li>\n<li>Dr. Hanics: <a href=\"https:\/\/semmelweis.hu\/anatomia\/files\/2016\/08\/hj-dorsregiok.pdf\">Dorsalis regi\u00f3k<\/a> (pdf)<\/li>\n<li>Dr. N\u00e9meth P\u00e9ter: <a href=\"https:\/\/semmelweis.hu\/anatomia\/files\/2016\/08\/np-agyidegek.jpg\">Agyidegek<\/a> (jpg)<\/li>\n<li><a href=\"https:\/\/semmelweis.hu\/anatomia\/2015\/09\/21\/agytorzsi-keresztmetszetek\/\">Agyt\u00f6rzsi keresztmetszetek<\/a><\/li>\n<\/ul>\n<p>Aktu\u00e1lis egyetemi Tan\u00e9vk\u00f6nyv<\/p>\n<hr \/>\n<p>&nbsp;<\/p>\n<figure id=\"attachment_6766\" aria-describedby=\"caption-attachment-6766\" style=\"width: 300px\" class=\"wp-caption aligncenter\"><a href=\"https:\/\/semmelweis.hu\/anatomia\/files\/2015\/07\/bonctermigyak.jpg\"><img loading=\"lazy\" decoding=\"async\" class=\"wp-image-6766 size-medium\" src=\"https:\/\/semmelweis.hu\/anatomia\/files\/2015\/07\/bonctermigyak-300x200.jpg\" alt=\"bonctermigyak\" width=\"300\" height=\"200\" srcset=\"https:\/\/semmelweis.hu\/anatomia\/files\/2015\/07\/bonctermigyak-300x200.jpg 300w, https:\/\/semmelweis.hu\/anatomia\/files\/2015\/07\/bonctermigyak-1024x683.jpg 1024w, https:\/\/semmelweis.hu\/anatomia\/files\/2015\/07\/bonctermigyak-450x300.jpg 450w\" sizes=\"auto, (max-width: 300px) 100vw, 300px\" \/><\/a><figcaption id=\"caption-attachment-6766\" class=\"wp-caption-text\">Bonctermi gyakorlat (\u00c1OK)<\/figcaption><\/figure>\n<\/div><\/div>\n","protected":false},"excerpt":{"rendered":"<p>OKTAT\u00c1SI T\u00c1J\u00c9KOZTAT\u00d3K <a href=\"https:\/\/itc.semmelweis.hu\/moodle\/course\/view.php?id=10749\">Az el\u0151ad\u00e1sok anyaga megtal\u00e1lhat\u00f3 a Moodle-on, a megfelel\u0151 mapp\u00e1ban.<\/a> <a href=\"https:\/\/itc.semmelweis.hu\/moodle\/course\/view.php?id=5766\">Oktat\u00e1si seg\u00e9danyagok gy\u0171jtem\u00e9nye a Moodle-ban, bel\u00e9p\u00e9shez, ha sz\u00fcks\u00e9ges, a jelsz\u00f3t a gyakorlatvezet\u0151kt\u0151l tudj\u00e1k meg a hallgat\u00f3k.<\/a> \u00c1OK I. Makroszk\u00f3pos anat\u00f3mia \u00e9s fejl\u0151d\u00e9stan tant\u00e1rgy, 2. f\u00e9l\u00e9v Tanulm\u00e1nyi felel\u0151s: Dr. \u00c1d\u00e1m \u00c1gota egyetemi docens ( <a href=\"mailto:adam.agota@semmelweis.hu\">adam.agota@semmelweis.hu<\/a> ) <a href=\"https:\/\/semmelweis.hu\/anatomia\/files\/2026\/03\/Versenykiiras_makroszkopos_anatomia_2026.pdf\" target=\"_blank\" rel=\"noopener\">Tanulm\u00e1nyi verseny<\/a> <a href=\"https:\/\/semmelweis.hu\/anatomia\/files\/2026\/02\/Makro2_tantargyi_tajekoztato_2026.pdf\">Makro2_tant\u00e1rgyi_t\u00e1j\u00e9koztat\u00f3_2026<\/a> <a href=\"https:\/\/itc.semmelweis.hu\/moodle\/course\/view.php?id=10499\">Moodle-oldal (SeKA-k\u00f3ddal)<\/a> <a href=\"https:\/\/itc.semmelweis.hu\/moodle\/mod\/folder\/view.php?id=345584\">El\u0151ad\u00e1sok<\/a> &nbsp; &nbsp; \u00c1OK I. Mikroszk\u00f3pos anat\u00f3mia \u00e9s fejl\u0151d\u00e9stan I. Tanulm\u00e1nyi felel\u0151s: Dr. \u00c1d\u00e1m \u00c1gota egyetemi docens ( <a href=\"mailto:adam.agota@semmelweis.hu\">adam.agota@semmelweis.hu<\/a> ) <a href=\"https:\/\/semmelweis.hu\/anatomia\/files\/2026\/02\/Mikro1_tantargyi_tajekoztato_2026.pdf\">Mikro1_tant\u00e1rgyi_t\u00e1j\u00e9koztat\u00f3_2026<\/a> <a href=\"https:\/\/itc.semmelweis.hu\/moodle\/course\/view.php?id=11885\">Moodle-oldal (SeKA-k\u00f3ddal)<\/a> <a href=\"https:\/\/itc.semmelweis.hu\/moodle\/mod\/folder\/view.php?id=345591\">El\u0151ad\u00e1sok<\/a> &nbsp; &nbsp; FOK I. Makroszk\u00f3pos Anat\u00f3mia \u00e9s Fejl\u0151d\u00e9stan II. Tanulm\u00e1nyi felel\u0151s: Dr. Papp Rege Sug\u00e1rka tudom\u00e1nyos munkat\u00e1rs &hellip;<\/p>\n","protected":false},"author":101248,"featured_media":0,"parent":53,"menu_order":1,"comment_status":"closed","ping_status":"closed","template":"","meta":{"_acf_changed":false,"footnotes":""},"categories":[],"tags":[],"class_list":["post-33100","page","type-page","status-publish","hentry"],"acf":[],"_links":{"self":[{"href":"https:\/\/semmelweis.hu\/anatomia\/wp-json\/wp\/v2\/pages\/33100","targetHints":{"allow":["GET"]}}],"collection":[{"href":"https:\/\/semmelweis.hu\/anatomia\/wp-json\/wp\/v2\/pages"}],"about":[{"href":"https:\/\/semmelweis.hu\/anatomia\/wp-json\/wp\/v2\/types\/page"}],"author":[{"embeddable":true,"href":"https:\/\/semmelweis.hu\/anatomia\/wp-json\/wp\/v2\/users\/101248"}],"replies":[{"embeddable":true,"href":"https:\/\/semmelweis.hu\/anatomia\/wp-json\/wp\/v2\/comments?post=33100"}],"version-history":[{"count":10,"href":"https:\/\/semmelweis.hu\/anatomia\/wp-json\/wp\/v2\/pages\/33100\/revisions"}],"predecessor-version":[{"id":33212,"href":"https:\/\/semmelweis.hu\/anatomia\/wp-json\/wp\/v2\/pages\/33100\/revisions\/33212"}],"up":[{"embeddable":true,"href":"https:\/\/semmelweis.hu\/anatomia\/wp-json\/wp\/v2\/pages\/53"}],"wp:attachment":[{"href":"https:\/\/semmelweis.hu\/anatomia\/wp-json\/wp\/v2\/media?parent=33100"}],"wp:term":[{"taxonomy":"category","embeddable":true,"href":"https:\/\/semmelweis.hu\/anatomia\/wp-json\/wp\/v2\/categories?post=33100"},{"taxonomy":"post_tag","embeddable":true,"href":"https:\/\/semmelweis.hu\/anatomia\/wp-json\/wp\/v2\/tags?post=33100"}],"curies":[{"name":"wp","href":"https:\/\/api.w.org\/{rel}","templated":true}]}}