{"id":32868,"date":"2025-08-22T19:33:09","date_gmt":"2025-08-22T17:33:09","guid":{"rendered":"https:\/\/semmelweis.hu\/anatomia\/?page_id=32868"},"modified":"2025-09-09T20:08:56","modified_gmt":"2025-09-09T18:08:56","slug":"2025-2026-tanev-1-felev","status":"publish","type":"page","link":"https:\/\/semmelweis.hu\/anatomia\/oktatas\/2025-2026-tanev-1-felev\/","title":{"rendered":"2025\/2026. tan\u00e9v 1. f\u00e9l\u00e9v"},"content":{"rendered":"<h2 style=\"text-align: center\">OKTAT\u00c1SI T\u00c1J\u00c9KOZTAT\u00d3K<\/h2>\n<p><a href=\"https:\/\/itc.semmelweis.hu\/moodle\/course\/view.php?id=10749\">Az el\u0151ad\u00e1sok anyaga megtal\u00e1lhat\u00f3 a Moodle-on, a megfelel\u0151 mapp\u00e1ban.<\/a><\/p>\n<p><a href=\"https:\/\/itc.semmelweis.hu\/moodle\/course\/view.php?id=5766\">Oktat\u00e1si seg\u00e9danyagok gy\u0171jtem\u00e9nye a Moodle-ban, bel\u00e9p\u00e9shez, ha sz\u00fcks\u00e9ges, a jelsz\u00f3t a gyakorlatvezet\u0151kt\u0151l tudj\u00e1k meg a hallgat\u00f3k.<\/a><\/p>\n<p>&nbsp;<\/p>\n<hr \/>\n<div class=\"responsive-tabs\">\n<h2 class=\"tabtitle\">\u00c1OK I.<br \/>\nMakro I.<\/h2>\n<div class=\"tabcontent\">\n\n<p><strong>Makroszk\u00f3pos anat\u00f3mia \u00e9s fejl\u0151d\u00e9stan I. <\/strong>tant\u00e1rgy, 1. f\u00e9l\u00e9v<\/p>\n<p>Tanulm\u00e1nyi felel\u0151s: Dr. \u00c1d\u00e1m \u00c1gota egyetemi docens<\/p>\n<ul>\n<li style=\"list-style-type: none\">\n<ul>\n<li><a href=\"https:\/\/semmelweis.hu\/anatomia\/files\/2025\/09\/Makro1_tantargyi_tajekoztato_2025osz.pdf\">Makro1_tant\u00e1rgyi_t\u00e1j\u00e9koztat\u00f3_2025\u0151sz<\/a><\/li>\n<li><a href=\"https:\/\/itc.semmelweis.hu\/moodle\/course\/view.php?id=10499\">A t\u00e1rgy Moodle-oldala<\/a><\/li>\n<li><a href=\"https:\/\/itc.semmelweis.hu\/moodle\/mod\/folder\/view.php?id=301666\">El\u0151ad\u00e1sok: LINK<\/a><\/li>\n<\/ul>\n<\/li>\n<\/ul>\n<p>&nbsp;<\/p>\n<p>&nbsp;<\/p>\n<hr \/>\n<p>&nbsp;<\/p>\n<p><span style=\"font-size: 12pt\"><strong>Seg\u00e9danyagok:<\/strong><\/span><\/p>\n<ul>\n<li><span style=\"font-size: 12pt\"><a href=\"https:\/\/semmelweis.hu\/anatomia\/files\/2017\/09\/a_legfontosabb_anatomiai_fogalmak.pdf\">A legfontosabb anat\u00f3miai fogalmak (pdf)<\/a> (latin-magyar sz\u00f3szedet, Dr. Hajdu)<\/span><\/li>\n<li><span style=\"font-size: 12pt\"><a href=\"https:\/\/semmelweis.hu\/anatomia\/files\/2017\/09\/hf-mozgasr.pdf\" target=\"_blank\" rel=\"noopener noreferrer\">\u00cdz\u00fcletek \u00e9s a r\u00e1juk hat\u00f3 izmok<\/a> (pdf) (Dr.Hajdu)<\/span><\/li>\n<li><span style=\"font-size: 12pt\"><b><a href=\"https:\/\/semmelweis.hu\/anatomia\/files\/2014\/04\/koponya.pdf\">A koponya csatorn\u00e1i<\/a> <\/b>(pdf) &#8211; (a ny\u00edl\u00e1sok tartalma az 1. f\u00e9l\u00e9vben m\u00e9g nem kell), t\u00e1bl\u00e1zatban (dr. Altdorfer K.)<\/span><\/li>\n<li><span style=\"font-size: 12pt\"><a href=\"https:\/\/semmelweis.hu\/anatomia\/files\/2019\/08\/A-koponya-csatorn\u00e1i-Dr.-Finta.pdf\">A koponya csatorn\u00e1i (Dr. Finta) (pdf)<\/a><\/span><\/li>\n<li><span style=\"font-size: 12pt\">Dr. Hanics: <a href=\"https:\/\/semmelweis.hu\/anatomia\/files\/2016\/08\/hj-dorsregiok.pdf\">Dorsalis regi\u00f3k<\/a> (pdf)<\/span><\/li>\n<\/ul>\n<p>&nbsp;<\/p>\n<hr \/>\n<p>&nbsp;<\/p>\n<p>&nbsp;<\/p>\n\n<\/div><h2 class=\"tabtitle\">\u00c1OK II.<br \/>\nMikro II.<\/h2>\n<div class=\"tabcontent\">\n\n<p><strong>Mikroszk\u00f3pos anat\u00f3mia \u00e9s fejl\u0151d\u00e9stan II.<\/strong> tant\u00e1rgy<\/p>\n<p>Tanulm\u00e1nyi felel\u0151s: Dr. \u00c1d\u00e1m \u00c1gota egyetemi docens<\/p>\n<ul>\n<li><a href=\"https:\/\/semmelweis.hu\/anatomia\/files\/2025\/09\/Mikro2_tantargyi-tajekoztato_2025osz.pdf\">Mikro2_tant\u00e1rgyi t\u00e1j\u00e9koztat\u00f3_2025\u0151sz<\/a><\/li>\n<li><a href=\"https:\/\/itc.semmelweis.hu\/moodle\/course\/view.php?id=9242\">A t\u00e1rgy Moodle-oldala<\/a><\/li>\n<li><a href=\"https:\/\/itc.semmelweis.hu\/moodle\/mod\/folder\/view.php?id=301669\">El\u0151ad\u00e1sok: LINK<\/a><\/li>\n<\/ul>\n<p>&nbsp;<\/p>\n<hr \/>\n<p>&nbsp;<\/p>\n\n<\/div><h2 class=\"tabtitle\">FOK I.<br \/>\nMakro I.<\/h2>\n<div class=\"tabcontent\">\n\n<p>Tanulm\u00e1nyi felel\u0151s: Dr. Papp Rege Sug\u00e1rka tudom\u00e1nyos munkat\u00e1rs (<a href=\"mailto:papp.rege@semmelweis.hu\">papp.rege@semmelweis.hu<\/a>)<\/p>\n<p><strong>Makroszk\u00f3pos anat\u00f3mia \u00e9s fejl\u0151d\u00e9stan I. <\/strong>tant\u00e1rgy<\/p>\n<ul>\n<li><a href=\"https:\/\/semmelweis.hu\/anatomia\/files\/2025\/09\/FOK-Makro1-hirdetmeny_2025-26-1.pdf\">FOK Makro1 hirdetm\u00e9ny_2025-26 1<\/a><\/li>\n<li><a href=\"https:\/\/semmelweis.hu\/anatomia\/files\/2025\/09\/FOK-Makro1-tanmenet-25-26-I.pdf\">FOK Makro1 tanmenet 25-26 I<\/a><\/li>\n<li><a href=\"https:\/\/semmelweis.hu\/anatomia\/files\/2025\/09\/FOK-Makro1-vizsgatajekoztato-2025-26-1.pdf\">FOK Makro1 vizsgat\u00e1j\u00e9koztat\u00f3 2025-26 1<\/a><\/li>\n<li><a href=\"https:\/\/semmelweis.hu\/anatomia\/files\/2025\/09\/Makroszkopia-I.-temakorok-2025.pdf\">Makroszk\u00f3pia I. t\u00e9mak\u00f6r\u00f6k 2025<\/a><\/li>\n<li><a href=\"https:\/\/itc.semmelweis.hu\/moodle\/course\/view.php?id=10510\">A t\u00e1rgy Moodle-oldala<\/a><\/li>\n<\/ul>\n<p>&nbsp;<\/p>\n<p>&nbsp;<\/p>\n<hr \/>\n<h5>Egy\u00e9b<\/h5>\n<p><span style=\"font-size: 12pt\">Konzult\u00e1ci\u00f3k: a vizsgaid\u0151szakban<\/span><\/p>\n<p><span style=\"font-size: 12pt\"><strong>Seg\u00e9danyagok:<\/strong><\/span><\/p>\n<ul>\n<li><span style=\"font-size: 12pt\"><a href=\"https:\/\/semmelweis.hu\/anatomia\/files\/2017\/09\/a_legfontosabb_anatomiai_fogalmak.pdf\">A legfontosabb anat\u00f3miai fogalmak (pdf)<\/a> (latin-magyar sz\u00f3szedet, Dr. Hajdu)<\/span><\/li>\n<li><span style=\"font-size: 12pt\"><a href=\"https:\/\/semmelweis.hu\/anatomia\/files\/2017\/09\/hf-mozgasr.pdf\" target=\"_blank\" rel=\"noopener noreferrer\">\u00cdz\u00fcletek \u00e9s a r\u00e1juk hat\u00f3 izmok<\/a> (pdf) (Dr.Hajdu)<\/span><\/li>\n<li><span style=\"font-size: 12pt\"><b><a href=\"https:\/\/semmelweis.hu\/anatomia\/files\/2014\/04\/koponya.pdf\">A koponya csatorn\u00e1i<\/a> <\/b>(pdf) &#8211; (a ny\u00edl\u00e1sok tartalma az 1. f\u00e9l\u00e9vben m\u00e9g nem kell), t\u00e1bl\u00e1zatban (dr. Altdorfer K.)<\/span><\/li>\n<li><span style=\"font-size: 12pt\"><a href=\"https:\/\/semmelweis.hu\/anatomia\/files\/2019\/08\/A-koponya-csatorn\u00e1i-Dr.-Finta.pdf\">A koponya csatorn\u00e1i (Dr. Finta) (pdf)<\/a><\/span><\/li>\n<li><span style=\"font-size: 12pt\">Dr. Hanics: <a href=\"https:\/\/semmelweis.hu\/anatomia\/files\/2016\/08\/hj-dorsregiok.pdf\">Dorsalis regi\u00f3k<\/a> (pdf)<\/span><\/li>\n<\/ul>\n<p>&nbsp;<\/p>\n<p>&nbsp;<\/p>\n<hr \/>\n<p>&nbsp;<\/p>\n\n<\/div><h2 class=\"tabtitle\">FOK II.<br \/>\nMikro II.<\/h2>\n<div class=\"tabcontent\">\n\n<p>Tanulm\u00e1nyi felel\u0151s: Dr. Papp Rege Sug\u00e1rka tudom\u00e1nyos munkat\u00e1rs (<a href=\"mailto:papp.rege@semmelweis.hu\">papp.rege@semmelweis.hu<\/a>)<\/p>\n<p><strong>Mikroszk\u00f3pos anat\u00f3mia \u00e9s fejl\u0151d\u00e9stan II.<\/strong> tant\u00e1rgy<\/p>\n<ul>\n<li><a href=\"https:\/\/semmelweis.hu\/anatomia\/files\/2025\/09\/FOK-Mikro2-hirdetmeny_2025-26-1.pdf\">FOK Mikro2 hirdetm\u00e9ny_2025-26 1<\/a><\/li>\n<li><a href=\"https:\/\/semmelweis.hu\/anatomia\/files\/2025\/09\/FOK-Mikro2-eloadasok-25-26-I.pdf\">FOK Mikro2 el\u0151ad\u00e1sok 25-26 I<\/a><\/li>\n<li><a href=\"https:\/\/semmelweis.hu\/anatomia\/files\/2025\/09\/FOK-Mikro2-gyakorlatok-25-26-I.pdf\">FOK Mikro2 gyakorlatok 25-26 I<\/a><\/li>\n<li><a href=\"https:\/\/semmelweis.hu\/anatomia\/files\/2025\/09\/FOK-Mikro2-szigorlati-tajekoztato.pdf\">FOK Mikro2 szigorlati t\u00e1j\u00e9koztat\u00f3<\/a><\/li>\n<li><a href=\"https:\/\/semmelweis.hu\/anatomia\/files\/2025\/09\/Szigorlati-temakorok.pdf\">Szigorlati t\u00e9mak\u00f6r\u00f6k<\/a><\/li>\n<li><a href=\"https:\/\/itc.semmelweis.hu\/moodle\/course\/view.php?id=9243\">A t\u00e1rgy Moodle-oldala<\/a><\/li>\n<li><a href=\"https:\/\/itc.semmelweis.hu\/moodle\/mod\/folder\/view.php?id=301667\">El\u0151ad\u00e1sok: LINK<\/a><\/li>\n<\/ul>\n<p>&nbsp;<\/p>\n<hr \/>\n<p>&nbsp;<\/p>\n<p>&nbsp;<\/p>\n\n<\/div><h2 class=\"tabtitle\"><br \/>\nEKK<\/h2>\n<div class=\"tabcontent\">\n\n<p><strong>Eg\u00e9szs\u00e9g\u00fcgyi \u00fcgyvitelszervez\u0151 szak, Orvostudom\u00e1ny, Hum\u00e1n anat\u00f3mia I.<\/strong><\/p>\n<ul>\n<li><strong>tant\u00e1rgyi el\u0151ad\u00f3:\u00a0<\/strong>Dr. Herberth-Mink\u00f3 Krisztina adjunktus (minko.krisztina@semmelweis.hu)<\/li>\n<li><strong>tanulm\u00e1nyi felel\u0151s:<\/strong> Dr. Herberth-Mink\u00f3 Krisztina adjunktus (minko.krisztina@semmelweis.hu)<\/li>\n<li><strong>tematika<\/strong><\/li>\n<li>a tant\u00e1rgy Moodle oldala<\/li>\n<\/ul>\n\n<\/div><h2 class=\"tabtitle\"><br \/>\nGYTK<\/h2>\n<div class=\"tabcontent\">\n\n<p><strong>Anat\u00f3mia<\/strong> tant\u00e1rgy<\/p>\n<p>Csak a 2. szemeszterben, 1. szemeszterben CV (csak vizsga) vizsgakurzus indul.<\/p>\n<ul>\n<li><strong>tant\u00e1rgyi el\u0151ad\u00f3:<\/strong> Dr. Alp\u00e1r Al\u00e1n egyetemi tan\u00e1r<\/li>\n<li><strong>tanulm\u00e1nyi felel\u0151s:<\/strong> Sz\u00e1szn\u00e9 Dr. Kocsis Katalin adjunktus<\/li>\n<\/ul>\n<p>&nbsp;<\/p>\n<p>&nbsp;<\/p>\n\n<\/div><h2 class=\"tabtitle\"><br \/>\nKurzusok<\/h2>\n<div class=\"tabcontent\">\n\n<div class=\"x_elementToProof\" data-olk-copy-source=\"MessageBody\"><strong>Modern k\u00e9palkot\u00f3 m\u00f3dszerek haszn\u00e1lata az anat\u00f3miaoktat\u00e1sban I.<\/strong><\/div>\n<div class=\"x_elementToProof\" style=\"text-align: justify\"><em>\u00daj szabadon v\u00e1laszthat\u00f3 tant\u00e1rgy els\u0151 \u00e9ves hallgat\u00f3k sz\u00e1m\u00e1ra. A r\u00e9szletes inform\u00e1ci\u00f3k az adatlapon tal\u00e1lhat\u00f3k, a legfontosabb tudnival\u00f3kat pedig egy 2 oldalas dokumentumban foglaltuk \u00f6ssze.<\/em><\/div>\n<div class=\"x_elementToProof\">Neptun k\u00f3d:\u00a0AOSANT1246_1M<\/div>\n<div class=\"x_elementToProof\">\u00a0<\/div>\n<ul>\n<li class=\"x_elementToProof\"><a href=\"https:\/\/semmelweis.hu\/anatomia\/files\/2025\/09\/Modern-kepelkoto-modszerek-hasznalata-az-anatomiaoktatasban1honlap.pdf\" target=\"_blank\" rel=\"noopener\">A tant\u00e1rgy adatlapja<\/a><\/li>\n<li class=\"x_elementToProof\"><a href=\"https:\/\/semmelweis.hu\/anatomia\/files\/2025\/09\/Fontos-tudnivalok-a-kurzusrol-kepalk.pdf\" target=\"_blank\" rel=\"noopener\">A legfontosabb tudnival\u00f3k<\/a><br \/>\n<hr \/>\n<\/li>\n<\/ul>\n<div>\u00a0<\/div>\n<div>\u00a0<\/div>\n<p><strong>Anatomiai prepar\u00e1ci\u00f3 a gyakorlatban (szabadon v\u00e1laszthat\u00f3 kurzus) &#8211; 2025 szeptember\u00e9ben NEM indul<\/strong><\/p>\n<ul>\n<li>\u00c1OK &#8211; Tant\u00e1rgyi adatlap<\/li>\n<li>FOK &#8211; Tant\u00e1rgyi adatlap<\/li>\n<\/ul>\n<p>&nbsp;<\/p>\n<hr \/>\n<p class=\"entry-title\"><strong>Bevezet\u00e9s a j\u00f3ga tudom\u00e1ny\u00e1ba (k\u00f6telez\u0151en v\u00e1laszthat\u00f3 kurzus)<\/strong>:<\/p>\n<p>az el\u0151ad\u00e1sok cs\u00fct\u00f6rt\u00f6k\u00f6n 14.00-kor a Huzella Tivadar tanteremben lesznek<\/p>\n<ul>\n<li><strong>tematika<\/strong><\/li>\n<\/ul>\n<p>&nbsp;<\/p>\n<hr \/>\n<p><strong>Fejl\u0151d\u00e9sbiol\u00f3gia I.<\/strong> <strong>(k\u00f6telez\u0151en v\u00e1laszthat\u00f3 kurzus):<\/strong><\/p>\n<ul>\n<li>\u00a0<\/li>\n<li>\u00a0<\/li>\n<\/ul>\n<p>&nbsp;<\/p>\n<hr \/>\n<p><strong>Velesz\u00fcletett sz\u00edvfejl\u0151d\u00e9si rendelleness\u00e9gek fejl\u0151d\u00e9stana a klinikum t\u00fckr\u00e9ben (szabadon v\u00e1laszthat\u00f3 kurzus)<\/strong><\/p>\n<ul>\n<li>K\u00f6vetelm\u00e9nyrendszer<\/li>\n<li>Tematika<\/li>\n<\/ul>\n<p>&nbsp;<\/p>\n<p>&nbsp;<\/p>\n<\/div><\/div>\n","protected":false},"excerpt":{"rendered":"<p>OKTAT\u00c1SI T\u00c1J\u00c9KOZTAT\u00d3K <a href=\"https:\/\/itc.semmelweis.hu\/moodle\/course\/view.php?id=10749\">Az el\u0151ad\u00e1sok anyaga megtal\u00e1lhat\u00f3 a Moodle-on, a megfelel\u0151 mapp\u00e1ban.<\/a> <a href=\"https:\/\/itc.semmelweis.hu\/moodle\/course\/view.php?id=5766\">Oktat\u00e1si seg\u00e9danyagok gy\u0171jtem\u00e9nye a Moodle-ban, bel\u00e9p\u00e9shez, ha sz\u00fcks\u00e9ges, a jelsz\u00f3t a gyakorlatvezet\u0151kt\u0151l tudj\u00e1k meg a hallgat\u00f3k.<\/a> &nbsp; Makroszk\u00f3pos anat\u00f3mia \u00e9s fejl\u0151d\u00e9stan I. tant\u00e1rgy, 1. f\u00e9l\u00e9v Tanulm\u00e1nyi felel\u0151s: Dr. \u00c1d\u00e1m \u00c1gota egyetemi docens <a href=\"https:\/\/semmelweis.hu\/anatomia\/files\/2025\/09\/Makro1_tantargyi_tajekoztato_2025osz.pdf\">Makro1_tant\u00e1rgyi_t\u00e1j\u00e9koztat\u00f3_2025\u0151sz<\/a> <a href=\"https:\/\/itc.semmelweis.hu\/moodle\/course\/view.php?id=10499\">A t\u00e1rgy Moodle-oldala<\/a> <a href=\"https:\/\/itc.semmelweis.hu\/moodle\/mod\/folder\/view.php?id=301666\">El\u0151ad\u00e1sok: LINK<\/a> &nbsp; &nbsp; &nbsp; Seg\u00e9danyagok: <a href=\"https:\/\/semmelweis.hu\/anatomia\/files\/2017\/09\/a_legfontosabb_anatomiai_fogalmak.pdf\">A legfontosabb anat\u00f3miai fogalmak (pdf)<\/a> (latin-magyar sz\u00f3szedet, Dr. Hajdu) <a href=\"https:\/\/semmelweis.hu\/anatomia\/files\/2017\/09\/hf-mozgasr.pdf\" target=\"_blank\" rel=\"noopener noreferrer\">\u00cdz\u00fcletek \u00e9s a r\u00e1juk hat\u00f3 izmok<\/a> (pdf) (Dr.Hajdu) <a href=\"https:\/\/semmelweis.hu\/anatomia\/files\/2014\/04\/koponya.pdf\">A koponya csatorn\u00e1i<\/a> (pdf) &#8211; (a ny\u00edl\u00e1sok tartalma az 1. f\u00e9l\u00e9vben m\u00e9g nem kell), t\u00e1bl\u00e1zatban (dr. Altdorfer K.) <a href=\"https:\/\/semmelweis.hu\/anatomia\/files\/2019\/08\/A-koponya-csatorn\u00e1i-Dr.-Finta.pdf\">A koponya csatorn\u00e1i (Dr. Finta) (pdf)<\/a> Dr. Hanics: <a href=\"https:\/\/semmelweis.hu\/anatomia\/files\/2016\/08\/hj-dorsregiok.pdf\">Dorsalis regi\u00f3k<\/a> (pdf) &nbsp; &nbsp; &nbsp; Mikroszk\u00f3pos anat\u00f3mia \u00e9s fejl\u0151d\u00e9stan II. tant\u00e1rgy &hellip;<\/p>\n","protected":false},"author":101248,"featured_media":0,"parent":53,"menu_order":2,"comment_status":"closed","ping_status":"closed","template":"","meta":{"_acf_changed":false,"footnotes":""},"categories":[],"tags":[],"class_list":["post-32868","page","type-page","status-publish","hentry"],"acf":[],"_links":{"self":[{"href":"https:\/\/semmelweis.hu\/anatomia\/wp-json\/wp\/v2\/pages\/32868","targetHints":{"allow":["GET"]}}],"collection":[{"href":"https:\/\/semmelweis.hu\/anatomia\/wp-json\/wp\/v2\/pages"}],"about":[{"href":"https:\/\/semmelweis.hu\/anatomia\/wp-json\/wp\/v2\/types\/page"}],"author":[{"embeddable":true,"href":"https:\/\/semmelweis.hu\/anatomia\/wp-json\/wp\/v2\/users\/101248"}],"replies":[{"embeddable":true,"href":"https:\/\/semmelweis.hu\/anatomia\/wp-json\/wp\/v2\/comments?post=32868"}],"version-history":[{"count":11,"href":"https:\/\/semmelweis.hu\/anatomia\/wp-json\/wp\/v2\/pages\/32868\/revisions"}],"predecessor-version":[{"id":32945,"href":"https:\/\/semmelweis.hu\/anatomia\/wp-json\/wp\/v2\/pages\/32868\/revisions\/32945"}],"up":[{"embeddable":true,"href":"https:\/\/semmelweis.hu\/anatomia\/wp-json\/wp\/v2\/pages\/53"}],"wp:attachment":[{"href":"https:\/\/semmelweis.hu\/anatomia\/wp-json\/wp\/v2\/media?parent=32868"}],"wp:term":[{"taxonomy":"category","embeddable":true,"href":"https:\/\/semmelweis.hu\/anatomia\/wp-json\/wp\/v2\/categories?post=32868"},{"taxonomy":"post_tag","embeddable":true,"href":"https:\/\/semmelweis.hu\/anatomia\/wp-json\/wp\/v2\/tags?post=32868"}],"curies":[{"name":"wp","href":"https:\/\/api.w.org\/{rel}","templated":true}]}}