{"id":32490,"date":"2025-01-29T14:07:06","date_gmt":"2025-01-29T13:07:06","guid":{"rendered":"https:\/\/semmelweis.hu\/anatomia\/?page_id=32490"},"modified":"2025-08-20T22:48:05","modified_gmt":"2025-08-20T20:48:05","slug":"2024-2025-tanev-2-felev","status":"publish","type":"page","link":"https:\/\/semmelweis.hu\/anatomia\/oktatas\/2024-2025-tanev-2-felev\/","title":{"rendered":"2024\/2025. tan\u00e9v 2. f\u00e9l\u00e9v"},"content":{"rendered":"<h2 style=\"text-align: center\">OKTAT\u00c1SI T\u00c1J\u00c9KOZTAT\u00d3K<\/h2>\n<p><a href=\"https:\/\/itc.semmelweis.hu\/moodle\/course\/view.php?id=7976\">Az el\u0151ad\u00e1sok anyaga megtal\u00e1lhat\u00f3 a Moodle-on, a megfelel\u0151 mapp\u00e1ban.<\/a><\/p>\n<p><a href=\"https:\/\/itc.semmelweis.hu\/moodle\/course\/view.php?id=5766\">Oktat\u00e1si seg\u00e9danyagok gy\u0171jtem\u00e9nye a Moodle-ban, bel\u00e9p\u00e9shez, ha sz\u00fcks\u00e9ges, a jelsz\u00f3t a gyakorlatvezet\u0151kt\u0151l tudj\u00e1k meg a hallgat\u00f3k.<\/a><\/p>\n<hr \/>\n<div class=\"responsive-tabs\">\n<h2 class=\"tabtitle\">\u00c1OK I.<br \/>\nMakro II.<\/h2>\n<div class=\"tabcontent\">\n\n<p><strong>\u00c1OK I. Makroszk\u00f3pos anat\u00f3mia \u00e9s fejl\u0151d\u00e9stan <\/strong>tant\u00e1rgy, 2. f\u00e9l\u00e9v<\/p>\n<p>Tanulm\u00e1nyi felel\u0151s: Dr. \u00c1d\u00e1m \u00c1gota egyetemi docens (<a href=\"mailto:adam.agota@semmelweis.hu\">adam.agota@semmelweis.hu<\/a>)<\/p>\n<ul>\n<li><a href=\"https:\/\/semmelweis.hu\/anatomia\/files\/2025\/01\/Versenykiiras_makroszkopos_anatomia_2025.pdf\">Versenyki\u00edr\u00e1s_makroszk\u00f3pos_anat\u00f3mia_2025<\/a><\/li>\n<li><a href=\"https:\/\/semmelweis.hu\/anatomia\/files\/2025\/02\/Makro2_tantargyi_tajekoztato2025.pdf\">Makro2_tant\u00e1rgyi_t\u00e1j\u00e9koztat\u00f3_2025<\/a><\/li>\n<li><a href=\"https:\/\/itc.semmelweis.hu\/moodle\/course\/view.php?id=7924\">Moodle-oldal (SeKA-k\u00f3ddal)<\/a><\/li>\n<\/ul>\n<p>&nbsp;<\/p>\n<p>&nbsp;<\/p>\n<hr \/>\n\n<\/div><h2 class=\"tabtitle\">\u00c1OK I.<br \/>\nMikro I.<\/h2>\n<div class=\"tabcontent\">\n\n<p><strong>\u00c1OK I. Mikroszk\u00f3pos anat\u00f3mia \u00e9s fejl\u0151d\u00e9stan I.<\/strong><\/p>\n<p>Tanulm\u00e1nyi felel\u0151s: Dr. \u00c1d\u00e1m \u00c1gota egyetemi docens (<a href=\"mailto:adam.agota@semmelweis.hu\">adam.agota@semmelweis.hu<\/a>)<\/p>\n<ul>\n<li><a href=\"https:\/\/semmelweis.hu\/anatomia\/files\/2025\/02\/Mikro_tantargyi-tajekoztato_2025.pdf\">Mikro_tant\u00e1rgyi t\u00e1j\u00e9koztat\u00f3_2025<\/a><\/li>\n<li><a href=\"https:\/\/itc.semmelweis.hu\/moodle\/course\/view.php?id=9242\">Moodle-oldal (SeKA-k\u00f3ddal)<\/a><\/li>\n<\/ul>\n<p>&nbsp;<\/p>\n<p>&nbsp;<\/p>\n\n<\/div><h2 class=\"tabtitle\">FOK I.<br \/>\nMakro II.<\/h2>\n<div class=\"tabcontent\">\n\n<p><strong>FOK I. Makroszk\u00f3pos Anat\u00f3mia \u00e9s Fejl\u0151d\u00e9stan II.<\/strong><\/p>\n<p>Tanulm\u00e1nyi felel\u0151s: Dr. Papp Rege Sug\u00e1rka tudom\u00e1nyos munkat\u00e1rs (<a href=\"mailto:papp.rege@semmelweis.hu\">papp.rege@semmelweis.hu<\/a>)<\/p>\n<ul>\n<li><a href=\"https:\/\/semmelweis.hu\/anatomia\/files\/2025\/05\/makro2-szigorlati-tajekoztato_24_25-uj.pdf\">Szigorlati t\u00e1j\u00e9koztat\u00f3_24_25 \u00faj<\/a><\/li>\n<li><a href=\"https:\/\/semmelweis.hu\/anatomia\/files\/2025\/02\/FOK-makro2-hirdetmeny_24_25-2.pdf\">Hirdetm\u00e9ny_24_25 2<\/a><\/li>\n<li><a href=\"https:\/\/semmelweis.hu\/anatomia\/files\/2025\/02\/Szigorlati-temakorok-2025.pdf\">Szigorlati t\u00e9mak\u00f6r\u00f6k 2025<\/a><\/li>\n<li><a href=\"https:\/\/semmelweis.hu\/anatomia\/files\/2025\/02\/FOK-makro2-tanmenet-24-25-2.pdf\">FOK makro2 tanmenet 24-25 2<\/a><\/li>\n<li><a href=\"https:\/\/semmelweis.hu\/anatomia\/files\/2025\/02\/Maxfac-demo-checklist_2025.pdf\">Maxillofacialis demonstr\u00e1ci\u00f3 checklist_2025<\/a><\/li>\n<li><a href=\"https:\/\/itc.semmelweis.hu\/moodle\/course\/view.php?id=8064\">Moodle-oldal (SeKA-k\u00f3ddal)<\/a><\/li>\n<\/ul>\n\n<\/div><h2 class=\"tabtitle\">FOK I.<br \/>\nMikro I.<\/h2>\n<div class=\"tabcontent\">\n\n<p>Tanulm\u00e1nyi felel\u0151s: Dr. Papp Rege Sug\u00e1rka tudom\u00e1nyos munkat\u00e1rs (<a href=\"mailto:papp.rege@semmelweis.hu\">papp.rege@semmelweis.hu<\/a>)<\/p>\n<p><strong>FOK I. Mikroszk\u00f3pos Anat\u00f3mia \u00e9s Fejl\u0151d\u00e9stan I.<\/strong><\/p>\n<ul>\n<li><a href=\"https:\/\/semmelweis.hu\/anatomia\/files\/2025\/05\/FOK-mikro1-vizsgatajekoztato_24_25-2-uj.pdf\">FOK mikro1 vizsgat\u00e1j\u00e9koztat\u00f3_24_25 2 \u00faj<\/a><\/li>\n<li><a href=\"https:\/\/semmelweis.hu\/anatomia\/files\/2025\/05\/FOK-mikro1-hirdetmeny_24_25-2-uj.pdf\">FOK mikro1 hirdetm\u00e9ny_24_25 2 \u00faj<\/a><\/li>\n<li><a href=\"https:\/\/semmelweis.hu\/anatomia\/files\/2025\/02\/Mikroszkopos-anatomia-es-fejlodestan-1-temakorok.pdf\">Mikroszk\u00f3pos anat\u00f3mia \u00e9s fejl\u0151d\u00e9stan 1 t\u00e9mak\u00f6r\u00f6k<\/a><\/li>\n<li><a href=\"https:\/\/semmelweis.hu\/anatomia\/files\/2025\/02\/FOK-mikro1-tanmenet-eloadas-24-25-2.pdf\">FOK mikro1 tanmenet (el\u0151ad\u00e1s) 24-25 2<\/a><\/li>\n<li><a href=\"https:\/\/itc.semmelweis.hu\/moodle\/course\/view.php?id=9243\">Moodle-oldal (SeKA-k\u00f3ddal)<\/a><\/li>\n<\/ul>\n<p>&nbsp;<\/p>\n\n<\/div><h2 class=\"tabtitle\"><br \/>\nEKK<\/h2>\n<div class=\"tabcontent\">\n\n<p><strong>Eg\u00e9szs\u00e9g\u00fcgyi \u00fcgyvitelszervez\u0151 szak, Orvostudom\u00e1ny, Hum\u00e1n anat\u00f3mia II.<\/strong><\/p>\n<ul>\n<li><strong>tant\u00e1rgyi el\u0151ad\u00f3:\u00a0<\/strong>Dr. Herberth-Mink\u00f3 Krisztina adjunktus<\/li>\n<li><strong>tanulm\u00e1nyi felel\u0151s:<\/strong> Dr. Herberth-Mink\u00f3 Krisztina adjunktus<\/li>\n<li>Tov\u00e1bbi inform\u00e1ci\u00f3k a tant\u00e1rgy aktu\u00e1lis <strong><a href=\"https:\/\/itc.semmelweis.hu\/moodle\/course\/view.php?id=8806\">Moodle-kurzus-oldal\u00e1n<\/a><\/strong> tal\u00e1lhat\u00f3ak.<\/li>\n<\/ul>\n\n<\/div><h2 class=\"tabtitle\"><br \/>\nGYTK<\/h2>\n<div class=\"tabcontent\">\n\n<p><strong>Anat\u00f3mia<\/strong> tant\u00e1rgy (el\u0151ad\u00e1s\/elm\u00e9let \u00e9s gyakorlat)<\/p>\n<p>Tov\u00e1bbi inform\u00e1ci\u00f3k a tant\u00e1rgy aktu\u00e1lis <a href=\"https:\/\/itc.semmelweis.hu\/moodle\/course\/view.php?id=9431\"><strong>Moodle-kurzus-oldal\u00e1n<\/strong><\/a> tal\u00e1lhat\u00f3ak.<\/p>\n<p><strong>Neptun k\u00f3dok: GYKANT272E1M<\/strong><\/p>\n<ul>\n<li><strong>tant\u00e1rgyi el\u0151ad\u00f3:<\/strong> Prof. Dr. Alp\u00e1r Al\u00e1n egyetemi tan\u00e1r<\/li>\n<li><strong>tanulm\u00e1nyi felel\u0151s:<\/strong> Sz\u00e1szn\u00e9 Dr. Kocsis Katalin adjunktus<\/li>\n<\/ul>\n<p><strong>Tant\u00e1rgyi program<\/strong>:<\/p>\n<ul>\n<li><a href=\"https:\/\/semmelweis.hu\/anatomia\/files\/2025\/02\/Anatomia-GYKANT272E1M-2024_25.pdf\">Anat\u00f3mia_GYTK_tant\u00e1rgyi program \u00e9s K\u00f6vetelm\u00e9nyrendszer<\/a><\/li>\n<\/ul>\n<p><strong>Tematika, ismertet\u0151k:<\/strong><\/p>\n<ul>\n<li><a href=\"https:\/\/semmelweis.hu\/anatomia\/files\/2025\/04\/Anatomia-demonstracio-tajekoztato-2025-04-GYTK.pdf\">Anat\u00f3mia-demonstr\u00e1ci\u00f3-t\u00e1j\u00e9koztat\u00f3<\/a><\/li>\n<li><a href=\"https:\/\/semmelweis.hu\/anatomia\/files\/2025\/04\/2024_25_2-gytk-tematika-magyar-korr.pdf\">2024_25_2 gytk tematika &#8211; korrig\u00e1lt<\/a><\/li>\n<li><a href=\"https:\/\/semmelweis.hu\/anatomia\/files\/2025\/02\/2024_25-SZOVETTAN_metszetek_felismerendok_gytk.pdf\">2024_25 SZ\u00d6VETTAN_metszetek_felismerend\u0151k_gyt<\/a><\/li>\n<li><a href=\"https:\/\/semmelweis.hu\/anatomia\/files\/2025\/02\/2024_25_2-GYTK_EP_DP_metszetsor_sections_Schnitte.pdf\">2024_25_2 GYTK_EP_DP_metszetsor_sections_Schnitte<\/a><\/li>\n<li><a href=\"https:\/\/semmelweis.hu\/anatomia\/files\/2025\/04\/GYTK-uj-vizsgaszabalyok-2025_04_24.pdf\">GYTK &#8211; \u00faj vizsgaszab\u00e1lyok 2025_04_24<\/a><\/li>\n<\/ul>\n<p>&nbsp;<\/p>\n<p>&nbsp;<\/p>\n\n<\/div><h2 class=\"tabtitle\"><br \/>\nKurzusok<\/h2>\n<div class=\"tabcontent\">\n\n<p><strong>Fejl\u0151d\u00e9sbiol\u00f3gia II.<\/strong> <strong>(k\u00f6telez\u0151en v\u00e1laszthat\u00f3 kurzus) (AOVANT834_2M):<\/strong><\/p>\n<ul>\n<li>Tematika<\/li>\n<li>Fejl\u0151d\u00e9sbiol\u00f3gia II &#8211; K\u00f6vetelm\u00e9nyrendszer<\/li>\n<\/ul>\n<p>Tov\u00e1bbi inform\u00e1ci\u00f3k a tant\u00e1rgy aktu\u00e1lis <a href=\"https:\/\/itc.semmelweis.hu\/moodle\/course\/view.php?id=8379\">Moodle-kurzus-oldal\u00e1n<\/a> tal\u00e1lhat\u00f3ak.<\/p>\n<hr \/>\n<p>&nbsp;<\/p>\n<p class=\"entry-title\"><strong>A j\u00f3ga funkcion\u00e1lis morfol\u00f3giai alapismeretei 1.<\/strong> (szabadon v\u00e1laszthat\u00f3 kurzus):<\/p>\n<p>Tov\u00e1bbi inform\u00e1ci\u00f3k a tant\u00e1rgy aktu\u00e1lis Moodle-kurzus-oldal\u00e1n tal\u00e1lhat\u00f3ak.<\/p>\n<p><a href=\"https:\/\/semmelweis.hu\/anatomia\/files\/2025\/02\/259-A-joga-funkcionalis-morfologiai-alapismeretei.pdf\">Tant\u00e1rgyi adatlap &#8211; A j\u00f3ga funkcion\u00e1lis morfol\u00f3giai alapismeretei<\/a><\/p>\n<p>&nbsp;<\/p>\n<hr \/>\n<p>&nbsp;<\/p>\n<p><strong>Velesz\u00fcletett sz\u00edvfejl\u0151d\u00e9si rendelleness\u00e9gek fejl\u0151d\u00e9stana a klinikum t\u00fckr\u00e9ben (k\u00f6telez\u0151en v\u00e1laszthat\u00f3 kurzus)\u00a0<\/strong><\/p>\n<ul>\n<li>K\u00f6vetelm\u00e9nyrendszer<\/li>\n<li>Tematika<\/li>\n<li><a href=\"https:\/\/itc.semmelweis.hu\/moodle\/course\/view.php?id=9488\">Moodle-oldal<\/a><\/li>\n<\/ul>\n<hr \/>\n<p>&nbsp;<\/p>\n<p><strong>Anatomiai prepar\u00e1ci\u00f3 a gyakorlatban (szabadon v\u00e1laszthat\u00f3 kurzus)<\/strong><\/p>\n<ul>\n<li>\u00c1OK &#8211; Tant\u00e1rgyi adatlap<\/li>\n<li>FOK &#8211; Tant\u00e1rgyi adatlap<\/li>\n<\/ul>\n<hr \/>\n<h3>\u00a0<\/h3>\n<h3><strong>Introduction to Clinical Anatomy<\/strong><\/h3>\n<ul>\n<li>Tematika<\/li>\n<li>Topic list<\/li>\n<li><a href=\"https:\/\/itc.semmelweis.hu\/moodle\/course\/view.php?id=9476\">Moodle-oldal<\/a><\/li>\n<\/ul>\n<hr \/>\n<h3>T\u00e1janat\u00f3mia a gyakorlati orvosl\u00e1sban<\/h3>\n<ul>\n<li><a href=\"https:\/\/semmelweis.hu\/anatomia\/files\/2025\/02\/2024_25_2-Tajanatomia-a-gyakorlati-orvoslasban-tematika.pdf\">2024_25_2 T\u00e1janat\u00f3mia a gyakorlati orvosl\u00e1sban tematika<\/a><\/li>\n<li><a href=\"https:\/\/semmelweis.hu\/anatomia\/files\/2025\/02\/416-Tajanatomia-a-gyakorlati-orvoslasban.pdf\">Tant\u00e1rgyi adatlap: 416 T\u00e1janat\u00f3mia a gyakorlati orvosl\u00e1sban<\/a><\/li>\n<li><a href=\"https:\/\/itc.semmelweis.hu\/moodle\/course\/view.php?id=9446\">Moodle-oldal<\/a><\/li>\n<\/ul>\n<p>&nbsp;<\/p>\n<p>&nbsp;<\/p>\n\n<\/div><h2 class=\"tabtitle\"><br \/>\nEgy\u00e9b<\/h2>\n<div class=\"tabcontent\">\n\n<p><strong>Seg\u00e9danyagok:<\/strong><\/p>\n<ul>\n<li><a href=\"https:\/\/semmelweis.hu\/anatomia\/files\/2017\/09\/a_legfontosabb_anatomiai_fogalmak.pdf\">A legfontosabb anat\u00f3miai fogalmak (pdf)<\/a> (latin-magyar sz\u00f3szedet, Dr. Hajdu)<\/li>\n<li><a href=\"https:\/\/semmelweis.hu\/anatomia\/files\/2017\/09\/hf-mozgasr.pdf\" target=\"_blank\" rel=\"noopener noreferrer\">\u00cdz\u00fcletek \u00e9s a r\u00e1juk hat\u00f3 izmok<\/a> (pdf) (Dr.Hajdu)<\/li>\n<li><b><a href=\"https:\/\/semmelweis.hu\/anatomia\/files\/2014\/04\/koponya.pdf\">A koponya csatorn\u00e1i<\/a> <\/b>(pdf) &#8211; (a ny\u00edl\u00e1sok tartalma az 1. f\u00e9l\u00e9vben m\u00e9g nem kell), t\u00e1bl\u00e1zatban (dr. Altdorfer K.)<\/li>\n<li><a href=\"https:\/\/semmelweis.hu\/anatomia\/files\/2019\/08\/A-koponya-csatorn\u00e1i-Dr.-Finta.pdf\">A koponya csatorn\u00e1i (Dr. Finta) (pdf)<\/a><\/li>\n<li>Dr. Hanics: <a href=\"https:\/\/semmelweis.hu\/anatomia\/files\/2016\/08\/hj-dorsregiok.pdf\">Dorsalis regi\u00f3k<\/a> (pdf)<\/li>\n<li>Dr. N\u00e9meth P\u00e9ter: <a href=\"https:\/\/semmelweis.hu\/anatomia\/files\/2016\/08\/np-agyidegek.jpg\">Agyidegek<\/a> (jpg)<\/li>\n<li><a href=\"https:\/\/semmelweis.hu\/anatomia\/2015\/09\/21\/agytorzsi-keresztmetszetek\/\">Agyt\u00f6rzsi keresztmetszetek<\/a><\/li>\n<\/ul>\n<p>Aktu\u00e1lis egyetemi Tan\u00e9vk\u00f6nyv<\/p>\n<hr \/>\n<p>&nbsp;<\/p>\n<figure id=\"attachment_6766\" aria-describedby=\"caption-attachment-6766\" style=\"width: 300px\" class=\"wp-caption aligncenter\"><a href=\"https:\/\/semmelweis.hu\/anatomia\/files\/2015\/07\/bonctermigyak.jpg\"><img loading=\"lazy\" decoding=\"async\" class=\"wp-image-6766 size-medium\" src=\"https:\/\/semmelweis.hu\/anatomia\/files\/2015\/07\/bonctermigyak-300x200.jpg\" alt=\"bonctermigyak\" width=\"300\" height=\"200\" srcset=\"https:\/\/semmelweis.hu\/anatomia\/files\/2015\/07\/bonctermigyak-300x200.jpg 300w, https:\/\/semmelweis.hu\/anatomia\/files\/2015\/07\/bonctermigyak-1024x683.jpg 1024w, https:\/\/semmelweis.hu\/anatomia\/files\/2015\/07\/bonctermigyak-450x300.jpg 450w\" sizes=\"auto, (max-width: 300px) 100vw, 300px\" \/><\/a><figcaption id=\"caption-attachment-6766\" class=\"wp-caption-text\">Bonctermi gyakorlat (\u00c1OK)<\/figcaption><\/figure>\n<\/div><\/div>\n","protected":false},"excerpt":{"rendered":"<p>OKTAT\u00c1SI T\u00c1J\u00c9KOZTAT\u00d3K <a href=\"https:\/\/itc.semmelweis.hu\/moodle\/course\/view.php?id=7976\">Az el\u0151ad\u00e1sok anyaga megtal\u00e1lhat\u00f3 a Moodle-on, a megfelel\u0151 mapp\u00e1ban.<\/a> <a href=\"https:\/\/itc.semmelweis.hu\/moodle\/course\/view.php?id=5766\">Oktat\u00e1si seg\u00e9danyagok gy\u0171jtem\u00e9nye a Moodle-ban, bel\u00e9p\u00e9shez, ha sz\u00fcks\u00e9ges, a jelsz\u00f3t a gyakorlatvezet\u0151kt\u0151l tudj\u00e1k meg a hallgat\u00f3k.<\/a> \u00c1OK I. Makroszk\u00f3pos anat\u00f3mia \u00e9s fejl\u0151d\u00e9stan tant\u00e1rgy, 2. f\u00e9l\u00e9v Tanulm\u00e1nyi felel\u0151s: Dr. \u00c1d\u00e1m \u00c1gota egyetemi docens ( <a href=\"mailto:adam.agota@semmelweis.hu\">adam.agota@semmelweis.hu<\/a> ) <a href=\"https:\/\/semmelweis.hu\/anatomia\/files\/2025\/01\/Versenykiiras_makroszkopos_anatomia_2025.pdf\">Versenyki\u00edr\u00e1s_makroszk\u00f3pos_anat\u00f3mia_2025<\/a> <a href=\"https:\/\/semmelweis.hu\/anatomia\/files\/2025\/02\/Makro2_tantargyi_tajekoztato2025.pdf\">Makro2_tant\u00e1rgyi_t\u00e1j\u00e9koztat\u00f3_2025<\/a> <a href=\"https:\/\/itc.semmelweis.hu\/moodle\/course\/view.php?id=7924\">Moodle-oldal (SeKA-k\u00f3ddal)<\/a> &nbsp; &nbsp; \u00c1OK I. Mikroszk\u00f3pos anat\u00f3mia \u00e9s fejl\u0151d\u00e9stan I. Tanulm\u00e1nyi felel\u0151s: Dr. \u00c1d\u00e1m \u00c1gota egyetemi docens ( <a href=\"mailto:adam.agota@semmelweis.hu\">adam.agota@semmelweis.hu<\/a> ) <a href=\"https:\/\/semmelweis.hu\/anatomia\/files\/2025\/02\/Mikro_tantargyi-tajekoztato_2025.pdf\">Mikro_tant\u00e1rgyi t\u00e1j\u00e9koztat\u00f3_2025<\/a> <a href=\"https:\/\/itc.semmelweis.hu\/moodle\/course\/view.php?id=9242\">Moodle-oldal (SeKA-k\u00f3ddal)<\/a> &nbsp; &nbsp; FOK I. Makroszk\u00f3pos Anat\u00f3mia \u00e9s Fejl\u0151d\u00e9stan II. Tanulm\u00e1nyi felel\u0151s: Dr. Papp Rege Sug\u00e1rka tudom\u00e1nyos munkat\u00e1rs &hellip;<\/p>\n","protected":false},"author":101248,"featured_media":0,"parent":53,"menu_order":3,"comment_status":"closed","ping_status":"closed","template":"","meta":{"_acf_changed":false,"footnotes":""},"categories":[],"tags":[],"class_list":["post-32490","page","type-page","status-publish","hentry"],"acf":[],"_links":{"self":[{"href":"https:\/\/semmelweis.hu\/anatomia\/wp-json\/wp\/v2\/pages\/32490","targetHints":{"allow":["GET"]}}],"collection":[{"href":"https:\/\/semmelweis.hu\/anatomia\/wp-json\/wp\/v2\/pages"}],"about":[{"href":"https:\/\/semmelweis.hu\/anatomia\/wp-json\/wp\/v2\/types\/page"}],"author":[{"embeddable":true,"href":"https:\/\/semmelweis.hu\/anatomia\/wp-json\/wp\/v2\/users\/101248"}],"replies":[{"embeddable":true,"href":"https:\/\/semmelweis.hu\/anatomia\/wp-json\/wp\/v2\/comments?post=32490"}],"version-history":[{"count":10,"href":"https:\/\/semmelweis.hu\/anatomia\/wp-json\/wp\/v2\/pages\/32490\/revisions"}],"predecessor-version":[{"id":32767,"href":"https:\/\/semmelweis.hu\/anatomia\/wp-json\/wp\/v2\/pages\/32490\/revisions\/32767"}],"up":[{"embeddable":true,"href":"https:\/\/semmelweis.hu\/anatomia\/wp-json\/wp\/v2\/pages\/53"}],"wp:attachment":[{"href":"https:\/\/semmelweis.hu\/anatomia\/wp-json\/wp\/v2\/media?parent=32490"}],"wp:term":[{"taxonomy":"category","embeddable":true,"href":"https:\/\/semmelweis.hu\/anatomia\/wp-json\/wp\/v2\/categories?post=32490"},{"taxonomy":"post_tag","embeddable":true,"href":"https:\/\/semmelweis.hu\/anatomia\/wp-json\/wp\/v2\/tags?post=32490"}],"curies":[{"name":"wp","href":"https:\/\/api.w.org\/{rel}","templated":true}]}}