{"id":3137,"date":"2013-11-07T16:09:57","date_gmt":"2013-11-07T15:09:57","guid":{"rendered":"http:\/\/www.ana.usn.hu\/de\/?page_id=390"},"modified":"2020-04-06T17:31:54","modified_gmt":"2020-04-06T15:31:54","slug":"impressum-2","status":"publish","type":"page","link":"https:\/\/semmelweis.hu\/anatomia\/de\/impressum-2\/","title":{"rendered":"Impressum"},"content":{"rendered":"<ul>\n<li><span id=\"result_box\" lang=\"de\"><span class=\"hps\"><strong>Webmeister:<\/strong> Dr.<\/span> <span class=\"hps\">K\u00e1roly<\/span> <span class=\"hps\">Altdorfer<\/span>\u00a0 <span class=\"hps atn\">(<\/span><a href=\"mailto:altdorfer.karoly@med.semmelweis-univ.hu\">E-Mail<\/a>)<\/span><\/li>\n<li><span id=\"result_box\" lang=\"de\"><span class=\"hps\">Issa<\/span> <span class=\"hps atn\">Pour-<\/span>Ghaz <span class=\"hps atn\">(<\/span><span class=\"hps\">EM<\/span> <span class=\"hps\">VI.)<\/span> <span class=\"hps\">&#8211;<\/span> <span class=\"hps\">technischen Administration (f\u00fcr die<\/span> <span class=\"hps\">neue<\/span> <span class=\"hps atn\">WordPress-<\/span>basierte Webseite<span class=\"hps\"> und<\/span> <span class=\"hps\">Datenbank)<\/span><\/span><\/li>\n<li><span id=\"result_box\" lang=\"de\"><span class=\"hps\">Mad\u00e1cs<\/span> <span class=\"hps\">L\u00e1szl\u00f3 <\/span><span class=\"atn\">&#8211; <\/span>Informatik<\/span><\/li>\n<\/ul>\n<p><strong><span class=\"hps\">Fotos<\/span>:<\/strong><\/p>\n<ul>\n<li><span class=\"hps\">Kiss <\/span><span class=\"hps\">J\u00f3zsef<\/span><\/li>\n<li>Horv\u00e1thn\u00e9 Oszwald Erzs\u00e9bet <span class=\"hps\">und<\/span> <span class=\"hps\">andere Mitarbeiter<\/span> <span class=\"hps\">und Studenten<\/span><\/li>\n<\/ul>\n<p><strong><span class=\"hps\">Quelle:<\/span><\/strong><\/p>\n<ul>\n<li><span class=\"hps\">Jahrbuch<\/span> 1998 <span class=\"hps\">Abt.<\/span> <span class=\"hps\">&#8222;A<\/span> <span class=\"hps\">Semmelweis<\/span> <span class=\"hps\">Egyetem<\/span> <span class=\"hps\">Orvostudom\u00e1nyi<\/span> <span class=\"hps\">Anat\u00f3miai<\/span> <span class=\"hps\">\u00e9p\u00fclet\u00e9nek<\/span> <span class=\"hps\">centen\u00e1riumi<\/span> <span class=\"hps\">\u00e9vk\u00f6nyve<\/span> <span class=\"hps\">(1898-1998)<\/span>&#8222;<\/li>\n<\/ul>\n<ul>\n<li><span class=\"hps\">\u00dcbersetzung:<\/span> <span class=\"hps\">dr.<\/span> <span class=\"hps\">Simon<\/span> <span class=\"hps\">L\u00e1szl\u00f3,<\/span> <span class=\"hps\">Kiss<\/span> <span class=\"hps\">Melitta<\/span>, Kiss <span class=\"hps\">J\u00f3zsef<\/span>, <span class=\"hps\">Mad\u00e1cs<\/span> <span class=\"hps\">L\u00e1szl\u00f3,<\/span> Ny\u00e9ky <span class=\"hps\">Tam\u00e1s<\/span>, <span class=\"hps\">dr.<\/span> <span class=\"hps\">Altdorfer<\/span> <span class=\"hps\">K.,<\/span> <span class=\"hps\">Kov\u00e1cs D\u00e1niel,<\/span> <span class=\"hps\">P\u00e9ter<\/span> <span class=\"hps\">Szabolcs<\/span>, <span class=\"hps\">Chen<\/span> <span class=\"hps atn\">Li-<\/span>Ping<\/li>\n<\/ul>\n<p><strong><span class=\"hps\">Webmeister:<\/span><\/strong> <span class=\"hps\">Dr.<\/span> <span class=\"hps\">K\u00e1roly<\/span> <span class=\"hps\">Altdorfer<\/span> <span class=\"hps\">(ab 1999<\/span>) und Dr. <span class=\"hps\">Kozsurek<\/span> <span class=\"hps atn\">M\u00e1rk (in 08.<\/span>2007)<\/p>\n<p><a href=\"https:\/\/semmelweis.hu\/anatomia\/files\/2014\/06\/DSC06468.jpg\"><img loading=\"lazy\" decoding=\"async\" class=\"aligncenter size-large wp-image-7207\" src=\"https:\/\/semmelweis.hu\/anatomia\/files\/2014\/06\/DSC06468-1024x768.jpg\" alt=\"DSC06468\" width=\"640\" height=\"480\" srcset=\"https:\/\/semmelweis.hu\/anatomia\/files\/2014\/06\/DSC06468-1024x768.jpg 1024w, https:\/\/semmelweis.hu\/anatomia\/files\/2014\/06\/DSC06468-300x225.jpg 300w, https:\/\/semmelweis.hu\/anatomia\/files\/2014\/06\/DSC06468-400x300.jpg 400w, https:\/\/semmelweis.hu\/anatomia\/files\/2014\/06\/DSC06468.jpg 1280w\" sizes=\"auto, (max-width: 640px) 100vw, 640px\" \/><\/a><\/p>\n","protected":false},"excerpt":{"rendered":"<p>Webmeister: Dr. K\u00e1roly Altdorfer\u00a0 ( <a href=\"mailto:altdorfer.karoly@med.semmelweis-univ.hu\">E-Mail<\/a> ) Issa Pour-Ghaz (EM VI.) &#8211; technischen Administration (f\u00fcr die neue WordPress-basierte Webseite und Datenbank) Mad\u00e1cs L\u00e1szl\u00f3 &#8211; Informatik Fotos: Kiss J\u00f3zsef Horv\u00e1thn\u00e9 Oszwald Erzs\u00e9bet und andere Mitarbeiter und Studenten Quelle: Jahrbuch 1998 Abt. &#8222;A Semmelweis Egyetem Orvostudom\u00e1nyi Anat\u00f3miai \u00e9p\u00fclet\u00e9nek centen\u00e1riumi \u00e9vk\u00f6nyve (1898-1998)&#8222; \u00dcbersetzung: dr. Simon L\u00e1szl\u00f3, Kiss Melitta, Kiss &hellip;<\/p>\n","protected":false},"author":349,"featured_media":0,"parent":0,"menu_order":0,"comment_status":"closed","ping_status":"closed","template":"","meta":{"_acf_changed":false,"footnotes":""},"categories":[],"tags":[],"class_list":["post-3137","page","type-page","status-publish","hentry"],"acf":[],"_links":{"self":[{"href":"https:\/\/semmelweis.hu\/anatomia\/wp-json\/wp\/v2\/pages\/3137","targetHints":{"allow":["GET"]}}],"collection":[{"href":"https:\/\/semmelweis.hu\/anatomia\/wp-json\/wp\/v2\/pages"}],"about":[{"href":"https:\/\/semmelweis.hu\/anatomia\/wp-json\/wp\/v2\/types\/page"}],"author":[{"embeddable":true,"href":"https:\/\/semmelweis.hu\/anatomia\/wp-json\/wp\/v2\/users\/349"}],"replies":[{"embeddable":true,"href":"https:\/\/semmelweis.hu\/anatomia\/wp-json\/wp\/v2\/comments?post=3137"}],"version-history":[{"count":5,"href":"https:\/\/semmelweis.hu\/anatomia\/wp-json\/wp\/v2\/pages\/3137\/revisions"}],"predecessor-version":[{"id":9162,"href":"https:\/\/semmelweis.hu\/anatomia\/wp-json\/wp\/v2\/pages\/3137\/revisions\/9162"}],"wp:attachment":[{"href":"https:\/\/semmelweis.hu\/anatomia\/wp-json\/wp\/v2\/media?parent=3137"}],"wp:term":[{"taxonomy":"category","embeddable":true,"href":"https:\/\/semmelweis.hu\/anatomia\/wp-json\/wp\/v2\/categories?post=3137"},{"taxonomy":"post_tag","embeddable":true,"href":"https:\/\/semmelweis.hu\/anatomia\/wp-json\/wp\/v2\/tags?post=3137"}],"curies":[{"name":"wp","href":"https:\/\/api.w.org\/{rel}","templated":true}]}}