{"id":3119,"date":"2014-03-31T18:58:14","date_gmt":"2014-03-31T16:58:14","guid":{"rendered":"http:\/\/www.ana.usn.hu\/de\/?page_id=54"},"modified":"2025-12-06T09:26:08","modified_gmt":"2025-12-06T08:26:08","slug":"konsultationen","status":"publish","type":"page","link":"https:\/\/semmelweis.hu\/anatomia\/de\/unterricht\/konsultationen\/","title":{"rendered":"Konsultationen"},"content":{"rendered":"<p><strong><span class=\"entry-title\" style=\"color: #000000\">M\u00f6glichkeiten f\u00fcr individuelle Wiederholung in den <\/span><\/strong><strong>Seziersaal-Containern:<br \/>\n<\/strong><\/p>\n<ul>\n<li><strong><a href=\"https:\/\/semmelweis.hu\/anatomia\/files\/2025\/12\/konzult2025-26.pdf\" target=\"_blank\" rel=\"noopener\">Konsultationen f\u00fcr DM \/DZ<\/a> <\/strong><em>in der Pr\u00fcfungsphase<\/em> (=selbst\u00e4ndige Wiederholungsm\u00f6glichkeiten)<em>.<\/em>\u00a0 \u00a0 \u00a0 \u00a0 \u00a0 \u00a0 \u00a0 \u00a0 \u00a0 \u00a0 \u00a0 \u00a0 \u00a0 \u00a0 \u00a0 \u00a0\u00a0<\/li>\n<\/ul>\n<p>Verantwortlicher: Dr. Katz S\u00e1ndor, Dr. Lendvai D\u00e1vid<\/p>\n<div>\n<p>Foto: Seziersaal: Wiederholung<\/p>\n<div class=\"mceTemp\">\n<p><a href=\"https:\/\/semmelweis.hu\/anatomia\/files\/2017\/10\/seziersaal-konsi2017.jpg\"><img loading=\"lazy\" decoding=\"async\" class=\"wp-image-13693\" src=\"https:\/\/semmelweis.hu\/anatomia\/files\/2017\/10\/seziersaal-konsi2017-1024x663.jpg\" alt=\"\" width=\"400\" height=\"259\" srcset=\"https:\/\/semmelweis.hu\/anatomia\/files\/2017\/10\/seziersaal-konsi2017.jpg 1024w, https:\/\/semmelweis.hu\/anatomia\/files\/2017\/10\/seziersaal-konsi2017-300x194.jpg 300w, https:\/\/semmelweis.hu\/anatomia\/files\/2017\/10\/seziersaal-konsi2017-768x497.jpg 768w, https:\/\/semmelweis.hu\/anatomia\/files\/2017\/10\/seziersaal-konsi2017-463x300.jpg 463w\" sizes=\"auto, (max-width: 400px) 100vw, 400px\" \/><\/a><\/p>\n<\/div>\n<\/div>\n<ul>\n<li><strong>Anatomisches Museum: <\/strong>wegen der Renovierung ist leider geschlossen. Verantwortlicher: Dr. Baksa G\u00e1bor &#8211; <a href=\"mailto:baksa.gabor@med.semmelweis-univ.hu\">E-mail<\/a><\/li>\n<\/ul>\n<p><em>(In der EOK Bibliothek gibt es eine beschr\u00e4nkte M\u00f6glichkeit die Knochen zu lernen.) \u00a0<\/em><\/p>\n<div class=\"entry-content\">\u00a0<\/div>\n<p>&nbsp;<\/p>\n","protected":false},"excerpt":{"rendered":"<p>M\u00f6glichkeiten f\u00fcr individuelle Wiederholung in den Seziersaal-Containern: <a href=\"https:\/\/semmelweis.hu\/anatomia\/files\/2025\/12\/konzult2025-26.pdf\" target=\"_blank\" rel=\"noopener\">Konsultationen f\u00fcr DM \/DZ<\/a> in der Pr\u00fcfungsphase (=selbst\u00e4ndige Wiederholungsm\u00f6glichkeiten).\u00a0 \u00a0 \u00a0 \u00a0 \u00a0 \u00a0 \u00a0 \u00a0 \u00a0 \u00a0 \u00a0 \u00a0 \u00a0 \u00a0 \u00a0 \u00a0\u00a0 Verantwortlicher: Dr. Katz S\u00e1ndor, Dr. Lendvai D\u00e1vid Foto: Seziersaal: Wiederholung <a href=\"https:\/\/semmelweis.hu\/anatomia\/files\/2017\/10\/seziersaal-konsi2017.jpg\"><\/a> Anatomisches Museum: wegen der Renovierung ist leider geschlossen. Verantwortlicher: Dr. Baksa G\u00e1bor &#8211; <a href=\"mailto:baksa.gabor@med.semmelweis-univ.hu\">E-mail<\/a> (In der EOK Bibliothek gibt &hellip;<\/p>\n","protected":false},"author":349,"featured_media":3067,"parent":14,"menu_order":7,"comment_status":"closed","ping_status":"closed","template":"","meta":{"_acf_changed":false,"footnotes":""},"categories":[],"tags":[],"class_list":["post-3119","page","type-page","status-publish","has-post-thumbnail","hentry"],"acf":[],"_links":{"self":[{"href":"https:\/\/semmelweis.hu\/anatomia\/wp-json\/wp\/v2\/pages\/3119","targetHints":{"allow":["GET"]}}],"collection":[{"href":"https:\/\/semmelweis.hu\/anatomia\/wp-json\/wp\/v2\/pages"}],"about":[{"href":"https:\/\/semmelweis.hu\/anatomia\/wp-json\/wp\/v2\/types\/page"}],"author":[{"embeddable":true,"href":"https:\/\/semmelweis.hu\/anatomia\/wp-json\/wp\/v2\/users\/349"}],"replies":[{"embeddable":true,"href":"https:\/\/semmelweis.hu\/anatomia\/wp-json\/wp\/v2\/comments?post=3119"}],"version-history":[{"count":11,"href":"https:\/\/semmelweis.hu\/anatomia\/wp-json\/wp\/v2\/pages\/3119\/revisions"}],"predecessor-version":[{"id":33031,"href":"https:\/\/semmelweis.hu\/anatomia\/wp-json\/wp\/v2\/pages\/3119\/revisions\/33031"}],"up":[{"embeddable":true,"href":"https:\/\/semmelweis.hu\/anatomia\/wp-json\/wp\/v2\/pages\/14"}],"wp:featuredmedia":[{"embeddable":true,"href":"https:\/\/semmelweis.hu\/anatomia\/wp-json\/wp\/v2\/media\/3067"}],"wp:attachment":[{"href":"https:\/\/semmelweis.hu\/anatomia\/wp-json\/wp\/v2\/media?parent=3119"}],"wp:term":[{"taxonomy":"category","embeddable":true,"href":"https:\/\/semmelweis.hu\/anatomia\/wp-json\/wp\/v2\/categories?post=3119"},{"taxonomy":"post_tag","embeddable":true,"href":"https:\/\/semmelweis.hu\/anatomia\/wp-json\/wp\/v2\/tags?post=3119"}],"curies":[{"name":"wp","href":"https:\/\/api.w.org\/{rel}","templated":true}]}}