{"id":2925,"date":"2013-11-07T16:09:57","date_gmt":"2013-11-07T15:09:57","guid":{"rendered":"http:\/\/www.ana.usn.hu\/en\/?page_id=378"},"modified":"2020-04-06T17:31:54","modified_gmt":"2020-04-06T15:31:54","slug":"impressum","status":"publish","type":"page","link":"https:\/\/semmelweis.hu\/anatomia\/en\/impressum\/","title":{"rendered":"Impressum"},"content":{"rendered":"<ul>\n<li>Dr. Altdorfer K\u00e1roly \u2013 Webmaster (<a href=\"mailto:altdorfer.karoly@med.semmelweis-univ.hu\">e-mail<\/a>)<\/li>\n<li>Issa Pour-Ghaz (EM VI.) \u2013 technical administration of the new, WordPress based homepage and databases<\/li>\n<li>Mad\u00e1cs L\u00e1szl\u00f3 -informatics<\/li>\n<\/ul>\n<p><strong>Photos:<\/strong><\/p>\n<ul>\n<li>Horv\u00e1thn\u00e9 Oszwald Erzs\u00e9bet and other staff members and students<\/li>\n<\/ul>\n<p><strong>Source used:<\/strong> Dept. yearbook &#8222;A Semmelweis Orvostudom\u00e1nyi Egyetem Anat\u00f3miai \u00e9p\u00fclet\u00e9nek centen\u00e1riumi \u00e9vk\u00f6nyve (1898-1998)&#8221;<br \/> <strong>Translation:<\/strong> dr. Simon L\u00e1szl\u00f3, Kiss Melitta, Kiss J\u00f3zsef, Mad\u00e1cs L\u00e1szl\u00f3, Ny\u00e9ky Tam\u00e1s, dr. Altdorfer K., Kov\u00e1cs D\u00e1niel, P\u00e9ter Szabolcs, Chen Li-Ping<\/p>\n<p><strong>Webmaster:<\/strong> Dr. Altdorfer K\u00e1roly (from 1999) and Dr. Kozsurek M\u00e1rk (in Aug 2007)<\/p>\n<p><a href=\"https:\/\/semmelweis.hu\/anatomia\/files\/2015\/08\/DSC06474.jpg\"><img loading=\"lazy\" decoding=\"async\" class=\"aligncenter wp-image-9166\" src=\"https:\/\/semmelweis.hu\/anatomia\/files\/2015\/08\/DSC06474-1024x768.jpg\" alt=\"DSC06474\" width=\"640\" height=\"480\" srcset=\"https:\/\/semmelweis.hu\/anatomia\/files\/2015\/08\/DSC06474-1024x768.jpg 1024w, https:\/\/semmelweis.hu\/anatomia\/files\/2015\/08\/DSC06474-300x225.jpg 300w, https:\/\/semmelweis.hu\/anatomia\/files\/2015\/08\/DSC06474-400x300.jpg 400w, https:\/\/semmelweis.hu\/anatomia\/files\/2015\/08\/DSC06474.jpg 1280w\" sizes=\"auto, (max-width: 640px) 100vw, 640px\" \/><\/a><\/p>\n","protected":false},"excerpt":{"rendered":"<p>Dr. Altdorfer K\u00e1roly \u2013 Webmaster ( <a href=\"mailto:altdorfer.karoly@med.semmelweis-univ.hu\">e-mail<\/a> ) Issa Pour-Ghaz (EM VI.) \u2013 technical administration of the new, WordPress based homepage and databases Mad\u00e1cs L\u00e1szl\u00f3 -informatics Photos: Horv\u00e1thn\u00e9 Oszwald Erzs\u00e9bet and other staff members and students Source used: Dept. yearbook &#8222;A Semmelweis Orvostudom\u00e1nyi Egyetem Anat\u00f3miai \u00e9p\u00fclet\u00e9nek centen\u00e1riumi \u00e9vk\u00f6nyve (1898-1998)&#8221; Translation: dr. Simon L\u00e1szl\u00f3, Kiss Melitta, Kiss &hellip;<\/p>\n","protected":false},"author":349,"featured_media":0,"parent":0,"menu_order":0,"comment_status":"closed","ping_status":"closed","template":"","meta":{"_acf_changed":false,"footnotes":""},"categories":[],"tags":[],"class_list":["post-2925","page","type-page","status-publish","hentry"],"acf":[],"_links":{"self":[{"href":"https:\/\/semmelweis.hu\/anatomia\/wp-json\/wp\/v2\/pages\/2925","targetHints":{"allow":["GET"]}}],"collection":[{"href":"https:\/\/semmelweis.hu\/anatomia\/wp-json\/wp\/v2\/pages"}],"about":[{"href":"https:\/\/semmelweis.hu\/anatomia\/wp-json\/wp\/v2\/types\/page"}],"author":[{"embeddable":true,"href":"https:\/\/semmelweis.hu\/anatomia\/wp-json\/wp\/v2\/users\/349"}],"replies":[{"embeddable":true,"href":"https:\/\/semmelweis.hu\/anatomia\/wp-json\/wp\/v2\/comments?post=2925"}],"version-history":[{"count":3,"href":"https:\/\/semmelweis.hu\/anatomia\/wp-json\/wp\/v2\/pages\/2925\/revisions"}],"predecessor-version":[{"id":9167,"href":"https:\/\/semmelweis.hu\/anatomia\/wp-json\/wp\/v2\/pages\/2925\/revisions\/9167"}],"wp:attachment":[{"href":"https:\/\/semmelweis.hu\/anatomia\/wp-json\/wp\/v2\/media?parent=2925"}],"wp:term":[{"taxonomy":"category","embeddable":true,"href":"https:\/\/semmelweis.hu\/anatomia\/wp-json\/wp\/v2\/categories?post=2925"},{"taxonomy":"post_tag","embeddable":true,"href":"https:\/\/semmelweis.hu\/anatomia\/wp-json\/wp\/v2\/tags?post=2925"}],"curies":[{"name":"wp","href":"https:\/\/api.w.org\/{rel}","templated":true}]}}