{"id":2912,"date":"2013-10-13T00:07:30","date_gmt":"2013-10-13T00:07:30","guid":{"rendered":"http:\/\/www.ana.usn.hu\/en\/?page_id=50"},"modified":"2020-04-06T17:31:54","modified_gmt":"2020-04-06T15:31:54","slug":"50-2","status":"publish","type":"page","link":"https:\/\/semmelweis.hu\/anatomia\/szemelyes-oldalak-personal-pages\/dr-csillag-andras\/50-2\/","title":{"rendered":"Dr. Csillag, Andr\u00e1s"},"content":{"rendered":"<h2><strong>Csillag, Andr\u00e1s\u00a0<\/strong><img loading=\"lazy\" decoding=\"async\" class=\"alignright size-full wp-image-51\" title=\"Dr. Csillag Andras\" src=\"https:\/\/semmelweis.hu\/anatomia\/files\/2013\/10\/csillag1kis.jpg\" alt=\"\" width=\"260\" height=\"341\" \/><\/h2>\n<p>Nationality: Hungarian<\/p>\n<p>Date and Place of Birth: 20 February, 1949, Debrecen (Hungary)<\/p>\n<p>Title and Affiliations: Professor in Anatomy, Department of Anatomy, Histology and Embryology, Semmelweis University, Budapest, Hungary<\/p>\n<p>Work address: 58 T\u0171zolt\u00f3 utca, H-1094, Budapest, Hungary<\/p>\n<p>Phone: +361 215-6598, Fax: +361 215 5158 E-mail: <a href=\"mailto:csillag.andras@med.semmelweis-univ.hu\">csillag.andras@med.semmelweis-univ.hu<\/a><\/p>\n<p><strong>\u00a0a. Professional Preparation.<\/strong><\/p>\n<p>Medical: Semmelweis University, Budapest. Major: General Medicine M.D., 1973<\/p>\n<p>Graduate: Semmelweis University, Budapest Neurobiology (Transport processes in isolated nerve endings) Ph.D., 1984<\/p>\n<p>Post-doctoral: Hungarian Academy of Sciences Neuroanatomical background of avian avoidance learning D.Sc., 1995<\/p>\n<p><strong>b. Appointments.<\/strong><\/p>\n<p>Chairman of the Department of Anatomy, Semmelweis University, Budapest, Hungary 2004 to present<\/p>\n<p>Full Professor at the Department of Anatomy, Semmelweis University, Budapest, Hungary 2001 to present<\/p>\n<p>Associate Professor at the Department of Anatomy, Semmelweis University, Budapest, Hungary 1996-2001<\/p>\n<p>Senior Lecturer at the Department of Anatomy, Semmelweis University, Budapest, Hungary 1988-1996<\/p>\n<p>Visiting Research Fellow at Menninger, Topeka, KS, USA, awardee of Fogarty-NIH Central and Eastern Europe Senior International Fellowship in the Neurosciences, total of 10 months stay between 1992-1994<\/p>\n<p>Visiting Senior Research Fellow, Biology Department, Brain Research Group, Open University, Milton Keynes, UK.for 3 years 1984-1987<\/p>\n<p>Visiting Research Officer at the MRC Developmental Neurobiology Unit (London, UK), for 6 months 1977-1978<\/p>\n<p>Lecturer at the Department of Anatomy, Semmelweis University, Budapest, Hungary 1975-1988<\/p>\n<p>Research Associate at the Department of Anatomy, Semmelweis University, Budapest, Hungary 1973-1975<\/p>\n<p><strong>c. Publications.<\/strong><\/p>\n<p><em>a) Books and book chapters:<\/em><\/p>\n<p>1. Csillag A, Quantitative autoradiography at the light and electron-microscope levels, In: Quantitative Methods in Neuroanatomy, (Ed. Michael G. Stewart), John Wiley &amp; Sons, Chichester, New York, Brisbane, Toronto, Singapore, 1992, pp. 3-25.<\/p>\n<p>2. Csillag A. Anatomy of the Living Human: Atlas of Medical Imaging, K\u00f6nemann, Cologne, 1999<\/p>\n<p>3. Csillag A. Atlas d&#8217;imagerie m\u00e9dicale: Anatomie de l&#8217;\u00eatre humain, K\u00f6nemann, Cologne, 2000 (in French)<\/p>\n<p>4. Csillag A. Der menschliche K\u00f6rper: Atlas der bildgebenden Verfahren in der Humanmedizin, K\u00f6nemann, Cologne, 2000 (in German)<\/p>\n<p>5. Csillag A. Anatomie van de levende mens: Atlas van medische beeldvorming, K\u00f6nemann, Cologne, 2000 (in Dutch)<\/p>\n<p>6. Csillag A. Atlas de anatom\u00eda humana: T\u00e9cnicas de imagen m\u00e9dicas, K\u00f6nemann, Cologne, 2000 (in Spanish)<\/p>\n<p>7. Csillag A (2005) Atlas of the Sensory Organs. Functional and Clinical Anatomy. Humana Press, Totowa, New Jersey, USA<\/p>\n<p><em>b) Research communications (10 significant publications within the past 10 years):<\/em><\/p>\n<p>1. Csillag A., Kabai P., Kovach J.K. (1995) Effects of diencephalic lesions on approach responses and color preferences in quail. Physiol. Behav. 58, 659-668.<\/p>\n<p>2. Stewart MG, Kabai P, Harrison E, Steele RJ, Kossut M, Gierdalski M, Csillag A, (1996) The involvement of dopamine in the striatum in passive avoidance training in the chick. Neuroscience, 70, 7-14.<\/p>\n<p>3. Csillag A , Sz\u00e9kely AD, Stewart MG (1997) Synaptic terminals immunolabelled against glutamate in the lobus parolfactorius of domestic chicks (Gallus domesticus) in relation to afferents from the archistriatum. Brain Res. 750, 171-179.<\/p>\n<p>4. Davies DC, Csillag A, Sz\u00e9kely AD, P. Kabai (1997) Efferent connections of the domestic chick archistriatum: A Phaseolus lectin anterograde tracing study. J. Comp. Neurol. 389, 679-693.<\/p>\n<p>5. Csillag A (1999) Striato-telencephalic and striato-tegmental circuits: relevance to learning in domestic chicks, Behavioural Brain Research, Special Issue \u0091Avian Behavioural Neuroscience\u0092 (Eds: A Csillag, AD Sz\u00e9kely, MG Stewart), 98, 227-236.<\/p>\n<p>6. Montagnese CM, Mezey SE, Csillag A (2003) Efferent connections of the dorsomedial thalamic nuclei of the domestic chick (Gallus domesticus), J. Comp. Neurol. 459, 301-326.<\/p>\n<p>7. Reiner A, Perkel DJ, Bruce L, Butler AB, Csillag A et al. (2004) Revised nomenclature for avian telencephalon and some related brainstem nuclei, J. Comp. Neurol. 473, 377-414.<\/p>\n<p>8. B\u00e1lint E, Kitka T, Zachar G, \u00c1d\u00e1m \u00c1, Hemmings HC Jr, Csillag A (2004) Abundance and location of DARPP-32 in striato-tegmental circuits of domestic chicks, J. Chem. Neuroanat. 28, 27-36.<\/p>\n<p>9. Kabai P, Stewart MG, Tarcali J, Csillag A (2004) Inhibiting effect of D1, but not D2 antagonist administered to the striatum on retention of passive avoidance in the chick, Neurobiol. Learn. Mem. 81, 155-158.<\/p>\n<p>10. Erich D. Jarvis, Onur G\u00fcnt\u00fcrk\u00fcn, Laura Bruce, Andr\u00e1s Csillag, Harvey Karten, Wayne Kuenzel, Loreta Medina, George Paxinos, David J. Perkel, Toru Shimizu, Georg Striedter, J. Martin Wild, Gregory F. Ball, Jennifer Dugas-Ford, Sarah Durand, Gerald Hough, Scott Husband, Lubica Kubikova, Diane W. Lee, Claudio V. Mello, Alice Powers, Connie Siang, Tom V. Smulders, Kazuhiro Wada, Stephanie A. White, Keiko Yamamoto, Jing Yu, Anton Reiner and Ann B. Butler (2005) Avian brains and a paradigm shift in understanding vertebrate brain evolution, Nature Reviews: Neuroscience, in press<\/p>\n<p><em>c) Total number of publications: 160 (67 research communications, 4 book chapters and symposia, 6 books, 83 conference abstracts). Cumulative impact factor (from full papers): 165,64; Number of citations: over 950<\/em><\/p>\n<p><em>d. Synergistic Activities.<\/em><\/p>\n<p>1. Organizer of the international meeting &#8222;Avian Brain and Behaviour&#8221;, Tihany, Hungary (1996). Guest editor of the follow-up publication: Avian Behavioural Neuroscience, Special Issue of Behavioural Brain Research, Vol. 98. No. 2 (1999)<\/p>\n<p>2. Sz\u00e9chenyi Professorial Fellowship (awarded for four years to distinguished scientists\/educators by the Hungarian Ministry of Education) (1998-2001)<\/p>\n<p>3. Membership of the following societies: Hungarian Anatomical Society; Society for Neuroscience, USA; British Neuroscience Association<\/p>\n<p>4. Board membership of the Hungarian National Scientific Research Fund (Life Sciences Section) until 2001<\/p>\n<p>5. Board membership of the Hungarian Neuroscience Society from 2005<\/p>\n<p>6. Teaching 1st and 2nd year medical student gross human anatomy, histology and embryology courses (since 1989 also in English language), Semmelweis University, Budapest, Hungary (1973-present)<\/p>\n<p>7. Teaching 2nd level biology and graduate students comparative neuroanatomy and functional neuroanatomy courses, Semmelweis University and E\u00f6tv\u00f6s Lor\u00e1nd University, Budapest, Hungary (1994-present)<\/p>\n<p><em>e. Collaborators and Other Affiliations<\/em><\/p>\n<p><strong>(i) Collaborators within the last 48 months:<\/strong><\/p>\n<p>Name Current Position\/Title Current University or place<\/p>\n<p>Matsushima T. Assoc. Professor University of Nagoya, Japan<\/p>\n<p>Stewart M.G. Full Professor The Open University, UK<\/p>\n<p>Kabai P. Senior Research Fellow Szent Istv\u00e1n University, Hungary<\/p>\n<p>Hemmings HC Jr Senior Research Fellow Cornell Univ. New York, US<\/p>\n<p><strong>(ii) Graduate and Postdoctoral Advisors:<\/strong><\/p>\n<p>Graduate Advisor:<\/p>\n<p>Haj\u00f3s F, Professor in Anatomy , Szent Istv\u00e1n University, Fac. of Veterinary Sciences, Budapest, Hungary<\/p>\n<p>Postdoctoral Advisor:<\/p>\n<p>Rose, S.P.R., Ret. Professor, The Open University, Milton Keynes, UK<\/p>\n<p><strong>\u00a0(iii) Thesis Advisor and Postgraduate-Scholar Sponsor to the following persons within the last 5 years:<\/strong><\/p>\n<p><em>a. Postdoctoral associates and other professionals<\/em><\/p>\n<p>Name Current Position\/Title Current University or place<\/p>\n<p>Andrea D. Sz\u00e9kely PhD Sen. Lecturer in Anatomy Semmelweis University, Budapest<\/p>\n<p>Szilvia Mezey PhD Research Fellow Semmelweis University, Budapest<\/p>\n<p>Montagnese, Catherine PhD Research Fellow Semmelweis University, Budapest<\/p>\n<p><em>b. Students (research assistants)<\/em><\/p>\n<p>M\u00e1ria Sz\u00e1sz laboratory technician Semmelweis University, Budapest<\/p>\n<p>\u00c1gota \u00c1d\u00e1m Graduate student Semmelweis University, Budapest<\/p>\n<p>Eszter B\u00e1lint Graduate student Semmelweis University, Budapest<\/p>\n<p>Gergely Zachar Graduate student and research ass. E\u00f6tv\u00f6s Lor\u00e1nd University\/Szent Istv\u00e1n University, Budapest<\/p>\n<p>Tam\u00e1s Kitka undergraduate research associate E\u00f6tv\u00f6s Lor\u00e1nd University, Budapest<\/p>\n<p>Andrea Thu-lan Szab\u00f3 undergraduate research associate Semmelweis University, Budapest<\/p>\n<p>\u00c1rp\u00e1d Patai undergraduate research associate Semmelweis University, Budapest<\/p>\n<p>J\u00e1nos Hanics undergraduate research associate Semmelweis University, Budapest<\/p>\n<p>&nbsp;<\/p>\n<h2 style=\"text-align: center\"><a href=\"https:\/\/semmelweis.hu\/anatomia\/en\/?page_id=54\">For List of Publications Click Here!<\/a><\/h2>\n","protected":false},"excerpt":{"rendered":"<p>Csillag, Andr\u00e1s\u00a0 Nationality: Hungarian Date and Place of Birth: 20 February, 1949, Debrecen (Hungary) Title and Affiliations: Professor in Anatomy, Department of Anatomy, Histology and Embryology, Semmelweis University, Budapest, Hungary Work address: 58 T\u0171zolt\u00f3 utca, H-1094, Budapest, Hungary Phone: +361 215-6598, Fax: +361 215 5158 E-mail: <a href=\"mailto:csillag.andras@med.semmelweis-univ.hu\">csillag.andras@med.semmelweis-univ.hu<\/a> \u00a0a. Professional Preparation. Medical: Semmelweis University, Budapest. Major: General &hellip;<\/p>\n","protected":false},"author":349,"featured_media":0,"parent":700,"menu_order":1,"comment_status":"closed","ping_status":"open","template":"","meta":{"_acf_changed":false,"footnotes":""},"categories":[],"tags":[],"class_list":["post-2912","page","type-page","status-publish","hentry"],"acf":[],"_links":{"self":[{"href":"https:\/\/semmelweis.hu\/anatomia\/wp-json\/wp\/v2\/pages\/2912","targetHints":{"allow":["GET"]}}],"collection":[{"href":"https:\/\/semmelweis.hu\/anatomia\/wp-json\/wp\/v2\/pages"}],"about":[{"href":"https:\/\/semmelweis.hu\/anatomia\/wp-json\/wp\/v2\/types\/page"}],"author":[{"embeddable":true,"href":"https:\/\/semmelweis.hu\/anatomia\/wp-json\/wp\/v2\/users\/349"}],"replies":[{"embeddable":true,"href":"https:\/\/semmelweis.hu\/anatomia\/wp-json\/wp\/v2\/comments?post=2912"}],"version-history":[{"count":6,"href":"https:\/\/semmelweis.hu\/anatomia\/wp-json\/wp\/v2\/pages\/2912\/revisions"}],"predecessor-version":[{"id":23266,"href":"https:\/\/semmelweis.hu\/anatomia\/wp-json\/wp\/v2\/pages\/2912\/revisions\/23266"}],"up":[{"embeddable":true,"href":"https:\/\/semmelweis.hu\/anatomia\/wp-json\/wp\/v2\/pages\/700"}],"wp:attachment":[{"href":"https:\/\/semmelweis.hu\/anatomia\/wp-json\/wp\/v2\/media?parent=2912"}],"wp:term":[{"taxonomy":"category","embeddable":true,"href":"https:\/\/semmelweis.hu\/anatomia\/wp-json\/wp\/v2\/categories?post=2912"},{"taxonomy":"post_tag","embeddable":true,"href":"https:\/\/semmelweis.hu\/anatomia\/wp-json\/wp\/v2\/tags?post=2912"}],"curies":[{"name":"wp","href":"https:\/\/api.w.org\/{rel}","templated":true}]}}