{"id":2576,"date":"2014-09-22T20:34:18","date_gmt":"2014-09-22T18:34:18","guid":{"rendered":"http:\/\/www.ana.usn.hu\/hu\/?page_id=2576"},"modified":"2023-08-17T09:25:48","modified_gmt":"2023-08-17T07:25:48","slug":"neuromorfologiai-laboratorium-uj-oldal","status":"publish","type":"page","link":"https:\/\/semmelweis.hu\/anatomia\/kutatas\/laborok-kutatocsoportok\/neuromorfologiai-laboratorium-uj-oldal\/","title":{"rendered":"Neuromorfol\u00f3giai Laborat\u00f3rium \/ Laboratory of Neuromorphology"},"content":{"rendered":"<p><strong>Vezet\u0151:<\/strong><\/p>\n<ul>\n<li>Dr. Dobolyi \u00c1rp\u00e1d, tudom\u00e1nyos tan\u00e1csad\u00f3,\u00a0az MTA doktora<\/li>\n<\/ul>\n<p><strong>Head of the Laboratory:<\/strong> Dr. \u00c1rp\u00e1d Dobolyi, PhD, research professor<\/p>\n<div class=\"responsive-tabs\">\n<h2 class=\"tabtitle\">HUNGARIAN<\/h2>\n<div class=\"tabcontent\">\n\n<p>&nbsp;<\/p>\n<p><strong>Munkat\u00e1rsak: <\/strong><\/p>\n<ul>\n<li>Dr. Palkovits Mikl\u00f3s, professor emeritus, az MTA tagja, tudom\u00e1nyos tan\u00e1csad\u00f3<\/li>\n<li>Dr. Barna J\u00e1nos, egyetemi docens<\/li>\n<li>Dellasz\u00e9ga-L\u00e1bas Vikt\u00f3ria, analitikus<\/li>\n<li>Dr. D\u00f3ra Fanni, tudom\u00e1nyos munkat\u00e1rs<\/li>\n<li>\n<div>Horv\u00e1thn\u00e9 Oszwald Erzs\u00e9bet, szakasszisztens<\/div>\n<\/li>\n<li>\n<div>Dr. Keller D\u00e1vid, predoktor<\/div>\n<\/li>\n<li>L\u00e1ng Tam\u00e1s, PhD-hallgat\u00f3<\/li>\n<\/ul>\n<p>&nbsp;<\/p>\n<p><strong>A Laborat\u00f3riumban jelenleg foly\u00f3 kutat\u00e1si ir\u00e1nyok:<\/strong><\/p>\n<p>\u00a0 \u00a0 \u00a01. Az ut\u00f3dgondoz\u00e1s neurobiol\u00f3gi\u00e1ja<\/p>\n<p>\u00a0 \u00a0 \u00a02. A stroke agyi patol\u00f3gi\u00e1ja<\/p>\n<p>\u00a0 \u00a0 \u00a03. A nukleozidok idegrendszeri szerepe<\/p>\n<p>\u00a0 \u00a0 \u00a04. Az epilepszia pathomechanizmusa<\/p>\n<p>\u00a0 \u00a0 \u00a05. A mitokondriumok neurok\u00e9mi\u00e1ja<\/p>\n<p>\u00a0 \u00a0 \u00a06. A t\u00e1pl\u00e1l\u00e9kfelv\u00e9tel szab\u00e1lyoz\u00e1sa<\/p>\n<p>&nbsp;<\/p>\n<p><strong>A Neuromorfol\u00f3giai Laborat\u00f3riumban rendelkez\u00e9sre \u00e1ll\u00f3 m\u00f3dszerek:<\/strong><\/p>\n<ul>\n<li>R\u00e1gcs\u00e1l\u00f3k m\u0171t\u00e9ti vizsg\u00e1lata<\/li>\n<li>Az arteria cerebri media okkl\u00fazi\u00f3ja mint fok\u00e1lis ischemia model<\/li>\n<li>Kan\u00fcl\u00f6z\u00e9sek, cerebrospin\u00e1lis folyad\u00e9k \u00e9s v\u00e9rv\u00e9telez\u00e9s r\u00e1gcs\u00e1l\u00f3kb\u00f3l<\/li>\n<li>\u00c1llatok em\u00f3cion\u00e1lis v\u00e1ltoz\u00e1sainak, \u00e9s anyai motiv\u00e1ci\u00f3j\u00e1nak viselked\u00e9si tesztjei<\/li>\n<li>Sztereotaxikus oper\u00e1ci\u00f3k, agyi l\u00e9zi\u00f3k, p\u00e1lya\u00e1tmetsz\u00e9sek<\/li>\n<li>Kemogenetika<\/li>\n<li>Bioinformatika<\/li>\n<li>Idegi p\u00e1lyak\u00f6vet\u00e9s v\u00edrusok \u00e9s transzg\u00e9n egerek felhaszn\u00e1l\u00e1s\u00e1val<\/li>\n<li>L\u00e9zer mikrodisszekci\u00f3, RT-PCR, val\u00f3s idej\u0171 fluoreszcens PCR<\/li>\n<li>Alapvet\u0151 molekul\u00e1ris biol\u00f3giai technik\u00e1k<\/li>\n<li>RNS amplifik\u00e1ci\u00f3s DNS mikroarray \u00e9s szekven\u00e1l\u00e1s c\u00e9lj\u00e1ra<\/li>\n<li>In situ hibridiz\u00e1ci\u00f3s hisztok\u00e9mia, autoradiogr\u00e1fia, \u00e9s s\u00f6t\u00e9t l\u00e1t\u00f3teres mikroszk\u00f3pia<\/li>\n<li>Immunfest\u00e9s \u00e9s fluoreszcens mikroszk\u00f3pia<\/li>\n<li>Western blot technik\u00e1k<\/li>\n<\/ul>\n<p>&nbsp;<\/p>\n<p><strong>K\u00fclf\u00f6ldi kooper\u00e1l\u00f3 partnerek:<\/strong><\/p>\n<p>University of Heidelberg, Department of Neuropeptide Research in Psychiatry, <strong>Valery Grinevich,\u00a0<\/strong>Head of Department<\/p>\n<p>NIH, NIMH, Section on Fundamental Neuroscience,\u00a0<strong>Ted B Usdin<\/strong>, Head of Laboratory<\/p>\n<p>Laboratory of Brain Circuits Therapeutics, Achucarro Basque Center for Neuroscience, Leioa, Spain and Ikerbasque \u2013 Basque Foundation for Science, Bilbao, Spain, <strong>Mazahir T. Hasan<\/strong>, Head of Laboratory<\/p>\n<p>&nbsp;<\/p>\n<hr \/>\n\n<\/div><h2 class=\"tabtitle\">ENGLISH<\/h2>\n<div class=\"tabcontent\">\n\n<p>&nbsp;<\/p>\n<p class=\"entry-title\"><a href=\"https:\/\/semmelweis.hu\/anatomia\/files\/2023\/01\/CV-angol-DOBOLYI-2023.pdf\">Curriculum vitae of \u00c1rp\u00e1d Dobolyi<\/a> (pdf)<\/p>\n<p>&nbsp;<\/p>\n<p><strong>Scientific Advisor: <\/strong>Dr. Mikl\u00f3s Palkovits, MD, PhD, research professor, member of the Hungarian Academy of Sciences<\/p>\n<p><strong>Members of the Laboratory:<\/strong><\/p>\n<ul>\n<li>J\u00e1nos Barna, PhD, associate professor<\/li>\n<li>Vikt\u00f3ria Dellasz\u00e9ga-L\u00e1bas, scientific technician<\/li>\n<li>Dr. Fanni D\u00f3ra, research associate<\/li>\n<li>Erzs\u00e9bet Horv\u00e1thn\u00e9 Oszwald, laboratory technician<\/li>\n<li>Dr. D\u00e1vid Keller, predoctor<\/li>\n<li>Tam\u00e1s L\u00e1ng, MD PhD student<\/li>\n<\/ul>\n<p><strong>Pictures:<\/strong><\/p>\n<ul>\n<li>\n<p class=\"entry-title\"><strong>PhD Defense of Andr\u00e1s Bratincs\u00e1k <\/strong><\/p>\n<\/li>\n<li>\n<p class=\"entry-title\"><strong>PhD Defense of Melinda Cserven\u00e1k<\/strong><\/p>\n<\/li>\n<li>\n<p class=\"entry-title\"><strong>PhD Defense of \u00c9va Dobolyin\u00e9 Renner<\/strong><\/p>\n<\/li>\n<\/ul>\n<h2><strong>Ongoing research activity in the Laboratory of Neuromorphology:<\/strong><\/h2>\n<p><strong>1. Neurobiology of parenthood<\/strong><\/p>\n<ul>\n<li>Kumari R, Fazekas EA, Morvai B, Udvari EB, D\u00f3ra F, Zachar G, Sz\u00e9kely T, Pog\u00e1ny \u00c1, <strong>Dobolyi \u00c1.<\/strong> (2022) Transcriptomics of parental care in the hypothalamic-septal region of female zebra finch brain. <em>Int J Mol Sci<\/em>. 23:2518. doi: 10.3390\/ijms23052518.<\/li>\n<li>Dim\u00e9n D, Puska G, Szendi V, Sipos E, Zelena D, <strong>Dobolyi A<\/strong> (2021) Sex-specific parenting and depression evoked by preoptic inhibitory neurons. <em>iScience<\/em>. 24:103090. doi: 10.1016\/j.isci.2021.103090.<\/li>\n<li>L\u00e9k\u00f3 AH, Kumari R, D\u00f3ra F, Keller D, Udvari EB, Csik\u00f3s V, Renner \u00c9, <strong>Dobolyi A.<\/strong> (2021) Transcriptome sequencing in the preoptic region of rat dams reveals a role of androgen receptor in the control of maternal behavior. <em>Int J Mol Sci<\/em>. 22:1517. doi: 10.3390\/ijms22041517.<\/li>\n<li>Fazekas EA, Morvai B, Zachar G, D\u00f3ra F, Sz\u00e9kely T, Pog\u00e1ny \u00c1, <strong>Dobolyi A<\/strong> (2020) Neuronal activation in zebra finch parents associated with reintroduction of nestlings. <em>J Comp Neurol.<\/em> 528:363-379. doi: 10.1002\/cne.24761.<\/li>\n<li><strong>Dobolyi A<\/strong>, L\u00e9k\u00f3 AH. (2019) The insulin-like growth factor-1 system in the adult mammalian brain and its implications in central maternal adaptations. <em>Front Neuroendocrinol<\/em><em>.<\/em> 52:181-194. doi: 10.1016\/j.yfrne.2018.12.002.<\/li>\n<li>Olah S, Cserven\u00e1k M, Keller D, Fazekas EA, Renner E, Low P, <strong>Dobolyi A<\/strong>. (2018) Prolactin-induced and neuronal activation in the brain of mother mice. <em>Brain Struct Funct<\/em>. 223:3229-3250. doi: 10.1007\/s00429-018-1686-1.<\/li>\n<li>L\u00e9k\u00f3 AH, Cserven\u00e1k M, Szab\u00f3 \u00c9R, Hanics J, Alp\u00e1r A, <strong>Dobolyi A<\/strong> (2017) Insulin-like growth factor I and its binding protein-3 are regulators of lactation and maternal responsiveness. <em>Sci Rep<\/em>. 7:3396. doi: 10.1038\/s41598-017-03645-5.<\/li>\n<li>Udvari EB, V\u00f6lgyi K, Guly\u00e1ssy P, Dum\u00e9n D, Kis V, Barna J, Szab\u00f3 \u00c9R, Lubec G, Juh\u00e1sz Gm K\u00e9kesi KA, <strong>Dobolyi A<\/strong>. (2017) Synaptic proteome changes in the hypothalamus of mother rats.<em> J Proteomics<\/em>. 159:54-66. doi: 10.1016\/j.jprot.2017.03.006.<\/li>\n<li>Cserven\u00e1k M, Kis V, Keller D, Dim\u00e9n D, Menyh\u00e1rt L, Ol\u00e1h S, Szab\u00f3 \u00c9R, Barna J, Renner \u00c9, Usdin TB, <strong>Dobolyi A<\/strong>. (2017) Maternally involved galanin neurons in the preoptic area of the rat. <em>Brain Struct Funct<\/em>. 222:781\u2013798. doi: 10.1007\/s00429-016-1246-5.<\/li>\n<li>Cserven\u00e1k M., Szab\u00f3 \u00c9.R., Bodn\u00e1r I., L\u00e9k\u00f3 A., Palkovits M., Nagy G.M., Usdin T.B., Dobolyi A. (2013) The thalamic neuropeptide TIP39 mediates the effects of nursing on lactation and maternal motivation. Psychoneuroendocrinology. 38:3070-84.<\/li>\n<li>Varga T., Mogyor\u00f3di B., Bag\u00f3 A.G., Cserven\u00e1k M., Domokos D., Renner E., Gallatz K., Usdin T.B., Palkovits M., Dobolyi A. (2012) Paralemniscal TIP39 is induced in rat dams and may participate in maternal functions. Brain Struct. Funct. 217, 323\u2013335.<\/li>\n<li>Szab\u00f3 E.R., Cserven\u00e1k M., Dobolyi A. (2012) Amylin is a novel neuropeptide with potential maternal functions. FASEB J. 26, 272-281.<\/li>\n<li>Dobolyi A. (2011) Novel potential regulators of maternal adaptations during lactation: tuberoinfundibular peptide 39 and amylin. J. Neuroendocrinol. 23, 1002-1008.<\/li>\n<li>Cserven\u00e1k M., Bodn\u00e1r I., Usdin T.B., Palkovits M., Nagy G.M., Dobolyi A. (2010) Tuberoinfundibular peptide of 39 residues is activated during lactation and participates in the suckling-induced prolactin release. Endocrinology, 151, 5830-5840.<\/li>\n<li>Dobolyi A (2009) Central amylin expression and its induction in rat dams. J. Neurochem. 111, 1490-1500.<\/li>\n<\/ul>\n<p><strong>2. Brain pathology of stroke<\/strong><\/p>\n<ul>\n<li>P\u00e9nzes M, T\u00far\u00f3s D, M\u00e1th\u00e9 D, Szigeti K, Heged\u0171s N, Rauscher A\u00c1, T\u00f3th P, Ivic I, Padmanabhan P, P\u00e1l G,<strong> Dobolyi \u00c1<\/strong>, Gyimesi M, M\u00e1ln\u00e1si-Csizmadia A (2020) Direct myosin-2 inhibition enhances cerebral perfusion resulting in functional improvement after ischemic stroke. <em>Theranostics<\/em>. 10:5341-5356. doi: 10.7150\/thno.42077.<\/li>\n<li>V\u00f6lgyi K, Guly\u00e1ssy P, Todorov MI, Puska G, Badics K, Hlatky D, K\u00e9kesi KA, Nyitrai G, Czurk\u00f3 A, Drahos L, <strong>Dobolyi A<\/strong>. (2018) Chronic cerebral hypoperfusion induced synaptic proteome changes in the rat cerebral cortex. <em>Mol Neurobiol<\/em>. 55:4253-4266. doi: 10.1007\/s12035-017-0641-0.<\/li>\n<li>Nardai S.,\u00a0<strong>Dobolyi A.<\/strong>, Skopal J., Lakatos K., Merkely B., Nagy Z. (2016) Delayed Gelatinase Inhibition Induces Reticulon 4 Receptor Expression in the Peri-Infarct Cortex. <em>Journal of Neuropath Exp Neur. <\/em>75:379-85<em>.<\/em> doi: 10.1093\/jnen\/nlw011.<\/li>\n<li>P\u00e1l G., Vincze C., Renner \u00c9., Wappler E.A., Nagy Z., Lovas G., Dobolyi A. (2012) Time course, distribution and cell types of induction of transforming growth factor betas following middle cerebral artery occlusion in the rat brain. PLoS One, 7(10):e46731.<\/li>\n<li>Dobolyi A., Vincze C., P\u00e1l G., Lovas G. (2012) The neuroprotective functions of transforming growth factor beta proteins. Int. J. Mol. Sci. 13, 8219-8258.<\/li>\n<li>Vincze C., P\u00e1l G., Wappler E.A., Szab\u00f3 \u00c9.R., Nagy Z., Lovas G., Dobolyi A. (2010) Transforming growth factor beta isoforms in the intact rat brain and following experimentally induced focal ischemia. J. Comp. Neurol. 518, 3752-3770.<\/li>\n<\/ul>\n<p><strong>3. Social behaviour<\/strong><\/p>\n<ul>\n<li>Keller D, Lang T, Cserven\u00e1k M, Puska G, Barna J, Csillag V, Farkas I, Zelena D, D\u00f3ra F, K\u00fcppers S, Barteczko L, Usdin TB, Palkovits M, Hasan MT, Grinevich V, <strong>Dobolyi A<\/strong>. (2022) A thalamo-preoptic pathway promotes social grooming in rodents. <em>Current Biology.<\/em> 32:4593-4606. doi: 10.1016\/j.cub.2022.08.062.<\/li>\n<li>Zachar G, Montagnese C, Fazekas EA, Kemecsei RG, Papp SM, D\u00f3ra F, Renner E, Csillag A, Pog\u00e1ny \u00c1, <strong>Dobolyi A<\/strong> (2020) Brain distribution and sexually dimorphic expression of amylin in different reproductive stages of the zebra finch (Taeniopygia guttata) suggest roles of the neuropeptide in song learning and social behaviour<em>. Front Neurosci<\/em>. 13:1401. doi: 10.3389\/fnins.2019.01401.<\/li>\n<li><strong>Dobolyi A*<\/strong>. Cserven\u00e1k M, Young LJ. (2018) Thalamic integration of social stimuli regulating parental behavior and the oxytocin system. <em>Front Neuroendocrinol<\/em><em>. <\/em>51:102-115. doi: 10.1016\/j.yfrne.2018.05.002.<\/li>\n<\/ul>\n<p><strong>4. Pathomechanisms of depression<\/strong><\/p>\n<ul>\n<li>D\u00f3ra F, Renner \u00c9, Keller D, Palkovits M, <strong>Dobolyi \u00c1.<\/strong> (2022) Transcriptome profiling of the dorsomedial prefrontal cortex in suicide victims. <em>Int J Mol Sci<\/em>. 23:2518. doi: 10.3390\/ijms23137067<\/li>\n<\/ul>\n<p><strong>5. Neurochemistry of mitochondria<\/strong><\/p>\n<ul>\n<li><strong>Dobolyi A<\/strong>, Bago A, Palkovits M, Nemeria NS, Jordan F, Doczi J, Ambrus A, Adam-Vizi V, Chinopoulos C (2020) Exclusive neuronal detection of KGDHC-specific subunits in the adult human brain cortex despite pancellular protein lysine succinylation. <em>Brain Struct Funct<\/em>. 225:639-667. doi: 10.1007\/s00429-020-02026-5.<\/li>\n<li>V\u00f6lgyi K., Guly\u00e1ssy P., H\u00e1den K., Badics K., Kis V., K\u00e9kesi K.A., Simor A., Gy\u00f6rffy B., T\u00f3th E.A., Lubec G., Juh\u00e1sz G., <strong>Dobolyi A<\/strong>. (2015) Synaptic mitochondria: A brain mitochondria cluster with a specific proteome. <em>J. Proteomics<\/em>. 120:142-157.<\/li>\n<li>Dobolyi A., Ostergaard E., Bag\u00f3 A.G., D\u00f3czi T., Palkovits M., G\u00e1l A., Moln\u00e1r M.J., \u00c1d\u00e1m-Vizi V., Chinopoulos C. (2014) Exclusive neuronal expression of SUCLA2 in the human brain. Brain Struct. Funct. 2013 Oct 2. PMID: 24085565.<\/li>\n<li>Moln\u00e1r T, Dobolyi A, Nyitrai G, Barab\u00e1s P, H\u00e9ja L, Emri Z, Palkovits M, Kardos J. (2011) Calcium signals in the nucleus accumbens: Activation of astrocytes by ATP and succinate. BMC Neurosci. 12, 96.<\/li>\n<\/ul>\n<p><strong>6. Neuronal control of food intake<\/strong><\/p>\n<ul>\n<li>Renner \u00c9, D\u00f3ra F, Oszwald E, <strong>Dobolyi \u00c1<\/strong>, Palkovits M. (2022) Elevated glucagon-like peptide-1 receptor level in the pareventricular hypothalamic nucleus of type 2 diabeted mellitus patients. <em>Int J Mol Sci<\/em>. 23:15945. doi: 10.3390\/ijms232415945<\/li>\n<li>Csik\u00f3s V, Varr\u00f3 P, B\u00f3di V, Ol\u00e1h S, Vil\u00e1gi I,<strong> Dobolyi A<\/strong> (2020) The mycotoxin Deoxynivalenol activates GABAergic neurons in the reward system and inhibits feeding and maternal behaviours. <em>Arch Toxicol.<\/em> 94:3297-3313. doi: 10.1007\/s00204-020-02791-6.<\/li>\n<li>Renner E., Pusk\u00e1s N., Dobolyi A., Palkovits M. (2012) Glucagon-like peptide-1 of brainstem origin activates dorsomedial hypothalamic neurons in satiated rats. Peptides 35, 14-22.<\/li>\n<li>Renner E., Szab\u00f3-Meltzer K.I., Pusk\u00e1s N., T\u00f3th Z.E, Dobolyi A., Palkovits M. (2010) Activation of neurons in the hypothalamic dorsomedial nucleus via hypothalamic projections of the nucleus of the solitary tract following refeeding of fasted rats. Eur. J. Neurosci. 31, 302-314.<\/li>\n<\/ul>\n<p>&nbsp;<\/p>\n<p><strong>Techniques and methods used routinely in the Laboratory:<\/strong><\/p>\n<ul>\n<li>Animal operations<\/li>\n<li>Chemogenetics<\/li>\n<li>Occlusion of the middle cerebral artery and other models of focal brain ischemia<\/li>\n<li>Canulations, sampling of blood and cerebrospinal fluid in rodents<\/li>\n<li>Behavioral tests of anxiety, depression, social- and maternal behaviour<\/li>\n<li>Stereotaxic operations, brain lesions, pathway transections, tracer injections<\/li>\n<li>Neuronal tract-tracing using viruses and transgenic mice<\/li>\n<li>Laser capture microdissection and real-time RT-PCR<\/li>\n<li>Basic molecular biological techniques<\/li>\n<li>RNA amplification for microarray and sequencing<\/li>\n<li>Bioinformatics<\/li>\n<li>In situ hybridization histochemistry and dark-field microscopy<\/li>\n<li>Immunolabeling and fluorescent microscopy<\/li>\n<li>Western blotting<\/li>\n<\/ul>\n<p>&nbsp;<\/p>\n<\/div><\/div>\n","protected":false},"excerpt":{"rendered":"<p>Vezet\u0151: Dr. Dobolyi \u00c1rp\u00e1d, tudom\u00e1nyos tan\u00e1csad\u00f3,\u00a0az MTA doktora Head of the Laboratory: Dr. \u00c1rp\u00e1d Dobolyi, PhD, research professor &nbsp; Munkat\u00e1rsak: Dr. Palkovits Mikl\u00f3s, professor emeritus, az MTA tagja, tudom\u00e1nyos tan\u00e1csad\u00f3 Dr. Barna J\u00e1nos, egyetemi docens Dellasz\u00e9ga-L\u00e1bas Vikt\u00f3ria, analitikus Dr. D\u00f3ra Fanni, tudom\u00e1nyos munkat\u00e1rs Horv\u00e1thn\u00e9 Oszwald Erzs\u00e9bet, szakasszisztens Dr. Keller D\u00e1vid, predoktor L\u00e1ng Tam\u00e1s, PhD-hallgat\u00f3 &nbsp; &hellip;<\/p>\n","protected":false},"author":12,"featured_media":0,"parent":471,"menu_order":0,"comment_status":"closed","ping_status":"closed","template":"","meta":{"_acf_changed":false,"footnotes":""},"categories":[],"tags":[],"class_list":["post-2576","page","type-page","status-publish","hentry"],"acf":[],"_links":{"self":[{"href":"https:\/\/semmelweis.hu\/anatomia\/wp-json\/wp\/v2\/pages\/2576","targetHints":{"allow":["GET"]}}],"collection":[{"href":"https:\/\/semmelweis.hu\/anatomia\/wp-json\/wp\/v2\/pages"}],"about":[{"href":"https:\/\/semmelweis.hu\/anatomia\/wp-json\/wp\/v2\/types\/page"}],"author":[{"embeddable":true,"href":"https:\/\/semmelweis.hu\/anatomia\/wp-json\/wp\/v2\/users\/12"}],"replies":[{"embeddable":true,"href":"https:\/\/semmelweis.hu\/anatomia\/wp-json\/wp\/v2\/comments?post=2576"}],"version-history":[{"count":10,"href":"https:\/\/semmelweis.hu\/anatomia\/wp-json\/wp\/v2\/pages\/2576\/revisions"}],"predecessor-version":[{"id":31342,"href":"https:\/\/semmelweis.hu\/anatomia\/wp-json\/wp\/v2\/pages\/2576\/revisions\/31342"}],"up":[{"embeddable":true,"href":"https:\/\/semmelweis.hu\/anatomia\/wp-json\/wp\/v2\/pages\/471"}],"wp:attachment":[{"href":"https:\/\/semmelweis.hu\/anatomia\/wp-json\/wp\/v2\/media?parent=2576"}],"wp:term":[{"taxonomy":"category","embeddable":true,"href":"https:\/\/semmelweis.hu\/anatomia\/wp-json\/wp\/v2\/categories?post=2576"},{"taxonomy":"post_tag","embeddable":true,"href":"https:\/\/semmelweis.hu\/anatomia\/wp-json\/wp\/v2\/tags?post=2576"}],"curies":[{"name":"wp","href":"https:\/\/api.w.org\/{rel}","templated":true}]}}