{"id":2538,"date":"2014-07-10T20:57:27","date_gmt":"2014-07-10T18:57:27","guid":{"rendered":"http:\/\/www.ana.usn.hu\/hu\/?page_id=2538"},"modified":"2023-03-20T12:18:32","modified_gmt":"2023-03-20T11:18:32","slug":"neuroendokrinologiai-es-in-situ-hibridizacios-laboratorium","status":"publish","type":"page","link":"https:\/\/semmelweis.hu\/anatomia\/kutatas\/laborok-kutatocsoportok\/neuroendokrinologiai-es-in-situ-hibridizacios-laboratorium\/","title":{"rendered":"Neuroendokrinol\u00f3giai \u00e9s In situ hibridiz\u00e1ci\u00f3s Laborat\u00f3rium"},"content":{"rendered":"<p><strong>Vezet\u0151:<\/strong><\/p>\n<ul>\n<li>Dr. T\u00f3th Zsuzsanna tudom\u00e1nyos f\u0151munkat\u00e1rs<\/li>\n<\/ul>\n<p><strong>Munkat\u00e1rsak:<\/strong><\/p>\n<ul>\n<li>Dr. Palkovits Mikl\u00f3s tudom\u00e1nyos szaktan\u00e1csad\u00f3<\/li>\n<li>Dr. K\u00f6ncz\u00f6l Katalin, kutat\u00f3<\/li>\n<li>Kerti Judit , technikus<\/li>\n<li>Dr. Durst M\u00e1t\u00e9, PhD hallgat\u00f3<\/li>\n<li>Ocskay Klementina, TDK hallgat\u00f3<\/li>\n<li>Sude Yilmaz, TDK hallgat\u00f3<\/li>\n<\/ul>\n<p><strong>A laborat\u00f3rium profilja:<\/strong><\/p>\n<p>Figyelm\u00fcnk k\u00f6z\u00e9ppontj\u00e1ban az energiah\u00e1ztart\u00e1s szab\u00e1lyoz\u00e1s vizsg\u00e1lata \u00e1ll. Ezen bel\u00fcl:<\/p>\n<ul>\n<li>homeosztatikus \u00e9s nem homeosztatikus kontroll szerepe,<\/li>\n<li>hypothalamikus energiah\u00e1ztart\u00e1st befoly\u00e1sol\u00f3 neuropeptidek hat\u00e1sai,<\/li>\n<li>intrauterin alult\u00e1pl\u00e1lts\u00e1g k\u00e9s\u0151i k\u00f6vetkezm\u00e9nyeinek vizsg\u00e1lata.<\/li>\n<\/ul>\n<p><strong>Alkalmazott technik\u00e1k:<\/strong><\/p>\n<ul>\n<li>Immunhisztok\u00e9mia immuncitok\u00e9mia, konfok\u00e1lis mikroszk\u00f3pia.<\/li>\n<li>In situ hibridiz\u00e1ci\u00f3; r\u00e1dioakt\u00edv \u00e9s fluorescens jel\u00f6l\u00e9s, t\u00f6bbes in situ hibridiz\u00e1ci\u00f3, in situ hibridiz\u00e1ci\u00f3 \u00e9s immunhisztok\u00e9mia kombin\u00e1l\u00e1sa.<\/li>\n<li>\u00c1llatk\u00eds\u00e9rletes modellek (drogok agyi hat\u00e1s\u00e1nak vizsg\u00e1lata, denerv\u00e1l\u00e1s, p\u00e1lyak\u00f6vet\u00e9ses \u00e9s l\u00e9zi\u00f3s vizsg\u00e1latok, stb).<\/li>\n<li>Viselked\u00e9stani vizsg\u00e1latok \u00e1llatokon<\/li>\n<li>Western blot, ELISA<\/li>\n<li>RT-PCR<\/li>\n<\/ul>\n<p><strong>Nemzetk\u00f6zi kollabor\u00e1ci\u00f3k:<\/strong><\/p>\n<p>Eva Mezey, M.D., Ph.D. NIDCR, NIH, Bethesda, MD, USA<\/p>\n","protected":false},"excerpt":{"rendered":"<p>Vezet\u0151: Dr. T\u00f3th Zsuzsanna tudom\u00e1nyos f\u0151munkat\u00e1rs Munkat\u00e1rsak: Dr. Palkovits Mikl\u00f3s tudom\u00e1nyos szaktan\u00e1csad\u00f3 Dr. K\u00f6ncz\u00f6l Katalin, kutat\u00f3 Kerti Judit , technikus Dr. Durst M\u00e1t\u00e9, PhD hallgat\u00f3 Ocskay Klementina, TDK hallgat\u00f3 Sude Yilmaz, TDK hallgat\u00f3 A laborat\u00f3rium profilja: Figyelm\u00fcnk k\u00f6z\u00e9ppontj\u00e1ban az energiah\u00e1ztart\u00e1s szab\u00e1lyoz\u00e1s vizsg\u00e1lata \u00e1ll. Ezen bel\u00fcl: homeosztatikus \u00e9s nem homeosztatikus kontroll szerepe, hypothalamikus energiah\u00e1ztart\u00e1st befoly\u00e1sol\u00f3 neuropeptidek &hellip;<\/p>\n","protected":false},"author":12,"featured_media":0,"parent":471,"menu_order":0,"comment_status":"closed","ping_status":"closed","template":"","meta":{"_acf_changed":false,"footnotes":""},"categories":[],"tags":[],"class_list":["post-2538","page","type-page","status-publish","hentry"],"acf":[],"_links":{"self":[{"href":"https:\/\/semmelweis.hu\/anatomia\/wp-json\/wp\/v2\/pages\/2538","targetHints":{"allow":["GET"]}}],"collection":[{"href":"https:\/\/semmelweis.hu\/anatomia\/wp-json\/wp\/v2\/pages"}],"about":[{"href":"https:\/\/semmelweis.hu\/anatomia\/wp-json\/wp\/v2\/types\/page"}],"author":[{"embeddable":true,"href":"https:\/\/semmelweis.hu\/anatomia\/wp-json\/wp\/v2\/users\/12"}],"replies":[{"embeddable":true,"href":"https:\/\/semmelweis.hu\/anatomia\/wp-json\/wp\/v2\/comments?post=2538"}],"version-history":[{"count":4,"href":"https:\/\/semmelweis.hu\/anatomia\/wp-json\/wp\/v2\/pages\/2538\/revisions"}],"predecessor-version":[{"id":31140,"href":"https:\/\/semmelweis.hu\/anatomia\/wp-json\/wp\/v2\/pages\/2538\/revisions\/31140"}],"up":[{"embeddable":true,"href":"https:\/\/semmelweis.hu\/anatomia\/wp-json\/wp\/v2\/pages\/471"}],"wp:attachment":[{"href":"https:\/\/semmelweis.hu\/anatomia\/wp-json\/wp\/v2\/media?parent=2538"}],"wp:term":[{"taxonomy":"category","embeddable":true,"href":"https:\/\/semmelweis.hu\/anatomia\/wp-json\/wp\/v2\/categories?post=2538"},{"taxonomy":"post_tag","embeddable":true,"href":"https:\/\/semmelweis.hu\/anatomia\/wp-json\/wp\/v2\/tags?post=2538"}],"curies":[{"name":"wp","href":"https:\/\/api.w.org\/{rel}","templated":true}]}}