{"id":22,"date":"2014-04-17T12:58:37","date_gmt":"2014-04-17T12:58:37","guid":{"rendered":"http:\/\/www.ana.usn.hu\/de\/?page_id=22"},"modified":"2025-11-29T10:21:25","modified_gmt":"2025-11-29T09:21:25","slug":"kontakt","status":"publish","type":"page","link":"https:\/\/semmelweis.hu\/anatomia\/de\/kontakt\/","title":{"rendered":"Kontakt"},"content":{"rendered":"<h3 style=\"text-align: center\"><strong>Anatomisches, Histologisches und Embryologisches Institut \u2013 Semmelweis Universit\u00e4t (Budapest)<\/strong><\/h3>\n<ul>\n<li>Adresse: T\u0171zolt\u00f3 u. 58, Budapest, 1094<\/li>\n<li>Postanschrift: 1085 Budapest, \u00dcll\u0151i \u00fat 26.; 1428 Budapest, Pf.2., Ungarn<\/li>\n<li>Telefon: (36-1) 459-1500 \/ 53600 (Telefonzentrale)<\/li>\n<li>Fax: (36-1) 215-51-58, (36-1) 215-30-64<\/li>\n<li>Anatomisches Institut in <a href=\"http:\/\/goo.gl\/maps\/6fll\" target=\"_top\" rel=\"noopener noreferrer\">Google maps<\/a><\/li>\n<li><strong>E<\/strong>ingang des Anatomie-Instituts: <strong>T\u0171zolt\u00f3 utca Eingang<\/strong> (ab 7.30 Uhr morgen)\u00a0<span style=\"color: #ff0000\"><br \/>\n<\/span><\/li>\n<\/ul>\n<hr \/>\n<h4 style=\"text-align: center\"><span style=\"font-size: medium\"><span style=\"font-size: small\">Alle Kollegen sind im <\/span><strong><a href=\"https:\/\/semmelweis.hu\/telefonkonyv\/\"><span style=\"font-size: small\">Telefonbuch<\/span><\/a><\/strong><span style=\"font-size: small\"> der Semmelweis Universit\u00e4t zu<\/span><span style=\"font-size: small\"> finden.<\/span><\/span><\/h4>\n<p><a href=\"https:\/\/semmelweis.hu\/anatomia\/institut\/mitarbeiter\/\" target=\"_blank\" rel=\"noopener noreferrer\"><span style=\"font-size: 14pt\"><strong>Mitarbeiter&#8230;<\/strong><\/span><\/a><\/p>\n<hr \/>\n<p>So finden Sie uns:<\/p>\n<p>U-Bahn M3 bis zur Station &#8222;Semmelweis Klinik\u00e1k&#8221;, dann die Stra\u00dfe \u00dcll\u0151i \u00fcberqueren:<\/p>\n<p style=\"text-align: center\"><a href=\"https:\/\/semmelweis.hu\/anatomia\/files\/2018\/07\/verdi2018-06-27-10.21.07.jpg\"><img loading=\"lazy\" decoding=\"async\" class=\"aligncenter size-large wp-image-18061\" src=\"https:\/\/semmelweis.hu\/anatomia\/files\/2018\/07\/verdi2018-06-27-10.21.07-1024x768.jpg\" alt=\"\" width=\"940\" height=\"705\" srcset=\"https:\/\/semmelweis.hu\/anatomia\/files\/2018\/07\/verdi2018-06-27-10.21.07-1024x768.jpg 1024w, https:\/\/semmelweis.hu\/anatomia\/files\/2018\/07\/verdi2018-06-27-10.21.07-300x225.jpg 300w, https:\/\/semmelweis.hu\/anatomia\/files\/2018\/07\/verdi2018-06-27-10.21.07-768x576.jpg 768w, https:\/\/semmelweis.hu\/anatomia\/files\/2018\/07\/verdi2018-06-27-10.21.07-400x300.jpg 400w\" sizes=\"auto, (max-width: 940px) 100vw, 940px\" \/><\/a><a href=\"https:\/\/semmelweis.hu\/anatomia\/files\/2019\/11\/kiskapu-tuzolto.jpg\"><img loading=\"lazy\" decoding=\"async\" class=\"aligncenter size-full wp-image-25004\" src=\"https:\/\/semmelweis.hu\/anatomia\/files\/2019\/11\/kiskapu-tuzolto.jpg\" alt=\"\" width=\"1007\" height=\"807\" srcset=\"https:\/\/semmelweis.hu\/anatomia\/files\/2019\/11\/kiskapu-tuzolto.jpg 1007w, https:\/\/semmelweis.hu\/anatomia\/files\/2019\/11\/kiskapu-tuzolto-300x240.jpg 300w, https:\/\/semmelweis.hu\/anatomia\/files\/2019\/11\/kiskapu-tuzolto-768x615.jpg 768w, https:\/\/semmelweis.hu\/anatomia\/files\/2019\/11\/kiskapu-tuzolto-374x300.jpg 374w\" sizes=\"auto, (max-width: 1007px) 100vw, 1007px\" \/><\/a>T\u0171zolt\u00f3 utca 58., Seziersaal<\/p>\n<p style=\"text-align: center\"><b>T\u0171zolt\u00f3 utca 58. ist unser <\/b><strong>Eingang &#8211; jetzt <span style=\"color: #ff0000\">Baustelle, geschlossen!<\/span><\/strong><\/p>\n<p><img loading=\"lazy\" decoding=\"async\" class=\"aligncenter size-large wp-image-32618\" src=\"https:\/\/semmelweis.hu\/anatomia\/files\/2025\/03\/anat-kapu20250308_094211-1024x576.jpg\" alt=\"\" width=\"753\" height=\"424\" srcset=\"https:\/\/semmelweis.hu\/anatomia\/files\/2025\/03\/anat-kapu20250308_094211-1024x576.jpg 1024w, https:\/\/semmelweis.hu\/anatomia\/files\/2025\/03\/anat-kapu20250308_094211-400x225.jpg 400w, https:\/\/semmelweis.hu\/anatomia\/files\/2025\/03\/anat-kapu20250308_094211-768x432.jpg 768w, https:\/\/semmelweis.hu\/anatomia\/files\/2025\/03\/anat-kapu20250308_094211-1536x864.jpg 1536w, https:\/\/semmelweis.hu\/anatomia\/files\/2025\/03\/anat-kapu20250308_094211-2048x1152.jpg 2048w, https:\/\/semmelweis.hu\/anatomia\/files\/2025\/03\/anat-kapu20250308_094211-753x424.jpg 753w\" sizes=\"auto, (max-width: 753px) 100vw, 753px\" \/><\/p>\n<figure id=\"attachment_32836\" aria-describedby=\"caption-attachment-32836\" style=\"width: 600px\" class=\"wp-caption aligncenter\"><img loading=\"lazy\" decoding=\"async\" class=\"wp-image-32836\" src=\"https:\/\/semmelweis.hu\/anatomia\/files\/2025\/07\/kapu-20250613_102534-scaled-e1751781900846-1024x691.jpg\" alt=\"Munkater\u00fclet, jelenleg z\u00e1rva!\" width=\"600\" height=\"405\" srcset=\"https:\/\/semmelweis.hu\/anatomia\/files\/2025\/07\/kapu-20250613_102534-scaled-e1751781900846-1024x691.jpg 1024w, https:\/\/semmelweis.hu\/anatomia\/files\/2025\/07\/kapu-20250613_102534-scaled-e1751781900846-400x270.jpg 400w, https:\/\/semmelweis.hu\/anatomia\/files\/2025\/07\/kapu-20250613_102534-scaled-e1751781900846-768x518.jpg 768w, https:\/\/semmelweis.hu\/anatomia\/files\/2025\/07\/kapu-20250613_102534-scaled-e1751781900846-1536x1037.jpg 1536w, https:\/\/semmelweis.hu\/anatomia\/files\/2025\/07\/kapu-20250613_102534-scaled-e1751781900846-753x508.jpg 753w, https:\/\/semmelweis.hu\/anatomia\/files\/2025\/07\/kapu-20250613_102534-scaled-e1751781900846.jpg 1674w\" sizes=\"auto, (max-width: 600px) 100vw, 600px\" \/><figcaption id=\"caption-attachment-32836\" class=\"wp-caption-text\">Bauarbeiten, Geschlossen!<\/figcaption><\/figure>\n<p>!<\/p>\n\n<!-- iframe plugin v.4.9 wordpress.org\/plugins\/iframe\/ -->\n<iframe loading=\"lazy\" src=\"https:\/\/www.google.com\/maps\/embed?pb=!1m18!1m12!1m3!1d2696.4573124366243!2d19.076829015626142!3d47.48100387917658!2m3!1f0!2f0!3f0!3m2!1i1024!2i768!4f13.1!3m3!1m2!1s0x4741dcfbaf6789b3%3A0x47f863f5e27f66db!2zQnVkYXBlc3QsIFTFsXpvbHTDsyB1LiA1OCwgMTA5NA!5e0!3m2!1shu!2shu!4v1501766738998\" width=\"100%\" height=\"300\" scrolling=\"yes\" class=\"iframe-class\" frameborder=\"0\"><\/iframe>\n\n<p style=\"text-align: center\"><b>T\u0171zolt\u00f3 utca 58. ist unser <\/b><strong>Eingang (<span style=\"color: #ff0000\">jetzt Baustelle<\/span>)<\/strong><\/p>\n<p>&nbsp;<\/p>\n[slb_exclude]<div data-carousel-extra='{\"blog_id\":19,\"permalink\":\"https:\\\/\\\/semmelweis.hu\\\/anatomia\\\/de\\\/kontakt\\\/\"}' class=\"tiled-gallery type-rectangular\" data-original-width=\"753\"><div class=\"gallery-row\" style=\"width: 748px; height: 366px;\"><div class=\"gallery-group images-1\" style=\"width: 477px; height: 370px;\"><div class=\"tiled-gallery-item tiled-gallery-item-large\"><a href=\"https:\/\/semmelweis.hu\/anatomia\/files\/2014\/04\/tavasz2009-5.jpg\"><img loading=\"lazy\" decoding=\"async\" data-attachment-id=\"203\" data-orig-file=\"https:\/\/semmelweis.hu\/anatomia\/files\/2014\/04\/tavasz2009-5.jpg\" data-orig-size=\"800,619\" data-comments-opened=\"0\" data-image-meta=\"{&quot;aperture&quot;:&quot;0&quot;,&quot;credit&quot;:&quot;&quot;,&quot;camera&quot;:&quot;&quot;,&quot;caption&quot;:&quot;&quot;,&quot;created_timestamp&quot;:&quot;0&quot;,&quot;copyright&quot;:&quot;&quot;,&quot;focal_length&quot;:&quot;0&quot;,&quot;iso&quot;:&quot;0&quot;,&quot;shutter_speed&quot;:&quot;0&quot;,&quot;title&quot;:&quot;&quot;,&quot;orientation&quot;:&quot;0&quot;}\" data-image-title=\"tavasz2009-5\" data-image-description=\"\" data-medium-file=\"https:\/\/semmelweis.hu\/anatomia\/files\/2014\/04\/tavasz2009-5-300x232.jpg\" data-large-file=\"https:\/\/semmelweis.hu\/anatomia\/files\/2014\/04\/tavasz2009-5.jpg\" src=\"https:\/\/semmelweis.hu\/anatomia\/files\/2014\/04\/tavasz2009-5-473x366.jpg\" width=\"473\" height=\"366\" align=\"left\" title=\"\" \/><\/a><\/div><\/div><div class=\"gallery-group images-2\" style=\"width: 271px; height: 370px;\"><div class=\"tiled-gallery-item tiled-gallery-item-large\"><a href=\"https:\/\/semmelweis.hu\/anatomia\/files\/2014\/04\/IMG_1446.jpg\"><img loading=\"lazy\" decoding=\"async\" data-attachment-id=\"10377\" data-orig-file=\"https:\/\/semmelweis.hu\/anatomia\/files\/2014\/04\/IMG_1446.jpg\" data-orig-size=\"1000,712\" data-comments-opened=\"0\" data-image-meta=\"{&quot;aperture&quot;:&quot;0&quot;,&quot;credit&quot;:&quot;&quot;,&quot;camera&quot;:&quot;&quot;,&quot;caption&quot;:&quot;&quot;,&quot;created_timestamp&quot;:&quot;0&quot;,&quot;copyright&quot;:&quot;&quot;,&quot;focal_length&quot;:&quot;0&quot;,&quot;iso&quot;:&quot;0&quot;,&quot;shutter_speed&quot;:&quot;0&quot;,&quot;title&quot;:&quot;&quot;,&quot;orientation&quot;:&quot;0&quot;}\" data-image-title=\"IMG_1446\" data-image-description=\"\" data-medium-file=\"https:\/\/semmelweis.hu\/anatomia\/files\/2014\/04\/IMG_1446-300x214.jpg\" data-large-file=\"https:\/\/semmelweis.hu\/anatomia\/files\/2014\/04\/IMG_1446.jpg\" src=\"https:\/\/semmelweis.hu\/anatomia\/files\/2014\/04\/IMG_1446-267x190.jpg\" width=\"267\" height=\"190\" align=\"left\" title=\"\" \/><\/a><\/div><div class=\"tiled-gallery-item tiled-gallery-item-large\"><a href=\"https:\/\/semmelweis.hu\/anatomia\/files\/2014\/04\/tuzo-kapu.jpg\"><img loading=\"lazy\" decoding=\"async\" data-attachment-id=\"2511\" data-orig-file=\"https:\/\/semmelweis.hu\/anatomia\/files\/2014\/04\/tuzo-kapu.jpg\" data-orig-size=\"492,317\" data-comments-opened=\"0\" data-image-meta=\"{&quot;aperture&quot;:&quot;0&quot;,&quot;credit&quot;:&quot;&quot;,&quot;camera&quot;:&quot;&quot;,&quot;caption&quot;:&quot;&quot;,&quot;created_timestamp&quot;:&quot;0&quot;,&quot;copyright&quot;:&quot;&quot;,&quot;focal_length&quot;:&quot;0&quot;,&quot;iso&quot;:&quot;0&quot;,&quot;shutter_speed&quot;:&quot;0&quot;,&quot;title&quot;:&quot;&quot;,&quot;orientation&quot;:&quot;0&quot;}\" data-image-title=\"tuzo-kapu\" data-image-description=\"\" data-medium-file=\"https:\/\/semmelweis.hu\/anatomia\/files\/2014\/04\/tuzo-kapu-300x193.jpg\" data-large-file=\"https:\/\/semmelweis.hu\/anatomia\/files\/2014\/04\/tuzo-kapu.jpg\" src=\"https:\/\/semmelweis.hu\/anatomia\/files\/2014\/04\/tuzo-kapu-267x172.jpg\" width=\"267\" height=\"172\" align=\"left\" title=\"\" \/><\/a><\/div><\/div><\/div><\/div>[\/slb_exclude]\n","protected":false},"excerpt":{"rendered":"<p>Anatomisches, Histologisches und Embryologisches Institut \u2013 Semmelweis Universit\u00e4t (Budapest) Adresse: T\u0171zolt\u00f3 u. 58, Budapest, 1094 Postanschrift: 1085 Budapest, \u00dcll\u0151i \u00fat 26.; 1428 Budapest, Pf.2., Ungarn Telefon: (36-1) 459-1500 \/ 53600 (Telefonzentrale) Fax: (36-1) 215-51-58, (36-1) 215-30-64 Anatomisches Institut in <a href=\"http:\/\/goo.gl\/maps\/6fll\" target=\"_top\" rel=\"noopener noreferrer\">Google maps<\/a> Eingang des Anatomie-Instituts: T\u0171zolt\u00f3 utca Eingang (ab 7.30 Uhr morgen)\u00a0 Alle Kollegen sind im <a href=\"https:\/\/semmelweis.hu\/telefonkonyv\/\">Telefonbuch<\/a> der Semmelweis &hellip;<\/p>\n","protected":false},"author":349,"featured_media":0,"parent":0,"menu_order":21,"comment_status":"closed","ping_status":"closed","template":"","meta":{"_acf_changed":false,"footnotes":""},"categories":[],"tags":[],"class_list":["post-22","page","type-page","status-publish","hentry"],"acf":[],"_links":{"self":[{"href":"https:\/\/semmelweis.hu\/anatomia\/wp-json\/wp\/v2\/pages\/22","targetHints":{"allow":["GET"]}}],"collection":[{"href":"https:\/\/semmelweis.hu\/anatomia\/wp-json\/wp\/v2\/pages"}],"about":[{"href":"https:\/\/semmelweis.hu\/anatomia\/wp-json\/wp\/v2\/types\/page"}],"author":[{"embeddable":true,"href":"https:\/\/semmelweis.hu\/anatomia\/wp-json\/wp\/v2\/users\/349"}],"replies":[{"embeddable":true,"href":"https:\/\/semmelweis.hu\/anatomia\/wp-json\/wp\/v2\/comments?post=22"}],"version-history":[{"count":11,"href":"https:\/\/semmelweis.hu\/anatomia\/wp-json\/wp\/v2\/pages\/22\/revisions"}],"predecessor-version":[{"id":32988,"href":"https:\/\/semmelweis.hu\/anatomia\/wp-json\/wp\/v2\/pages\/22\/revisions\/32988"}],"wp:attachment":[{"href":"https:\/\/semmelweis.hu\/anatomia\/wp-json\/wp\/v2\/media?parent=22"}],"wp:term":[{"taxonomy":"category","embeddable":true,"href":"https:\/\/semmelweis.hu\/anatomia\/wp-json\/wp\/v2\/categories?post=22"},{"taxonomy":"post_tag","embeddable":true,"href":"https:\/\/semmelweis.hu\/anatomia\/wp-json\/wp\/v2\/tags?post=22"}],"curies":[{"name":"wp","href":"https:\/\/api.w.org\/{rel}","templated":true}]}}