{"id":19220,"date":"2018-09-21T20:44:00","date_gmt":"2018-09-21T18:44:00","guid":{"rendered":"http:\/\/semmelweis.hu\/anatomia\/?page_id=19220"},"modified":"2022-11-10T20:14:17","modified_gmt":"2022-11-10T19:14:17","slug":"rohlich-pal-dr","status":"publish","type":"page","link":"https:\/\/semmelweis.hu\/anatomia\/szemelyes-oldalak-personal-pages\/rohlich-pal-dr\/","title":{"rendered":"R\u00f6hlich P\u00e1l Dr."},"content":{"rendered":"<p><img loading=\"lazy\" decoding=\"async\" class=\"size-medium wp-image-22946 alignright\" src=\"https:\/\/semmelweis.hu\/anatomia\/files\/2019\/05\/DSC09843a-287x300.jpg\" alt=\"\" width=\"287\" height=\"300\" srcset=\"https:\/\/semmelweis.hu\/anatomia\/files\/2019\/05\/DSC09843a-287x300.jpg 287w, https:\/\/semmelweis.hu\/anatomia\/files\/2019\/05\/DSC09843a-768x802.jpg 768w, https:\/\/semmelweis.hu\/anatomia\/files\/2019\/05\/DSC09843a-980x1024.jpg 980w\" sizes=\"auto, (max-width: 287px) 100vw, 287px\" \/><\/p>\n<p>Dr. R\u00f6hlich P\u00e1l professzor<br \/>\negyetemi tan\u00e1r, az MTA doktora<br \/>\nprofessor emeritus<\/p>\n<p>Anat\u00f3miai, Sz\u00f6vet- \u00e9s Fejl\u0151d\u00e9stani Int\u00e9zet<\/p>\n<p>Mell\u00e9k:\u00a0 53665<\/p>\n<p>email: <a href=\"mailto:rohlich.pal@med.semmelweis-univ.hu\">rohlich.pal@med.semmelweis-univ.hu<\/a><\/p>\n<ol start=\"28\">\n<li>sz. dolgoz\u00f3szoba<\/li>\n<\/ol>\n<p>&nbsp;<\/p>\n<p>&nbsp;<\/p>\n<figure id=\"attachment_30649\" aria-describedby=\"caption-attachment-30649\" style=\"width: 753px\" class=\"wp-caption aligncenter\"><a href=\"https:\/\/semmelweis.hu\/anatomia\/files\/2022\/11\/rohlich93.jpg\"><img loading=\"lazy\" decoding=\"async\" class=\"wp-image-30649 size-large\" src=\"https:\/\/semmelweis.hu\/anatomia\/files\/2022\/11\/rohlich93-764x1024.jpg\" alt=\"\" width=\"753\" height=\"1009\" srcset=\"https:\/\/semmelweis.hu\/anatomia\/files\/2022\/11\/rohlich93-764x1024.jpg 764w, https:\/\/semmelweis.hu\/anatomia\/files\/2022\/11\/rohlich93-298x400.jpg 298w, https:\/\/semmelweis.hu\/anatomia\/files\/2022\/11\/rohlich93-768x1029.jpg 768w, https:\/\/semmelweis.hu\/anatomia\/files\/2022\/11\/rohlich93-1146x1536.jpg 1146w, https:\/\/semmelweis.hu\/anatomia\/files\/2022\/11\/rohlich93-753x1009.jpg 753w, https:\/\/semmelweis.hu\/anatomia\/files\/2022\/11\/rohlich93.jpg 1504w\" sizes=\"auto, (max-width: 753px) 100vw, 753px\" \/><\/a><figcaption id=\"caption-attachment-30649\" class=\"wp-caption-text\">R\u00f6hlich professzor 93. sz\u00fclet\u00e9snapj\u00e1n (2022. nov. 9.) k\u00f6nyv\u00e9t dedik\u00e1lja az \u00c1OK II. \u00e9ves hallgat\u00f3knak el\u0151ad\u00e1sa ut\u00e1n (Fot\u00f3: Altdorfer)<\/figcaption><\/figure>\n<hr \/>\n<p style=\"text-align: center\"><strong>Dr. R\u00f6hlich P\u00e1l tudom\u00e1nyos \u00e9letrajza<\/strong><\/p>\n<p><strong>\u00a0<\/strong><\/p>\n<p><strong>Szem\u00e9lyes adatok<\/strong>:<\/p>\n<ul>\n<li>Sz\u00fclet\u00e9si adatok: Miskolc, 1929 november 9<\/li>\n<li>Sz\u00fcl\u0151k: Dr. R\u00f6hlich Lajos, Tury Erzs\u00e9bet<\/li>\n<\/ul>\n<p><strong>Iskol\u00e1k, k\u00e9pzetts\u00e9g:<\/strong><\/p>\n<ul>\n<li>Kat. Fr\u00e1ter Gy\u00f6rgy Gimn\u00e1zium (1940-48) Miskolc, \u00e9retts\u00e9gi kit\u00fcntet\u00e9ssel 1948<\/li>\n<li>Debreceni Orvostudom\u00e1nyi Egyetem 1948-50<\/li>\n<li>Budapesti Orvostudom\u00e1nyi Egyetem 1950-54, orvosi diploma, summa cum laude 1954<\/li>\n<\/ul>\n<p><strong>Szakmai p\u00e1lyafut\u00e1s:<\/strong><\/p>\n<ul>\n<li><u>Demonstr\u00e1tor <\/u>1949-54 a Debreceni Egyetem Anat\u00f3miai, Sz\u00f6vet- \u00e9s Fejl\u0151d\u00e9stani Int\u00e9zet\u00e9ben, majd a Budapesti Orvostudom\u00e1nyi Egyetem Sz\u00f6vet- \u00e9s Fejl\u0151d\u00e9stani Int\u00e9zet\u00e9ben<\/li>\n<li><u>Gyakornok, majd tan\u00e1rseg\u00e9d, <\/u>k\u00e9s\u0151bb <u> munkat\u00e1rs<\/u> a Semmelweis Orvostudom\u00e1nyi Egyetem Sz\u00f6vet- \u00e9s Fejl\u0151d\u00e9stani Int\u00e9zet\u00e9ben 1954-63<\/li>\n<li><u>Tudom\u00e1nyos f\u0151munkat\u00e1rs<\/u>, majd <u>oszt\u00e1lyvezet\u0151<\/u> ugyanott: (II. sz. Anat\u00f3miai, Sz\u00f6vet- \u00e9s Fejl\u0151d\u00e9stani Int\u00e9zetben, k\u00e9s\u0151bbi nev\u00e9n Hum\u00e1nmorfol\u00f3giai, Sejt- \u00e9s Fejl\u0151d\u00e9sbiol\u00f3giai Int\u00e9zetben) 1963-1991<\/li>\n<li><u>Tudom\u00e1nyos tan\u00e1csad\u00f3<\/u> 1991-94, majd 1999-2003<\/li>\n<li>A Semmelweis Egyetem I.sz. Elektronmikroszk\u00f3pos Lab. vezet\u0151je 1963-99<\/li>\n<li><u> egyetemi tan\u00e1r<\/u> 1981,<br \/>\n<figure id=\"attachment_22947\" aria-describedby=\"caption-attachment-22947\" style=\"width: 275px\" class=\"wp-caption alignright\"><img loading=\"lazy\" decoding=\"async\" class=\"wp-image-22947 size-medium\" src=\"https:\/\/semmelweis.hu\/anatomia\/files\/2019\/05\/RP-Zeiss-EM-275x300.jpg\" alt=\"\" width=\"275\" height=\"300\" srcset=\"https:\/\/semmelweis.hu\/anatomia\/files\/2019\/05\/RP-Zeiss-EM-275x300.jpg 275w, https:\/\/semmelweis.hu\/anatomia\/files\/2019\/05\/RP-Zeiss-EM-768x837.jpg 768w, https:\/\/semmelweis.hu\/anatomia\/files\/2019\/05\/RP-Zeiss-EM-940x1024.jpg 940w, https:\/\/semmelweis.hu\/anatomia\/files\/2019\/05\/RP-Zeiss-EM.jpg 984w\" sizes=\"auto, (max-width: 275px) 100vw, 275px\" \/><figcaption id=\"caption-attachment-22947\" class=\"wp-caption-text\">Munka k\u00f6zben az elektronmikroszk\u00f3pn\u00e1l<\/figcaption><\/figure>\n<\/li>\n<li><u> med. habil. 1994,<\/u><\/li>\n<li><u>egyetemi tan\u00e1r<\/u> 1994<\/li>\n<li><u>Professor emeritus<\/u> 2003<\/li>\n<\/ul>\n<p>&nbsp;<\/p>\n<p><strong>Tudom\u00e1nyos min\u0151s\u00edt\u00e9sek:<\/strong><\/p>\n<ul>\n<li><u>Orvostudom\u00e1nyok kandid\u00e1tusa<\/u> 1968, az \u00e9rtekez\u00e9s c\u00edme: \u201ePhotoreceptorok f\u00ednom szerkezete norm\u00e1lis \u00e9s k\u00eds\u00e9rleti felt\u00e9telek k\u00f6z\u00f6tt\u201d<\/li>\n<li><u>Orvostudom\u00e1nyok doktora (Dr. Sc)<\/u> 1994, \u00e9rtekez\u00e9s c\u00edme: \u201eRetin\u00e1lis fotopigmentek sejtbiol\u00f3gi\u00e1ja\u201d.<\/li>\n<\/ul>\n<p><strong>Nyelvismeret:<\/strong><\/p>\n<p>Angol \u00e9s n\u00e9met el\u0151ad\u00f3i szinten, francia olvas\u00e1si szinten, 8 \u00e9v gimn\u00e1ziumi latin<\/p>\n<p><strong>\u00a0<\/strong><\/p>\n<p><strong>K\u00fclf\u00f6ldi tanulm\u00e1nyutak, vend\u00e9gprofesszori egy\u00fcttm\u0171k\u00f6d\u00e9sek:<\/strong><\/p>\n<ul>\n<li><u>Csehszlov\u00e1kia 1956, Pozsony \u00e9s Pr\u00e1ga<\/u>, az egyetemek sz\u00f6vettani int\u00e9zet\u00e9ben: Tesla elektronmikroszk\u00f3pok \u00e9s EM technik\u00e1k tanulm\u00e1nyoz\u00e1sa.<\/li>\n<li><u>NSZK 1958, Kiel. <\/u>Az Egyetem Anat\u00f3miai Int\u00e9zet\u00e9ben W. Bargmann professzorn\u00e1l: A perineurium finom szerkezet\u00e9nek kutat\u00e1sa, korszer\u0171 EM preparat\u00edv elj\u00e1r\u00e1sok elsaj\u00e1t\u00edt\u00e1sa.<\/li>\n<li><u>Franciaorsz\u00e1g, P\u00e1rizs 1963<\/u>, a CNRS Sejtbiol\u00f3giai Int\u00e9zet\u00e9ben: fagyasztva-t\u00f6r\u00e9ses \u00e9s egy\u00e9b cryo-technik\u00e1k tanulm\u00e1nyoz\u00e1sa<\/li>\n<li><u>Ausztria 1973 \u00e9s 1978, a <\/u>Salzburgi Egyetem Zool\u00f3giai Int\u00e9zet\u00e9ben vend\u00e9gprofesszork\u00e9nt egyetemi tantermi el\u0151ad\u00e1sok tart\u00e1sa neurocytologiai kurzusok form\u00e1j\u00e1ban.<\/li>\n<li><u>Sv\u00e9dorsz\u00e1g, Stockholm, 1970<\/u>, Karolinska Egyetem Farmakol\u00f3giai Int\u00e9zet\u00e9ben, B. Uvn\u00e4s professzor megh\u00edv\u00e1s\u00e1ra vend\u00e9gprofesszori kollabor\u00e1ci\u00f3. Eredm\u00e9ny: A hisztaminnak a h\u00edz\u00f3sejtb\u0151l t\u00f6rt\u00e9n\u0151 felszabadul\u00e1s\u00e1nak sejtbiol\u00f3giai mechanizmusa, a szekvenci\u00e1lis exocit\u00f3zis.<\/li>\n<li><u>Egyes\u00fclt Kir\u00e1lys\u00e1g, London 1975<\/u>, Clinical Research Centre (Harrow) Patol\u00f3giai Int\u00e9zet\u00e9ben A,C. Allison professzorral 1 \u00e9ves egy\u00fcttm\u0171k\u00f6d\u00e9s. Eredm\u00e9ny: A caveol\u00e1k ir\u00e1ny\u00edtott szervez\u0151d\u00e9se fibroblasztokban, a burkos endocitotikus vezikul\u00e1k burk\u00e1nak molekul\u00e1ris azonos\u00edt\u00e1sa.<\/li>\n<li><u>USA, San Antonio, 1987-89<\/u>, UTHSCA Egyetem Patol\u00f3giai Int\u00e9zet\u00e9ben D.S. Papermaster professzor megh\u00edv\u00e1s\u00e1ra 15 h\u00f3napos kollabor\u00e1ci\u00f3. Eredm\u00e9ny: a retin\u00e1lis fotoreceptor mozaik UV-\u00e9rz\u00e9keny csapsejtjeinek azonos\u00edt\u00e1sa, lokaliz\u00e1ci\u00f3ja k\u00e9t\u00e9lt\u0171ben \u00e9s eml\u0151s \u00e1llatban.<\/li>\n<\/ul>\n<p>&nbsp;<\/p>\n<p><strong>F\u0151bb tudom\u00e1nyos kutat\u00e1si ir\u00e1nyok, eredm\u00e9nyek<\/strong><\/p>\n<ul style=\"list-style-type: square\">\n<li><strong>Fotoreceptorsejtek \u00e9s retina<\/strong>\n<ul style=\"list-style-type: square\">\n<li>Fotoreceptorsejtek \u00f6sszehasonl\u00edt\u00f3 ultrastrukt\u00far\u00e1lis vizsg\u00e1lata gerinctelenekben \u00e9s gerincesekben, a \u201efotoreceptormembr\u00e1n\u201d fogalm\u00e1nak bevezet\u00e9se.<\/li>\n<li>A fotoreceptormembr\u00e1n f\u00e9nyk\u00e1rosod\u00e1sa er\u0151s f\u00e9nyterhel\u00e9s hat\u00e1s\u00e1ra.<\/li>\n<li>A gerincesekben a fotoreceptormembr\u00e1nokat tartalmaz\u00f3 k\u00fcltagot a beltaghoz r\u00f6gz\u00edt\u0151 \u00e9rz\u0151 csill\u00f3 szerkezete, anal\u00f3gi\u00e1ja a motilis csill\u00f3k kezdeti szakasz\u00e1val.<\/li>\n<li>A rodopszin molekul\u00e1k orient\u00e1lts\u00e1ga a fotoreceptormembr\u00e1nban.<\/li>\n<li>Az interphotoreceptor matrix (IPM) felfedez\u00e9se (sz\u00e9nhidr\u00e1td\u00fas makromolekul\u00e1ris h\u00fcvely, nagyr\u00e9szt a fotoreceptorsejt term\u00e9ke.<\/li>\n<li>A retina fotoreceptor mozaikj\u00e1nak felt\u00e9rk\u00e9pez\u00e9se saj\u00e1t monoklon\u00e1lis ill. poliklon\u00e1lis ellenanyagokkal, Ezen munk\u00e1k d\u00f6nt\u0151 t\u00f6bbs\u00e9g\u00e9t <strong>Sz\u00e9l \u00c1goston<\/strong> munkat\u00e1rsammal \u00e9s r\u00e9szben az \u0151 tan\u00edtv\u00e1nyaival, <strong>Szab\u00f3 Arnolddal<\/strong> \u00e9s a k\u00f6zelm\u00faltig <strong>Luk\u00e1ts \u00c1kossal<\/strong> k\u00f6z\u00f6sen v\u00e9gezt\u00fck. \u0150k \u00e9s tan\u00edtv\u00e1nyaik a fotoreceptor-kutat\u00e1st a teljes retin\u00e1ra is kiterjesztve viszik tov\u00e1bb, nagyr\u00e9szt hum\u00e1npatol\u00f3giai ir\u00e1nyban. N\u00e9h\u00e1ny fontosabb lelet:\n<ul>\n<li>K\u00e9kcsap-mentes ter\u00fclet a foveola k\u00f6zep\u00e9n,<\/li>\n<li>K\u00e9tf\u00e9le csap-opszin ugyanabban a csapban (koexpresszi\u00f3, du\u00e1lis csapok).<\/li>\n<li>A retina dorz\u00e1lis r\u00e9gi\u00f3j\u00e1ban z\u00f6ld-\u00e9rz\u00e9keny, ventr\u00e1lis fel\u00e9ben k\u00e9k-\u00e9rz\u00e9keny csapok, az \u00e1tmeneti z\u00f3n\u00e1ban du\u00e1lis csapok (eg\u00e9r, tengerimalac, ny\u00fal).<\/li>\n<li>Csapok transzdifferenci\u00e1ci\u00f3ja (k\u00e9kb\u0151l z\u00f6ld-\u00e9rz\u00e9kenybe) fejl\u0151d\u00e9s sor\u00e1n eg\u00e9rben.<\/li>\n<li>Du\u00e1lis csapok majomban, emberben a retina sz\u00e9l\u00e9n \u00e9s retina-k\u00e1rosod\u00e1sban, egyes \u00e1llatfajok minden csapj\u00e1ban<\/li>\n<\/ul>\n<\/li>\n<\/ul>\n<\/li>\n<li><strong>A h\u00edz\u00f3sejtb\u0151l t\u00f6rt\u00e9n\u0151 hisztamin-felszabadul\u00e1s sejtbiol\u00f3giai mechanizmusa.<br \/>\n<\/strong>A hisztamin a h\u00edz\u00f3sejtb\u0151l a granulumok exocytosis\u00e1val (\u00e9s nem a membr\u00e1nokon kereszt\u00fcli diff\u00fazi\u00f3val) szabadul fel (bizony\u00edt\u00e1s elektronmikroszk\u00f3pos extracellul\u00e1ris jelz\u0151anyagokkal). A granulumokkal teli h\u00edz\u00f3sejtben az exocytosisok a sejt perif\u00e9ri\u00e1ja fel\u0151l fokozatosan haladnak a sejt belsej\u00e9be (\u201eszekvenci\u00e1lis exocytosis\u201d).<\/li>\n<li><strong>Endocytotikus folyamatok <\/strong>Ligandok internaliz\u00e1ci\u00f3j\u00e1ban szerepet j\u00e1tsz\u00f3 clathrin-burkos vesicul\u00e1k burokfeh\u00e9rj\u00e9j\u00e9nek molekul\u00e1ris azonos\u00edt\u00e1sa. Caveol\u00e1k lokaliz\u00e1ci\u00f3ja fibroblastokban. &#8211;\u00a0 Ezt az ir\u00e1nyt tov\u00e1bb folytatta laborat\u00f3riumunkban <strong> Kiss Anna <\/strong>munkat\u00e1rsaival egy\u00fctt: immunkomplexek makrof\u00e1gokba t\u00f6rt\u00e9n\u0151 felv\u00e9tel\u00e9t befoly\u00e1sol\u00f3 t\u00e9nyez\u0151knek, \u00fajabban az epithelio-mesenchymalis transzform\u00e1ci\u00f3 molekul\u00e1ris \u00e9s ultrastrukt\u00far\u00e1lis viszonyainak vizsg\u00e1lat\u00e1val.<\/li>\n<li><strong>A perineurium finom szerkezete \u00e9s barrier funkci\u00f3ja.<\/strong> A p\u00e1rhuzamos, z\u00e1rt laph\u00e1mr\u00e9tegekb\u0151l fel\u00e9p\u00fcl\u0151 perineurium diff\u00fazi\u00f3s g\u00e1tk\u00e9nt m\u0171k\u00f6dik. Az arachnoidea \u00e9s a perif\u00e9ri\u00e1s idegrendszeri burkok \u00f6sszef\u00fcgg\u00e9se.<\/li>\n<li><strong>A nyiroksz\u00f6vet, nyirokszervek \u00e9s nyirok-kapill\u00e1risok finom szerkezete <\/strong>(<strong>Ol\u00e1h Imr\u00e9vel<\/strong> \u00e9s <strong>T\u00f6r\u0151 Imr\u00e9vel<\/strong> k\u00f6z\u00f6sen)<strong>. <\/strong>A k\u00f6zel egy \u00e9vtizedes munka eredm\u00e9nyeinek \u00f6sszefoglal\u00e1sa k\u00f6nyv form\u00e1j\u00e1ban 3 kiad\u00f3 kiad\u00e1s\u00e1ban magyar \u00e9s angol nyelven (Ultrastructure of lymphoid organs. An electron microscopic atlas)<\/li>\n<li><strong>A corpus pineale fotoreceptorai, cirkumventrikul\u00e1ris szervek<\/strong> (egy\u00fcttm\u0171k\u00f6d\u00e9s <strong>V\u00edgh B\u00e9la<\/strong> munkacsoportj\u00e1val). Fotopigment-ellenes ellenanyagainkat, valamint a corpus pineale fotopigmentje (pinopsin) ellen termelt ellenanyagunkat felhaszn\u00e1lva a munkacsoport felt\u00e9rk\u00e9pezte a fotoreceptorsejteknek a submammali\u00e1k fel\u0151l az eml\u0151s\u00f6k fel\u00e9 val\u00f3 \u00e1talakul\u00e1s\u00e1nak r\u00e9szleteit, valamint az extraretin\u00e1lis fotoreceptor strukt\u00far\u00e1kat. A neurohumor\u00e1lis funkci\u00f3j\u00fa szervek (eminentia mediana, subcomissuralis szerv, paraventricularis szerv, organon laminae terminalis) elektronmikroszk\u00f3pos szerkezet\u00e9nek le\u00edr\u00e1sa.<\/li>\n<\/ul>\n<p><strong>\u00a0<\/strong><\/p>\n<p><strong>Publik\u00e1ci\u00f3k:<\/strong><\/p>\n<p><u>K\u00f6zlem\u00e9nyek<\/u> sz\u00e1ma: 196<\/p>\n<p><u>El\u0151ad\u00e1sok<\/u> sz\u00e1ma: 144, ebb\u0151l nemzetk\u00f6zi foly\u00f3iratokban \u00f6sszefoglal\u00f3val rendelkez\u0151k\u00e9 55<\/p>\n<p><u>Id\u00e9z\u00e9sek <\/u>sz\u00e1ma a k\u00f6zlem\u00e9nyekre: k\u00f6zel 4000<\/p>\n<p><u>K\u00f6nyvek, k\u00f6nyvfejezetek<\/u>:<\/p>\n<ul>\n<li>Ol\u00e1h I., R\u00f6hlich, P. T\u00f6r\u0151, I.: Ultrastructure of lymphoid organs: an electron microscopic atlas, Akad\u00e9miai Kiad\u00f3, Masson Paris, Lippincott USA, 1975<\/li>\n<li>Somogyi J\u00e1nos (szerk.): A biomembr\u00e1nok szerkezete \u00e9s m\u0171k\u00f6d\u00e9se, Akad\u00e9miai Kiad\u00f3, Budapest, (1989) ,: R\u00f6hlich P.: A membr\u00e1nok tanulm\u00e1nyoz\u00e1s\u00e1ra szolg\u00e1l\u00f3 morfol\u00f3giai m\u00f3dszerek. vol. I., pp. 153-184 \u00e9s\u00a0 A sejtmembr\u00e1n szerepe a sejt eg\u00e9sz\u00e9nek m\u0171k\u00f6d\u00e9s\u00e9ben. vol. II, pp. 1-84<\/li>\n<li>Szab\u00f3 G\u00e1bor (szerkeszt\u0151): Sejtbiol\u00f3gia tank\u00f6nyv, Medicina K\u00f6nyvkiad\u00f3, Budapest, 2004, 2009, 2 fejezet: R\u00f6hlich P. Bevezet\u00e9s a sejtbiol\u00f3gi\u00e1ba, 31-59. old. \u00e9s Jel\u00e1tvitel fotoreceptorsejtekben (fototranszdukci\u00f3), 475-481. old.<\/li>\n<\/ul>\n<p><strong>\u00a0<\/strong><\/p>\n<p><strong>Egyetemi oktat\u00f3munka<\/strong><\/p>\n<p><img loading=\"lazy\" decoding=\"async\" class=\"size-medium wp-image-22948 alignright\" src=\"https:\/\/semmelweis.hu\/anatomia\/files\/2019\/05\/Sz\u00f6vettan-k\u00f6nyv-2014a-216x300.jpg\" alt=\"\" width=\"216\" height=\"300\" srcset=\"https:\/\/semmelweis.hu\/anatomia\/files\/2019\/05\/Sz\u00f6vettan-k\u00f6nyv-2014a-216x300.jpg 216w, https:\/\/semmelweis.hu\/anatomia\/files\/2019\/05\/Sz\u00f6vettan-k\u00f6nyv-2014a-768x1067.jpg 768w, https:\/\/semmelweis.hu\/anatomia\/files\/2019\/05\/Sz\u00f6vettan-k\u00f6nyv-2014a-737x1024.jpg 737w, https:\/\/semmelweis.hu\/anatomia\/files\/2019\/05\/Sz\u00f6vettan-k\u00f6nyv-2014a.jpg 864w\" sizes=\"auto, (max-width: 216px) 100vw, 216px\" \/><\/p>\n<p>&nbsp;<\/p>\n<ul>\n<li>R\u00f6hlich P. (szerk. + 2 fejezet): <strong>Sz\u00f6vettan<\/strong> <strong>tank\u00f6nyv<\/strong>, Semmelweis Egyetem, K\u00e9pz\u00e9skutat\u00f3 K\u00f6zpont, Budapest (I. \u00e9s II, kiad\u00e1s: 1999 \u00e9s 2002), Semmelweis Kiad\u00f3, Budapest (III. \u00e9s IV. kiad\u00e1s: 2006 \u00e9s 2014)<\/li>\n<li>A sz\u00f6vettan \u00e9s fejl\u0151d\u00e9stan teljes anyag\u00e1nak tantermi el\u0151ad\u00e1sa magyarul az egyik \u00e9vfolyamf\u00e9l sz\u00e1m\u00e1ra 1960-1971, n\u00e9met\u00fcl NDK hallgat\u00f3knak 1960 \u00e9s 1963 k\u00f6z\u00f6tt,<\/li>\n<li>Tantermi el\u0151ad\u00e1sok az anat\u00f3mia, sz\u00f6vet- \u00e9s fejl\u0151d\u00e9stan v\u00e1logatott fejezeteib\u0151l 1971-t\u0151l kezdve magyarul, 1983-t\u00f3l kezdve n\u00e9met nyelven, 1989-t\u0151l angol nyelven is<\/li>\n<li>A biol\u00f3gia (f\u0151k\u00e9nt sejtbiol\u00f3gia) tananyag \u00f6ssze\u00e1ll\u00edt\u00e1sa n\u00e9met hallgat\u00f3knak az egyetem n\u00e9metnyelv\u0171 oktat\u00e1s\u00e1nak megkezd\u00e9sekor (1983), sejtbiol\u00f3giai tantermi el\u0151ad\u00e1sok n\u00e9metnyelv\u0171 hallgat\u00f3knak a Biol\u00f3giai Int\u00e9zetben 1983-t\u00f3l kb. 1995-ig.<\/li>\n<li>A komprim\u00e1lt sejtbiol\u00f3giai el\u0151ad\u00e1si anyag \u00f6ssze\u00e1ll\u00edt\u00e1sa, 2008). Sejtbiol\u00f3giai \u00e9s sz\u00f6vettani tantermi el\u0151ad\u00e1sok magyar, angol \u00e9s n\u00e9met nyelven 2008- 2019,<\/li>\n<li>Sz\u00f6vettani gyakorlatok orvostanhallgat\u00f3knak magyarul 1950-t\u0151l 2017-ig.<\/li>\n<li>Sz\u00f6vettani gyakorlatok n\u00e9met nyelven 1960 \u00e9s 1963 k\u00f6z\u00f6tt, majd 1983-2018.<\/li>\n<li>A Semmelweis Egyetem n\u00e9metnyelv\u0171 programj\u00e1t szervez\u0151 gr\u00e9mium tagja 1991-<\/li>\n<li>Speci\u00e1lkoll\u00e9giumok tudom\u00e1nyos di\u00e1kk\u00f6ri hallgat\u00f3k r\u00e9sz\u00e9re az elektron-mikroszk\u00f3pia t\u00e1rgyk\u00f6r\u00e9b\u0151l, TDK konferenci\u00e1k b\u00edr\u00e1l\u00f3bizotts\u00e1gi tagja,<\/li>\n<li>PhD tanfolyamok a mikroszk\u00f3pos vizsg\u00e1l\u00f3m\u00f3dszerekr\u0151l (1995, 1999, 2001, 2005)<\/li>\n<\/ul>\n<p><strong>\u00a0<\/strong><\/p>\n<p><strong>Tudom\u00e1nyos k\u00f6z\u00e9leti tev\u00e9kenys\u00e9g:<\/strong><\/p>\n<p><strong>Hazai \u00e9s nemzetk\u00f6zi t\u00e1rsas\u00e1gokban, szervezetekben:<\/strong><\/p>\n<ul>\n<li>A MATE Elektronmikroszk\u00f3pos Szakoszt\u00e1ly alap\u00edt\u00f3 \u00e9s vezet\u0151s\u00e9gi tagja (1955-1990), majd a Magyar Elektronmikroszk\u00f3pos T\u00e1rsas\u00e1g eln\u00f6ke (1990-1994), az ut\u00f3d Magyar Mikroszk\u00f3pos T\u00e1rsas\u00e1g tiszteletbeli eln\u00f6ke (1995-)<\/li>\n<li>A Magyar Anat\u00f3mus T\u00e1rsas\u00e1g vezet\u0151s\u00e9gi tagja (1968-1991), f\u0151titk\u00e1ra (1977-1982),<\/li>\n<li>A Magyar Biol\u00f3gus T\u00e1rsas\u00e1g Sejtbiol\u00f3giai Szakoszt\u00e1ly\u00e1nak alap\u00edt\u00f3 tagja, titk\u00e1ra (1974-1986), eln\u00f6ke (1986-1993),<\/li>\n<li>Az Eur\u00f3pai Sejtbiol\u00f3giai Szervezet (ECBO) vezet\u0151s\u00e9gi tagja (1969-1980), v\u00e9grehajt\u00f3i bizotts\u00e1gi tagja (1982-1986), aleln\u00f6ke (1986-1994),<\/li>\n<li>Az MTA Biol\u00f3giai Tudom\u00e1nyok Oszt\u00e1lya Cytologiai \u00e9s Morphologiai, majd Sejt- \u00e9s Fejl\u0151d\u00e9sbiol\u00f3giai Bizotts\u00e1g\u00e1nak tagja, a Sejtbiol\u00f3giai Bizotts\u00e1g eln\u00f6ke (1990-1996),<\/li>\n<li>Az MTA Orvosi Tudom\u00e1nyok Oszt\u00e1lya Elm\u00e9leti Orvostudom\u00e1nyi Bizotts\u00e1g\u00e1nak tagja (1997-2002),<\/li>\n<li>MTA Doktori Tan\u00e1csa Orvosi Oszt\u00e1ly III.sz. Bizotts\u00e1g tagja (1999-2005)<\/li>\n<li>K\u00fcl\u00f6nb\u00f6z\u0151 tudom\u00e1nyszervez\u00e9si bizotts\u00e1gok, koll\u00e9giumok (OTKA, OM, stb.) tagja k\u00fcl\u00f6nb\u00f6z\u0151 id\u0151szakokban<\/li>\n<\/ul>\n<p><strong>Nemzetk\u00f6zi kongresszusok rendez\u00e9se<\/strong><\/p>\n<ul>\n<li><u>Joint Congress of the European Tissue Culture and RES Societies<\/u>, Budapest, 1983 (szervez\u0151bizotts\u00e1gi tag, a kongresszusi k\u00f6tet t\u00e1rsszerkeszt\u0151je)<\/li>\n<li><u>European Congress on Electron Microscopy (EUREM 84)<\/u>, Budapest, 1984 (szervez\u0151bizotts\u00e1gi tag, a biol\u00f3giai program szervez\u0151je, a kongresszusi k\u00f6tet t\u00e1rsszerkeszt\u0151je),<\/li>\n<li><u>2nd European Congress on Cell Biolo<\/u>gy, Budapest, 1986 (f\u0151titk\u00e1r)<\/li>\n<li>Tags\u00e1g hat nemzetk\u00f6zi kongresszus tudom\u00e1nyos tan\u00e1csad\u00f3 test\u00fclet\u00e9ben.<\/li>\n<\/ul>\n<p><strong>\u00a0<\/strong><\/p>\n<p><strong>Elismer\u00e9sek, d\u00edjak:<\/strong><\/p>\n<p>Akad\u00e9miai D\u00edj 1975, A Magyar Eg\u00e9szs\u00e9g\u00fcgyi Fels\u0151oktat\u00e1s \u00c9rdek\u00e9ben V\u00e9gzett Munk\u00e1\u00e9rt 1976, A Semmelweis O.T.E. Kiv\u00e1l\u00f3 Oktat\u00f3ja, I. fokozat 1992, MBT Huzella Tivadar D\u00edj 1993, Purkinje D\u00edj 1994, Romh\u00e1nyi D\u00edj 1996, Szent\u00e1gothai D\u00edj 1999, Szentgy\u00f6rgyi Albert D\u00edj 1999, OTKA Ipolyi Arnold D\u00edj 2000, MTA E\u00f6tv\u00f6s Koszor\u00fa 2001, Semmelweis Egyetem \u201eProfessor Emeritus\u201d 2003, Semmelweis Egyetem Pro Universitate D\u00edj Ez\u00fcst Fokozat 2014, Magyar \u00c9rdemrend Tiszti Fokozat 2016.<\/p>\n<p>&nbsp;<\/p>\n<figure id=\"attachment_22945\" aria-describedby=\"caption-attachment-22945\" style=\"width: 690px\" class=\"wp-caption aligncenter\"><a href=\"https:\/\/semmelweis.hu\/anatomia\/files\/2019\/05\/80-\u00e9ves.jpg\"><img loading=\"lazy\" decoding=\"async\" class=\"wp-image-22945 size-large\" src=\"https:\/\/semmelweis.hu\/anatomia\/files\/2019\/05\/80-\u00e9ves-1024x683.jpg\" alt=\"\" width=\"690\" height=\"460\" srcset=\"https:\/\/semmelweis.hu\/anatomia\/files\/2019\/05\/80-\u00e9ves-1024x683.jpg 1024w, https:\/\/semmelweis.hu\/anatomia\/files\/2019\/05\/80-\u00e9ves-300x200.jpg 300w, https:\/\/semmelweis.hu\/anatomia\/files\/2019\/05\/80-\u00e9ves-768x512.jpg 768w, https:\/\/semmelweis.hu\/anatomia\/files\/2019\/05\/80-\u00e9ves-450x300.jpg 450w\" sizes=\"auto, (max-width: 690px) 100vw, 690px\" \/><\/a><figcaption id=\"caption-attachment-22945\" class=\"wp-caption-text\">K\u00f6sz\u00f6nt\u00e9s a 80 \u00e9ves sz\u00fclet\u00e9snapon<\/figcaption><\/figure>\n","protected":false},"excerpt":{"rendered":"<p>Dr. R\u00f6hlich P\u00e1l professzor egyetemi tan\u00e1r, az MTA doktora professor emeritus Anat\u00f3miai, Sz\u00f6vet- \u00e9s Fejl\u0151d\u00e9stani Int\u00e9zet Mell\u00e9k:\u00a0 53665 email: <a href=\"mailto:rohlich.pal@med.semmelweis-univ.hu\">rohlich.pal@med.semmelweis-univ.hu<\/a> sz. dolgoz\u00f3szoba &nbsp; &nbsp; Dr. R\u00f6hlich P\u00e1l tudom\u00e1nyos \u00e9letrajza \u00a0 Szem\u00e9lyes adatok: Sz\u00fclet\u00e9si adatok: Miskolc, 1929 november 9 Sz\u00fcl\u0151k: Dr. R\u00f6hlich Lajos, Tury Erzs\u00e9bet Iskol\u00e1k, k\u00e9pzetts\u00e9g: Kat. Fr\u00e1ter Gy\u00f6rgy Gimn\u00e1zium (1940-48) Miskolc, \u00e9retts\u00e9gi kit\u00fcntet\u00e9ssel 1948 Debreceni &hellip;<\/p>\n","protected":false},"author":101248,"featured_media":0,"parent":19145,"menu_order":0,"comment_status":"closed","ping_status":"closed","template":"","meta":{"_acf_changed":false,"footnotes":""},"categories":[],"tags":[],"class_list":["post-19220","page","type-page","status-publish","hentry"],"acf":[],"_links":{"self":[{"href":"https:\/\/semmelweis.hu\/anatomia\/wp-json\/wp\/v2\/pages\/19220","targetHints":{"allow":["GET"]}}],"collection":[{"href":"https:\/\/semmelweis.hu\/anatomia\/wp-json\/wp\/v2\/pages"}],"about":[{"href":"https:\/\/semmelweis.hu\/anatomia\/wp-json\/wp\/v2\/types\/page"}],"author":[{"embeddable":true,"href":"https:\/\/semmelweis.hu\/anatomia\/wp-json\/wp\/v2\/users\/101248"}],"replies":[{"embeddable":true,"href":"https:\/\/semmelweis.hu\/anatomia\/wp-json\/wp\/v2\/comments?post=19220"}],"version-history":[{"count":10,"href":"https:\/\/semmelweis.hu\/anatomia\/wp-json\/wp\/v2\/pages\/19220\/revisions"}],"predecessor-version":[{"id":30651,"href":"https:\/\/semmelweis.hu\/anatomia\/wp-json\/wp\/v2\/pages\/19220\/revisions\/30651"}],"up":[{"embeddable":true,"href":"https:\/\/semmelweis.hu\/anatomia\/wp-json\/wp\/v2\/pages\/19145"}],"wp:attachment":[{"href":"https:\/\/semmelweis.hu\/anatomia\/wp-json\/wp\/v2\/media?parent=19220"}],"wp:term":[{"taxonomy":"category","embeddable":true,"href":"https:\/\/semmelweis.hu\/anatomia\/wp-json\/wp\/v2\/categories?post=19220"},{"taxonomy":"post_tag","embeddable":true,"href":"https:\/\/semmelweis.hu\/anatomia\/wp-json\/wp\/v2\/tags?post=19220"}],"curies":[{"name":"wp","href":"https:\/\/api.w.org\/{rel}","templated":true}]}}