{"id":19203,"date":"2018-09-21T20:29:29","date_gmt":"2018-09-21T18:29:29","guid":{"rendered":"http:\/\/semmelweis.hu\/anatomia\/?page_id=19203"},"modified":"2021-02-09T18:20:23","modified_gmt":"2021-02-09T17:20:23","slug":"dora-david-dr","status":"publish","type":"page","link":"https:\/\/semmelweis.hu\/anatomia\/szemelyes-oldalak-personal-pages\/dora-david-dr\/","title":{"rendered":"D\u00f3ra D\u00e1vid Dr."},"content":{"rendered":"<p>Dr. D\u00f3ra D\u00e1vid, Ph.D.<\/p>\n<p><img loading=\"lazy\" decoding=\"async\" class=\" wp-image-23666 alignright\" src=\"https:\/\/semmelweis.hu\/anatomia\/files\/2019\/09\/foto-D\u00f3ra-D\u00e1vid.jpg\" alt=\"\" width=\"215\" height=\"215\" srcset=\"https:\/\/semmelweis.hu\/anatomia\/files\/2019\/09\/foto-D\u00f3ra-D\u00e1vid.jpg 200w, https:\/\/semmelweis.hu\/anatomia\/files\/2019\/09\/foto-D\u00f3ra-D\u00e1vid-150x150.jpg 150w, https:\/\/semmelweis.hu\/anatomia\/files\/2019\/09\/foto-D\u00f3ra-D\u00e1vid-144x144.jpg 144w, https:\/\/semmelweis.hu\/anatomia\/files\/2019\/09\/foto-D\u00f3ra-D\u00e1vid-90x90.jpg 90w\" sizes=\"auto, (max-width: 215px) 100vw, 215px\" \/><\/p>\n<p>egyetemi adjunktus<\/p>\n<p><a href=\"mailto:dora.david@med.semmelweis-univ.hu\">dora.david@med.semmelweis-univ.hu<\/a><\/p>\n<p><a href=\"https:\/\/semmelweis.hu\/anatomia\/kutatas\/laborok-kutatocsoportok\/ossejtlab\/\" target=\"_blank\" rel=\"noopener noreferrer\"><strong>\u0150ssejt \u00e9s K\u00eds\u00e9rletes Embriol\u00f3gia Laborat\u00f3rium<\/strong><\/a><\/p>\n<p><strong>\u00a0<\/strong><\/p>\n<p>&nbsp;<\/p>\n<p><strong><u>Tanulm\u00e1nyok:<\/u><\/strong><\/p>\n<p>2006 \u2013 2012 \u00a0\u00a0\u00a0\u00a0\u00a0 MD Semmelweis Egyetem, \u00c1ltal\u00e1nos Orvostudom\u00e1nyi kar, Budapest, Magyarorsz\u00e1g<\/p>\n<p>2012\u2013 2018 \u00a0\u00a0\u00a0\u00a0\u00a0\u00a0 doktorandusz hallgat\u00f3, Semmelweis Egyetem, Molekul\u00e1ris Orvostudom\u00e1nyok Doktori Iskola<\/p>\n<p>2018\u00a0\u00a0\u00a0\u00a0\u00a0\u00a0\u00a0\u00a0\u00a0\u00a0\u00a0\u00a0\u00a0\u00a0\u00a0\u00a0\u00a0\u00a0\u00a0\u00a0\u00a0 PhD, Semmelweis Egyetem<\/p>\n<p>\u00c9rtekez\u00e9s c\u00edme: <strong><em>&#8222;Ny\u00falv\u00e1nyos CD45+ sejtek ontogenezise a<br \/>\nmad\u00e1r embri\u00f3ban \u00e9s a b\u00e9lidegrendszer ganglionjaiban&#8221;<\/em><\/strong><\/p>\n<p><a href=\"https:\/\/doktori.hu\/index.php?menuid=193&amp;lang=HU&amp;vid=19353&amp;popup=1\">https:\/\/doktori.hu\/index.php?menuid=193&amp;lang=HU&amp;vid=19353&amp;popup=1<\/a><\/p>\n<p><strong><u>\u00a0<\/u><\/strong><\/p>\n<p><strong><u>Oktat\u00e1si tev\u00e9kenys\u00e9g:<\/u><\/strong><\/p>\n<p>2012 \u2013 \u00a0\u00a0\u00a0\u00a0\u00a0\u00a0\u00a0\u00a0\u00a0\u00a0\u00a0\u00a0\u00a0\u00a0\u00a0\u00a0 Anat\u00f3mia, Sz\u00f6vet- \u00e9s Fejl\u0151d\u00e9stan (2019-t\u0151l Makroszk\u00f3pos \u00e9s Mikroszk\u00f3pos Anat\u00f3mia) oktat\u00e1sa orvostanhallgat\u00f3k sz\u00e1m\u00e1ra magyar \u00e9s angol nyelven<\/p>\n<p>2013 \u2013 2017\u00a0\u00a0\u00a0\u00a0\u00a0\u00a0 Anat\u00f3mia \u00e9s Hum\u00e1n Anat\u00f3mia oktat\u00e1s gy\u00f3gyszer\u00e9szhallgat\u00f3knak \u00e9s eg\u00e9szs\u00e9g\u00fcgyi informatikus hallgat\u00f3knak magyar nyelven<strong>\u00a0\u00a0\u00a0 <\/strong><\/p>\n<p>2017 &#8211; \u00a0\u00a0\u00a0\u00a0\u00a0\u00a0\u00a0\u00a0\u00a0\u00a0\u00a0\u00a0\u00a0\u00a0\u00a0\u00a0\u00a0 Anat\u00f3mia, Sz\u00f6vet- \u00e9s Fejl\u0151d\u00e9stan tantermi el\u0151ad\u00e1sok tart\u00e1sa orvostanhallgat\u00f3knak, R\u00e9szv\u00e9tel a Fejl\u0151d\u00e9sbiol\u00f3gia fakultat\u00edv kurzus tantermi el\u0151ad\u00e1saiban<\/p>\n<p>&nbsp;<\/p>\n<p><strong><u>Kutat\u00e1si tev\u00e9kenys\u00e9g:<\/u><\/strong><\/p>\n<ul>\n<li>V\u00e9rk\u00e9pz\u0151 \u0151ssejtek vizsg\u00e1lata korai mad\u00e1r embri\u00f3ban embriomanipul\u00e1ci\u00f3s technik\u00e1kkal<\/li>\n<li>A b\u00e9l makrof\u00e1g popul\u00e1ci\u00f3inak immunofenot\u00edpiz\u00e1l\u00e1sa \u00e9s ontogenezise transzgenikus mad\u00e1r modelleken<\/li>\n<li>Enter\u00e1lis ganglionok \u00e9s a b\u00e9l muscularis makrof\u00e1gjainak morfol\u00f3giai \u00e9s funkcion\u00e1lis karakteriz\u00e1l\u00e1sa fiziol\u00f3gi\u00e1s \u00e9s patol\u00f3gi\u00e1s \u00e1llapotokban, k\u00fcl\u00f6n\u00f6s figyelemmel a makrof\u00e1g-neuron interakci\u00f3kra<\/li>\n<li>Az enter\u00e1lis ganglion ultrastrukt\u00far\u00e1j\u00e1nak le\u00edr\u00e1sa f\u00e9lv\u00e9kony, elektronmikroszk\u00f3pos \u00e9s szuper-rezol\u00faci\u00f3s technik\u00e1kkal. A b\u00e9lidegrendszert k\u00f6r\u00fclvev\u0151 extracellul\u00e1ris m\u00e1trix barrier \u00e9s baz\u00e1lis membr\u00e1n (\u201ev\u00e9r-ENS g\u00e1t\u201d) morfol\u00f3giai \u00e9s funkcion\u00e1lis anal\u00edzise<\/li>\n<\/ul>\n<p><u>Haszn\u00e1lt technik\u00e1k:<\/u> rutin sz\u00f6vettan; immunhisztok\u00e9mia \u00e9s fluoreszcens immuncitok\u00e9mia fagyasztott \u00e9s paraffinos metszeteken; embriomanipul\u00e1ci\u00f3s technik\u00e1k: parabi\u00f3zis, chorioallantois membr\u00e1n grafting, test\u00fcreg kim\u00e9r\u00e1k k\u00e9sz\u00edt\u00e9se, szervteny\u00e9szt\u00e9s kollag\u00e9n g\u00e9lben, konfok\u00e1lis \u00e9s szuper-rezol\u00faci\u00f3s k\u00e9palkot\u00e1s, sz\u00e1m\u00edt\u00f3g\u00e9pes k\u00e9panal\u00edzis \u00e9s morfometria<\/p>\n<p><strong><u>\u00a0<\/u><\/strong><\/p>\n<p><strong><u>TDK t\u00e9m\u00e1k:<\/u><\/strong><\/p>\n<p>Extraembrion\u00e1lis eredet\u0171 v\u00e9rk\u00e9pz\u0151 \u0151ssejtek vizsg\u00e1lata embriomanipul\u00e1ci\u00f3s \u00e9s sejtk\u00f6vet\u00e9ses technik\u00e1kkal a korai embri\u00f3ban \u00e9s a fejl\u0151d\u0151 nyirokszervekben<\/p>\n<p>&nbsp;<\/p>\n<p>Neuroimmunol\u00f3giai kapcsolatok a b\u00e9lben: a b\u00e9lidegrendszer-makrof\u00e1g kapcsolat ultrastrukt\u00far\u00e1ja \u00e9s funkcion\u00e1lis jellemz\u00e9se fiziol\u00f3gi\u00e1s \u00e9s patol\u00f3gi\u00e1s \u00e1llapotokban<\/p>\n<p>&nbsp;<\/p>\n<p><strong>\u00a0<\/strong><\/p>\n","protected":false},"excerpt":{"rendered":"<p>Dr. D\u00f3ra D\u00e1vid, Ph.D. egyetemi adjunktus <a href=\"mailto:dora.david@med.semmelweis-univ.hu\">dora.david@med.semmelweis-univ.hu<\/a> <a href=\"https:\/\/semmelweis.hu\/anatomia\/kutatas\/laborok-kutatocsoportok\/ossejtlab\/\" target=\"_blank\" rel=\"noopener noreferrer\">\u0150ssejt \u00e9s K\u00eds\u00e9rletes Embriol\u00f3gia Laborat\u00f3rium<\/a> \u00a0 &nbsp; Tanulm\u00e1nyok: 2006 \u2013 2012 \u00a0\u00a0\u00a0\u00a0\u00a0 MD Semmelweis Egyetem, \u00c1ltal\u00e1nos Orvostudom\u00e1nyi kar, Budapest, Magyarorsz\u00e1g 2012\u2013 2018 \u00a0\u00a0\u00a0\u00a0\u00a0\u00a0 doktorandusz hallgat\u00f3, Semmelweis Egyetem, Molekul\u00e1ris Orvostudom\u00e1nyok Doktori Iskola 2018\u00a0\u00a0\u00a0\u00a0\u00a0\u00a0\u00a0\u00a0\u00a0\u00a0\u00a0\u00a0\u00a0\u00a0\u00a0\u00a0\u00a0\u00a0\u00a0\u00a0\u00a0 PhD, Semmelweis Egyetem \u00c9rtekez\u00e9s c\u00edme: &#8222;Ny\u00falv\u00e1nyos CD45+ sejtek ontogenezise a mad\u00e1r embri\u00f3ban \u00e9s a b\u00e9lidegrendszer ganglionjaiban&#8221; <a href=\"https:\/\/doktori.hu\/index.php?menuid=193&amp;lang=HU&amp;vid=19353&amp;popup=1\">https:\/\/doktori.hu\/index.php?menuid=193&amp;lang=HU&amp;vid=19353&amp;popup=1<\/a> \u00a0 Oktat\u00e1si tev\u00e9kenys\u00e9g: 2012 \u2013 \u00a0\u00a0\u00a0\u00a0\u00a0\u00a0\u00a0\u00a0\u00a0\u00a0\u00a0\u00a0\u00a0\u00a0\u00a0\u00a0 &hellip;<\/p>\n","protected":false},"author":101248,"featured_media":0,"parent":19145,"menu_order":0,"comment_status":"closed","ping_status":"closed","template":"","meta":{"_acf_changed":false,"footnotes":""},"categories":[],"tags":[],"class_list":["post-19203","page","type-page","status-publish","hentry"],"acf":[],"_links":{"self":[{"href":"https:\/\/semmelweis.hu\/anatomia\/wp-json\/wp\/v2\/pages\/19203","targetHints":{"allow":["GET"]}}],"collection":[{"href":"https:\/\/semmelweis.hu\/anatomia\/wp-json\/wp\/v2\/pages"}],"about":[{"href":"https:\/\/semmelweis.hu\/anatomia\/wp-json\/wp\/v2\/types\/page"}],"author":[{"embeddable":true,"href":"https:\/\/semmelweis.hu\/anatomia\/wp-json\/wp\/v2\/users\/101248"}],"replies":[{"embeddable":true,"href":"https:\/\/semmelweis.hu\/anatomia\/wp-json\/wp\/v2\/comments?post=19203"}],"version-history":[{"count":7,"href":"https:\/\/semmelweis.hu\/anatomia\/wp-json\/wp\/v2\/pages\/19203\/revisions"}],"predecessor-version":[{"id":28303,"href":"https:\/\/semmelweis.hu\/anatomia\/wp-json\/wp\/v2\/pages\/19203\/revisions\/28303"}],"up":[{"embeddable":true,"href":"https:\/\/semmelweis.hu\/anatomia\/wp-json\/wp\/v2\/pages\/19145"}],"wp:attachment":[{"href":"https:\/\/semmelweis.hu\/anatomia\/wp-json\/wp\/v2\/media?parent=19203"}],"wp:term":[{"taxonomy":"category","embeddable":true,"href":"https:\/\/semmelweis.hu\/anatomia\/wp-json\/wp\/v2\/categories?post=19203"},{"taxonomy":"post_tag","embeddable":true,"href":"https:\/\/semmelweis.hu\/anatomia\/wp-json\/wp\/v2\/tags?post=19203"}],"curies":[{"name":"wp","href":"https:\/\/api.w.org\/{rel}","templated":true}]}}