{"id":187,"date":"2014-04-17T12:58:37","date_gmt":"2014-04-17T12:58:37","guid":{"rendered":"http:\/\/www.ana.usn.hu\/hu\/?page_id=187"},"modified":"2025-11-29T10:17:57","modified_gmt":"2025-11-29T09:17:57","slug":"elerhetoseg","status":"publish","type":"page","link":"https:\/\/semmelweis.hu\/anatomia\/elerhetoseg\/","title":{"rendered":"El\u00e9rhet\u0151s\u00e9g \u00e9s megk\u00f6zel\u00edt\u00e9s"},"content":{"rendered":"<p style=\"text-align: center\"><strong>Semmelweis Egyetem &#8211; Anat\u00f3miai, Sz\u00f6vet- \u00e9s Fejl\u0151d\u00e9stani Int\u00e9zet<a href=\"https:\/\/semmelweis.hu\/anatomia\/files\/2021\/03\/epulet.jpg\"><img loading=\"lazy\" decoding=\"async\" class=\"aligncenter size-full wp-image-28734\" src=\"https:\/\/semmelweis.hu\/anatomia\/files\/2021\/03\/epulet.jpg\" alt=\"\" width=\"580\" height=\"300\" srcset=\"https:\/\/semmelweis.hu\/anatomia\/files\/2021\/03\/epulet.jpg 580w, https:\/\/semmelweis.hu\/anatomia\/files\/2021\/03\/epulet-400x207.jpg 400w\" sizes=\"auto, (max-width: 580px) 100vw, 580px\" \/><\/a><\/strong><\/p>\n<p style=\"text-align: left\"><strong>C\u00edm:<\/strong>\u00a01094 Budapest, \u00a0T\u0171zolt\u00f3 u. 58.<br \/>\n<strong>Postac\u00edm:<\/strong> 1085 Budapest, \u00dcll\u0151i \u00fat 26.; 1428 Budapest, Pf.2.<br \/>\n<strong>Telefonk\u00f6zpont (porta)<\/strong>: (+36 1) 459-1500 \/ 53600 mell\u00e9k<br \/>\n<strong>Fax:<\/strong> (+36 1) 215-51-58<br \/>\n<span style=\"font-size: 14pt\"><strong><a href=\"https:\/\/semmelweis.hu\/anatomia\/az-intezet\/munkatarsak\/\" target=\"_blank\" rel=\"noopener noreferrer\">Munkat\u00e1rsaink el\u00e9rhet\u0151s\u00e9ge n\u00e9v szerint&#8230;<\/a><\/strong><\/span><\/p>\n<p><strong>Gyalogos bej\u00e1rat:<\/strong> T\u0171zolt\u00f3 utca 58.<\/p>\n<figure id=\"attachment_28732\" aria-describedby=\"caption-attachment-28732\" style=\"width: 230px\" class=\"wp-caption alignnone\"><a href=\"https:\/\/semmelweis.hu\/anatomia\/files\/2021\/03\/tuzolto58-.jpg\"><img loading=\"lazy\" decoding=\"async\" class=\"wp-image-28732\" src=\"https:\/\/semmelweis.hu\/anatomia\/files\/2021\/03\/tuzolto58-.jpg\" alt=\"\" width=\"230\" height=\"133\" srcset=\"https:\/\/semmelweis.hu\/anatomia\/files\/2021\/03\/tuzolto58-.jpg 1024w, https:\/\/semmelweis.hu\/anatomia\/files\/2021\/03\/tuzolto58--400x230.jpg 400w, https:\/\/semmelweis.hu\/anatomia\/files\/2021\/03\/tuzolto58--768x443.jpg 768w, https:\/\/semmelweis.hu\/anatomia\/files\/2021\/03\/tuzolto58--753x434.jpg 753w\" sizes=\"auto, (max-width: 230px) 100vw, 230px\" \/><\/a><figcaption id=\"caption-attachment-28732\" class=\"wp-caption-text\">T\u0171zolt\u00f3 u. 58. szem\u00e9lybej\u00e1rat &#8211; bonctermi oktat\u00e1s<\/figcaption><\/figure>\n<p style=\"text-align: justify\"><strong>El\u00e9r\u00e9se t\u00f6megk\u00f6zleked\u00e9ssel:<\/strong> az M3 metr\u00f3 Semmelweis Klinik\u00e1k meg\u00e1ll\u00f3j\u00e1t\u00f3l a Verdi Grand Hotel (\u00dcll\u0151i \u00fat 89\/b.) bej\u00e1rat\u00e1hoz haladva, majd att\u00f3l jobbra, <a href=\"https:\/\/semmelweis.hu\/anatomia\/files\/2018\/07\/verdi2018-06-27-10.21.07.jpg\">a fedett \u00e1tj\u00e1r\u00f3n (k\u00e9p)<\/a> \u00e9s 2 bels\u0151 kerten, passz\u00e1zson \u00e1t a T\u0171zolt\u00f3 utc\u00e1ra \u00e9rve, majd ott balra kanyarodva \u00e9rhet\u0151 el a bej\u00e1rat (<span style=\"color: #ff0000\">jelenleg munkater\u00fclet, z\u00e1rva!<\/span>): a k\u00e9tsz\u00e1rny\u00fa, kov\u00e1csoltvas kapu (ld. al\u00e1bbi k\u00e9p). Bonctermi oktat\u00e1s az \u00e9p\u00fclett\u0151l balra, a szem\u00e9lykapun bet\u00e9rve \u00e9rhet\u0151 el.<\/p>\n<p style=\"text-align: justify\"><strong>El\u00e9r\u00e9se g\u00e9pj\u00e1rm\u0171vel:<\/strong> az \u00dcll\u0151i \u00fatr\u00f3l a v\u00e1rosb\u00f3l kifel\u00e9, a Nagyv\u00e1rad t\u00e9r fel\u00e9 haladva a Lenhoss\u00e9k utc\u00e1n kereszt\u00fcl \u00e9rhet\u0151 el leghamarabb a T\u0171zolt\u00f3 utca 58. (egyir\u00e1ny\u00fa utca!), a v\u00e1rosba befel\u00e9 j\u00f6vet az \u00dcll\u0151i \u00fat &#8211; Nagyv\u00e1rad t\u00e9r &#8211; Haller \u00fat &#8211; T\u0171zolt\u00f3 utca \u00fatvonal aj\u00e1nlhat\u00f3.<\/p>\n<p><figure style=\"width: 500px\" class=\"wp-caption aligncenter\"><a href=\"https:\/\/semmelweis.hu\/anatomia\/files\/2025\/03\/anat-kapu20250308_094211-scaled.jpg\"><img loading=\"lazy\" decoding=\"async\" src=\"https:\/\/semmelweis.hu\/anatomia\/files\/2025\/03\/anat-kapu20250308_094211-scaled.jpg\" alt=\"Bej\u00e1rat\" width=\"500\" height=\"281\" \/><\/a><figcaption class=\"wp-caption-text\">Bej\u00e1rat, de jelenleg z\u00e1rva!<\/figcaption><\/figure> <figure id=\"attachment_32836\" aria-describedby=\"caption-attachment-32836\" style=\"width: 600px\" class=\"wp-caption aligncenter\"><a href=\"https:\/\/semmelweis.hu\/anatomia\/files\/2025\/07\/kapu-20250613_102534-scaled-e1751781900846.jpg\"><img loading=\"lazy\" decoding=\"async\" class=\"wp-image-32836\" src=\"https:\/\/semmelweis.hu\/anatomia\/files\/2025\/07\/kapu-20250613_102534-scaled-e1751781900846-1024x691.jpg\" alt=\"Munkater\u00fclet, jelenleg z\u00e1rva!\" width=\"600\" height=\"405\" srcset=\"https:\/\/semmelweis.hu\/anatomia\/files\/2025\/07\/kapu-20250613_102534-scaled-e1751781900846-1024x691.jpg 1024w, https:\/\/semmelweis.hu\/anatomia\/files\/2025\/07\/kapu-20250613_102534-scaled-e1751781900846-400x270.jpg 400w, https:\/\/semmelweis.hu\/anatomia\/files\/2025\/07\/kapu-20250613_102534-scaled-e1751781900846-768x518.jpg 768w, https:\/\/semmelweis.hu\/anatomia\/files\/2025\/07\/kapu-20250613_102534-scaled-e1751781900846-1536x1037.jpg 1536w, https:\/\/semmelweis.hu\/anatomia\/files\/2025\/07\/kapu-20250613_102534-scaled-e1751781900846-753x508.jpg 753w, https:\/\/semmelweis.hu\/anatomia\/files\/2025\/07\/kapu-20250613_102534-scaled-e1751781900846.jpg 1674w\" sizes=\"auto, (max-width: 600px) 100vw, 600px\" \/><\/a><figcaption id=\"caption-attachment-32836\" class=\"wp-caption-text\">Munkater\u00fclet, jelenleg z\u00e1rva!<\/figcaption><\/figure> <figure id=\"attachment_28735\" aria-describedby=\"caption-attachment-28735\" style=\"width: 200px\" class=\"wp-caption alignleft\"><a href=\"https:\/\/semmelweis.hu\/anatomia\/files\/2021\/03\/tuzolto58nagykapu.jpg\"><img loading=\"lazy\" decoding=\"async\" class=\"wp-image-28735\" src=\"https:\/\/semmelweis.hu\/anatomia\/files\/2021\/03\/tuzolto58nagykapu.jpg\" alt=\"\" width=\"200\" height=\"142\" srcset=\"https:\/\/semmelweis.hu\/anatomia\/files\/2021\/03\/tuzolto58nagykapu.jpg 1000w, https:\/\/semmelweis.hu\/anatomia\/files\/2021\/03\/tuzolto58nagykapu-400x285.jpg 400w, https:\/\/semmelweis.hu\/anatomia\/files\/2021\/03\/tuzolto58nagykapu-768x547.jpg 768w, https:\/\/semmelweis.hu\/anatomia\/files\/2021\/03\/tuzolto58nagykapu-753x536.jpg 753w\" sizes=\"auto, (max-width: 200px) 100vw, 200px\" \/><\/a><figcaption id=\"caption-attachment-28735\" class=\"wp-caption-text\">T\u0171zolt\u00f3 u. 58., nagykapu (munkater\u00fclet!)<\/figcaption><\/figure><\/p>\n<p style=\"text-align: justify\">\u00a0<\/p>\n<p><iframe loading=\"lazy\" src=\"https:\/\/www.google.com\/maps\/embed?pb=!1m18!1m12!1m3!1d6397.022273888675!2d19.074942991347456!3d47.4813473223134!2m3!1f0!2f0!3f0!3m2!1i1024!2i768!4f13.1!3m3!1m2!1s0x4741dcfbafba9f35%3A0x72f9a2bd27bbf484!2zU2VtbWVsd2VpcyBFZ3lldGVtIEFuYXTDs21pYWksIFN6w7Z2ZXQtIMOpcyBGZWpsxZFkw6lzdGFuaSBJbnTDqXpldA!5e1!3m2!1shu!2sus!4v1763385558642!5m2!1shu!2sus\" width=\"100%\" height=\"450\"><\/iframe><\/p>\n","protected":false},"excerpt":{"rendered":"<p>Semmelweis Egyetem &#8211; Anat\u00f3miai, Sz\u00f6vet- \u00e9s Fejl\u0151d\u00e9stani Int\u00e9zet <a href=\"https:\/\/semmelweis.hu\/anatomia\/files\/2021\/03\/epulet.jpg\"><\/a> C\u00edm:\u00a01094 Budapest, \u00a0T\u0171zolt\u00f3 u. 58. Postac\u00edm: 1085 Budapest, \u00dcll\u0151i \u00fat 26.; 1428 Budapest, Pf.2. Telefonk\u00f6zpont (porta): (+36 1) 459-1500 \/ 53600 mell\u00e9k Fax: (+36 1) 215-51-58 <a href=\"https:\/\/semmelweis.hu\/anatomia\/az-intezet\/munkatarsak\/\" target=\"_blank\" rel=\"noopener noreferrer\">Munkat\u00e1rsaink el\u00e9rhet\u0151s\u00e9ge n\u00e9v szerint&#8230;<\/a> Gyalogos bej\u00e1rat: T\u0171zolt\u00f3 utca 58. El\u00e9r\u00e9se t\u00f6megk\u00f6zleked\u00e9ssel: az M3 metr\u00f3 Semmelweis Klinik\u00e1k meg\u00e1ll\u00f3j\u00e1t\u00f3l a Verdi Grand Hotel (\u00dcll\u0151i \u00fat 89\/b.) bej\u00e1rat\u00e1hoz &hellip;<\/p>\n","protected":false},"author":12,"featured_media":0,"parent":0,"menu_order":21,"comment_status":"closed","ping_status":"closed","template":"","meta":{"_acf_changed":false,"footnotes":""},"categories":[],"tags":[],"class_list":["post-187","page","type-page","status-publish","hentry"],"acf":[],"_links":{"self":[{"href":"https:\/\/semmelweis.hu\/anatomia\/wp-json\/wp\/v2\/pages\/187","targetHints":{"allow":["GET"]}}],"collection":[{"href":"https:\/\/semmelweis.hu\/anatomia\/wp-json\/wp\/v2\/pages"}],"about":[{"href":"https:\/\/semmelweis.hu\/anatomia\/wp-json\/wp\/v2\/types\/page"}],"author":[{"embeddable":true,"href":"https:\/\/semmelweis.hu\/anatomia\/wp-json\/wp\/v2\/users\/12"}],"replies":[{"embeddable":true,"href":"https:\/\/semmelweis.hu\/anatomia\/wp-json\/wp\/v2\/comments?post=187"}],"version-history":[{"count":12,"href":"https:\/\/semmelweis.hu\/anatomia\/wp-json\/wp\/v2\/pages\/187\/revisions"}],"predecessor-version":[{"id":32986,"href":"https:\/\/semmelweis.hu\/anatomia\/wp-json\/wp\/v2\/pages\/187\/revisions\/32986"}],"wp:attachment":[{"href":"https:\/\/semmelweis.hu\/anatomia\/wp-json\/wp\/v2\/media?parent=187"}],"wp:term":[{"taxonomy":"category","embeddable":true,"href":"https:\/\/semmelweis.hu\/anatomia\/wp-json\/wp\/v2\/categories?post=187"},{"taxonomy":"post_tag","embeddable":true,"href":"https:\/\/semmelweis.hu\/anatomia\/wp-json\/wp\/v2\/tags?post=187"}],"curies":[{"name":"wp","href":"https:\/\/api.w.org\/{rel}","templated":true}]}}