{"id":18620,"date":"2014-04-17T12:58:37","date_gmt":"2014-04-17T12:58:37","guid":{"rendered":"http:\/\/semmelweis.hu\/anatomia\/?page_id=18620"},"modified":"2023-08-18T07:48:58","modified_gmt":"2023-08-18T05:48:58","slug":"contact","status":"publish","type":"page","link":"https:\/\/semmelweis.hu\/anatomia\/en\/contact\/","title":{"rendered":"Contact"},"content":{"rendered":"<p><strong>Short name:<\/strong> Dept. of Anatomy<\/p>\n<p><strong>Hungarian name:<\/strong> Semmelweis Egyetem &#8211; Anat\u00f3miai, Sz\u00f6vet- \u00e9s Fejl\u0151d\u00e9stani Int\u00e9zet<\/p>\n<p><strong>Address:<\/strong> 1094 Budapest, \u00a0T\u0171zolt\u00f3 u. 58.<br \/>\n<strong>Postal address: <\/strong> 1085 Budapest, \u00dcll\u0151i \u00fat 26.; 1428 Budapest, Pf.2.<br \/>\n<strong>Telephon centre<\/strong>: (+36 1) 459-1500 \/ 53600 ext.<br \/>\n<strong>Fax:<\/strong> (+36 1) 215-51-58<\/p>\n<p><a href=\"https:\/\/semmelweis.hu\/anatomia\/department\/staff\/\" target=\"_blank\" rel=\"noopener noreferrer\"><strong><span style=\"font-size: 14pt\">Staff members&#8230;<\/span><\/strong><\/a><\/p>\n<p>How to find us?<\/p>\n<p>M3 metro to &#8222;<strong>Semmelweis Klinik\u00e1k<\/strong>&#8222;<em> station<\/em>, then cross the \u00dcll\u0151i street &#8211; through the <strong>passage<\/strong> next to Verdi Grand Hotel, reaching T\u0171zolt\u00f3 utca: turn left, find the <span style=\"color: #ff0000\">gate at T\u0171zolt\u00f3 u. 58.<\/span><\/p>\n<p>The other <span style=\"color: #ff0000\">way from \u00dcll\u0151i \u00fat 93. will be closed from <strong>2nd Dec 2019<\/strong>, the way in the <strong>basement of the building<\/strong> will be also closed for students.<\/span><a href=\"https:\/\/semmelweis.hu\/anatomia\/files\/2018\/07\/verdi2018-06-27-10.21.07.jpg\"><img loading=\"lazy\" decoding=\"async\" class=\"aligncenter size-large wp-image-18061\" src=\"https:\/\/semmelweis.hu\/anatomia\/files\/2018\/07\/verdi2018-06-27-10.21.07-1024x768.jpg\" alt=\"\" width=\"940\" height=\"705\" srcset=\"https:\/\/semmelweis.hu\/anatomia\/files\/2018\/07\/verdi2018-06-27-10.21.07-1024x768.jpg 1024w, https:\/\/semmelweis.hu\/anatomia\/files\/2018\/07\/verdi2018-06-27-10.21.07-300x225.jpg 300w, https:\/\/semmelweis.hu\/anatomia\/files\/2018\/07\/verdi2018-06-27-10.21.07-768x576.jpg 768w, https:\/\/semmelweis.hu\/anatomia\/files\/2018\/07\/verdi2018-06-27-10.21.07-400x300.jpg 400w\" sizes=\"auto, (max-width: 940px) 100vw, 940px\" \/><\/a>Pedestrian entrance from T\u0171zolt\u00f3 utca 58.<a href=\"https:\/\/semmelweis.hu\/anatomia\/files\/2019\/11\/kiskapu-tuzolto.jpg\"><img loading=\"lazy\" decoding=\"async\" class=\"aligncenter size-full wp-image-25004\" src=\"https:\/\/semmelweis.hu\/anatomia\/files\/2019\/11\/kiskapu-tuzolto.jpg\" alt=\"\" width=\"1007\" height=\"807\" srcset=\"https:\/\/semmelweis.hu\/anatomia\/files\/2019\/11\/kiskapu-tuzolto.jpg 1007w, https:\/\/semmelweis.hu\/anatomia\/files\/2019\/11\/kiskapu-tuzolto-300x240.jpg 300w, https:\/\/semmelweis.hu\/anatomia\/files\/2019\/11\/kiskapu-tuzolto-768x615.jpg 768w, https:\/\/semmelweis.hu\/anatomia\/files\/2019\/11\/kiskapu-tuzolto-374x300.jpg 374w\" sizes=\"auto, (max-width: 1007px) 100vw, 1007px\" \/><\/a><\/p>\n\n<!-- iframe plugin v.4.9 wordpress.org\/plugins\/iframe\/ -->\n<iframe loading=\"lazy\" src=\"https:\/\/www.google.com\/maps\/embed?pb=!1m18!1m12!1m3!1d2696.4573124366243!2d19.076829015626142!3d47.48100387917658!2m3!1f0!2f0!3f0!3m2!1i1024!2i768!4f13.1!3m3!1m2!1s0x4741dcfbaf6789b3%3A0x47f863f5e27f66db!2zQnVkYXBlc3QsIFTFsXpvbHTDsyB1LiA1OCwgMTA5NA!5e0!3m2!1shu!2shu!4v1501766738998\" width=\"100%\" height=\"300\" scrolling=\"yes\" class=\"iframe-class\" frameborder=\"0\"><\/iframe>\n\n[slb_exclude]<div data-carousel-extra='{\"blog_id\":19,\"permalink\":\"https:\\\/\\\/semmelweis.hu\\\/anatomia\\\/en\\\/contact\\\/\"}' class=\"tiled-gallery type-rectangular\" data-original-width=\"753\"><div class=\"gallery-row\" style=\"width: 748px; height: 334px;\"><div class=\"gallery-group images-1\" style=\"width: 522px; height: 338px;\"><div class=\"tiled-gallery-item tiled-gallery-item-large\"><a href=\"https:\/\/semmelweis.hu\/anatomia\/files\/2014\/04\/tuzo-kapu.jpg\"><img loading=\"lazy\" decoding=\"async\" data-attachment-id=\"2511\" data-orig-file=\"https:\/\/semmelweis.hu\/anatomia\/files\/2014\/04\/tuzo-kapu.jpg\" data-orig-size=\"492,317\" data-comments-opened=\"0\" data-image-meta=\"{&quot;aperture&quot;:&quot;0&quot;,&quot;credit&quot;:&quot;&quot;,&quot;camera&quot;:&quot;&quot;,&quot;caption&quot;:&quot;&quot;,&quot;created_timestamp&quot;:&quot;0&quot;,&quot;copyright&quot;:&quot;&quot;,&quot;focal_length&quot;:&quot;0&quot;,&quot;iso&quot;:&quot;0&quot;,&quot;shutter_speed&quot;:&quot;0&quot;,&quot;title&quot;:&quot;&quot;,&quot;orientation&quot;:&quot;0&quot;}\" data-image-title=\"tuzo-kapu\" data-image-description=\"\" data-medium-file=\"https:\/\/semmelweis.hu\/anatomia\/files\/2014\/04\/tuzo-kapu-300x193.jpg\" data-large-file=\"https:\/\/semmelweis.hu\/anatomia\/files\/2014\/04\/tuzo-kapu.jpg\" src=\"https:\/\/semmelweis.hu\/anatomia\/files\/2014\/04\/tuzo-kapu.jpg\" width=\"518\" height=\"334\" align=\"left\" title=\"\" \/><\/a><\/div><\/div><div class=\"gallery-group images-2\" style=\"width: 226px; height: 338px;\"><div class=\"tiled-gallery-item tiled-gallery-item-small\"><a href=\"https:\/\/semmelweis.hu\/anatomia\/files\/2014\/04\/tavasz2009-5.jpg\"><img loading=\"lazy\" decoding=\"async\" data-attachment-id=\"203\" data-orig-file=\"https:\/\/semmelweis.hu\/anatomia\/files\/2014\/04\/tavasz2009-5.jpg\" data-orig-size=\"800,619\" data-comments-opened=\"0\" data-image-meta=\"{&quot;aperture&quot;:&quot;0&quot;,&quot;credit&quot;:&quot;&quot;,&quot;camera&quot;:&quot;&quot;,&quot;caption&quot;:&quot;&quot;,&quot;created_timestamp&quot;:&quot;0&quot;,&quot;copyright&quot;:&quot;&quot;,&quot;focal_length&quot;:&quot;0&quot;,&quot;iso&quot;:&quot;0&quot;,&quot;shutter_speed&quot;:&quot;0&quot;,&quot;title&quot;:&quot;&quot;,&quot;orientation&quot;:&quot;0&quot;}\" data-image-title=\"tavasz2009-5\" data-image-description=\"\" data-medium-file=\"https:\/\/semmelweis.hu\/anatomia\/files\/2014\/04\/tavasz2009-5-300x232.jpg\" data-large-file=\"https:\/\/semmelweis.hu\/anatomia\/files\/2014\/04\/tavasz2009-5.jpg\" src=\"https:\/\/semmelweis.hu\/anatomia\/files\/2014\/04\/tavasz2009-5-222x172.jpg\" width=\"222\" height=\"172\" align=\"left\" title=\"\" \/><\/a><\/div><div class=\"tiled-gallery-item tiled-gallery-item-small\"><a href=\"https:\/\/semmelweis.hu\/anatomia\/files\/2014\/04\/IMG_1446.jpg\"><img loading=\"lazy\" decoding=\"async\" data-attachment-id=\"10377\" data-orig-file=\"https:\/\/semmelweis.hu\/anatomia\/files\/2014\/04\/IMG_1446.jpg\" data-orig-size=\"1000,712\" data-comments-opened=\"0\" data-image-meta=\"{&quot;aperture&quot;:&quot;0&quot;,&quot;credit&quot;:&quot;&quot;,&quot;camera&quot;:&quot;&quot;,&quot;caption&quot;:&quot;&quot;,&quot;created_timestamp&quot;:&quot;0&quot;,&quot;copyright&quot;:&quot;&quot;,&quot;focal_length&quot;:&quot;0&quot;,&quot;iso&quot;:&quot;0&quot;,&quot;shutter_speed&quot;:&quot;0&quot;,&quot;title&quot;:&quot;&quot;,&quot;orientation&quot;:&quot;0&quot;}\" data-image-title=\"IMG_1446\" data-image-description=\"\" data-medium-file=\"https:\/\/semmelweis.hu\/anatomia\/files\/2014\/04\/IMG_1446-300x214.jpg\" data-large-file=\"https:\/\/semmelweis.hu\/anatomia\/files\/2014\/04\/IMG_1446.jpg\" src=\"https:\/\/semmelweis.hu\/anatomia\/files\/2014\/04\/IMG_1446-222x158.jpg\" width=\"222\" height=\"158\" align=\"left\" title=\"\" \/><\/a><\/div><\/div><\/div><\/div>[\/slb_exclude]\n","protected":false},"excerpt":{"rendered":"<p>Short name: Dept. of Anatomy Hungarian name: Semmelweis Egyetem &#8211; Anat\u00f3miai, Sz\u00f6vet- \u00e9s Fejl\u0151d\u00e9stani Int\u00e9zet Address: 1094 Budapest, \u00a0T\u0171zolt\u00f3 u. 58. Postal address: 1085 Budapest, \u00dcll\u0151i \u00fat 26.; 1428 Budapest, Pf.2. Telephon centre: (+36 1) 459-1500 \/ 53600 ext. Fax: (+36 1) 215-51-58 <a href=\"https:\/\/semmelweis.hu\/anatomia\/department\/staff\/\" target=\"_blank\" rel=\"noopener noreferrer\">Staff members&#8230;<\/a> How to find us? M3 metro to &#8222;Semmelweis Klinik\u00e1k&#8222; station, then cross &hellip;<\/p>\n","protected":false},"author":101248,"featured_media":0,"parent":0,"menu_order":21,"comment_status":"closed","ping_status":"closed","template":"","meta":{"_acf_changed":false,"footnotes":""},"categories":[],"tags":[],"class_list":["post-18620","page","type-page","status-publish","hentry"],"acf":[],"_links":{"self":[{"href":"https:\/\/semmelweis.hu\/anatomia\/wp-json\/wp\/v2\/pages\/18620","targetHints":{"allow":["GET"]}}],"collection":[{"href":"https:\/\/semmelweis.hu\/anatomia\/wp-json\/wp\/v2\/pages"}],"about":[{"href":"https:\/\/semmelweis.hu\/anatomia\/wp-json\/wp\/v2\/types\/page"}],"author":[{"embeddable":true,"href":"https:\/\/semmelweis.hu\/anatomia\/wp-json\/wp\/v2\/users\/101248"}],"replies":[{"embeddable":true,"href":"https:\/\/semmelweis.hu\/anatomia\/wp-json\/wp\/v2\/comments?post=18620"}],"version-history":[{"count":10,"href":"https:\/\/semmelweis.hu\/anatomia\/wp-json\/wp\/v2\/pages\/18620\/revisions"}],"predecessor-version":[{"id":31359,"href":"https:\/\/semmelweis.hu\/anatomia\/wp-json\/wp\/v2\/pages\/18620\/revisions\/31359"}],"wp:attachment":[{"href":"https:\/\/semmelweis.hu\/anatomia\/wp-json\/wp\/v2\/media?parent=18620"}],"wp:term":[{"taxonomy":"category","embeddable":true,"href":"https:\/\/semmelweis.hu\/anatomia\/wp-json\/wp\/v2\/categories?post=18620"},{"taxonomy":"post_tag","embeddable":true,"href":"https:\/\/semmelweis.hu\/anatomia\/wp-json\/wp\/v2\/tags?post=18620"}],"curies":[{"name":"wp","href":"https:\/\/api.w.org\/{rel}","templated":true}]}}