{"id":18,"date":"2017-08-03T13:57:11","date_gmt":"2017-08-03T11:57:11","guid":{"rendered":"http:\/\/www.ana.usn.hu\/de\/?page_id=18"},"modified":"2024-08-07T13:32:08","modified_gmt":"2024-08-07T11:32:08","slug":"institut","status":"publish","type":"page","link":"https:\/\/semmelweis.hu\/anatomia\/de\/institut\/","title":{"rendered":"Das Institut"},"content":{"rendered":"<figure id=\"attachment_7007\" aria-describedby=\"caption-attachment-7007\" style=\"width: 300px\" class=\"wp-caption alignright\"><a href=\"https:\/\/semmelweis.hu\/anatomia\/files\/2014\/04\/lepcsohaz.jpg\"><img loading=\"lazy\" decoding=\"async\" class=\"wp-image-7007 size-medium\" src=\"https:\/\/semmelweis.hu\/anatomia\/files\/2014\/04\/lepcsohaz-300x200.jpg\" alt=\"lepcsohaz\" width=\"300\" height=\"200\" srcset=\"https:\/\/semmelweis.hu\/anatomia\/files\/2014\/04\/lepcsohaz-300x200.jpg 300w, https:\/\/semmelweis.hu\/anatomia\/files\/2014\/04\/lepcsohaz.jpg 1024w, https:\/\/semmelweis.hu\/anatomia\/files\/2014\/04\/lepcsohaz-450x300.jpg 450w\" sizes=\"auto, (max-width: 300px) 100vw, 300px\" \/><\/a><figcaption id=\"caption-attachment-7007\" class=\"wp-caption-text\">Haupttreppenhaus<\/figcaption><\/figure>\n<p style=\"text-align: justify\">Das <strong>Anatomische, Histologische und Embryologische Institut<\/strong> unterrichtet heute alle drei in dem Namen vorkommende Disziplinen, w\u00e4hrend sich zwischen 1930 und 1967 die Mitarbeiter des Institutes nur mit dem Unterricht der Anatomie besch\u00e4ftigten. Wir halten es f\u00fcr eine wichtige Frage, dass der makroskopische und mikroskopische Aufbau des menschlichen K\u00f6rpers und seine Entwicklung gleichzeitig, unter Betonung der Zusammenh\u00e4nge unterrichtet wird. Die Heimischen und Internationalen Traditionen beachten oder beachteten die wichtigkeit dieser Zusammenh\u00e4nge nicht immer, also befassen sich in den jeweiligen Instituten oft andere Lehrer mit Anatomie, und andere mit Histologie und Embryologie. Das Lehrprogram diesen Institutes \u2013 welches das Erbe der gro\u00dfen ungarischen Anatomen J\u00f3zsef Lenhoss\u00e9k, Mih\u00e1ly Lenhoss\u00e9k, G\u00e9za Mih\u00e1lkovics, Ferenc Kiss und J\u00e1nos Szent\u00e1gothai als das seine anerkennt \u2013 verfolgt im Gro\u00dfen und Ganzen die klassische und systematische anatomische Reihenfolge und Gruppierung der einzelnen Lehrf\u00e4cher und Kapitel.<\/p>\n<p>(Quelle: dr. Ferenc Hajdu: \u201c<i>Int\u00e9zet\u00fcnk oktat\u00e1si tev\u00e9kenys\u00e9ge\u201d<\/i> \u2013 Int\u00e9zeti \u00c9vk\u00f6nyv \/\u201dDie Schulungsarbeit unseres Institutes\u201d \u2013 Institutsjahrbuch\/, 1998)<\/p>\n<p><a href=\"https:\/\/semmelweis.hu\/anatomia\/2015\/01\/27\/anatomisches-theater\/\" target=\"_blank\" rel=\"noopener noreferrer\">Anatomisches Theater<\/a><\/p>\n<p>&nbsp;<\/p>\n<figure id=\"attachment_7028\" aria-describedby=\"caption-attachment-7028\" style=\"width: 640px\" class=\"wp-caption aligncenter\"><a href=\"https:\/\/semmelweis.hu\/anatomia\/files\/2014\/04\/lmea.jpg\"><img loading=\"lazy\" decoding=\"async\" class=\"wp-image-7028 size-large\" src=\"https:\/\/semmelweis.hu\/anatomia\/files\/2014\/04\/lmea-1024x765.jpg\" alt=\"lmea\" width=\"640\" height=\"478\" srcset=\"https:\/\/semmelweis.hu\/anatomia\/files\/2014\/04\/lmea-1024x765.jpg 1024w, https:\/\/semmelweis.hu\/anatomia\/files\/2014\/04\/lmea-300x224.jpg 300w, https:\/\/semmelweis.hu\/anatomia\/files\/2014\/04\/lmea-402x300.jpg 402w\" sizes=\"auto, (max-width: 640px) 100vw, 640px\" \/><\/a><figcaption id=\"caption-attachment-7028\" class=\"wp-caption-text\">Vorlesung von Prof. Mih\u00e1ly Lenhoss\u00e9k im H\u00f6rsaal (1909)<\/figcaption><\/figure>\n<p>&nbsp;<\/p>\n<div align=\"center\">\n<table border=\"1\" cellspacing=\"7\" cellpadding=\"0\">\n<tbody>\n<tr>\n<td><strong>Institutsleiter zw. 1770 und 2020:<br \/>\n<\/strong><\/td>\n<\/tr>\n<\/tbody>\n<\/table>\n<\/div>\n<div align=\"center\">\n<table style=\"width: 29.7232%;height: 735px\" border=\"2\" cellspacing=\"6\" cellpadding=\"2\">\n<tbody>\n<tr style=\"height: 35px\">\n<td style=\"height: 35px;width: 24.1645%\">1770-1784<\/td>\n<td style=\"height: 35px;width: 96.3763%\">Trnka Vencel<\/td>\n<\/tr>\n<tr style=\"height: 35px\">\n<td style=\"height: 35px;width: 24.1645%\">1784-1791<\/td>\n<td style=\"height: 35px;width: 96.3763%\">Hauptmann K\u00e1roly<\/td>\n<\/tr>\n<tr style=\"height: 35px\">\n<td style=\"height: 35px;width: 24.1645%\">1791-1805<\/td>\n<td style=\"height: 35px;width: 96.3763%\">Szennig J\u00e1nos<\/td>\n<\/tr>\n<tr style=\"height: 35px\">\n<td style=\"height: 35px;width: 24.1645%\">1805-1807<\/td>\n<td style=\"height: 35px;width: 96.3763%\">R\u00e1cz S\u00e1muel<\/td>\n<\/tr>\n<tr style=\"height: 35px\">\n<td style=\"height: 35px;width: 24.1645%\">1807-1819<\/td>\n<td style=\"height: 35px;width: 96.3763%\">St\u00e1hly Ign\u00e1c<\/td>\n<\/tr>\n<tr style=\"height: 35px\">\n<td style=\"height: 35px;width: 24.1645%\">1819-1823<\/td>\n<td style=\"height: 35px;width: 96.3763%\">B\u00f6hm K\u00e1roly, Kieninger Boldizs\u00e1r<\/td>\n<\/tr>\n<tr style=\"height: 35px\">\n<td style=\"height: 35px;width: 24.1645%\">1823-1826<\/td>\n<td style=\"height: 35px;width: 96.3763%\">St\u00e1hly Ign\u00e1c<\/td>\n<\/tr>\n<tr style=\"height: 35px\">\n<td style=\"height: 35px;width: 24.1645%\">1827-1858<\/td>\n<td style=\"height: 35px;width: 96.3763%\">Csausz M\u00e1rton<\/td>\n<\/tr>\n<tr style=\"height: 35px\">\n<td style=\"height: 35px;width: 24.1645%\">1858-1859<\/td>\n<td style=\"height: 35px;width: 96.3763%\">Ar\u00e1nyi Lajos<\/td>\n<\/tr>\n<tr style=\"height: 35px\">\n<td style=\"height: 35px;width: 24.1645%\">1859-1888<\/td>\n<td style=\"height: 35px;width: 96.3763%\">Lenhoss\u00e9k J\u00f3zsef<\/td>\n<\/tr>\n<tr style=\"height: 35px\">\n<td style=\"height: 35px;width: 24.1645%\">1888-1889<\/td>\n<td style=\"height: 35px;width: 96.3763%\">Lenhoss\u00e9k Mih\u00e1ly<\/td>\n<\/tr>\n<tr style=\"height: 35px\">\n<td style=\"height: 35px;width: 24.1645%\">1890-1899<\/td>\n<td style=\"height: 35px;width: 96.3763%\">Mih\u00e1lkovics G\u00e9za<\/td>\n<\/tr>\n<tr style=\"height: 35px\">\n<td style=\"height: 35px;width: 24.1645%\">1900-1934<\/td>\n<td style=\"height: 35px;width: 96.3763%\">Lenhoss\u00e9k Mih\u00e1ly<\/td>\n<\/tr>\n<tr style=\"height: 35px\">\n<td style=\"height: 35px;width: 24.1645%\">1935-1961<\/td>\n<td style=\"height: 35px;width: 96.3763%\"><strong>Kiss Ferenc<\/strong><\/td>\n<\/tr>\n<tr style=\"height: 35px\">\n<td style=\"height: 35px;width: 24.1645%\">1961-1963<\/td>\n<td style=\"height: 35px;width: 96.3763%\"><strong><a href=\"https:\/\/semmelweis.hu\/anatomia\/kollegen\/dr-donath-tibor\/\">Don\u00e1th Tibor<\/a><\/strong><\/td>\n<\/tr>\n<tr style=\"height: 35px\">\n<td style=\"height: 35px;width: 24.1645%\">1963-1977<\/td>\n<td style=\"height: 35px;width: 96.3763%\"><strong>Szent\u00e1gothai J\u00e1nos<\/strong><\/td>\n<\/tr>\n<tr style=\"height: 35px\">\n<td style=\"height: 35px;width: 24.1645%\">1978-1994<\/td>\n<td style=\"height: 35px;width: 96.3763%\"><strong><a href=\"https:\/\/semmelweis.hu\/anatomia\/kollegen\/dr-tombol-terez\/\">T\u00f6mb\u00f6l Ter\u00e9z<\/a><\/strong><\/td>\n<\/tr>\n<tr style=\"height: 35px\">\n<td style=\"height: 35px;width: 24.1645%\">1994-2004<\/td>\n<td style=\"height: 35px;width: 96.3763%\"><strong><a href=\"https:\/\/semmelweis.hu\/anatomia\/kollegen\/dr-rethelyi-miklos\/\">R\u00e9thelyi Mikl\u00f3s<\/a><\/strong><\/td>\n<\/tr>\n<tr style=\"height: 35px\">\n<td style=\"height: 35px;width: 24.1645%\">2004-2014<\/td>\n<td style=\"height: 35px;width: 96.3763%\"><strong><a href=\"https:\/\/semmelweis.hu\/anatomia\/kollegen\/dr-csillag-andras\/\">Csillag Andr\u00e1s<\/a><\/strong><\/td>\n<\/tr>\n<tr style=\"height: 35px\">\n<td style=\"height: 35px;width: 24.1645%\">2014-2015<\/td>\n<td style=\"height: 35px;width: 96.3763%\"><strong><a href=\"https:\/\/semmelweis.hu\/anatomia\/kollegen\/dr-gerber-gabor\/\">Gerber G\u00e1bor<\/a><\/strong><\/td>\n<\/tr>\n<tr style=\"height: 35px\">\n<td style=\"height: 35px;width: 24.1645%\">2016-2020<\/td>\n<td style=\"height: 35px;width: 96.3763%\"><a href=\"https:\/\/semmelweis.hu\/telefonkonyv\/?emp_id=39\"><strong>Sz\u00e9l \u00c1goston<\/strong><\/a><\/td>\n<\/tr>\n<tr>\n<td style=\"width: 24.1645%\">2021-<\/td>\n<td style=\"width: 96.3763%\"><strong><a href=\"https:\/\/semmelweis.hu\/anatomia\/szemelyes-oldalak-personal-pages\/dr-alpar-alan\/\">Alp\u00e1r Al\u00e1n<\/a><br \/>\n<\/strong><\/td>\n<\/tr>\n<\/tbody>\n<\/table>\n<\/div>\n<p>&nbsp;<\/p>\n<figure id=\"attachment_135\" aria-describedby=\"caption-attachment-135\" style=\"width: 574px\" class=\"wp-caption aligncenter\"><a href=\"https:\/\/semmelweis.hu\/anatomia\/files\/2014\/04\/anat2007rozsa.jpg\"><img loading=\"lazy\" decoding=\"async\" class=\"wp-image-135 size-full\" src=\"https:\/\/semmelweis.hu\/anatomia\/files\/2014\/04\/anat2007rozsa.jpg\" alt=\"anat2007rozsa\" width=\"574\" height=\"439\" srcset=\"https:\/\/semmelweis.hu\/anatomia\/files\/2014\/04\/anat2007rozsa.jpg 574w, https:\/\/semmelweis.hu\/anatomia\/files\/2014\/04\/anat2007rozsa-300x229.jpg 300w, https:\/\/semmelweis.hu\/anatomia\/files\/2014\/04\/anat2007rozsa-392x300.jpg 392w\" sizes=\"auto, (max-width: 574px) 100vw, 574px\" \/><\/a><figcaption id=\"caption-attachment-135\" class=\"wp-caption-text\">Prof. Mih\u00e1lkovics<\/figcaption><\/figure>\n<div class=\"entry clearfix\">\n<p>&nbsp;<\/p>\n<p><figure id=\"attachment_317\" aria-describedby=\"caption-attachment-317\" style=\"width: 922px\" class=\"wp-caption aligncenter\"><a href=\"https:\/\/semmelweis.hu\/anatomia\/files\/2014\/04\/ka-anatkepeslap2.jpg\"><img loading=\"lazy\" decoding=\"async\" class=\"wp-image-317\" src=\"https:\/\/semmelweis.hu\/anatomia\/files\/2014\/04\/ka-anatkepeslap2-1024x606.jpg\" alt=\"ka-anatkepeslap2\" width=\"922\" height=\"545\" srcset=\"https:\/\/semmelweis.hu\/anatomia\/files\/2014\/04\/ka-anatkepeslap2-1024x606.jpg 1024w, https:\/\/semmelweis.hu\/anatomia\/files\/2014\/04\/ka-anatkepeslap2-300x177.jpg 300w, https:\/\/semmelweis.hu\/anatomia\/files\/2014\/04\/ka-anatkepeslap2-506x300.jpg 506w, https:\/\/semmelweis.hu\/anatomia\/files\/2014\/04\/ka-anatkepeslap2.jpg 1145w\" sizes=\"auto, (max-width: 922px) 100vw, 922px\" \/><\/a><figcaption id=\"caption-attachment-317\" class=\"wp-caption-text\">Anatomisches Institut (aus der Bildersammlung von Dr. \u00c1rp\u00e1d Kiss)<\/figcaption><\/figure> <figure id=\"attachment_395\" aria-describedby=\"caption-attachment-395\" style=\"width: 922px\" class=\"wp-caption aligncenter\"><a href=\"https:\/\/semmelweis.hu\/anatomia\/files\/2014\/04\/rm-laborbelso.jpg\"><img loading=\"lazy\" decoding=\"async\" class=\"wp-image-395\" src=\"https:\/\/semmelweis.hu\/anatomia\/files\/2014\/04\/rm-laborbelso-1024x769.jpg\" alt=\"rm-laborbelso\" width=\"922\" height=\"692\" srcset=\"https:\/\/semmelweis.hu\/anatomia\/files\/2014\/04\/rm-laborbelso-1024x769.jpg 1024w, https:\/\/semmelweis.hu\/anatomia\/files\/2014\/04\/rm-laborbelso-300x225.jpg 300w, https:\/\/semmelweis.hu\/anatomia\/files\/2014\/04\/rm-laborbelso-399x300.jpg 399w\" sizes=\"auto, (max-width: 922px) 100vw, 922px\" \/><\/a><figcaption id=\"caption-attachment-395\" class=\"wp-caption-text\">Forschungslabor (aus der Bildersammlung von Prof. Mikl\u00f3s R\u00e9thelyi)<\/figcaption><\/figure>\n<\/div>\n","protected":false},"excerpt":{"rendered":"<p>In unserem Institut unterrichten wir den Aufbau des menschlichen K\u00f6rpers im Rahmen von dem integrierten Disziplin Anatomie, Histologie und Embryologie. Makroskopische Kenntnisse k\u00f6nnen die Studenten im Seziersaal an menschlichen Pr\u00e4paraten erwerben, wo sie selbst sezieren k\u00f6nnen und m\u00fcssen. Einheit von Struktur und Funktion wird durch den gleichzeitigen Unterricht von Embryologie und Histologie erkl\u00e4rt. Spezifische Kenntnisse k\u00f6nnen sowohl Medizinstudenten als auch PhD Studenten an fachorientierten Kursen erwerben. Unser 130 Jahre altes Campus bietet sowohl f\u00fcr Studenten als auch f\u00fcr Mitarbeiter ein Genius loci, wo nicht nur das Medizinstudium sondern auch die wissenschaftliche T\u00e4tigkeit an hohem Niveau gef\u00f6rdert wird.<\/p>\n","protected":false},"author":349,"featured_media":28459,"parent":0,"menu_order":9,"comment_status":"closed","ping_status":"closed","template":"","meta":{"_acf_changed":false,"footnotes":""},"categories":[],"tags":[],"class_list":["post-18","page","type-page","status-publish","has-post-thumbnail","hentry"],"acf":[],"_links":{"self":[{"href":"https:\/\/semmelweis.hu\/anatomia\/wp-json\/wp\/v2\/pages\/18","targetHints":{"allow":["GET"]}}],"collection":[{"href":"https:\/\/semmelweis.hu\/anatomia\/wp-json\/wp\/v2\/pages"}],"about":[{"href":"https:\/\/semmelweis.hu\/anatomia\/wp-json\/wp\/v2\/types\/page"}],"author":[{"embeddable":true,"href":"https:\/\/semmelweis.hu\/anatomia\/wp-json\/wp\/v2\/users\/349"}],"replies":[{"embeddable":true,"href":"https:\/\/semmelweis.hu\/anatomia\/wp-json\/wp\/v2\/comments?post=18"}],"version-history":[{"count":10,"href":"https:\/\/semmelweis.hu\/anatomia\/wp-json\/wp\/v2\/pages\/18\/revisions"}],"predecessor-version":[{"id":32167,"href":"https:\/\/semmelweis.hu\/anatomia\/wp-json\/wp\/v2\/pages\/18\/revisions\/32167"}],"wp:featuredmedia":[{"embeddable":true,"href":"https:\/\/semmelweis.hu\/anatomia\/wp-json\/wp\/v2\/media\/28459"}],"wp:attachment":[{"href":"https:\/\/semmelweis.hu\/anatomia\/wp-json\/wp\/v2\/media?parent=18"}],"wp:term":[{"taxonomy":"category","embeddable":true,"href":"https:\/\/semmelweis.hu\/anatomia\/wp-json\/wp\/v2\/categories?post=18"},{"taxonomy":"post_tag","embeddable":true,"href":"https:\/\/semmelweis.hu\/anatomia\/wp-json\/wp\/v2\/tags?post=18"}],"curies":[{"name":"wp","href":"https:\/\/api.w.org\/{rel}","templated":true}]}}