{"id":1609,"date":"2014-06-09T15:22:15","date_gmt":"2014-06-09T13:22:15","guid":{"rendered":"http:\/\/www.ana.usn.hu\/hu\/?page_id=1609"},"modified":"2020-04-06T17:31:54","modified_gmt":"2020-04-06T15:31:54","slug":"dr-altdorfer-karoly-kutatoi-tevekenyseg","status":"publish","type":"page","link":"https:\/\/semmelweis.hu\/anatomia\/szemelyes-oldalak-personal-pages\/altdorfer-karoly\/dr-altdorfer-karoly-kutatoi-tevekenyseg\/","title":{"rendered":"Dr. Altdorfer K\u00e1roly &#8211; kutat\u00f3i tev\u00e9kenys\u00e9g"},"content":{"rendered":"<p><span style=\"font-family: Verdana;font-size: small\">Egyetemi doktori (PhD) \u00e9rtekez\u00e9s <b> <a style=\"text-decoration: none\" href=\"http:\/\/phd.sote.hu\/mwp\/phd_live\/vedes\/index.php?FrmTabNev=vedes&amp;FrmLstTip=1&amp;FrmId=111&amp;UseTmpl=on&amp;FrmAktOldal=1&amp;FrmHossz=10&amp;FrmOrder=0&amp;FrmGrp=0&amp;FrmLang=0&amp;FrmEnc=9%7DHvftu%7D2%7D1744fef58gb6c38c:f64b2dbc766ebd6\">v\u00e9d\u00e9se<\/a><\/b>: 2003. j\u00fanius 23.\u00a0<b><a href=\"https:\/\/semmelweis.hu\/anatomia\/files\/2014\/06\/tezis-ak.pdf\">Az \u00e9rtekez\u00e9s t\u00e9zisei<\/a> <\/b>(pdf) <b>PhD-fokozat<\/b> (summa cum laude): 2003. <\/span><\/p>\n<p><strong>Publik\u00e1ci\u00f3k<\/strong><\/p>\n<p><strong>Szakcikkek:<\/strong><\/p>\n<ol>\n<li><strong>Altdorfer K.<\/strong>, Feh\u00e9r E., Feh\u00e9r J.: Nitrog\u00e9n monoxid tartalm\u00fa idegelemek megoszl\u00e1sa \u00e9s lokaliz\u00e1ci\u00f3ja a t\u00e1pcsatorn\u00e1ban. <em> Orv Hetil <\/em>1996;137:857-861.<\/li>\n<li><strong>Altdorfer K.<\/strong>, Feh\u00e9r E., Don\u00e1th T., Feh\u00e9r J.: Nitric oxide synthase-containing nerve elements in the pylorus of the cat. <em>Neurosci Lett <\/em> 1996;212:195-198. IF:<strong> 2,090<\/strong><\/li>\n<li>Inovay J., Marton T., Urbancsek J., K\u00e1d\u00e1r Z., <strong>Altdorfer K.<\/strong> and Papp Z.: Spontaneous bilateral cornual uterine dehiscence early in the second trimester after bilateral laparoscopic salpingectomy and in-vitro fertilization -Case report- &#8211; full text (pdf) <em>Hum Reprod<\/em> 1999;14:2471-2473. IF:<strong>3,003<\/strong><\/li>\n<li>Feh\u00e9r E., <strong>Altdorfer K.<\/strong>, Don\u00e1th T., Feh\u00e9r J.: Electronmicroscopical localization of nitric oxide synthase-containing nerve elements in cat pylorus &#8211; abstract <em>Eur J Morphol <\/em>2001;39:121-126.IF: <strong>0,622<\/strong><\/li>\n<li>Feh\u00e9r E., <strong>Altdorfer K.<\/strong>, Bagam\u00e9ri G., Feh\u00e9r J.: Neuroimmune interactions in experimental colitis &#8211; An immunoelectron microscopic study <em>&#8211;<\/em><em>\u00a0 NeuroImmunoModulation <\/em> 2001;9:247-255. IF: <strong>1,989<\/strong><\/li>\n<li><strong>Altdorfer K.<\/strong>, Bagam\u00e9ri G., Don\u00e1th T., Feh\u00e9r E.: Nitric oxide synthase immunoreactivity of interstitial cells of Cajal in experimental colitis <em>&#8211;\u00a0<\/em>full text (pdf)<em> Inflamm Res <\/em> 2002;51:12 569-571. IF: <strong>1,325<\/strong><\/li>\n<li>Sipos G, <strong> Altdorfer K<\/strong>, Pongor \u00c9,Chen LP, Feh\u00e9r E: Neuroimmune-link in the mucosa of chronic gastritis with Helicobacter Pylori infection <em>Dig Dis Sci<\/em> 2006 Oct;51(10):1810-7. \u00a0\u00a0 IF: <strong>1,427<\/strong><\/li>\n<li>Sipos G, Sipos P, <strong>Altdorfer K<\/strong>, Pongor E, Feh\u00e9r E.: Correlation and immunolocalization of substance P nerve fibers and activated immune cells in human chronic gastritis. &#8211; Anat Rec (Hoboken). 2008 Sep;291(9):1140-8. IF: <strong>1,569<\/strong><\/li>\n<li>Pongor \u00c9., Led\u00f3 N., <strong>Altdorfer K.<\/strong>, Lengyel G. and Feh\u00e9r E.: Distribution and possible origin of neuropeptide-containing nerve elements in the mammalian liver. Acta Vet Hung. 2010 Jun;58(2):177-87. IF: <strong>0,624<\/strong> (2008)<\/li>\n<li>Pongor \u00c9., <strong>Altdorfer K.<\/strong>, Feh\u00e9r E.: Colocalization of substance P with tumor necrosis factor-\u03b1 in the lymphocytes and mast cells in gastritis in experimental rats. Inflamm Res. 2011 Feb;60(2):163-8. Epub 2010 Sep 24. IF: <strong>1,586<\/strong><\/li>\n<li><strong>Altdorfer K<\/strong>, Zelles T, Pongor E, Feh\u00e9r E.: Morphological evidence of local reflex arc in the rat&#8217;s tongue. Acta Physiol Hung. 99(4):479-88, 2012. <strong>IF: 1.226<\/strong><\/li>\n<li>Hev\u00e9r H, <strong>Altdorfer K<\/strong>, Zelles Z, Batbayar B, Feh\u00e9r E: \u00cdzlel\u0151bimb\u00f3k beidegz\u00e9s\u00e9nek v\u00e1ltoz\u00e1sa diabetes mellitusban patk\u00e1nyban. Orvosi Hetilap, 154, 443-448, 2013.<\/li>\n<li>Feh\u00e9r E, Pongor \u00c9, <strong>Altdorfer K<\/strong>, K\u00f3bori L, Lengyel G.: Neuroimmunomodulation in human autoimmune liver disease. Cell Tissue Res. 354, 543-550, 2013. DOI 10.10007\/s00441-013-1683-x <strong>IF:3,114<\/strong><\/li>\n<li>Kisp\u00e9lyi B, Lohinai Z., <strong>Altdorfer K<\/strong>, Feh\u00e9r E: Neuropeptide analysis on oral mucosa of diabetic rats. Neuroimmunomodulation, 2014; 21, 213-220. DOI. 10.1159\/000356949 <strong>IF: 1.835<\/strong><\/li>\n<li>\n<p class=\"pfolyoirat\">Kisp\u00e9lyi B, <strong><u>Altdorfer K<\/u><\/strong>, Feh\u00e9r E: A nyelv ny\u00e1lkah\u00e1rtya \u00e9s mirigyek innerv\u00e1ci\u00f3j\u00e1nak v\u00e1ltoz\u00e1sa korai \u00e9s k\u00e9s\u0151i k\u00eds\u00e9rletes diabetes mellitusban. <span class=\"folyoirat\">FOGORVOSI SZEMLE <\/span><span class=\"kotet\"> 108:<\/span>(1) <span class=\"oldal\">pp. 19-24.<\/span><span class=\"ev\"> (2015)<\/span><\/p>\n<\/li>\n<\/ol>\n<p><strong> Kongresszusi el\u0151ad\u00e1sok, poszterek:<\/strong><\/p>\n<ol>\n<li>Feh\u00e9r E, Montagnese C, Don\u00e1th T, <strong> Altdorfer K.<\/strong> Distribution of NADPH-diaphorase in neurons of sphincter of Oddi in the cat. IV. Semmelweis Tudom\u00e1nyos F\u00f3rum, Budapest 1995.<\/li>\n<li>Feh\u00e9r E, Montagnese C, Don\u00e1th T, <strong> Altdorfer K.<\/strong> Distribution of NADPH-diaphorase (NADPH-d) in neurons of sphincter pylori and sphincter Oddi in the cat.90. Versammiung in Graz &#8211; Verhandlungen der Anatomischen Gesellschaft Supplementheft zum 177. Band des Anatomischen Anzeigers &#8211; Annals of Anatomy &#8211; 1995.<\/li>\n<li><strong>Altdorfer K<\/strong>, Feh\u00e9r E, Feh\u00e9r J. Distribution of nitric oxide-containing neuronal elements of the gastrointestinal tract. Program and Abstracts, Society for Free Radical Research, Summer Meeting, Budapest 1995.<\/li>\n<li><strong>Altdorfer K<\/strong>, Don\u00e1th T, Feh\u00e9r E. Nitrog\u00e9n-monoxid tartalm\u00fa idegelemek immuncitok\u00e9miai lokaliz\u00e1ci\u00f3ja. A Magyar Anat\u00f3mus T\u00e1rsas\u00e1g IX. kongresszusa, Szeged 1997.<\/li>\n<li>Feh\u00e9r E, <strong>Altdorfer K<\/strong>, Don\u00e1th T, Feh\u00e9r J. Immunocytochemical localization of nitric oxide-containing nerve elements in the sphincter pylori and Oddi of the cat. A Magyar Gastroenterol\u00f3giai T\u00e1rsas\u00e1g 39. Nagygy\u0171l\u00e9se, Balatonaliga 1997.<\/li>\n<li>Ember Zs,<strong> Altdorfer K.<\/strong> A nitrog\u00e9n-monoxid kimutat\u00e1s\u00e1nak morfol\u00f3giai alapjai. XXVIII. Membr\u00e1n-transzport Konferencia, S\u00fcmeg 1998.<\/li>\n<li><strong>Altdorfer K<\/strong>, Ember Zs. A nitrog\u00e9n-monoxid tartalm\u00fa idegelemek lokaliz\u00e1ci\u00f3ja a t\u00e1pcsatorna egyes zsigereiben. Debreceni Egyetemi Sz\u00f6vets\u00e9g I. Idegtudom\u00e1nyi Konferenci\u00e1ja 1998.<\/li>\n<li>Feh\u00e9r E, <strong>Altdorfer K<\/strong>, Ember Zs. A nitrog\u00e9n-monoxid tartalm\u00fa idegelemek megoszl\u00e1sa \u00e9s prec\u00edz lokaliz\u00e1ci\u00f3ja az em\u00e9szt\u0151rendszerben. X. Magyar Anat\u00f3mus Kongresszus 1999.<\/li>\n<li>Feh\u00e9r E, <strong>Altdorfer K<\/strong>, Bagam\u00e9ri G. Neuro-immune interactions in the experimental colitis. A Magyar Gastroenterol\u00f3giai T\u00e1rsas\u00e1g 43. Nagygy\u0171l\u00e9se, Balatonaliga 2001.<\/li>\n<li>Bagam\u00e9ri G, <strong>Altdorfer K<\/strong>, Feh\u00e9r E. Distribution and localization of angiotensin II receptor subtypes AT1 and AT2 in the rat liver. A Magyar Gastroenterol\u00f3giai T\u00e1rsas\u00e1g 43. Nagygy\u0171l\u00e9se, Balatonaliga 2001.<\/li>\n<li>Feh\u00e9r E, Batbayar B, <strong>Altdorfer K<\/strong>, Somogyi J, Zelles T. Immunohistochemical localization of mast cell &#8211; nerve interactions in the tongue of the rat. 1<sup>st<\/sup> European Federation of IADR Scientific Meeting, Cardiff 2002.<\/li>\n<li><strong>Altdorfer K<\/strong>, Bagam\u00e9ri G, Don\u00e1th T, Feh\u00e9r E. Changes in the nitric oxide synthase activity of the interstitial celss of Cajal during experimental colitis. A Magyar Gastroenterol\u00f3giai T\u00e1rsas\u00e1g 45. Nagygy\u0171l\u00e9se, Balatonaliga 2003.<\/li>\n<li>Feh\u00e9r E, Batbayar B, <strong>Altdorfer K<\/strong>, Sipos G: Bidirectional interactions between the nerve fibres and immunocompetent cells in the human gastritis. Falk Symposium, Freiburg, 2004.<\/li>\n<li>Batbayar B, <strong>Altdorfer K<\/strong>, Zelles T, Feh\u00e9r E: Changing of the immunoreactive nerve fibers in the root of the tongue in diabetes mellitus after nerve growth factor treatment. A Magyar Idegtudom\u00e1nyi T\u00e1rsas\u00e1g XI. Kongresszusa, P\u00e9cs, 2005. \/ Clinical neuroscience &#8211; Ideggy\u00f3gy\u00e1szati Szemle 58. \u00e9vf., 1. k\u00fcl\u00f6nsz\u00e1m, 2005. j\u00falius, 16.<\/li>\n<li>Feh\u00e9r E, <strong>Altdorfer K<\/strong>, Don\u00e1th T, Sipos G: Bidirectional interaction of the enteric nervous and immune systems in human gastritis. 100. Versammiung in Leipzig &#8211; Verhandlungen der Anatomischen Gesellschaft\u00a0 &#8211; 2005.<\/li>\n<li>Feh\u00e9r E, <strong>Altdorfer K<\/strong>, Pongor \u00c9, Chen LP, Sipos G: Morphological basis of the neuro-immuno interaction in chronic gastritis. International Symposium on Basic Gastrointestinal Research\u00a0 &#8211; Research Forum &#8211; Hungarian Gastroenterological Society, Budapest, 2005. dec. 6.<\/li>\n<li>Pongor \u00c9, Sipos G, <strong>Altdorfer K<\/strong>, Feh\u00e9r E: Neuronmodul\u00e1ci\u00f3 a gyomor ny\u00e1lkah\u00e1rty\u00e1ban. A Magyar Anat\u00f3mus T\u00e1rsas\u00e1g XV. Kongresszusa \u0096 Budapest, 2009. VI. 11-13.<\/li>\n<li>\u00a0Pongor \u00c9, Lengyel G, <strong>Altdorfer K<\/strong>, Feh\u00e9r E: Neuropeptid Y, P anyag \u00e9s neuroimmun interakci\u00f3 a hum\u00e1n m\u00e1jban. Magyar Szabadgy\u00f6k-Kutat\u00f3 T\u00e1rsas\u00e1g VI. Kongresszusa \u00e9s az MTA Mikroelem Munkabizotts\u00e1g\u00e1nak Tudom\u00e1nyos \u00dcl\u00e9se. G\u00f6d\u00f6ll\u0151, 2011.<\/li>\n<li><strong>Altdorfer K<\/strong>, Zelles T, Feh\u00e9r E: Morphological evidence of local reflex arch in the rat\u0092s tongue. 45th Meeting of the Continental European Division of the International Association for Dental Research (CED-IADR) with Scandinavion Division. Budapest, 2011<\/li>\n<li>Hev\u00e9r H, <strong>Altdorfer K<\/strong>, Zelles T, Batbayar C, Feh\u00e9r E: Innervation of Taste Buds in Streptozotocin-induced Diabetic Rat. 45th Meeting of the Continental European Division of the International Association for Dental Research (CED-IADR) with Scandinavion Division. Budapest, 2011<\/li>\n<li>Kisp\u00e9lyi B, Lohinai Z, <strong>Altdorfer K<\/strong>, Feh\u00e9r E: Neuroimmunomodulation in the oral mucosa of the diabetic rat. Gastroenterol\u00f3giai T\u00e1rsas\u00e1g 55. Nagygy\u0171l\u00e9se, Tihany, 2013. Zeitstrift f\u00fcr Gastroenterologie, p. 467, 2013 IF:0,896<\/li>\n<li>\n<p class=\"pfejezet\">Feh\u00e9r Erzs\u00e9bet, <u>Altdorfer K\u00e1roly<\/u>, Lengyel Gabriella: NEUROIMMUNMODUL\u00c1CI\u00d3 AUTOIMMUN HEPATITISBEN In: Bl\u00e1zovics Anna, M\u00e9zes Mikl\u00f3s, R\u0151th Erzs\u00e9bet (szerk.) OXIDATIV STRESSZ \u00c9S BETEGS\u00c9GEK. 243 p.Konferencia helye, ideje: Budapest, Magyarorsz\u00e1g, 2014.10.06-2014.10.07. G\u00f6d\u00f6ll\u0151<span class=\"kiadvaros\">:<\/span><span class=\"kiado\"> Szent Istv\u00e1n Egyetemi Kiad\u00f3, <\/span><span class=\"ev\">2015. <\/span><span class=\"oldal\"> <span class=\"oldal\">pp. 110-115.<\/span><\/span><\/p>\n<\/li>\n<\/ol>\n<p><strong>Id\u00e9zhet\u0151 absztraktok<\/strong><\/p>\n<ol>\n<li><strong>Altdorfer K<\/strong>, Feh\u00e9r E, Feh\u00e9r J. Distribution of NADPH-diaphorase, a marker for neuronal nitric oxide synthase, in the pylorus of the cat. Z Gastroenterol 1995;5:279. IF:<strong> 0,632<\/strong><\/li>\n<li>Feh\u00e9r E, <strong>Altdorfer K<\/strong>, Gallatz K, Don\u00e1th T. Nitric oxide synthase containing nerve elements in the pylorus of the cat. Verhandlungen der Anatomischen Gesellschaft (91. Versammlung, Jena, Deutschland), Supplementheft zum Anatomischen Anzeigers 1996;235.<\/li>\n<li><strong>Altdorfer K<\/strong>, Feh\u00e9r E, Bagam\u00e9ri G, Feh\u00e9r J. Distribution and localization of NADPH-diaphorase containing neural elements of the gastrointestinal tract. Verhandlungen der Anatomischen Gesellschaft (91. Versammlung, Jena, Deutschland), Supplementheft zum Anatomischen Anzeigers 1996;235-236.<\/li>\n<li><strong>Altdorfer K<\/strong>, Feh\u00e9r E, Feh\u00e9r J. Distribution pattern and projections of nitrergic neurons in the cat pylorus. A Magyar Gastroenterol\u00f3giai T\u00e1rsas\u00e1g 38. Nagygy\u0171l\u00e9se, Balatonaliga. Z Gastroenterol 1996;5:301. IF:<strong> 0,958<\/strong><\/li>\n<li><strong>Altdorfer K<\/strong>, Bagam\u00e9ri G, Feh\u00e9r E, Feh\u00e9r J. Ultrastructural localization of nitrergic nerve elements in cat pylorus. A Magyar Gastroenterol\u00f3giai T\u00e1rsas\u00e1g 42. Nagygy\u0171l\u00e9se, Balatonaliga. Z Gastroenterol 2000;38:398. IF:<strong> 0,887<\/strong><\/li>\n<li>Feh\u00e9r E, <strong>Altdorfer K<\/strong>, Bagam\u00e9ri G, Feh\u00e9r J. Bidirectional neuroimmune interaction in human colonic mucosa. A Magyar Gastroenterol\u00f3giai T\u00e1rsas\u00e1g 42. Nagygy\u0171l\u00e9se, Balatonaliga. Z Gastroenterol 2000;38:404. IF:<strong> 0,887<\/strong><\/li>\n<li><strong>Altdorfer K<\/strong>, Bagam\u00e9ri G, Feh\u00e9r E. Localization of nitrergic nerve terminals in the mucosa of the cat pylorus. A Magyar Gastroenterol\u00f3giai T\u00e1rsas\u00e1g 43. Nagygy\u0171l\u00e9se, Balatonaliga. Z Gastroenterol 2001;5:380. IF:<strong> 0,803<\/strong><\/li>\n<li>Feh\u00e9r E., Batbayar B., V\u00e9r \u00c1., <strong>Altdorfer K.<\/strong>: Changing of the immunoreactive nerve fibers in the small intestine in diabetes mellitus. A Magyar Gastroenterol\u00f3giai T\u00e1rsas\u00e1g 45. Nagygy\u0171l\u00e9se, Balatonaliga 2003. Z Gastroenterol 2003;41:435.\u00a0 IF:<strong> 1,076<\/strong><\/li>\n<li><strong>Altdorfer K<\/strong>, Batbayar B, Feh\u00e9r E. <a href=\"http:\/\/www.thieme-connect.com\/ejournals\/abstract\/zfg\/doi\/10.1055\/s-2004-827107\">Intestinal neurotransmitters and PARS activation in streptozotocin induced diabetic rats.<\/a> A Magyar Gastroenterol\u00f3giai T\u00e1rsas\u00e1g 46. Nagygy\u0171l\u00e9se, Balatonaliga. Z Gastroenterol 2004;5:404. IF:<strong> 1,076<\/strong><\/li>\n<li>Sipos G, Batbayar B, <strong> Altdorfer K<\/strong>, Feh\u00e9r E. <a href=\"http:\/\/www.thieme-connect.com\/ejournals\/abstract\/zfg\/doi\/10.1055\/s-2004-827036\">Immunohistochemical analysis of the different neuropeptide containing nerve fibres and immunocompetent cells in the gastritis.<\/a> A Magyar Gastroenterol\u00f3giai T\u00e1rsas\u00e1g 46. Nagygy\u0171l\u00e9se, Balatonaliga. Z Gastroenterol 2004;5:437. IF:<strong> 1,076<\/strong><\/li>\n<li>Feh\u00e9r E, Sipos G., <strong> Altdorfer K.<\/strong>: Changing of the differnent neuropeptide containing nerve fibres and immunocompetent cells in the gastritis. 99. Versammiung in Wien &#8211; Verhandlungen der Anatomischen Gesellschaft Supplementheft zum 186. Band des Anatomischen Anzeigers &#8211; Annals of Anatomy &#8211; 2004.<\/li>\n<li>Pongor \u00c9., Chen L.P., Sipos P., <strong>Altdorfer K.<\/strong>, Feh\u00e9r E.: <a href=\"http:\/\/www.thieme-connect.com\/ejournals\/abstract\/zfg\/doi\/10.1055\/s-2005-869750\">Changes of the different neuropeptide containing nerve fibres in the inflamed human gall bladder.<\/a>\u00a0 A Magyar Gastroenterol\u00f3giai T\u00e1rsas\u00e1g 47. Nagygy\u0171l\u00e9se, Balatonaliga. Z Gastroenterol 2005; 43:507<\/li>\n<li>Feh\u00e9r E, <strong>Altdorfer K<\/strong>, Don\u00e1th T, Sipos G: Bidirectional interaction of the enteric nervous and immune systems in human gastritis. 100. Versammiung in Leipzig &#8211; Verhandlungen der Anatomischen Gesellschaft 2005; p101 Abstrakt<\/li>\n<li>Batbayar B, <strong>Altdorfer K<\/strong>, Zelles T, Feh\u00e9r E: Changing of the immunoreactive nerve fibres in the root of the tongue in diabetes mellitus after nerve growth factor treatment. Magyar Idegtudom\u00e1nyi T\u00e1rsas\u00e1g X. Konferenci\u00e1ja, P\u00e9cs; Ideggy\u00f3gy\u00e1szati Szemle 2005, 58\/1. k\u00fcl\u00f6nsz\u00e1m &#8211; 2005. j\u00falius &#8211; p16 &#8211; Abstract<\/li>\n<li>N\u00e9meth E, Batbayar B, V\u00e9r \u00c1, <strong>Altdorfer K.<\/strong>, Feh\u00e9r E.: <a href=\"http:\/\/www.thieme-connect.com\/ejournals\/abstract\/zfg\/doi\/10.1055\/s-2006-943449\">Changes of the different neuropeptide containing nerve fibres and immunocells in diabetic rats&#8217; gastrointestinal tract.<\/a> A Magyar Gastroenterol\u00f3giai T\u00e1rsas\u00e1g 48. Nagygy\u0171l\u00e9se, Szeged. Z Gastroenterol 2006; 44: 434.<\/li>\n<li>Pongor \u00c9, Chen LP, <strong>Altdorfer K.<\/strong>, Feh\u00e9r E: <a href=\"http:\/\/www.thieme-connect.com\/ejournals\/abstract\/zfg\/doi\/10.1055\/s-2006-943467\"> Neuroimmunomodulation in the iodoacetamine-induced gastritis in rats.<\/a> A Magyar Gastroenterol\u00f3giai T\u00e1rsas\u00e1g 48. Nagygy\u0171l\u00e9se, Szeged. Z Gastroenterol 2006; 44: 439.<\/li>\n<li><strong>Altdorfer K.<\/strong>, Pongor \u00c9, Batbayar B, Feh\u00e9r E: <a href=\"http:\/\/www.thieme-connect.com\/ejournals\/abstract\/zfg\/doi\/10.1055\/s-2007-982632\"> Bidirectional interactions of the nerve terminals and immunocompetent cells in diabetic rats&#8217; small intestine.<\/a> A Magyar Gastroenterol\u00f3giai T\u00e1rsas\u00e1g 49. Nagygy\u0171l\u00e9se, Tihany. Z Gastroenterol 2007; 44 (45): 422.<\/li>\n<li>Pongor \u00c9, Led\u00f3 N, <strong>Altdorfer K.<\/strong>, Feh\u00e9r E: <a href=\"http:\/\/www.thieme-connect.com\/ejournals\/abstract\/zfg\/doi\/10.1055\/s-2007-982711\"> Distribution and localization of the nerve elements in the liver of different mammals. <\/a> \u00a0A Magyar Gastroenterol\u00f3giai T\u00e1rsas\u00e1g 49. Nagygy\u0171l\u00e9se, Tihany. Z Gastroenterol 2007; 44 (45): 441.<\/li>\n<li>Pongor \u00c9,<strong> Altdorfer K<\/strong>, Feh\u00e9r E: <a href=\"http:\/\/www.thieme-connect.com\/ejournals\/abstract\/zfg\/doi\/10.1055\/s-2008-1079687\"> An immunohistochemical study of endocrine cells in the iodoacetamine-induced rat&#8217;s gastritis.<\/a> A Magyar Gastroenterol\u00f3giai T\u00e1rsas\u00e1g 50. Nagygy\u0171l\u00e9se, Tihany. Z Gastroenterol 2008; 46: 508.<\/li>\n<li>Pongor \u00c9,<strong> Altdorfer K<\/strong>, Feh\u00e9r E: <a href=\"http:\/\/www.thieme-connect.com\/ejournals\/abstract\/zfg\/doi\/10.1055\/s-0029-1224053\"> Localization of substance P with tumor necrosis factor-alpha in the immunocytes in the experimental gastritis. <\/a>A Magyar Gastroenterol\u00f3giai T\u00e1rsas\u00e1g 51. Nagygy\u0171l\u00e9se, Tihany. Z Gastroenterol 2009; 47: 477.<\/li>\n<li>Pongor, \u00c9; Lengyel, G; Wimmer, A; <strong>Altdorfer, K<\/strong>; Feh\u00e9r, E: <a href=\"https:\/\/www.thieme-connect.com\/ejournals\/abstract\/zfg\/doi\/10.1055\/s-0030-1254805\"> Neuroimmunomodulation in the normal and inflamed human liver.<\/a> Z Gastroenterol\u00a02010;\u00a048:\u00a0613.\u00a0 <a href=\"https:\/\/www.thieme-connect.com\/ejournals\/abstract\/zfg\/doi\/10.1055\/s-0030-1254805\"> Abstract<\/a><\/li>\n<\/ol>\n<p><strong>Egy\u00e9b k\u00f6zlem\u00e9nyek<\/strong> <strong>Altdorfer K<\/strong>, R\u00e9thelyi M. <a title=\"Hallgat\u00f3i v\u00e9lem\u00e9nyek az anat\u00f3mi\u00e1r\u00f3l (1996)\" href=\"\/anatomia\/?page_id=819\">Hallgat\u00f3i v\u00e9lem\u00e9nyek az anat\u00f3mi\u00e1r\u00f3l (oktat\u00e1sstatisztikai felm\u00e9r\u00e9s) <\/a>Orvosegyetem 1996;6:2-3.<\/p>\n","protected":false},"excerpt":{"rendered":"<p>Egyetemi doktori (PhD) \u00e9rtekez\u00e9s <a style=\"text-decoration: none\" href=\"http:\/\/phd.sote.hu\/mwp\/phd_live\/vedes\/index.php?FrmTabNev=vedes&amp;FrmLstTip=1&amp;FrmId=111&amp;UseTmpl=on&amp;FrmAktOldal=1&amp;FrmHossz=10&amp;FrmOrder=0&amp;FrmGrp=0&amp;FrmLang=0&amp;FrmEnc=9%7DHvftu%7D2%7D1744fef58gb6c38c:f64b2dbc766ebd6\">v\u00e9d\u00e9se<\/a> : 2003. j\u00fanius 23.\u00a0 <a href=\"https:\/\/semmelweis.hu\/anatomia\/files\/2014\/06\/tezis-ak.pdf\">Az \u00e9rtekez\u00e9s t\u00e9zisei<\/a> (pdf) PhD-fokozat (summa cum laude): 2003. Publik\u00e1ci\u00f3k Szakcikkek: Altdorfer K., Feh\u00e9r E., Feh\u00e9r J.: Nitrog\u00e9n monoxid tartalm\u00fa idegelemek megoszl\u00e1sa \u00e9s lokaliz\u00e1ci\u00f3ja a t\u00e1pcsatorn\u00e1ban. Orv Hetil 1996;137:857-861. Altdorfer K., Feh\u00e9r E., Don\u00e1th T., Feh\u00e9r J.: Nitric oxide synthase-containing nerve elements in the pylorus of the cat. Neurosci Lett &hellip;<\/p>\n","protected":false},"author":12,"featured_media":0,"parent":817,"menu_order":3,"comment_status":"closed","ping_status":"open","template":"","meta":{"_acf_changed":false,"footnotes":""},"categories":[],"tags":[],"class_list":["post-1609","page","type-page","status-publish","hentry"],"acf":[],"_links":{"self":[{"href":"https:\/\/semmelweis.hu\/anatomia\/wp-json\/wp\/v2\/pages\/1609","targetHints":{"allow":["GET"]}}],"collection":[{"href":"https:\/\/semmelweis.hu\/anatomia\/wp-json\/wp\/v2\/pages"}],"about":[{"href":"https:\/\/semmelweis.hu\/anatomia\/wp-json\/wp\/v2\/types\/page"}],"author":[{"embeddable":true,"href":"https:\/\/semmelweis.hu\/anatomia\/wp-json\/wp\/v2\/users\/12"}],"replies":[{"embeddable":true,"href":"https:\/\/semmelweis.hu\/anatomia\/wp-json\/wp\/v2\/comments?post=1609"}],"version-history":[{"count":5,"href":"https:\/\/semmelweis.hu\/anatomia\/wp-json\/wp\/v2\/pages\/1609\/revisions"}],"predecessor-version":[{"id":10191,"href":"https:\/\/semmelweis.hu\/anatomia\/wp-json\/wp\/v2\/pages\/1609\/revisions\/10191"}],"up":[{"embeddable":true,"href":"https:\/\/semmelweis.hu\/anatomia\/wp-json\/wp\/v2\/pages\/817"}],"wp:attachment":[{"href":"https:\/\/semmelweis.hu\/anatomia\/wp-json\/wp\/v2\/media?parent=1609"}],"wp:term":[{"taxonomy":"category","embeddable":true,"href":"https:\/\/semmelweis.hu\/anatomia\/wp-json\/wp\/v2\/categories?post=1609"},{"taxonomy":"post_tag","embeddable":true,"href":"https:\/\/semmelweis.hu\/anatomia\/wp-json\/wp\/v2\/tags?post=1609"}],"curies":[{"name":"wp","href":"https:\/\/api.w.org\/{rel}","templated":true}]}}