{"id":1570,"date":"2014-06-09T10:50:12","date_gmt":"2014-06-09T08:50:12","guid":{"rendered":"http:\/\/www.ana.usn.hu\/hu\/?page_id=1570"},"modified":"2022-05-29T19:49:20","modified_gmt":"2022-05-29T17:49:20","slug":"konyvtarunk","status":"publish","type":"page","link":"https:\/\/semmelweis.hu\/anatomia\/az-intezet\/konyvtarunk\/","title":{"rendered":"K\u00f6nyvt\u00e1runk"},"content":{"rendered":"<figure id=\"attachment_1573\" aria-describedby=\"caption-attachment-1573\" style=\"width: 300px\" class=\"wp-caption alignright\"><a href=\"https:\/\/semmelweis.hu\/anatomia\/files\/2014\/06\/renner4.jpg\"><img loading=\"lazy\" decoding=\"async\" class=\"wp-image-1573 size-medium\" src=\"https:\/\/semmelweis.hu\/anatomia\/files\/2014\/06\/renner4-300x196.jpg\" alt=\"renner4\" width=\"300\" height=\"196\" srcset=\"https:\/\/semmelweis.hu\/anatomia\/files\/2014\/06\/renner4-300x196.jpg 300w, https:\/\/semmelweis.hu\/anatomia\/files\/2014\/06\/renner4-458x300.jpg 458w, https:\/\/semmelweis.hu\/anatomia\/files\/2014\/06\/renner4.jpg 750w\" sizes=\"auto, (max-width: 300px) 100vw, 300px\" \/><\/a><figcaption id=\"caption-attachment-1573\" class=\"wp-caption-text\">PhD v\u00e9d\u00e9s k\u00f6nyvt\u00e1runkban (2014)<\/figcaption><\/figure>\n<p>IX. Budapest, T\u0171zolt\u00f3 u. 58. I. emelet<br \/>\nTelefon: +36 1 215 69 20 \/53621<br \/>\nFax: +36 1 215 51 58<\/p>\n<p><strong>\u00c1llom\u00e1ny:<\/strong> <br \/>\n5 735 k\u00f6tet (2 848 k\u00f6nyv, 2 887 k\u00f6t\u00f6tt foly\u00f3irat)<\/p>\n<p><strong>Felszerelts\u00e9g, szolg\u00e1ltat\u00e1sok:<\/strong> <br \/>\nAz Anat\u00f3miai, Sz\u00f6vet- \u00e9s Fejl\u0151d\u00e9stani Int\u00e9zet k\u00f6nyvt\u00e1ra funkci\u00f3j\u00e1t tekintve szakk\u00f6nyvt\u00e1ri feladatot l\u00e1t el. Az int\u00e9zeti oktat\u00f3k \u00e9s tudom\u00e1nyos kutat\u00f3k munk\u00e1j\u00e1t hivatott seg\u00edteni, csak tansz\u00e9ki dolgoz\u00f3k sz\u00e1m\u00e1ra k\u00f6lcs\u00f6n\u00f6z.\u00a0<\/p>\n<p>M\u00e1s k\u00f6nyvt\u00e1rak sz\u00e1m\u00e1ra a k\u00f6nyvt\u00e1rk\u00f6zi dokumentum-ell\u00e1t\u00e1s keretein bel\u00fcl k\u00f6lcs\u00f6n\u00f6z, illetve f\u00e9nym\u00e1sol cikkeket.<br \/>\nA k\u00f6nyvt\u00e1rban egy sz\u00e1m\u00edt\u00f3g\u00e9p van, amelyet a k\u00f6nyvt\u00e1ros haszn\u00e1lhat. Az olvas\u00f3terem k\u00fcl\u00f6nb\u00f6z\u0151 \u00e9rtekezletek megtart\u00e1s\u00e1ra illetve oktat\u00e1si c\u00e9lra is szolg\u00e1l. Erre a c\u00e9lra vet\u00edt\u0151v\u00e1szon \u00e9s visual t\u00e1bla \u00e1ll rendelkez\u00e9sre.<\/p>\n<p><figure style=\"width: 1200px\" class=\"wp-caption alignnone\"><img loading=\"lazy\" decoding=\"async\" src=\"https:\/\/semmelweis.hu\/anatomia\/files\/2015\/08\/IMG_0929.jpg\" alt=\"\" width=\"1200\" height=\"800\" \/><figcaption class=\"wp-caption-text\">Systems Neuroanatomy ny\u00e1ri kurzus a k\u00f6nyvt\u00e1rban (2015)<\/figcaption><\/figure> <figure id=\"attachment_30325\" aria-describedby=\"caption-attachment-30325\" style=\"width: 1024px\" class=\"wp-caption aligncenter\"><a href=\"https:\/\/semmelweis.hu\/anatomia\/files\/2022\/05\/km20220527_123329.jpg\"><img loading=\"lazy\" decoding=\"async\" class=\"wp-image-30325 size-full\" src=\"https:\/\/semmelweis.hu\/anatomia\/files\/2022\/05\/km20220527_123329.jpg\" alt=\"\" width=\"1024\" height=\"761\" srcset=\"https:\/\/semmelweis.hu\/anatomia\/files\/2022\/05\/km20220527_123329.jpg 1024w, https:\/\/semmelweis.hu\/anatomia\/files\/2022\/05\/km20220527_123329-400x297.jpg 400w, https:\/\/semmelweis.hu\/anatomia\/files\/2022\/05\/km20220527_123329-768x571.jpg 768w, https:\/\/semmelweis.hu\/anatomia\/files\/2022\/05\/km20220527_123329-753x560.jpg 753w\" sizes=\"auto, (max-width: 1024px) 100vw, 1024px\" \/><\/a><figcaption id=\"caption-attachment-30325\" class=\"wp-caption-text\">A k\u00f6nyvt\u00e1r &#8211; fel\u00faj\u00edt\u00e1sa ut\u00e1n (2022): int\u00e9zeti \u00fcnnepl\u00e9s K\u00e1lm\u00e1n prof. 70. sz\u00fclet\u00e9snapj\u00e1n<\/figcaption><\/figure><\/p>\n<p>&nbsp;<\/p>\n<p>&nbsp;<\/p>\n","protected":false},"excerpt":{"rendered":"<p>IX. Budapest, T\u0171zolt\u00f3 u. 58. I. emelet Telefon: +36 1 215 69 20 \/53621 Fax: +36 1 215 51 58 \u00c1llom\u00e1ny: 5 735 k\u00f6tet (2 848 k\u00f6nyv, 2 887 k\u00f6t\u00f6tt foly\u00f3irat) Felszerelts\u00e9g, szolg\u00e1ltat\u00e1sok: Az Anat\u00f3miai, Sz\u00f6vet- \u00e9s Fejl\u0151d\u00e9stani Int\u00e9zet k\u00f6nyvt\u00e1ra funkci\u00f3j\u00e1t tekintve szakk\u00f6nyvt\u00e1ri feladatot l\u00e1t el. Az int\u00e9zeti oktat\u00f3k \u00e9s tudom\u00e1nyos kutat\u00f3k munk\u00e1j\u00e1t hivatott seg\u00edteni, &hellip;<\/p>\n","protected":false},"author":12,"featured_media":0,"parent":12706,"menu_order":4,"comment_status":"closed","ping_status":"open","template":"","meta":{"_acf_changed":false,"footnotes":""},"categories":[],"tags":[],"class_list":["post-1570","page","type-page","status-publish","hentry"],"acf":[],"_links":{"self":[{"href":"https:\/\/semmelweis.hu\/anatomia\/wp-json\/wp\/v2\/pages\/1570","targetHints":{"allow":["GET"]}}],"collection":[{"href":"https:\/\/semmelweis.hu\/anatomia\/wp-json\/wp\/v2\/pages"}],"about":[{"href":"https:\/\/semmelweis.hu\/anatomia\/wp-json\/wp\/v2\/types\/page"}],"author":[{"embeddable":true,"href":"https:\/\/semmelweis.hu\/anatomia\/wp-json\/wp\/v2\/users\/12"}],"replies":[{"embeddable":true,"href":"https:\/\/semmelweis.hu\/anatomia\/wp-json\/wp\/v2\/comments?post=1570"}],"version-history":[{"count":10,"href":"https:\/\/semmelweis.hu\/anatomia\/wp-json\/wp\/v2\/pages\/1570\/revisions"}],"predecessor-version":[{"id":30334,"href":"https:\/\/semmelweis.hu\/anatomia\/wp-json\/wp\/v2\/pages\/1570\/revisions\/30334"}],"up":[{"embeddable":true,"href":"https:\/\/semmelweis.hu\/anatomia\/wp-json\/wp\/v2\/pages\/12706"}],"wp:attachment":[{"href":"https:\/\/semmelweis.hu\/anatomia\/wp-json\/wp\/v2\/media?parent=1570"}],"wp:term":[{"taxonomy":"category","embeddable":true,"href":"https:\/\/semmelweis.hu\/anatomia\/wp-json\/wp\/v2\/categories?post=1570"},{"taxonomy":"post_tag","embeddable":true,"href":"https:\/\/semmelweis.hu\/anatomia\/wp-json\/wp\/v2\/tags?post=1570"}],"curies":[{"name":"wp","href":"https:\/\/api.w.org\/{rel}","templated":true}]}}