{"id":14186,"date":"2017-10-12T18:16:07","date_gmt":"2017-10-12T16:16:07","guid":{"rendered":"http:\/\/semmelweis.hu\/anatomia\/?page_id=14186"},"modified":"2020-04-06T17:31:59","modified_gmt":"2020-04-06T15:31:59","slug":"palyakutato-laboratorium","status":"publish","type":"page","link":"https:\/\/semmelweis.hu\/anatomia\/kutatas\/laborok-kutatocsoportok\/palyakutato-laboratorium\/","title":{"rendered":"P\u00e1lyakutat\u00f3 Laborat\u00f3rium"},"content":{"rendered":"<p><strong>Vezet\u0151<\/strong>:<\/p>\n<ul>\n<li>Dr. Cs\u00e1ki \u00c1gnes egyetemi docens<\/li>\n<\/ul>\n<p><strong>Munkat\u00e1rsak<\/strong>:<\/p>\n<ul>\n<li>Dr. K\u00f6ves Katalin egyetemi tan\u00e1r, szaktan\u00e1csad\u00f3<\/li>\n<li>Tak\u00e1cs Tivadarn\u00e9 (szakasszisztens)<\/li>\n<li>Ak\u00f3csi Mariann (asszisztens)<\/li>\n<\/ul>\n<p>\n<strong>Kutat\u00e1si profil<\/strong>:<\/p>\n<p>\n1) A centrifug\u00e1lis vizu\u00e1lis rendszer\u00a0\u00a0ered\u0151 sejtjeinek felt\u00e9rk\u00e9pez\u00e9se k\u00fcl\u00f6nb\u00f6z\u0151 eml\u0151s speciesek idegrendszer\u00e9ben k\u00fcl\u00f6n\u00f6s tekintettel a pinealo-retin\u00e1lis kapcsolatokra.<\/p>\n<p>2) A perif\u00e9ri\u00e1s szervek autonom beidegz\u00e9s\u00e9ben r\u00e9sztvev\u0151 neuropeptid tartalm\u00fa premotor hypothalamikus neuronok lokaliz\u00e1ci\u00f3ja \u00e9s neuroendokrin szerep\u00fck.<\/p>\n<p>&nbsp;<\/p>\n<p><strong>M\u00f3dszerek<\/strong>:<\/p>\n<p>\nimmunhisztok\u00e9mia (f\u00e9ny- \u00e9s konfok\u00e1lis l\u00e9zer szkenning mikroszk\u00f3pia), in vivo p\u00e1lyak\u00f6vet\u00e9s transsynaptikus \u00e9s non-transsynaptikus tracerekkel, kettes, h\u00e1rmas jel\u00f6l\u00e9sek<\/p>\n","protected":false},"excerpt":{"rendered":"<p>Vezet\u0151: Dr. Cs\u00e1ki \u00c1gnes egyetemi docens Munkat\u00e1rsak: Dr. K\u00f6ves Katalin egyetemi tan\u00e1r, szaktan\u00e1csad\u00f3 Tak\u00e1cs Tivadarn\u00e9 (szakasszisztens) Ak\u00f3csi Mariann (asszisztens) Kutat\u00e1si profil: 1) A centrifug\u00e1lis vizu\u00e1lis rendszer\u00a0\u00a0ered\u0151 sejtjeinek felt\u00e9rk\u00e9pez\u00e9se k\u00fcl\u00f6nb\u00f6z\u0151 eml\u0151s speciesek idegrendszer\u00e9ben k\u00fcl\u00f6n\u00f6s tekintettel a pinealo-retin\u00e1lis kapcsolatokra. 2) A perif\u00e9ri\u00e1s szervek autonom beidegz\u00e9s\u00e9ben r\u00e9sztvev\u0151 neuropeptid tartalm\u00fa premotor hypothalamikus neuronok lokaliz\u00e1ci\u00f3ja \u00e9s neuroendokrin szerep\u00fck. &nbsp; M\u00f3dszerek: &hellip;<\/p>\n","protected":false},"author":101248,"featured_media":0,"parent":471,"menu_order":0,"comment_status":"closed","ping_status":"closed","template":"","meta":{"_acf_changed":false,"footnotes":""},"categories":[],"tags":[],"class_list":["post-14186","page","type-page","status-publish","hentry"],"acf":[],"_links":{"self":[{"href":"https:\/\/semmelweis.hu\/anatomia\/wp-json\/wp\/v2\/pages\/14186","targetHints":{"allow":["GET"]}}],"collection":[{"href":"https:\/\/semmelweis.hu\/anatomia\/wp-json\/wp\/v2\/pages"}],"about":[{"href":"https:\/\/semmelweis.hu\/anatomia\/wp-json\/wp\/v2\/types\/page"}],"author":[{"embeddable":true,"href":"https:\/\/semmelweis.hu\/anatomia\/wp-json\/wp\/v2\/users\/101248"}],"replies":[{"embeddable":true,"href":"https:\/\/semmelweis.hu\/anatomia\/wp-json\/wp\/v2\/comments?post=14186"}],"version-history":[{"count":1,"href":"https:\/\/semmelweis.hu\/anatomia\/wp-json\/wp\/v2\/pages\/14186\/revisions"}],"predecessor-version":[{"id":14187,"href":"https:\/\/semmelweis.hu\/anatomia\/wp-json\/wp\/v2\/pages\/14186\/revisions\/14187"}],"up":[{"embeddable":true,"href":"https:\/\/semmelweis.hu\/anatomia\/wp-json\/wp\/v2\/pages\/471"}],"wp:attachment":[{"href":"https:\/\/semmelweis.hu\/anatomia\/wp-json\/wp\/v2\/media?parent=14186"}],"wp:term":[{"taxonomy":"category","embeddable":true,"href":"https:\/\/semmelweis.hu\/anatomia\/wp-json\/wp\/v2\/categories?post=14186"},{"taxonomy":"post_tag","embeddable":true,"href":"https:\/\/semmelweis.hu\/anatomia\/wp-json\/wp\/v2\/tags?post=14186"}],"curies":[{"name":"wp","href":"https:\/\/api.w.org\/{rel}","templated":true}]}}