{"id":1350,"date":"2014-06-07T23:45:16","date_gmt":"2014-06-07T21:45:16","guid":{"rendered":"http:\/\/www.ana.usn.hu\/hu\/?page_id=1350"},"modified":"2020-04-06T17:31:58","modified_gmt":"2020-04-06T15:31:58","slug":"alkalmazott-es-klinikai-anatomiai-laboratorium","status":"publish","type":"page","link":"https:\/\/semmelweis.hu\/anatomia\/kutatas\/laborok-kutatocsoportok\/alkalmazott-es-klinikai-anatomiai-laboratorium\/","title":{"rendered":"Alkalmazott \u00e9s Klinikai Anat\u00f3miai Laborat\u00f3rium \/ Applied and Clinical Anatomy Laboratory"},"content":{"rendered":"<p><strong>Vezet\u0151<\/strong>:<\/p>\n<ul>\n<li>\u00a0Dr. Patonay Lajos \u00e9s\u00a0Dr. Baksa G\u00e1bor<\/li>\n<\/ul>\n<p><strong>Munkat\u00e1rsak:<\/strong><\/p>\n<ul>\n<li>Dr. B\u00e1r\u00e1ny L\u00e1szl\u00f3<\/li>\n<li>Dr. Grimm Andr\u00e1s<\/li>\n<li>Dr. P\u00e1lh\u00e1zi P\u00e9ter<\/li>\n<li>Dr. Ruttkay Tam\u00e1s<\/li>\n<\/ul>\n<p><strong>K\u00fcls\u0151 tagok:<\/strong><\/p>\n<ul>\n<li>Dr. Benis Szabolcs<\/li>\n<li>Dr. Bodon Gergely<\/li>\n<li>Dr. E\u00f6rd\u00f6gh M\u00e1rton<\/li>\n<li>Prof. Dr. Galajda Zolt\u00e1n<\/li>\n<li>Dr. Kurucz P\u00e9ter<\/li>\n<li>Dr. Moln\u00e1r Gy\u00f6ngyv\u00e9r<\/li>\n<li>Dr. Nagy Kriszti\u00e1n<\/li>\n<li>Prof. Dr. Reisch R\u00f3bert<\/li>\n<li>Dr. T\u00f3th Mikl\u00f3s<\/li>\n<\/ul>\n<p><strong>Kutat\u00e1si t\u00e9m\u00e1k: <\/strong><\/p>\n<p>Munkacsoportunk a legk\u00fcl\u00f6nb\u00f6z\u0151bb m\u0171t\u00e9tes szakm\u00e1k seb\u00e9szeti anat\u00f3miai k\u00e9rd\u00e9seivel foglalkozik, k\u00fcl\u00f6n\u00f6s tekintettel a minim\u00e1lisan invaz\u00edv felt\u00e1r\u00e1si szeml\u00e9letre \u00e9s az endoszk\u00f3ppal v\u00e9gzett, illetve endoszk\u00f3ppal assziszt\u00e1lt m\u0171t\u00e9ti megold\u00e1sokra. Nem hat\u00e1rozunk meg \u00e1lland\u00f3 kutat\u00e1si t\u00e9m\u00e1kat, hiszen igyeksz\u00fcnk folyamatosan l\u00e9p\u00e9st tartani a klinikum \u00fajdons\u00e1gaival.<\/p>\n<p>A laborat\u00f3rium vezet\u0151je, Dr. Patonay Lajos \u00e1ltal\u00e1nos \u00e9s fogorvosi diplom\u00e1val egyar\u00e1nt rendelkezik, jelenleg sz\u00e1jseb\u00e9szk\u00e9nt els\u0151sorban fog\u00e1szati implantol\u00f3gi\u00e1val foglalkozik. 2003-ban Mestertan\u00e1r Arany\u00e9rem kit\u00fcntet\u00e9st vett \u00e1t a tudom\u00e1nyos di\u00e1kk\u00f6r\u00f6s hallgat\u00f3k vezet\u00e9s\u00e9ben ny\u00fajtott kiemelked\u0151 tev\u00e9kenys\u00e9g\u00e9\u00e9rt. Minden tov\u00e1bbi tag is rendelkezik saj\u00e1t bel- illetve k\u00fclf\u00f6ldi klinikai tapasztalattal, kit\u00fcntetetten az eszt\u00e9tikai \u00e9s helyre\u00e1ll\u00edt\u00f3 seb\u00e9szet, fog\u00e1szat \u00e9s sz\u00e1jseb\u00e9szet, f\u00fcl-orr-g\u00e9g\u00e9szet, idegseb\u00e9szet, ortop\u00e9d-traumatol\u00f3gia, sz\u00edv- \u00e9s \u00e9rseb\u00e9szet ter\u00fclet\u00e9n. Tagjaink r\u00e9szt vesznek a gradu\u00e1lis anat\u00f3miai oktat\u00e1sban, illetve egy\u00fcttm\u0171k\u00f6d\u00e9sben a k\u00fcls\u0151 tagokkal \u00e9s neves eur\u00f3pai orvosi m\u0171szergy\u00e1rt\u00f3 c\u00e9gekkel a posztgradu\u00e1lis tov\u00e1bbk\u00e9pz\u00e9sben, eszk\u00f6zfejleszt\u00e9sben, illetve -kipr\u00f3b\u00e1l\u00e1sban is.<\/p>\n<p>Az egyetemi hallgat\u00f3i \u00e9vek sor\u00e1n f\u0151k\u00e9nt a preparat\u00edv munk\u00e1ra, \u00e9s ennek sor\u00e1n az eszk\u00f6zhaszn\u00e1lat \u00e9s k\u00e9pi dokument\u00e1l\u00e1s elsaj\u00e1t\u00edt\u00e1s\u00e1ra helyezz\u00fck a hangs\u00falyt. Lehet\u0151s\u00e9g ny\u00edlik tov\u00e1bb\u00e1 -saj\u00e1t szervez\u00e9sben- a z\u00f6mmel nyugat-eur\u00f3pai \u00e1llamokban dolgoz\u00f3 k\u00fcls\u0151 tagok fel\u00fcgyelet\u00e9vel ny\u00e1ri seb\u00e9szeti szakmai gyakorlaton val\u00f3 r\u00e9szv\u00e9telre. Az elm\u00falt k\u00f6zel h\u00e1rom \u00e9vtizedben sz\u00e1mos szakdolgozat, TDK- \u00e9s PhD-munka k\u00e9sz\u00fclt el az itt v\u00e9gzett szakmai munka eredm\u00e9nyek\u00e9nt.<\/p>\n<p><strong>M\u00f3dszerek, m\u0171szerek:<\/strong><\/p>\n<p>Csontmegmunk\u00e1l\u00e1s seb\u00e9szi f\u00far\u00f3val, endoszk\u00f3pia, fot\u00f3- \u00e9s vide\u00f3dokument\u00e1ci\u00f3, kad\u00e1ver m\u0171t\u00e9tek, k\u00fcl\u00f6nb\u00f6z\u0151 tart\u00f3s\u00edt\u00e1si elj\u00e1r\u00e1sok, \u00f6ntv\u00e9ny- (korr\u00f3zi\u00f3s) technik\u00e1k, oper\u00e1l\u00f3 mikroszk\u00f3p, prepar\u00e1ci\u00f3, \u00e1ltal\u00e1nos sz\u00f6vettani elj\u00e1r\u00e1sok, dekalcin\u00e1l\u00e1s n\u00e9lk\u00fcli csontprepar\u00e1tumok sz\u00f6vettani el\u0151k\u00e9sz\u00edt\u00e9se \u00e9s vizsg\u00e1lata, t\u00f6rt\u00e9nelmi korokb\u00f3l sz\u00e1rmaz\u00f3 leletanyag anat\u00f3miai \u00e9s morfol\u00f3giai vizsg\u00e1lata.<\/p>\n<p>&nbsp;<\/p>\n","protected":false},"excerpt":{"rendered":"<p>Vezet\u0151: \u00a0Dr. Patonay Lajos \u00e9s\u00a0Dr. Baksa G\u00e1bor Munkat\u00e1rsak: Dr. B\u00e1r\u00e1ny L\u00e1szl\u00f3 Dr. Grimm Andr\u00e1s Dr. P\u00e1lh\u00e1zi P\u00e9ter Dr. Ruttkay Tam\u00e1s K\u00fcls\u0151 tagok: Dr. Benis Szabolcs Dr. Bodon Gergely Dr. E\u00f6rd\u00f6gh M\u00e1rton Prof. Dr. Galajda Zolt\u00e1n Dr. Kurucz P\u00e9ter Dr. Moln\u00e1r Gy\u00f6ngyv\u00e9r Dr. Nagy Kriszti\u00e1n Prof. Dr. Reisch R\u00f3bert Dr. T\u00f3th Mikl\u00f3s Kutat\u00e1si t\u00e9m\u00e1k: Munkacsoportunk a &hellip;<\/p>\n","protected":false},"author":12,"featured_media":0,"parent":471,"menu_order":0,"comment_status":"closed","ping_status":"closed","template":"","meta":{"_acf_changed":false,"footnotes":""},"categories":[],"tags":[],"class_list":["post-1350","page","type-page","status-publish","hentry"],"acf":[],"_links":{"self":[{"href":"https:\/\/semmelweis.hu\/anatomia\/wp-json\/wp\/v2\/pages\/1350","targetHints":{"allow":["GET"]}}],"collection":[{"href":"https:\/\/semmelweis.hu\/anatomia\/wp-json\/wp\/v2\/pages"}],"about":[{"href":"https:\/\/semmelweis.hu\/anatomia\/wp-json\/wp\/v2\/types\/page"}],"author":[{"embeddable":true,"href":"https:\/\/semmelweis.hu\/anatomia\/wp-json\/wp\/v2\/users\/12"}],"replies":[{"embeddable":true,"href":"https:\/\/semmelweis.hu\/anatomia\/wp-json\/wp\/v2\/comments?post=1350"}],"version-history":[{"count":7,"href":"https:\/\/semmelweis.hu\/anatomia\/wp-json\/wp\/v2\/pages\/1350\/revisions"}],"predecessor-version":[{"id":23681,"href":"https:\/\/semmelweis.hu\/anatomia\/wp-json\/wp\/v2\/pages\/1350\/revisions\/23681"}],"up":[{"embeddable":true,"href":"https:\/\/semmelweis.hu\/anatomia\/wp-json\/wp\/v2\/pages\/471"}],"wp:attachment":[{"href":"https:\/\/semmelweis.hu\/anatomia\/wp-json\/wp\/v2\/media?parent=1350"}],"wp:term":[{"taxonomy":"category","embeddable":true,"href":"https:\/\/semmelweis.hu\/anatomia\/wp-json\/wp\/v2\/categories?post=1350"},{"taxonomy":"post_tag","embeddable":true,"href":"https:\/\/semmelweis.hu\/anatomia\/wp-json\/wp\/v2\/tags?post=1350"}],"curies":[{"name":"wp","href":"https:\/\/api.w.org\/{rel}","templated":true}]}}