{"id":1299,"date":"2014-06-07T22:16:06","date_gmt":"2014-06-07T20:16:06","guid":{"rendered":"http:\/\/www.ana.usn.hu\/hu\/?page_id=1299"},"modified":"2023-08-17T09:11:27","modified_gmt":"2023-08-17T07:11:27","slug":"nemzeti-agykutatasi-program-az-agy-sejt-es-fejlodesbiologiaja","status":"publish","type":"page","link":"https:\/\/semmelweis.hu\/anatomia\/kutatas\/laborok-kutatocsoportok\/nemzeti-agykutatasi-program-az-agy-sejt-es-fejlodesbiologiaja\/","title":{"rendered":"K\u00eds\u00e9rletes Neuroanat\u00f3miai \u00e9s Fejl\u0151d\u00e9sbiol\u00f3giai Csoport \/ Research Group of Experimental Neuroanatomy and Developmental Biology"},"content":{"rendered":"<div class=\"responsive-tabs\">\n<h2 class=\"tabtitle\">HUNGARIAN<\/h2>\n<div class=\"tabcontent\">\n\n<p><strong>Vezet\u0151:<\/strong><\/p>\n<ul>\n<li><strong>Dr. Alp\u00e1r Al\u00e1n<\/strong> egyetemi tan\u00e1r, MTA doktora<\/li>\n<li>email: <a href=\"mailto:alpar.alan@semmelweis.hu\">alpar.alan@semmelweis.hu<\/a><\/li>\n<li>Telefon: +36-1-2156920 \/ 53609<\/li>\n<li>Fax: +36-1-2155158<\/li>\n<\/ul>\n<p><strong>Munkat\u00e1rsak:<\/strong><\/p>\n<ul>\n<li>Dr. Hanics J\u00e1nos egyetemi adjunktus<\/li>\n<li>Dr. Lendvai D\u00e1vid egyetemi adjunktus<\/li>\n<li>Dr. R\u00e1cz \u00c9va egyetemi adjunktus<\/li>\n<li>Dr. G\u00e1sp\u00e1rdy Anna (PhD hallgat\u00f3),<\/li>\n<li>N\u00e9meth Andrea (szakasszisztens),<\/li>\n<li>Pint\u00e9r Anna (TDK hallgat\u00f3)<\/li>\n<\/ul>\n<p>&nbsp;<\/p>\n<p><strong>Kutat\u00e1si profil:<\/strong><\/p>\n<p>neurodegenerat\u00edv megbeteged\u00e9sek anat\u00f3miai alapjai, a k\u00f6zponti idegrendszer extracellul\u00e1ris m\u00e1trix\u00e1nak vizsg\u00e1lata, kalcium-medi\u00e1lta jel\u00e1tviteli mechanizmusok fejl\u0151d\u00e9sbiol\u00f3giai szerepe az agyvel\u0151ben<\/p>\n<p><strong>M\u00f3dszerek:<\/strong><\/p>\n<p>immunhisztok\u00e9mia (f\u00e9ny-, konfok\u00e1lis l\u00e9zer szkenning- \u00e9s elektronmikroszk\u00f3pia), in vivo p\u00e1lyak\u00f6vet\u00e9s, in vitro neurofarmakol\u00f3gia \u00e9s g\u00e9nexpresszi\u00f3 szab\u00e1lyoz\u00e1s, time-lapse imaging, feh\u00e9rje \u00e9s nukleinsav anal\u00edzis (Western blotting \u00e9s qPCR)<\/p>\n<p><strong>Kollabor\u00e1ci\u00f3k<\/strong>:<\/p>\n<ol>\n<li>B\u00e9csi Orvostudom\u00e1nyi Egyetem, Ausztria, Molekul\u00e1ris Idegtudom\u00e1nyi Int\u00e9zet (Prof. Hark\u00e1ny Tibor)<\/li>\n<li>Karolinska Int\u00e9zet, Sv\u00e9dorsz\u00e1g, Idegtudom\u00e1nyi Int\u00e9zet (Prof. Tomas H\u00f6kfelt)<\/li>\n<li>Lipcsei Egyetem, N\u00e9metorsz\u00e1g, Paul-Flechsig Agykutat\u00f3 Int\u00e9zet, Neuroanat\u00f3miai Oszt\u00e1ly (PD Dr. rer. nat. Markus Morawski)<\/li>\n<li>B\u00e9csi Orvostudom\u00e1nyi Egyetem, Ausztria, Neurol\u00f3giai Int\u00e9zet (Prof. Kov\u00e1cs G. G\u00e1bor)<\/li>\n<\/ol>\n\n<\/div><h2 class=\"tabtitle\">ENGLISH<\/h2>\n<div class=\"tabcontent\">\n\n<p><strong>PI:<\/strong><\/p>\n<ul>\n<li><strong>Prof. Al\u00e1n Alp\u00e1r,<\/strong> MD, PhD, DSc<\/li>\n<li>Phone: +36-1-2156920 \/ 53609<\/li>\n<li>Fax: +36-1-2155158<\/li>\n<\/ul>\n<p><strong>Staff:<\/strong><\/p>\n<ul>\n<li>J\u00e1nos Hanics, MD, PhD, assistant professor<\/li>\n<li>D\u00e1vid Lendvai, MD, PhD, assistant professor<\/li>\n<li>\u00c9va R\u00e1cz, PhD, assistant professor<\/li>\n<li>Anna G\u00e1sp\u00e1rdy, MD, PhD student<\/li>\n<li>Andrea N\u00e9meth, technician<\/li>\n<li>Anna Pint\u00e9r, medical student<\/li>\n<\/ul>\n<p>&nbsp;<\/p>\n<p><strong>Experimental methods:<\/strong><\/p>\n<p>Immunohistochemistry (confocal laser scanning- and electron microscopy), in vivo tracing, in vitro neuropharmacology and gene expression regulation, time-lapse imaging, protein and RNA\/DNA analysis (ELISA, Western blotting, qPCR)<\/p>\n<p><strong>Collaborations<\/strong>:<\/p>\n<ol>\n<li>Department of Molecular Neurosciences, Center for Brain Research, Medical University of Vienna, A-1090 Vienna, Austria (lead contact: Prof. Tibor Hark\u00e1ny)<\/li>\n<li>Department of Neuroscience, Karolinska Institutet, SE-17177 Stockholm, Sweden (lead contact: Prof. Tomas H\u00f6kfelt)<\/li>\n<li>Paul Flechsig Institute for Brain Research, Department of Neuroanatomy, Leipzig, University of Leipzig (lead contact: PD Dr. rer. nat. Markus Morawski)<\/li>\n<li>Institute of Neurology, Medical University of Vienna, Austria (lead contact: Prof. G\u00e1bor G. Kov\u00e1cs)<\/li>\n<\/ol>\n\n<\/div><h2 class=\"tabtitle\">RESEARCH<\/h2>\n<div class=\"tabcontent\">\n\n<p><strong>Research interest<\/strong><\/p>\n<ul>\n<li>neurodegenerative diseases<\/li>\n<li>extracellular matrix of the central nervous system in health and disease<\/li>\n<li>calcium-mediated mechanisms in brain development<\/li>\n<\/ul>\n<p>&nbsp;<\/p>\n<p><strong>Funding<\/strong><\/p>\n<p>National Brain Research Program of Hungary (2017-1.2.1-NKP-2017-00002, A.A.)<\/p>\n<p>Excellence Program for Higher Education of Hungary (FIKP-2018, A.A.)<\/p>\n\n<\/div><h2 class=\"tabtitle\">PUBLICATIONS<\/h2>\n<div class=\"tabcontent\">\n\n<p><a href=\"https:\/\/semmelweis.hu\/anatomia\/files\/2018\/10\/ListofPubl20180930.pdf\" target=\"_blank\" rel=\"noopener noreferrer\">List of Publications<\/a><\/p>\n\n<\/div><h2 class=\"tabtitle\">TDK\/PHD<\/h2>\n<div class=\"tabcontent\">\n\n<p>Semmelweis Egyetem, Szent\u00e1gothai J\u00e1nos Doktori Iskola<\/p>\n<p>6.1. Neuromorfol\u00f3gia \u00e9s sejtbiol\u00f3gia<\/p>\n<p>Programvezet\u0151: Dr. Alp\u00e1r Al\u00e1n<\/p>\n\n<\/div><h2 class=\"tabtitle\">GALLERY<\/h2>\n<div class=\"tabcontent\">\n\n<p><a href=\"https:\/\/semmelweis.hu\/anatomia\/files\/2018\/10\/Alp\u00e1r_honlapra.jpg\"><img loading=\"lazy\" decoding=\"async\" class=\"alignnone wp-image-19883 size-full\" src=\"https:\/\/semmelweis.hu\/anatomia\/files\/2018\/10\/Alp\u00e1r_honlapra.jpg\" alt=\"\" width=\"500\" height=\"750\" srcset=\"https:\/\/semmelweis.hu\/anatomia\/files\/2018\/10\/Alp\u00e1r_honlapra.jpg 500w, https:\/\/semmelweis.hu\/anatomia\/files\/2018\/10\/Alp\u00e1r_honlapra-200x300.jpg 200w\" sizes=\"auto, (max-width: 500px) 100vw, 500px\" \/><\/a> <a href=\"https:\/\/semmelweis.hu\/anatomia\/files\/2018\/10\/Hanics-J\u00e1nos.jpg\"><img loading=\"lazy\" decoding=\"async\" class=\"alignnone wp-image-19885 size-full\" src=\"https:\/\/semmelweis.hu\/anatomia\/files\/2018\/10\/Hanics-J\u00e1nos.jpg\" alt=\"\" width=\"512\" height=\"512\" srcset=\"https:\/\/semmelweis.hu\/anatomia\/files\/2018\/10\/Hanics-J\u00e1nos.jpg 512w, https:\/\/semmelweis.hu\/anatomia\/files\/2018\/10\/Hanics-J\u00e1nos-150x150.jpg 150w, https:\/\/semmelweis.hu\/anatomia\/files\/2018\/10\/Hanics-J\u00e1nos-300x300.jpg 300w, https:\/\/semmelweis.hu\/anatomia\/files\/2018\/10\/Hanics-J\u00e1nos-144x144.jpg 144w, https:\/\/semmelweis.hu\/anatomia\/files\/2018\/10\/Hanics-J\u00e1nos-90x90.jpg 90w\" sizes=\"auto, (max-width: 512px) 100vw, 512px\" \/><\/a><a href=\"https:\/\/semmelweis.hu\/anatomia\/files\/2018\/10\/G\u00e1sp\u00e1rdyAnna_honlapra.jpg\"><img loading=\"lazy\" decoding=\"async\" class=\"alignnone wp-image-19884 size-large\" src=\"https:\/\/semmelweis.hu\/anatomia\/files\/2018\/10\/G\u00e1sp\u00e1rdyAnna_honlapra-717x1024.jpg\" alt=\"\" width=\"690\" height=\"985\" srcset=\"https:\/\/semmelweis.hu\/anatomia\/files\/2018\/10\/G\u00e1sp\u00e1rdyAnna_honlapra-717x1024.jpg 717w, https:\/\/semmelweis.hu\/anatomia\/files\/2018\/10\/G\u00e1sp\u00e1rdyAnna_honlapra-210x300.jpg 210w, https:\/\/semmelweis.hu\/anatomia\/files\/2018\/10\/G\u00e1sp\u00e1rdyAnna_honlapra-768x1097.jpg 768w, https:\/\/semmelweis.hu\/anatomia\/files\/2018\/10\/G\u00e1sp\u00e1rdyAnna_honlapra.jpg 827w\" sizes=\"auto, (max-width: 690px) 100vw, 690px\" \/><\/a> <a href=\"https:\/\/semmelweis.hu\/anatomia\/files\/2018\/10\/Hevesi-Zs\u00f3fia.jpg\"><img loading=\"lazy\" decoding=\"async\" class=\"alignnone wp-image-19886 size-full\" src=\"https:\/\/semmelweis.hu\/anatomia\/files\/2018\/10\/Hevesi-Zs\u00f3fia.jpg\" alt=\"\" width=\"375\" height=\"421\" srcset=\"https:\/\/semmelweis.hu\/anatomia\/files\/2018\/10\/Hevesi-Zs\u00f3fia.jpg 375w, https:\/\/semmelweis.hu\/anatomia\/files\/2018\/10\/Hevesi-Zs\u00f3fia-267x300.jpg 267w\" sizes=\"auto, (max-width: 375px) 100vw, 375px\" \/><\/a><\/p>\n<p><a href=\"https:\/\/semmelweis.hu\/anatomia\/files\/2018\/10\/Lendvai-D\u00e1vid.jpg\"><img loading=\"lazy\" decoding=\"async\" class=\"alignnone wp-image-19887\" src=\"https:\/\/semmelweis.hu\/anatomia\/files\/2018\/10\/Lendvai-D\u00e1vid.jpg\" alt=\"\" width=\"228\" height=\"376\" \/><\/a> <a href=\"https:\/\/semmelweis.hu\/anatomia\/files\/2018\/10\/Zahola-P\u00e9ter.jpg\"><img loading=\"lazy\" decoding=\"async\" class=\"alignnone wp-image-19888 size-large\" src=\"https:\/\/semmelweis.hu\/anatomia\/files\/2018\/10\/Zahola-P\u00e9ter-717x1024.jpg\" alt=\"\" width=\"690\" height=\"985\" srcset=\"https:\/\/semmelweis.hu\/anatomia\/files\/2018\/10\/Zahola-P\u00e9ter-717x1024.jpg 717w, https:\/\/semmelweis.hu\/anatomia\/files\/2018\/10\/Zahola-P\u00e9ter-210x300.jpg 210w, https:\/\/semmelweis.hu\/anatomia\/files\/2018\/10\/Zahola-P\u00e9ter-768x1097.jpg 768w, https:\/\/semmelweis.hu\/anatomia\/files\/2018\/10\/Zahola-P\u00e9ter.jpg 983w\" sizes=\"auto, (max-width: 690px) 100vw, 690px\" \/><\/a><\/p>\n<\/div><\/div>\n","protected":false},"excerpt":{"rendered":"<p>Vezet\u0151: Dr. Alp\u00e1r Al\u00e1n egyetemi tan\u00e1r, MTA doktora email: <a href=\"mailto:alpar.alan@semmelweis.hu\">alpar.alan@semmelweis.hu<\/a> Telefon: +36-1-2156920 \/ 53609 Fax: +36-1-2155158 Munkat\u00e1rsak: Dr. Hanics J\u00e1nos egyetemi adjunktus Dr. Lendvai D\u00e1vid egyetemi adjunktus Dr. R\u00e1cz \u00c9va egyetemi adjunktus Dr. G\u00e1sp\u00e1rdy Anna (PhD hallgat\u00f3), N\u00e9meth Andrea (szakasszisztens), Pint\u00e9r Anna (TDK hallgat\u00f3) &nbsp; Kutat\u00e1si profil: neurodegenerat\u00edv megbeteged\u00e9sek anat\u00f3miai alapjai, a k\u00f6zponti idegrendszer extracellul\u00e1ris m\u00e1trix\u00e1nak &hellip;<\/p>\n","protected":false},"author":12,"featured_media":0,"parent":471,"menu_order":0,"comment_status":"closed","ping_status":"closed","template":"","meta":{"_acf_changed":false,"footnotes":""},"categories":[],"tags":[],"class_list":["post-1299","page","type-page","status-publish","hentry"],"acf":[],"_links":{"self":[{"href":"https:\/\/semmelweis.hu\/anatomia\/wp-json\/wp\/v2\/pages\/1299","targetHints":{"allow":["GET"]}}],"collection":[{"href":"https:\/\/semmelweis.hu\/anatomia\/wp-json\/wp\/v2\/pages"}],"about":[{"href":"https:\/\/semmelweis.hu\/anatomia\/wp-json\/wp\/v2\/types\/page"}],"author":[{"embeddable":true,"href":"https:\/\/semmelweis.hu\/anatomia\/wp-json\/wp\/v2\/users\/12"}],"replies":[{"embeddable":true,"href":"https:\/\/semmelweis.hu\/anatomia\/wp-json\/wp\/v2\/comments?post=1299"}],"version-history":[{"count":10,"href":"https:\/\/semmelweis.hu\/anatomia\/wp-json\/wp\/v2\/pages\/1299\/revisions"}],"predecessor-version":[{"id":31341,"href":"https:\/\/semmelweis.hu\/anatomia\/wp-json\/wp\/v2\/pages\/1299\/revisions\/31341"}],"up":[{"embeddable":true,"href":"https:\/\/semmelweis.hu\/anatomia\/wp-json\/wp\/v2\/pages\/471"}],"wp:attachment":[{"href":"https:\/\/semmelweis.hu\/anatomia\/wp-json\/wp\/v2\/media?parent=1299"}],"wp:term":[{"taxonomy":"category","embeddable":true,"href":"https:\/\/semmelweis.hu\/anatomia\/wp-json\/wp\/v2\/categories?post=1299"},{"taxonomy":"post_tag","embeddable":true,"href":"https:\/\/semmelweis.hu\/anatomia\/wp-json\/wp\/v2\/tags?post=1299"}],"curies":[{"name":"wp","href":"https:\/\/api.w.org\/{rel}","templated":true}]}}