{"id":1280,"date":"2014-06-07T21:50:53","date_gmt":"2014-06-07T19:50:53","guid":{"rendered":"http:\/\/www.ana.usn.hu\/hu\/?page_id=1280"},"modified":"2023-08-17T09:37:51","modified_gmt":"2023-08-17T07:37:51","slug":"osszehasonlito-neurohisztologiai-es-neurocitokemiai-laboratorium","status":"publish","type":"page","link":"https:\/\/semmelweis.hu\/anatomia\/kutatas\/laborok-kutatocsoportok\/osszehasonlito-neurohisztologiai-es-neurocitokemiai-laboratorium\/","title":{"rendered":"\u00d6sszehasonl\u00edt\u00f3 Neurohisztol\u00f3giai \u00e9s Neurocitok\u00e9miai Laborat\u00f3rium \/ Comparative Neurohistology and Neurochemistry Laboratory"},"content":{"rendered":"<p><strong>Vezet\u0151: <\/strong><\/p>\n<ul>\n<li>Dr. Csillag Andr\u00e1s egyetemi tan\u00e1r,\u00a0az MTA doktora<\/li>\n<\/ul>\n<p><strong>Munkat\u00e1rsak:<\/strong><\/p>\n<ul>\n<li>Dr. Sz\u00e9kely Andrea Dorottya habilit\u00e1lt egyetemi docens<\/li>\n<li>Dr. Catherine M. Montagnese tudom\u00e1nyos munkat\u00e1rs<\/li>\n<li>Dr. \u00c1d\u00e1m \u00c1gota egyetemi docens<\/li>\n<li>(Dr. B\u00e1lint Eszter tudom\u00e1nyos munkat\u00e1rs)<\/li>\n<li>Dr. Zachar Gergely tudom\u00e1nyos munkat\u00e1rs<\/li>\n<\/ul>\n<p><span style=\"color: #ff0000\"><a href=\"https:\/\/semmelweis.hu\/anatomia\/kutatas\/laborok-kutatocsoportok\/osszehasonlito-neurohisztologiai-es-neurocitokemiai-laboratorium\/phd-hallgatot-keresunk\/\"><span style=\"color: #ff0000\"><strong><span style=\"font-size: 14pt\">Phd-hallgat\u00f3t keres\u00fcnk!<\/span><\/strong><\/span><\/a><\/span><\/p>\n<p><strong>Laborat\u00f3riumunk profilja: <\/strong>f\u0151k\u00e9nt a madarak tanul\u00e1s\u00e1ban \u00e9rintett agyter\u00fcletek \u00e9s agyp\u00e1ly\u00e1k vizsg\u00e1lat\u00e1val, a tanul\u00e1s sor\u00e1n bek\u00f6vetkez\u0151 agyi v\u00e1ltoz\u00e1sok k\u00f6vet\u00e9s\u00e9vel foglalkozunk.<\/p>\n<p><strong>Azonos\u00edtott striato-ventrotegmentalis projekci\u00f3s neuronok f\u00e9ny- \u00e9s elektronmikroszk\u00f3pos jellemz\u00e9se a h\u00e1zi csirk\u00e9ben <a href=\"https:\/\/semmelweis.hu\/anatomia\/files\/2014\/06\/csa2.jpg\"><img loading=\"lazy\" decoding=\"async\" class=\"alignright size-full wp-image-1284\" src=\"https:\/\/semmelweis.hu\/anatomia\/files\/2014\/06\/csa2.jpg\" alt=\"csa2\" width=\"300\" height=\"392\" srcset=\"https:\/\/semmelweis.hu\/anatomia\/files\/2014\/06\/csa2.jpg 300w, https:\/\/semmelweis.hu\/anatomia\/files\/2014\/06\/csa2-229x300.jpg 229w\" sizes=\"auto, (max-width: 300px) 100vw, 300px\" \/><\/a><br \/>\n<\/strong><em>(Gallus domesticus)<\/em><\/p>\n<p>Mezey Szilvia \u00e9s Csillag Andr\u00e1s<\/p>\n<p>A medialis striatum egyik legjelent\u0151sebb efferent\u00e1ci\u00f3ja a substantia nigr\u00e1ba \u00e9s az area ventralis tegmentalisba (AVT) vet\u00edt\u0151 striatotegmentalis p\u00e1lya. A jelen vizsg\u00e1latban az LPO-ban a ventriculus lateralis ment\u00e9n elhelyezked\u0151 striato-ventrotegmentalis neuronok morfol\u00f3giai jellemz\u00e9s\u00e9t v\u00e9gezt\u00fck. Az idegsejtek azonos\u00edt\u00e1s\u00e1t az AVT-be injekt\u00e1lt fluoreszcens retrogr\u00e1d p\u00e1lyak\u00f6vet\u0151 anyag, fast blue (FB) seg\u00edts\u00e9g\u00e9vel v\u00e9gezt\u00fck. A FB-jel\u00f6lt neuronokat paraformaldehiddel fix\u00e1lt szeletekben fluoreszcens f\u00e9nymikroszk\u00f3p alatt vizualiz\u00e1ltuk, majd egyes sejteket iontofor\u00e9zissal c\u00e9lzottan felt\u00f6lt\u00f6tt\u00fcnk fluoreszcens lucifer yellow (LY) fest\u00e9kkel. A t\u00f6lt\u00f6tt sejtekben a LY jel\u00f6l\u00e9st fotokonvert\u00e1ltuk, majd az adott neuronok ultrastrukt\u00far\u00e1j\u00e1t elektronmikroszk\u00f3ppal vizsg\u00e1ltuk.<\/p>\n<p>Eredm\u00e9nyeink alapj\u00e1n a striato-ventrotegmentalis neuronok a sejtttestb\u0151l kiindul\u00f3, viszonylag kev\u00e9s dendrittel rendelkeznek. A sejttest organellumokban gazdag &#8211; k\u00fcl\u00f6n\u00f6sen sima \u00e9s durva endoplazmatikus retikulumban -, \u00e9s a nagy sejtmag enyh\u00e9n excentrikus elhelyezked\u00e9s\u0171. Megfigyelhet\u0151ek voltak glia k\u00f6zbeiktat\u00e1sa n\u00e9lk\u00fcli, k\u00f6zvetlen kapcsolatok a FB-jel\u00f6lt neuronok \u00e9s szomsz\u00e9dos neuronok sejttestjei k\u00f6z\u00f6tt. a A FB-jel\u00f6lt neuronokon helyenk\u00e9nt axosomaticus szinapszisok voltak l\u00e1that\u00f3ak. A LY jel\u00f6l\u00e9s a dendritikus el\u00e1gaz\u00e1sokban eg\u00e9szen a termin\u00e1lis szegmentumokig k\u00f6vethet\u0151 volt. Az LY-jel\u00f6lt dendriteken r\u00f6vid nyakkal \u00e9s t\u00f6mzsi fejjel rendelkez\u0151 t\u00fcsk\u00e9k voltak tal\u00e1lhat\u00f3k. A t\u00fcsk\u00e9k nem s\u0171r\u0171 elhelyezked\u00e9s\u0171ek \u00e9s helyenk\u00e9nt hossz\u00fa nyakkal \u00e9s kis fejjel rendelkeznek. A t\u00fcsk\u00e9knek mind a nyakukon, mind a fej\u00fck\u00f6n v\u00e9gtal\u00e1lhat\u00f3k szinapszisok, melyek k\u00f6z\u00fcl a fejen ink\u00e1bb aszimmetrikus szinapszisok tal\u00e1lhat\u00f3k, melyek morfol\u00f3giailag az LPO-ban kor\u00e1bban le\u00edrt glutam\u00e1terg, serkent\u0151 szinapszisoknak felelnek meg. Az itt le\u00edrt idegsejt-t\u00edpus a mind az eml\u0151s\u00f6k, mind a madarak striatum\u00e1ra jellemz\u0151 k\u00f6zepes m\u00e9ret\u0171, t\u00fcsk\u00e9s neuronoknak felel meg.<\/p>\n<p>&nbsp;<\/p>\n<p>&nbsp;<\/p>\n<figure id=\"attachment_1283\" aria-describedby=\"caption-attachment-1283\" style=\"width: 300px\" class=\"wp-caption alignright\"><a href=\"https:\/\/semmelweis.hu\/anatomia\/files\/2014\/06\/csa.jpg\"><img loading=\"lazy\" decoding=\"async\" class=\"wp-image-1283 size-full\" src=\"https:\/\/semmelweis.hu\/anatomia\/files\/2014\/06\/csa.jpg\" alt=\"csa\" width=\"300\" height=\"291\" \/><\/a><figcaption id=\"caption-attachment-1283\" class=\"wp-caption-text\">BrdU-jel\u00f6lt neuronok 3 napos csirke el\u0151agy\u00e1ban, 2 nappal a BrdU bead\u00e1s\u00e1t k\u00f6vet\u0151en. Az \u00fajonnan k\u00e9pz\u0151d\u00f6tt sejtek a ventriculus lateralis (VL) ment\u00e9n k\u00e9pz\u0151dnek \u00e9s 1 nappal a bead\u00e1st k\u00f6vet\u0151en m\u00e9g j\u00f3l l\u00e1that\u00f3an ott is t\u00f6m\u00f6r\u00fclnek.<\/figcaption><\/figure>\n<p><strong>Postembrion\u00e1lis neurogenesis vizsg\u00e1lata, az \u00fajjonnan k\u00e9pz\u0151d\u00f6tt neurononok morfol\u00f3giai elemz\u00e9se h\u00e1zi csirk\u00e9ben <em>(Gallus domesticus)<\/em><\/strong><\/p>\n<p>Mind a fiatal \u00e9s feln\u0151tt \u00e1llatokban kimutatt\u00e1k \u00faj neuronok l\u00e9trej\u00f6tt\u00e9t az agy bizonyos ter\u00fcletein. Laborat\u00f3riumunkban fiatal h\u00e1zicsirk\u00e9k subventricularis \u00e9s paraventricularis z\u00f3n\u00e1j\u00e1ban kialakul\u00f3 neuronok morfol\u00f3gi\u00e1j\u00e1nak meghat\u00e1roz\u00e1s\u00e1val foglalkozunk. Az oszt\u00f3d\u00f3 neuronokat bromodeoxi-uridinnel megjel\u00f6lj\u00fck, majd az \u00edgy azonos\u00edtott neuronok morfol\u00f3gi\u00e1j\u00e1t egysejt-felt\u00f6lt\u00e9s seg\u00edts\u00e9g\u00e9vel, f\u00e9ny- \u00e9s elektronmikrosz\u00f3ppal vizsg\u00e1ljuk.<\/p>\n<p>&nbsp;<\/p>\n<p style=\"text-align: left\" align=\"CENTER\">Kollabor\u00e1ci\u00f3k<\/p>\n<p>Kabai P\u00e9ter, Zachar Gergely\u00a0\u2013 Szent Istv\u00e1n Egyetem, \u00c1llatorvosi Kar, Zool\u00f3giai Int\u00e9zet:<br \/>\nA prefront\u00e1lis k\u00e9reg lokaliz\u00e1ci\u00f3ja galambban, asszoci\u00e1ci\u00f3s tanul\u00e1si k\u00eds\u00e9rletek alapj\u00e1n. Transzmitter aminosavak v\u00e1ltoz\u00e1sainak k\u00f6vet\u00e9se a h\u00e1zicsirke tanul\u00e1si folyamataiban,\u00a0in vivomikrodial\u00edzis technik\u00e1val.<\/p>\n<p>Michael G. Stewart\u00a0\u2013 The Open University, Milton Keynes, Nagy-Britannia:<br \/>\nAz LTP \u00e9s LTD hossz\u00fa t\u00e1v\u00fa hat\u00e1sa a szinapszisok morfometri\u00e1j\u00e1ra patk\u00e1ny hippocampus k\u00f6z\u00e9ps\u0151 \u00e9s k\u00fcls\u0151 stratum molecularej\u00e1ban.<\/p>\n<p>Toshiya Matsushima\u00a0\u2013 Nagoyai Egyetem, Nagoya, Jap\u00e1n:<br \/>\nJap\u00e1n f\u00fcrj tanul\u00e1s\u00e1ban r\u00e9sztvev\u0151 striatalis neuronok elektrofiziol\u00f3giai \u00e9s morfol\u00f3giai jellemz\u00e9se.<\/p>\n<p>&nbsp;<\/p>\n<p>&nbsp;<\/p>\n","protected":false},"excerpt":{"rendered":"<p>Vezet\u0151: Dr. Csillag Andr\u00e1s egyetemi tan\u00e1r,\u00a0az MTA doktora Munkat\u00e1rsak: Dr. Sz\u00e9kely Andrea Dorottya habilit\u00e1lt egyetemi docens Dr. Catherine M. Montagnese tudom\u00e1nyos munkat\u00e1rs Dr. \u00c1d\u00e1m \u00c1gota egyetemi docens (Dr. B\u00e1lint Eszter tudom\u00e1nyos munkat\u00e1rs) Dr. Zachar Gergely tudom\u00e1nyos munkat\u00e1rs <a href=\"https:\/\/semmelweis.hu\/anatomia\/kutatas\/laborok-kutatocsoportok\/osszehasonlito-neurohisztologiai-es-neurocitokemiai-laboratorium\/phd-hallgatot-keresunk\/\">Phd-hallgat\u00f3t keres\u00fcnk!<\/a> Laborat\u00f3riumunk profilja: f\u0151k\u00e9nt a madarak tanul\u00e1s\u00e1ban \u00e9rintett agyter\u00fcletek \u00e9s agyp\u00e1ly\u00e1k vizsg\u00e1lat\u00e1val, a tanul\u00e1s sor\u00e1n bek\u00f6vetkez\u0151 agyi v\u00e1ltoz\u00e1sok k\u00f6vet\u00e9s\u00e9vel &hellip;<\/p>\n","protected":false},"author":12,"featured_media":0,"parent":471,"menu_order":0,"comment_status":"closed","ping_status":"closed","template":"","meta":{"_acf_changed":false,"footnotes":""},"categories":[],"tags":[],"class_list":["post-1280","page","type-page","status-publish","hentry"],"acf":[],"_links":{"self":[{"href":"https:\/\/semmelweis.hu\/anatomia\/wp-json\/wp\/v2\/pages\/1280","targetHints":{"allow":["GET"]}}],"collection":[{"href":"https:\/\/semmelweis.hu\/anatomia\/wp-json\/wp\/v2\/pages"}],"about":[{"href":"https:\/\/semmelweis.hu\/anatomia\/wp-json\/wp\/v2\/types\/page"}],"author":[{"embeddable":true,"href":"https:\/\/semmelweis.hu\/anatomia\/wp-json\/wp\/v2\/users\/12"}],"replies":[{"embeddable":true,"href":"https:\/\/semmelweis.hu\/anatomia\/wp-json\/wp\/v2\/comments?post=1280"}],"version-history":[{"count":11,"href":"https:\/\/semmelweis.hu\/anatomia\/wp-json\/wp\/v2\/pages\/1280\/revisions"}],"predecessor-version":[{"id":31345,"href":"https:\/\/semmelweis.hu\/anatomia\/wp-json\/wp\/v2\/pages\/1280\/revisions\/31345"}],"up":[{"embeddable":true,"href":"https:\/\/semmelweis.hu\/anatomia\/wp-json\/wp\/v2\/pages\/471"}],"wp:attachment":[{"href":"https:\/\/semmelweis.hu\/anatomia\/wp-json\/wp\/v2\/media?parent=1280"}],"wp:term":[{"taxonomy":"category","embeddable":true,"href":"https:\/\/semmelweis.hu\/anatomia\/wp-json\/wp\/v2\/categories?post=1280"},{"taxonomy":"post_tag","embeddable":true,"href":"https:\/\/semmelweis.hu\/anatomia\/wp-json\/wp\/v2\/tags?post=1280"}],"curies":[{"name":"wp","href":"https:\/\/api.w.org\/{rel}","templated":true}]}}