{"id":12723,"date":"2017-08-03T14:46:57","date_gmt":"2017-08-03T12:46:57","guid":{"rendered":"http:\/\/semmelweis.hu\/anatomia\/?page_id=12723"},"modified":"2020-04-06T17:32:00","modified_gmt":"2020-04-06T15:32:00","slug":"az-intezet-alapitvanyai","status":"publish","type":"page","link":"https:\/\/semmelweis.hu\/anatomia\/az-intezet-alapitvanyai\/","title":{"rendered":"Az int\u00e9zet alap\u00edtv\u00e1nyai"},"content":{"rendered":"<h2>Ap\u00e1thy Istv\u00e1n Alap\u00edtv\u00e1ny<\/h2>\n<p>Az Alap\u00edtv\u00e1ny, mint k\u00f6zhaszn\u00fa szervezet a gyakorlati anat\u00f3mia, sz\u00f6vettan \u00e9s fejl\u0151d\u00e9sbiol\u00f3gia oktat\u00e1s\u00e1nak fejleszt\u00e9s\u00e9t t\u0171zi ki c\u00e9lul a gradu\u00e1lis \u00e9s posztgradu\u00e1lis orvosegyetemi k\u00e9pz\u00e9sben.<\/p>\n<p>Az alap\u00edtv\u00e1nyi tev\u00e9kenys\u00e9g gyakorl\u00e1s\u00e1val Ap\u00e1thy Istv\u00e1nnak, a nemzetk\u00f6zi h\u00edr\u0171 magyar tud\u00f3snak k\u00edv\u00e1nunk eml\u00e9ket \u00e1ll\u00edtani, \u00e9s sz\u00e1nd\u00e9kunk, hogy az alap\u00edtv\u00e1nyi c\u00e9lok az \u0151 szakmai hagyat\u00e9k\u00e1nak szellem\u00e9ben val\u00f3suljanak meg.<\/p>\n<p>Az Ap\u00e1thy Istv\u00e1n Alap\u00edtv\u00e1ny ad\u00f3sz\u00e1ma:\u00a0<strong>18230831-1-43<\/strong><\/p>\n<p><a href=\"https:\/\/semmelweis.hu\/anatomia\/az-anatomiai-szovet-es-fejlodestani-intezetrol\/az-intezet-alapitvanyai\/apathy-istvan-alapitvany\/\">B\u0151vebben&#8230;<\/a><\/p>\n<hr \/>\n<h2>Mih\u00e1lkovics-Alap\u00edtv\u00e1ny<\/h2>\n<p>A Mih\u00e1lkovics Alap\u00edtv\u00e1ny c\u00e9lja p\u00e1ly\u00e1zat \u00fatj\u00e1n az anat\u00f3miai, illetve m\u00e1s elm\u00e9leti fogorvostudom\u00e1nyi t\u00e1rgy oktat\u00e1s\u00e1nak, \u00e9s kutat\u00e1s\u00e1nak fejleszt\u00e9se, az eredm\u00e9nyes tev\u00e9kenys\u00e9get v\u00e9gz\u0151 fiatal egyetemi oktat\u00f3k \u00e9s hallgat\u00f3k t\u00e1mogat\u00e1sa \u00fatj\u00e1n.<\/p>\n<p>Az \u00e9vente ki\u00edrt p\u00e1ly\u00e1zat sor\u00e1n c\u00e9l a Semmelweis Egyetem hallgat\u00f3inak, fiatal, kezd\u0151 oktat\u00f3inak jutalmaz\u00e1sa, akik a tudom\u00e1nyos munk\u00e1ban, ak\u00e1r az oktat\u00e1st seg\u00edt\u0151 m\u00f3dszerek fejleszt\u00e9s\u00e9ben kit\u0171nnek.<\/p>\n<p><a href=\"https:\/\/semmelweis.hu\/anatomia\/az-anatomiai-szovet-es-fejlodestani-intezetrol\/az-intezet-alapitvanyai\/mihalkovics-palyazat\/\">B\u0151vebben&#8230;<\/a><\/p>\n","protected":false},"excerpt":{"rendered":"<p>Ap\u00e1thy Istv\u00e1n Alap\u00edtv\u00e1ny Az Alap\u00edtv\u00e1ny, mint k\u00f6zhaszn\u00fa szervezet a gyakorlati anat\u00f3mia, sz\u00f6vettan \u00e9s fejl\u0151d\u00e9sbiol\u00f3gia oktat\u00e1s\u00e1nak fejleszt\u00e9s\u00e9t t\u0171zi ki c\u00e9lul a gradu\u00e1lis \u00e9s posztgradu\u00e1lis orvosegyetemi k\u00e9pz\u00e9sben. Az alap\u00edtv\u00e1nyi tev\u00e9kenys\u00e9g gyakorl\u00e1s\u00e1val Ap\u00e1thy Istv\u00e1nnak, a nemzetk\u00f6zi h\u00edr\u0171 magyar tud\u00f3snak k\u00edv\u00e1nunk eml\u00e9ket \u00e1ll\u00edtani, \u00e9s sz\u00e1nd\u00e9kunk, hogy az alap\u00edtv\u00e1nyi c\u00e9lok az \u0151 szakmai hagyat\u00e9k\u00e1nak szellem\u00e9ben val\u00f3suljanak meg. Az Ap\u00e1thy Istv\u00e1n &hellip;<\/p>\n","protected":false},"author":12,"featured_media":0,"parent":0,"menu_order":18,"comment_status":"closed","ping_status":"closed","template":"","meta":{"_acf_changed":false,"footnotes":""},"categories":[],"tags":[],"class_list":["post-12723","page","type-page","status-publish","hentry"],"acf":[],"_links":{"self":[{"href":"https:\/\/semmelweis.hu\/anatomia\/wp-json\/wp\/v2\/pages\/12723","targetHints":{"allow":["GET"]}}],"collection":[{"href":"https:\/\/semmelweis.hu\/anatomia\/wp-json\/wp\/v2\/pages"}],"about":[{"href":"https:\/\/semmelweis.hu\/anatomia\/wp-json\/wp\/v2\/types\/page"}],"author":[{"embeddable":true,"href":"https:\/\/semmelweis.hu\/anatomia\/wp-json\/wp\/v2\/users\/12"}],"replies":[{"embeddable":true,"href":"https:\/\/semmelweis.hu\/anatomia\/wp-json\/wp\/v2\/comments?post=12723"}],"version-history":[{"count":3,"href":"https:\/\/semmelweis.hu\/anatomia\/wp-json\/wp\/v2\/pages\/12723\/revisions"}],"predecessor-version":[{"id":12735,"href":"https:\/\/semmelweis.hu\/anatomia\/wp-json\/wp\/v2\/pages\/12723\/revisions\/12735"}],"wp:attachment":[{"href":"https:\/\/semmelweis.hu\/anatomia\/wp-json\/wp\/v2\/media?parent=12723"}],"wp:term":[{"taxonomy":"category","embeddable":true,"href":"https:\/\/semmelweis.hu\/anatomia\/wp-json\/wp\/v2\/categories?post=12723"},{"taxonomy":"post_tag","embeddable":true,"href":"https:\/\/semmelweis.hu\/anatomia\/wp-json\/wp\/v2\/tags?post=12723"}],"curies":[{"name":"wp","href":"https:\/\/api.w.org\/{rel}","templated":true}]}}