{"id":12706,"date":"2017-08-03T13:57:11","date_gmt":"2017-08-03T11:57:11","guid":{"rendered":"http:\/\/semmelweis.hu\/anatomia\/?page_id=12706"},"modified":"2021-02-19T15:16:17","modified_gmt":"2021-02-19T14:16:17","slug":"az-intezet","status":"publish","type":"page","link":"https:\/\/semmelweis.hu\/anatomia\/az-intezet\/","title":{"rendered":"Az Int\u00e9zet bemutat\u00e1sa"},"content":{"rendered":"<p>A jelenlegi Anat\u00f3miai, Sz\u00f6vet- \u00e9s Fejl\u0151d\u00e9stani Int\u00e9zet k\u00e9t, hossz\u00fa ideig k\u00fcl\u00f6n\u00e1ll\u00f3 int\u00e9zet &#8211; az Anat\u00f3miai, Sz\u00f6vet- \u00e9s\u00a0Fejl\u0151d\u00e9stani Int\u00e9zet \u00e9s a Hum\u00e1nmorfol\u00f3giai \u00e9s Fejl\u0151d\u00e9sbiol\u00f3giai Int\u00e9zet &#8211; egyes\u00edt\u00e9se eredm\u00e9nyek\u00e9ppen 2016. janu\u00e1r\u00a01-\u00e9n j\u00f6tt l\u00e9tre. A k\u00e9t hasonl\u00f3 profil\u00fa, m\u00e9gis sok tekintetben elt\u00e9r\u0151 hagyom\u00e1ny\u00fa int\u00e9zet egyes\u00edt\u00e9se hosszan tart\u00f3 folyamatos\u00a0munka sor\u00e1n val\u00f3sul meg. C\u00e9lunk, hogy a\u00a0k\u00e9t int\u00e9zet nemes hagyom\u00e1nyait az egyes\u00edt\u00e9s ut\u00e1n tov\u00e1bb tudjuk vinni. Tov\u00e1bbra\u00a0is komoly hangs\u00falyt fektet\u00fcnk a klasszikus le\u00edr\u00f3 bonctan hangs\u00falyoz\u00e1s\u00e1ra \u2013 azzal, hogy a jelenkor ig\u00e9nyeit\u00a0kiel\u00e9g\u00edt\u0151 klinikai szeml\u00e9let min\u00e9l er\u0151teljesebben \u00e9rv\u00e9nyes\u00fclj\u00f6n. Szeretn\u00e9nk fenntartani az egykori \u201eFejl\u0151d\u00e9sbiol\u00f3giai Int\u00e9zet\u201d \u00e1ltal bevezetett fejl\u0151d\u00e9sbiol\u00f3giai szeml\u00e9let is.<\/p>\n\r\n        [slb_exclude]\r\n        <div class=\"row galeria-wrapper mx-0 h-auto\">\r\n            <div class=\"col-9 pl-0 pr-2\">\r\n            <span class=\"gallery-item frame\">\r\n\t\t\t\t<div class=\"galeria-left-img\"><a href=\"https:\/\/semmelweis.hu\/anatomia\/files\/2014\/04\/tavasz2009-5.jpg\"><img src=https:\/\/semmelweis.hu\/anatomia\/files\/2014\/04\/tavasz2009-5.jpg  \r\n                            alt=\"\" \r\n                            class=\"attachment-sote-gallery-big size-sote-gallery-big\" \r\n                            srcset=\"https:\/\/semmelweis.hu\/anatomia\/files\/2014\/04\/tavasz2009-5-300x232.jpg 300w, https:\/\/semmelweis.hu\/anatomia\/files\/2014\/04\/tavasz2009-5-387x300.jpg 387w, https:\/\/semmelweis.hu\/anatomia\/files\/2014\/04\/tavasz2009-5.jpg 800w\" ><\/a><\/div>\r\n            <\/span>\r\n\r\n            <\/div>\r\n\r\n\t\t\t<div class=\"col-3 pl-0 pr-0\">\r\n\t\t\t\t<div class=\"galeria-right-img d-flex justify-content-between flex-column h-100 w-100 px-0 mx-0 \">\r\n                <div class=\"galeria-box\">\r\n\t\t\t\t\t<h3 class=\"galeria-title\">Gal\u00e9ria<\/h3>\r\n\t\t\t\t\t<div class=\"galeria-subtitle\">\r\n\r\n\t\t\t\t\t\t<div class=\"galeria-page-counter\"><span>14<\/span>k\u00e9p<\/div>\r\n                    <\/div> <\/div>\r\n                    <span class=\"gallery-item frame d-none d-md-flex\">\r\n\t\t\t\t\t<div class=\"galeria-small-img mt-0\"><a href=\"https:\/\/semmelweis.hu\/anatomia\/files\/2017\/07\/szobor2.jpg\"><img src=https:\/\/semmelweis.hu\/anatomia\/files\/2017\/07\/szobor2.jpg \r\n                                alt=\"\"  \r\n                                class=\"attachment-sote-gallery-small size-sote-gallery-small\" \r\n                                srcset=\"https:\/\/semmelweis.hu\/anatomia\/files\/2017\/07\/szobor2-300x200.jpg 300w, https:\/\/semmelweis.hu\/anatomia\/files\/2017\/07\/szobor2-768x512.jpg 768w, https:\/\/semmelweis.hu\/anatomia\/files\/2017\/07\/szobor2-450x300.jpg 450w, https:\/\/semmelweis.hu\/anatomia\/files\/2017\/07\/szobor2.jpg 950w\" ><\/a><\/div>\r\n                    <\/span>\r\n                    <span class=\"gallery-item frame d-none d-md-flex\">\r\n\t\t\t\t\t<div class=\"galeria-small-img mt-0\"><a href=\"https:\/\/semmelweis.hu\/anatomia\/files\/2016\/03\/img_7198.jpg\"><img src=https:\/\/semmelweis.hu\/anatomia\/files\/2016\/03\/img_7198.jpg \r\n                                alt=\"\" \r\n                                class=\"attachment-sote-gallery-small size-sote-gallery-small\" \r\n                                srcset=\"https:\/\/semmelweis.hu\/anatomia\/files\/2016\/03\/img_7198-300x200.jpg 300w, https:\/\/semmelweis.hu\/anatomia\/files\/2016\/03\/img_7198-450x300.jpg 450w, https:\/\/semmelweis.hu\/anatomia\/files\/2016\/03\/img_7198.jpg 600w\" ><\/a><\/div>\r\n                    <\/span>\r\n\r\n                <\/div>\r\n\r\n            <\/div>\r\n\r\n            <span class=\"gallery-item\"><div class=\"hidden\"><a href=\"https:\/\/semmelweis.hu\/anatomia\/files\/2018\/09\/galleria-5.jpg\">\r\n        <img src=https:\/\/semmelweis.hu\/anatomia\/files\/2018\/09\/galleria-5.jpg alt=\"\" class=\"attachment-sote-gallery-big size-sote-gallery-big\" srcset=\"https:\/\/semmelweis.hu\/anatomia\/files\/2018\/09\/galleria-5-300x225.jpg 300w, https:\/\/semmelweis.hu\/anatomia\/files\/2018\/09\/galleria-5-768x576.jpg 768w, https:\/\/semmelweis.hu\/anatomia\/files\/2018\/09\/galleria-5-1024x768.jpg 1024w, https:\/\/semmelweis.hu\/anatomia\/files\/2018\/09\/galleria-5-400x300.jpg 400w\" >\r\n        <\/a><\/div><\/span><span class=\"gallery-item\"><div class=\"hidden\"><a href=\"https:\/\/semmelweis.hu\/anatomia\/files\/2018\/06\/cimlap6.jpg\">\r\n        <img src=https:\/\/semmelweis.hu\/anatomia\/files\/2018\/06\/cimlap6.jpg alt=\"\" class=\"attachment-sote-gallery-big size-sote-gallery-big\" srcset=\"https:\/\/semmelweis.hu\/anatomia\/files\/2018\/06\/cimlap6-300x155.jpg 300w, https:\/\/semmelweis.hu\/anatomia\/files\/2018\/06\/cimlap6.jpg 580w\" >\r\n        <\/a><\/div><\/span><span class=\"gallery-item\"><div class=\"hidden\"><a href=\"https:\/\/semmelweis.hu\/anatomia\/files\/2018\/06\/cimlap5.jpg\">\r\n        <img src=https:\/\/semmelweis.hu\/anatomia\/files\/2018\/06\/cimlap5.jpg alt=\"\" class=\"attachment-sote-gallery-big size-sote-gallery-big\" srcset=\"https:\/\/semmelweis.hu\/anatomia\/files\/2018\/06\/cimlap5-300x155.jpg 300w, https:\/\/semmelweis.hu\/anatomia\/files\/2018\/06\/cimlap5.jpg 580w\" >\r\n        <\/a><\/div><\/span><span class=\"gallery-item\"><div class=\"hidden\"><a href=\"https:\/\/semmelweis.hu\/anatomia\/files\/2014\/04\/tuzo-kapu.jpg\">\r\n        <img src=https:\/\/semmelweis.hu\/anatomia\/files\/2014\/04\/tuzo-kapu.jpg alt=\"\" class=\"attachment-sote-gallery-big size-sote-gallery-big\" srcset=\"https:\/\/semmelweis.hu\/anatomia\/files\/2014\/04\/tuzo-kapu-300x193.jpg 300w, https:\/\/semmelweis.hu\/anatomia\/files\/2014\/04\/tuzo-kapu-465x300.jpg 465w, https:\/\/semmelweis.hu\/anatomia\/files\/2014\/04\/tuzo-kapu.jpg 492w\" >\r\n        <\/a><\/div><\/span><span class=\"gallery-item\"><div class=\"hidden\"><a href=\"https:\/\/semmelweis.hu\/anatomia\/files\/2018\/06\/cimlap12.jpg\">\r\n        <img src=https:\/\/semmelweis.hu\/anatomia\/files\/2018\/06\/cimlap12.jpg alt=\"\" class=\"attachment-sote-gallery-big size-sote-gallery-big\" srcset=\"https:\/\/semmelweis.hu\/anatomia\/files\/2018\/06\/cimlap12-300x155.jpg 300w, https:\/\/semmelweis.hu\/anatomia\/files\/2018\/06\/cimlap12.jpg 580w\" >\r\n        <\/a><\/div><\/span><span class=\"gallery-item\"><div class=\"hidden\"><a href=\"https:\/\/semmelweis.hu\/anatomia\/files\/2014\/04\/IMG_1446.jpg\">\r\n        <img src=https:\/\/semmelweis.hu\/anatomia\/files\/2014\/04\/IMG_1446.jpg alt=\"\" class=\"attachment-sote-gallery-big size-sote-gallery-big\" srcset=\"https:\/\/semmelweis.hu\/anatomia\/files\/2014\/04\/IMG_1446-300x214.jpg 300w, https:\/\/semmelweis.hu\/anatomia\/files\/2014\/04\/IMG_1446-768x547.jpg 768w, https:\/\/semmelweis.hu\/anatomia\/files\/2014\/04\/IMG_1446-421x300.jpg 421w, https:\/\/semmelweis.hu\/anatomia\/files\/2014\/04\/IMG_1446.jpg 1000w\" >\r\n        <\/a><\/div><\/span><span class=\"gallery-item\"><div class=\"hidden\"><a href=\"https:\/\/semmelweis.hu\/anatomia\/files\/2018\/06\/cimlap4.jpg\">\r\n        <img src=https:\/\/semmelweis.hu\/anatomia\/files\/2018\/06\/cimlap4.jpg alt=\"\" class=\"attachment-sote-gallery-big size-sote-gallery-big\" srcset=\"https:\/\/semmelweis.hu\/anatomia\/files\/2018\/06\/cimlap4-300x155.jpg 300w, https:\/\/semmelweis.hu\/anatomia\/files\/2018\/06\/cimlap4.jpg 580w\" >\r\n        <\/a><\/div><\/span><span class=\"gallery-item\"><div class=\"hidden\"><a href=\"https:\/\/semmelweis.hu\/anatomia\/files\/2018\/06\/cimlap3.jpg\">\r\n        <img src=https:\/\/semmelweis.hu\/anatomia\/files\/2018\/06\/cimlap3.jpg alt=\"\" class=\"attachment-sote-gallery-big size-sote-gallery-big\" srcset=\"https:\/\/semmelweis.hu\/anatomia\/files\/2018\/06\/cimlap3-300x155.jpg 300w, https:\/\/semmelweis.hu\/anatomia\/files\/2018\/06\/cimlap3.jpg 580w\" >\r\n        <\/a><\/div><\/span><span class=\"gallery-item\"><div class=\"hidden\"><a href=\"https:\/\/semmelweis.hu\/anatomia\/files\/2018\/09\/eok-csont1.jpg\">\r\n        <img src=https:\/\/semmelweis.hu\/anatomia\/files\/2018\/09\/eok-csont1.jpg alt=\"\" class=\"attachment-sote-gallery-big size-sote-gallery-big\" srcset=\"https:\/\/semmelweis.hu\/anatomia\/files\/2018\/09\/eok-csont1-225x300.jpg 225w, https:\/\/semmelweis.hu\/anatomia\/files\/2018\/09\/eok-csont1.jpg 720w\" >\r\n        <\/a><\/div><\/span><span class=\"gallery-item\"><div class=\"hidden\"><a href=\"https:\/\/semmelweis.hu\/anatomia\/files\/2018\/06\/cimlap15.jpg\">\r\n        <img src=https:\/\/semmelweis.hu\/anatomia\/files\/2018\/06\/cimlap15.jpg alt=\"\" class=\"attachment-sote-gallery-big size-sote-gallery-big\" srcset=\"https:\/\/semmelweis.hu\/anatomia\/files\/2018\/06\/cimlap15-300x155.jpg 300w, https:\/\/semmelweis.hu\/anatomia\/files\/2018\/06\/cimlap15.jpg 580w\" >\r\n        <\/a><\/div><\/span><span class=\"gallery-item\"><div class=\"hidden\"><a href=\"https:\/\/semmelweis.hu\/anatomia\/files\/2018\/06\/cimlap16.jpg\">\r\n        <img src=https:\/\/semmelweis.hu\/anatomia\/files\/2018\/06\/cimlap16.jpg alt=\"\" class=\"attachment-sote-gallery-big size-sote-gallery-big\" srcset=\"https:\/\/semmelweis.hu\/anatomia\/files\/2018\/06\/cimlap16-300x155.jpg 300w, https:\/\/semmelweis.hu\/anatomia\/files\/2018\/06\/cimlap16.jpg 580w\" >\r\n        <\/a><\/div><\/span>\r\n            <\/div>\r\n\r\n            [\/slb_exclude]\r\n\t\n<p>&nbsp;<\/p>\n<p>Az int\u00e9zet oktatja az anat\u00f3mi\u00e1t, a sz\u00f6vettant, a fejl\u0151d\u00e9stant \u00e9s a t\u00e1janat\u00f3mi\u00e1t \u00e1ltal\u00e1nos orvosok \u00e9s fogorvostan-hallgat\u00f3k sz\u00e1m\u00e1ra \u2013 magyar, n\u00e9met \u00e9s angol nyelven is. A mikroszk\u00f3pos anat\u00f3mia el\u0151ad\u00e1s\u00e1ban a mai szintetikus anat\u00f3miai t\u00e1rgyal\u00e1si m\u00f3d \u00e9rv\u00e9nyes\u00fcl, amelynek anyag\u00e1t a t\u00e1j- \u00e9s klinikai anat\u00f3mia (pl. r\u00e9teganat\u00f3mia) eg\u00e9sz\u00edti ki. Hallgat\u00f3ink k\u00f6zvetlen oktat\u00f3i ir\u00e1ny\u00edt\u00e1s mellett v\u00e9geznek tetemboncol\u00e1si \u00e9s mikroszk\u00f3pos gyakorlatot. Az Int\u00e9zet Anat\u00f3miai M\u00fazeumot m\u0171k\u00f6dtet, amely elm\u00e9ly\u00fclt tanul\u00e1sra szolg\u00e1l.<\/p>\n<p>A Semmelweis Egyetem hallgat\u00f3inak az oktat\u00e1sa mellett a Budapesti M\u0171szaki \u00e9s Gazdas\u00e1gtudom\u00e1nyi Egyetemmel k\u00f6z\u00f6s\u00a0szervez\u00e9sben, a biom\u00e9rn\u00f6k \u00e9s az orvos-m\u00e9rn\u00f6k k\u00e9pz\u00e9s keretei k\u00f6z\u00f6tt, valamint a P\u00e1zm\u00e1ny P\u00e9ter Katolikus Egyetemmel\u00a0k\u00f6z\u00f6s szervez\u00e9sben az orvosi biotechnol\u00f3gia mesterk\u00e9pz\u00e9s keretei k\u00f6z\u00f6tt oktatjuk az anat\u00f3mi\u00e1t.<\/p>\n<p>A posztgradu\u00e1lis k\u00e9pz\u00e9s keret\u00e9ben k\u00e9t doktori programban is r\u00e9szt vesz Int\u00e9zet\u00fcnk. A Szent\u00e1gothai J\u00e1nos Idegtudom\u00e1nyi Doktori Iskola szervez\u00e9s\u00e9ben r\u00e9szt vesz\u00fcnk a PhD-hallgat\u00f3k k\u00e9pz\u00e9s\u00e9ben kurzusok \u00e9s k\u00eds\u00e9rletes munkalehet\u0151s\u00e9gek biztos\u00edt\u00e1s\u00e1val. Az int\u00e9zet kutat\u00f3munk\u00e1j\u00e1nak kiemelten fontos ter\u00fclete a k\u00f6zponti \u00e9s perif\u00e9ri\u00e1s idegrendszer. Neuroendokrinol\u00f3giai t\u00e9mak\u00f6rben folynak kurzusok, illetve sz\u00e1mos v\u00e1laszthat\u00f3 t\u00e9ma \u00e1ll a doktorandusz hallgat\u00f3k rendelkez\u00e9sre.<\/p>\n<p>A \u201eFejl\u0151d\u00e9sbiol\u00f3giai Int\u00e9zetben\u201d 1997-ben indult az \u201eEmbriol\u00f3gia, elm\u00e9leti k\u00eds\u00e9rletes \u00e9s klinikai fejl\u0151d\u00e9sbiol\u00f3gia\u201d\u00a0c. PhD-program, amely a lymphomyeloid \u00e9s v\u00e9rk\u00e9pz\u0151 rendszer korai fejl\u0151d\u00e9s\u00e9vel, a retina fejl\u0151d\u00e9s\u00e9vel, a\u00a0placod\u00e1lis elemek indukci\u00f3s viszonyaival, az endo- \u00e9s exocytosis sejtbiol\u00f3gi\u00e1j\u00e1val foglalkozik.<\/p>\n<p>Az int\u00e9zetben m\u0171k\u00f6dik egy plasztin\u00e1ci\u00f3s laborat\u00f3rium , ahol id\u0151\u00e1ll\u00f3 anat\u00f3miai prepar\u00e1tumok k\u00e9sz\u00edt\u00e9se folyik. A sz\u00f6vettani metszeteken t\u00f6rt\u00e9n\u0151 t\u00e1j\u00e9koz\u00f3d\u00e1s \u00e9rdek\u00e9ben az int\u00e9zet sz\u00f6vettani gyakorl\u00f3termei multim\u00e9di\u00e1s t\u00e1bl\u00e1kkal vannak\u00a0felszerelve.<\/p>\n","protected":false},"excerpt":{"rendered":"<p>Int\u00e9zet\u00fcnk az emberi test fel\u00e9p\u00edt\u00e9s\u00e9t oktatja, mely az anat\u00f3mia, sz\u00f6vettan \u00e9s fejl\u0151d\u00e9stan sz\u00fcks\u00e9gk\u00e9ppen egys\u00e9ges \u00e9rtelmez\u00e9s\u00e9ben \u00e9s \u00e1tad\u00e1s\u00e1ban t\u00f6rt\u00e9nik. A makroszk\u00f3pos ismereteket a boncol\u00e1s \u00e9lm\u00e9nye \u00e1ltal szerzik meg hallgat\u00f3ink, a szerkezet \u00e9s a funkci\u00f3 kapcsolat\u00e1nak \u00e9s az anat\u00f3miai viszonyok meg\u00e9rt\u00e9s\u00e9t a fejl\u0151d\u00e9stani \u00e9s sz\u00f6vettani ismeretek egyidej\u0171 t\u00e1rgyal\u00e1sa seg\u00edti. Az elm\u00e9ly\u00fclni k\u00edv\u00e1n\u00f3k sz\u00e1mos v\u00e1laszthat\u00f3 kurzus keret\u00e9ben szerezhetnek \u00e9rdekl\u0151d\u00e9s\u00fcknek megfelel\u0151 r\u00e9szletes ismereteket, posztgradualis kurzusaink pedig egyetem\u00fcnk doktori k\u00e9pz\u00e9s\u00e9t t\u00e1mogatj\u00e1k. A 250 \u00e9ves egyetem egyik alap\u00edt\u00f3 int\u00e9zetek\u00e9nt egy olyan 130 \u00e9ves, meg\u00fajult hallgat\u00f3i t\u00e9rrel kieg\u00e9sz\u00fclt gy\u00f6ny\u00f6r\u0171 \u00e9p\u00fcletben v\u00e1rjuk hallgat\u00f3inkat \u00e9s munkat\u00e1rsainkat, mely oktat\u00e1s\u00e1t \u00e9s \u00e9lvonalbeli tudom\u00e1nyos eredm\u00e9nyeit folyamatosan meg\u00fajul\u00f3 infrastrukt\u00far\u00e1val igyekszik t\u00e1mogatni.<\/p>\n","protected":false},"author":12,"featured_media":28459,"parent":0,"menu_order":9,"comment_status":"closed","ping_status":"closed","template":"","meta":{"_acf_changed":false,"footnotes":""},"categories":[],"tags":[],"class_list":["post-12706","page","type-page","status-publish","has-post-thumbnail","hentry"],"acf":[],"_links":{"self":[{"href":"https:\/\/semmelweis.hu\/anatomia\/wp-json\/wp\/v2\/pages\/12706","targetHints":{"allow":["GET"]}}],"collection":[{"href":"https:\/\/semmelweis.hu\/anatomia\/wp-json\/wp\/v2\/pages"}],"about":[{"href":"https:\/\/semmelweis.hu\/anatomia\/wp-json\/wp\/v2\/types\/page"}],"author":[{"embeddable":true,"href":"https:\/\/semmelweis.hu\/anatomia\/wp-json\/wp\/v2\/users\/12"}],"replies":[{"embeddable":true,"href":"https:\/\/semmelweis.hu\/anatomia\/wp-json\/wp\/v2\/comments?post=12706"}],"version-history":[{"count":10,"href":"https:\/\/semmelweis.hu\/anatomia\/wp-json\/wp\/v2\/pages\/12706\/revisions"}],"predecessor-version":[{"id":28493,"href":"https:\/\/semmelweis.hu\/anatomia\/wp-json\/wp\/v2\/pages\/12706\/revisions\/28493"}],"wp:featuredmedia":[{"embeddable":true,"href":"https:\/\/semmelweis.hu\/anatomia\/wp-json\/wp\/v2\/media\/28459"}],"wp:attachment":[{"href":"https:\/\/semmelweis.hu\/anatomia\/wp-json\/wp\/v2\/media?parent=12706"}],"wp:term":[{"taxonomy":"category","embeddable":true,"href":"https:\/\/semmelweis.hu\/anatomia\/wp-json\/wp\/v2\/categories?post=12706"},{"taxonomy":"post_tag","embeddable":true,"href":"https:\/\/semmelweis.hu\/anatomia\/wp-json\/wp\/v2\/tags?post=12706"}],"curies":[{"name":"wp","href":"https:\/\/api.w.org\/{rel}","templated":true}]}}