{"id":1268,"date":"2014-06-07T21:26:47","date_gmt":"2014-06-07T19:26:47","guid":{"rendered":"http:\/\/www.ana.usn.hu\/hu\/?page_id=1268"},"modified":"2021-02-01T12:00:43","modified_gmt":"2021-02-01T11:00:43","slug":"vegetativ-beidegzes-laboratorium","status":"publish","type":"page","link":"https:\/\/semmelweis.hu\/anatomia\/kutatas\/laborok-kutatocsoportok\/vegetativ-beidegzes-laboratorium\/","title":{"rendered":"Vegetat\u00edv Beidegz\u00e9s Laborat\u00f3rium \/ Laboratory of Autonomic Innervation"},"content":{"rendered":"<p><strong>Vezet\u0151:<\/strong><\/p>\n<ul>\n<li>Dr. Feh\u00e9r Erzs\u00e9bet professzor emerita, az MTA doktora<\/li>\n<\/ul>\n<p><strong>Munkat\u00e1rsak:<\/strong><\/p>\n<ul>\n<li>Dr. Altdorfer K\u00e1roly Ph.D., egyetemi docens<\/li>\n<li>Gadanecz Beatrix asszisztens\n<p class=\"entry-title\">\n<\/li>\n<\/ul>\n<p><strong>Kutat\u00e1si profil:<\/strong><\/p>\n<p>A laborat\u00f3rium a gyomor-b\u00e9lcsatorna, a m\u00e1j \u00e9s epeutak, a h\u00fagyh\u00f3lyag idegrendszer\u00e9nek tanulm\u00e1nyoz\u00e1s\u00e1val foglalkozik. F\u0151 c\u00e9lkit\u0171z\u00e9s\u00fcnk a zsigerek lok\u00e1lis idegelemeinek, azok helyi kapcsolatainak, valamint a zsiger \u00e9s a k\u00fcls\u0151 idegek szinaptikus kapcsolatainak vizsg\u00e1lata \u00e9s azok neurotranszmitter \u00e9s neuropeptid tartalm\u00e1nak identifik\u00e1l\u00e1sa.<\/p>\n<p align=\"justify\">Kutat\u00e1sunk sor\u00e1n a gyomor-b\u00e9lcsatorna, a m\u00e1j \u00e9s epeutak, a h\u00fagyh\u00f3lyag idegrendszer\u00e9t tanulm\u00e1nyoztuk.<\/p>\n<p align=\"justify\">Meg\u00e1llap\u00edtottuk, hogy a zsigerekben sz\u00e1mos lok\u00e1lis reflexkapcsolat tal\u00e1lhat\u00f3, amely k\u00f6zvetlen\u00fcl ir\u00e1ny\u00edtja a szerv m\u0171k\u00f6d\u00e9s\u00e9t. A k\u00fcls\u0151 idegek csup\u00e1n ezen reflexek beind\u00edt\u00e1s\u00e1ban \u00e9s g\u00e1tl\u00e1s\u00e1ban j\u00e1tszanak szerepet. A sejtek m\u0171k\u00f6d\u00e9sileg \u00e9rz\u0151, mozgat\u00f3 \u00e9s interneuronok lehetnek. Az \u00e9rz\u0151idegv\u00e9gz\u0151d\u00e9sek d\u00f6nt\u0151en a zsigerek ny\u00e1lkah\u00e1rty\u00e1j\u00e1ban, de m\u00e1s r\u00e9tegekben is el\u0151fordulhatnak, legnagyobb r\u00e9sz\u00fck vel\u0151tlen, a lok\u00e1lis idegsejtek ny\u00falv\u00e1nyai. Bebizony\u00edtottuk, hogy sz\u00e1mos P-anyag, somatostatin, vasoaktiv intestinalis peptid, neuropeptid Y \u00e9s galanin tartalm\u00fa idegsejt tal\u00e1lhat\u00f3 a hasi zsigerekben. Az immunpozit\u00edv idegrostok a zsiger minden r\u00e9teg\u00e9ben el\u0151fordulnak, k\u00f6zvetlen kapcsolatot alkotnak a felt\u00e9telezett effektor sejtekkel, de sz\u00e1mos interneuron\u00e1lis kapcsolatban is el\u0151fordulnak. Ezen anyagok jelent\u0151s szerepet j\u00e1tszanak a szerv m\u0171d\u00f6d\u00e9s\u00e9ben, \u00edgy a perisztaltik\u00e1ban, a v\u00e9r\u00e1tfoly\u00e1s szab\u00e1lyoz\u00e1s\u00e1ban, a mirigyek \u00e9s a felsz\u00edv\u00f3 h\u00e1m m\u0171k\u00f6d\u00e9s\u00e9ben.<\/p>\n<p align=\"justify\">Degener\u00e1ci\u00f3s, tormaperoxid\u00e1z reakci\u00f3val \u00e9s immuncytok\u00e9miai m\u00f3dszerrel is bizony\u00edtottuk a b\u00e9lidegrendszer \u00e9s a ganglion celiacum idegsejtjeinek k\u00f6zvetlen szinaptikus kapcsolat\u00e1t. A myentericus fonat vasoactiv intestinalis polypeptid tartalm\u00fa sejtjei axo-dendritikus \u00e9s axo-somatikus szinapszist k\u00e9peznek a prevertebralis d\u00fac sejtjeivel. A ganglion celiacumban somatostatin pozit\u00edv interneuronokat \u00e9s azok interneuronalis kapcsolatait kett\u0151s immuncytok\u00e9mai m\u00f3dszerrel bizony\u00edtottuk.<\/p>\n<p align=\"justify\">Somatostatin, P-anyag \u00e9s neuropeptid Y tartalm\u00fa idegrostokat mutattunk ki a m\u00e1jban a portalis k\u00e9pletek mellett \u00e9s a Disse-t\u00e9rben k\u00f6zvetlen\u00fcl az endothel \u00e9s a hepatocyt\u00e1k mellett. Somatostatin pozit\u00edv idegtermin\u00e1lisokat tal\u00e1ltunk a Peyer-plakkokban, k\u00f6zvetlen kapcsolatban a nyiroksejtekkel \u00e9s plasmasejtekkel, ezzel bizony\u00edtva, hogy a b\u00e9lidegrenszer k\u00f6zvetlen\u00fcl hat az immunrendszerre. K\u00fcl\u00f6nb\u00f6z\u0151 megbeteged\u00e9sekben a zsigerek idegelemeiben morfol\u00f3giai v\u00e1ltoz\u00e1sok, a neuropeptidek tartalm\u00e1ban cs\u00f6kken\u00e9s vagy emelked\u00e9s figyelhet\u0151 meg az \u00e9rintett ter\u00fcleten. Ezen neuropeptid tartalm\u00fa idegrostok k\u00f6zvetlen szinaptikus kapcsolatot k\u00e9peznek a tunica mucosa \u00e9s submucosa immunsejtjeivel, \u00edgy befoly\u00e1solva azok m\u0171k\u00f6d\u00e9s\u00e9t.\u00a0 Immun cytok\u00e9miai m\u00f3dszerrel igazoltuk hum\u00e1n autoimmun hepatitisben is a neuroimmun-modul\u00e1ci\u00f3 morfol\u00f3giai alpj\u00e1t.<br \/>\nIgazoltuk azt is, hogy a helyi idegelemek egy r\u00e9sze nitrog\u00e9n monoxid szint\u00e1z pozit\u00edv, ezen nitrog\u00e9n monoxid tartalm\u00fa idegelmeket f\u0151leg a sphincter r\u00e9gi\u00f3kban \u00e9s a nagy ny\u00e1lmirigyekben mutattunk ki.<\/p>\n<p align=\"justify\"><strong>M\u00f3dszerek:<\/strong><\/p>\n<p align=\"justify\">Vizsg\u00e1lati m\u00f3dszerk\u00e9nt f\u00e9ny- \u00e9s elektronmikroszk\u00f3pos m\u00f3dszereket alkalmazunk, kieg\u00e9sz\u00edtve immunhiszto- \u00e9s immuncytok\u00e9miai jel\u00f6l\u00e9ssel. A felhaszn\u00e1lt anyagok nagy r\u00e9sze norm\u00e1l \u00e9s m\u0171t\u00e9tes \u00e1llatokb\u00f3l sz\u00e1rmazik, de \u00fajabban hum\u00e1n patol\u00f3gi\u00e1s anyagokat is vizsg\u00e1lunk. F\u0151 c\u00e9lkit\u0171z\u00e9s\u00fcnk a zsigerek lok\u00e1lis idegelemeinek, azok helyi kapcsolatainak, valamint a zsiger \u00e9s a k\u00fcls\u0151 idegek szinaptikus kapcsolatainak vizsg\u00e1lata \u00e9s azok neurotranszmitter \u00e9s neuropeptid tartalm\u00e1nak identifik\u00e1l\u00e1sa.<\/p>\n<p>Fontosabb kor\u00e1bbi kollabor\u00e1ci\u00f3k:<\/p>\n<ul>\n<li>Burnstock G., Department. of Anatomy and Developmental Biology, University College London, U.K.<\/li>\n<li>Dr. Lengyel Gabriella, II. sz. Belgy\u00f3gy\u00e1szati Klinika, Semmelweis Orvostudom\u00e1nyi Egyetem.<\/li>\n<li>Dr. Bl\u00e1zovics Anna, Farmakogn\u00f3zia Int\u00e9zet<\/li>\n<\/ul>\n<hr \/>\n<p>The laboratory investigates the gastrointestinal tract (liver and bile ducts, gall bladder, tongue, teeth etc.). We have a special interest in the <strong>neuroimmunomodulation<\/strong> of the different enteral organs, therefore in the light- and electronmicroscopical analysis of the bidirectional contacts between the nervous and immune systems.<\/p>\n<p>&nbsp;<\/p>\n","protected":false},"excerpt":{"rendered":"<p>Vezet\u0151: Dr. Feh\u00e9r Erzs\u00e9bet professzor emerita, az MTA doktora Munkat\u00e1rsak: Dr. Altdorfer K\u00e1roly Ph.D., egyetemi docens Gadanecz Beatrix asszisztens Kutat\u00e1si profil: A laborat\u00f3rium a gyomor-b\u00e9lcsatorna, a m\u00e1j \u00e9s epeutak, a h\u00fagyh\u00f3lyag idegrendszer\u00e9nek tanulm\u00e1nyoz\u00e1s\u00e1val foglalkozik. F\u0151 c\u00e9lkit\u0171z\u00e9s\u00fcnk a zsigerek lok\u00e1lis idegelemeinek, azok helyi kapcsolatainak, valamint a zsiger \u00e9s a k\u00fcls\u0151 idegek szinaptikus kapcsolatainak vizsg\u00e1lata \u00e9s azok &hellip;<\/p>\n","protected":false},"author":12,"featured_media":0,"parent":471,"menu_order":0,"comment_status":"closed","ping_status":"closed","template":"","meta":{"_acf_changed":false,"footnotes":""},"categories":[],"tags":[],"class_list":["post-1268","page","type-page","status-publish","hentry"],"acf":[],"_links":{"self":[{"href":"https:\/\/semmelweis.hu\/anatomia\/wp-json\/wp\/v2\/pages\/1268","targetHints":{"allow":["GET"]}}],"collection":[{"href":"https:\/\/semmelweis.hu\/anatomia\/wp-json\/wp\/v2\/pages"}],"about":[{"href":"https:\/\/semmelweis.hu\/anatomia\/wp-json\/wp\/v2\/types\/page"}],"author":[{"embeddable":true,"href":"https:\/\/semmelweis.hu\/anatomia\/wp-json\/wp\/v2\/users\/12"}],"replies":[{"embeddable":true,"href":"https:\/\/semmelweis.hu\/anatomia\/wp-json\/wp\/v2\/comments?post=1268"}],"version-history":[{"count":11,"href":"https:\/\/semmelweis.hu\/anatomia\/wp-json\/wp\/v2\/pages\/1268\/revisions"}],"predecessor-version":[{"id":28271,"href":"https:\/\/semmelweis.hu\/anatomia\/wp-json\/wp\/v2\/pages\/1268\/revisions\/28271"}],"up":[{"embeddable":true,"href":"https:\/\/semmelweis.hu\/anatomia\/wp-json\/wp\/v2\/pages\/471"}],"wp:attachment":[{"href":"https:\/\/semmelweis.hu\/anatomia\/wp-json\/wp\/v2\/media?parent=1268"}],"wp:term":[{"taxonomy":"category","embeddable":true,"href":"https:\/\/semmelweis.hu\/anatomia\/wp-json\/wp\/v2\/categories?post=1268"},{"taxonomy":"post_tag","embeddable":true,"href":"https:\/\/semmelweis.hu\/anatomia\/wp-json\/wp\/v2\/tags?post=1268"}],"curies":[{"name":"wp","href":"https:\/\/api.w.org\/{rel}","templated":true}]}}