{"id":114,"date":"2014-04-17T11:19:02","date_gmt":"2014-04-17T11:19:02","guid":{"rendered":"http:\/\/www.ana.usn.hu\/hu\/?page_id=114"},"modified":"2024-09-18T09:27:24","modified_gmt":"2024-09-18T07:27:24","slug":"anatomiai-muzeum","status":"publish","type":"page","link":"https:\/\/semmelweis.hu\/anatomia\/anatomiai-muzeum\/","title":{"rendered":"Anat\u00f3miai M\u00fazeum"},"content":{"rendered":"<p style=\"text-align: center\"><strong>Az Anat\u00f3miai M\u00fazeum fel\u00faj\u00edt\u00e1s miatt hat\u00e1rozatlan ideig <span style=\"color: #ff0000\">Z\u00c1RVA <span style=\"color: #000000\">tart<\/span><\/span>. <\/strong><br \/>\n<strong>Meg\u00e9rt\u00e9s\u00fcket \u00e9s t\u00fcrelm\u00fcket k\u00f6sz\u00f6nj\u00fck.<\/strong><\/p>\n<p style=\"text-align: center\">\u00a0<\/p>\n<figure id=\"attachment_1420\" aria-describedby=\"caption-attachment-1420\" style=\"width: 300px\" class=\"wp-caption aligncenter\"><a href=\"https:\/\/semmelweis.hu\/anatomia\/files\/2014\/04\/muzbej.jpg\"><img loading=\"lazy\" decoding=\"async\" class=\"wp-image-1420 size-medium\" src=\"https:\/\/semmelweis.hu\/anatomia\/files\/2014\/04\/muzbej-300x225.jpg\" alt=\"muzbej\" width=\"300\" height=\"225\" srcset=\"https:\/\/semmelweis.hu\/anatomia\/files\/2014\/04\/muzbej-300x225.jpg 300w, https:\/\/semmelweis.hu\/anatomia\/files\/2014\/04\/muzbej-399x300.jpg 399w, https:\/\/semmelweis.hu\/anatomia\/files\/2014\/04\/muzbej.jpg 705w\" sizes=\"auto, (max-width: 300px) 100vw, 300px\" \/><\/a><figcaption id=\"caption-attachment-1420\" class=\"wp-caption-text\">Bej\u00e1rat az udvar fel\u0151l (2024-ben lebontva)<\/figcaption><\/figure>\n<hr \/>\n<figure id=\"attachment_7213\" aria-describedby=\"caption-attachment-7213\" style=\"width: 300px\" class=\"wp-caption alignright\"><a href=\"https:\/\/semmelweis.hu\/anatomia\/files\/2014\/03\/DSC00018.jpg\"><img loading=\"lazy\" decoding=\"async\" class=\"wp-image-7213 size-medium\" src=\"https:\/\/semmelweis.hu\/anatomia\/files\/2014\/03\/DSC00018-300x225.jpg\" alt=\"DSC00018\" width=\"300\" height=\"225\" srcset=\"https:\/\/semmelweis.hu\/anatomia\/files\/2014\/03\/DSC00018-300x225.jpg 300w, https:\/\/semmelweis.hu\/anatomia\/files\/2014\/03\/DSC00018-1024x768.jpg 1024w, https:\/\/semmelweis.hu\/anatomia\/files\/2014\/03\/DSC00018-400x300.jpg 400w, https:\/\/semmelweis.hu\/anatomia\/files\/2014\/03\/DSC00018.jpg 1280w\" sizes=\"auto, (max-width: 300px) 100vw, 300px\" \/><\/a><figcaption id=\"caption-attachment-7213\" class=\"wp-caption-text\">M\u00fazeumbels\u0151<\/figcaption><\/figure>\n<p style=\"text-align: justify\">Az Anat\u00f3miai M\u00fazeum az 1896-98. k\u00f6z\u00f6tt \u00e9p\u00fclt anat\u00f3miai int\u00e9zm\u00e9ny saj\u00e1t \u00e1lland\u00f3 ki\u00e1ll\u00edt\u00e1sa, amelyet \u00fagy a Semmelweis Egyetem hallgat\u00f3i, mint k\u00fcls\u0151 \u00e9rdekl\u0151d\u0151k rendszeresen l\u00e1togatnak. A ki\u00e1ll\u00edt\u00e1son az \u00e9p\u00fclet sz\u00fclet\u00e9s\u00e9t \u00e9vtizedekkel megel\u0151z\u0151en keletkezett prepar\u00e1tumok is l\u00e1that\u00f3k, t\u00f6bbek k\u00f6z\u00f6tt Lenhoss\u00e9k J\u00f3zsef vissz\u00e9r k\u00e9sz\u00edtm\u00e9nyei, sz\u00e1mos magzattorz vagy koponyagy\u0171jtem\u00e9ny\u00fcnk egy r\u00e9sze. \u00c9vtizedeken \u00e1t itt \u0151rizt\u00fck a h\u00edres bety\u00e1r, R\u00f3zsa S\u00e1ndor kopony\u00e1j\u00e1t, de ugyancsak gy\u0171jtem\u00e9ny\u00fcnk r\u00e9sze volt a II. J\u00f3zsef \u00e1ltal adom\u00e1nyozott n\u0151i viaszmodell, amely a test nyirokkering\u00e9s\u00e9t mutatja be p\u00e1ratlan sz\u00e9ps\u00e9ggel \u00e9s r\u00e9szletess\u00e9ggel. Ezek a m\u0171remekek ma is megcsod\u00e1lhat\u00f3k m\u00e1s f\u0151v\u00e1rosi m\u00fazeumok t\u00e1rlatain.<\/p>\n<p style=\"text-align: justify\">\u201cTudom\u00e1nyt\u00f6rt\u00e9neti ritkas\u00e1goknak sz\u00e1m\u00edtanak Lenhoss\u00e9k J\u00f3zsef k\u00e9sz\u00edtm\u00e9nyei a medence visszeres fonatair\u00f3l, valamint Davida Le\u00f3 k\u00f6zponti idegrendszeri k\u00e9sz\u00edtm\u00e9nye. S\u00f5t egykori munkat\u00e1rsunk K\u00e1d\u00e1r Ferenc sz\u00edvk\u00e9sz\u00edtm\u00e9nyei is m\u00e1r az int\u00e9zet t\u00f6rt\u00e9net\u00e9hez tartoznak.\u201d (<em>Dr. Hajdu Ferenc<\/em> le\u00edr\u00e1sa az Anat\u00f3mia \u00e9p\u00fclet\u00e9nek Centen\u00e1riumi \u00e9vk\u00f6nyv\u00e9b\u0151l)<\/p>\n\r\n        [slb_exclude]\r\n        <div class=\"row galeria-wrapper mx-0 h-auto\">\r\n            <div class=\"col-9 pl-0 pr-2\">\r\n            <span class=\"gallery-item frame\">\r\n\t\t\t\t<div class=\"galeria-left-img\"><a href=\"https:\/\/semmelweis.hu\/anatomia\/files\/2014\/04\/idrsz-.jpg\"><img src=https:\/\/semmelweis.hu\/anatomia\/files\/2014\/04\/idrsz-.jpg  \r\n                            alt=\"Davida Le\u00f3 agy-gerincvel\u0151 k\u00e9sz\u00edtm\u00e9nye\" \r\n                            class=\"attachment-sote-gallery-big size-sote-gallery-big\" \r\n                            srcset=\"https:\/\/semmelweis.hu\/anatomia\/files\/2014\/04\/idrsz--156x300.jpg 156w, https:\/\/semmelweis.hu\/anatomia\/files\/2014\/04\/idrsz-.jpg 200w\" ><\/a><\/div>\r\n            <\/span>\r\n\r\n            <\/div>\r\n\r\n\t\t\t<div class=\"col-3 pl-0 pr-0\">\r\n\t\t\t\t<div class=\"galeria-right-img d-flex justify-content-between flex-column h-100 w-100 px-0 mx-0 \">\r\n                <div class=\"galeria-box\">\r\n\t\t\t\t\t<h3 class=\"galeria-title\">Gal\u00e9ria<\/h3>\r\n\t\t\t\t\t<div class=\"galeria-subtitle\">\r\n\r\n\t\t\t\t\t\t<div class=\"galeria-page-counter\"><span>3<\/span>k\u00e9p<\/div>\r\n                    <\/div> <\/div>\r\n                    <span class=\"gallery-item frame d-none d-md-flex\">\r\n\t\t\t\t\t<div class=\"galeria-small-img mt-0\"><a href=\"https:\/\/semmelweis.hu\/anatomia\/files\/2014\/04\/kopszekr-.jpg\"><img src=https:\/\/semmelweis.hu\/anatomia\/files\/2014\/04\/kopszekr-.jpg \r\n                                alt=\"Koponya-gy\u0171jtem\u00e9ny\u00fcnk (norm\u00e1lis \u00e9s pathol\u00f3gi\u00e1s kopony\u00e1k)\"  \r\n                                class=\"attachment-sote-gallery-small size-sote-gallery-small\" \r\n                                srcset=\"\" ><\/a><\/div>\r\n                    <\/span>\r\n                    <span class=\"gallery-item frame d-none d-md-flex\">\r\n\t\t\t\t\t<div class=\"galeria-small-img mt-0\"><a href=\"https:\/\/semmelweis.hu\/anatomia\/files\/2014\/04\/plaszt-.jpg\"><img src=https:\/\/semmelweis.hu\/anatomia\/files\/2014\/04\/plaszt-.jpg \r\n                                alt=\"A plasztin\u00e1lt k\u00e9sz\u00edtm\u00e9nyek (Boncol\u00e1s ut\u00e1n speci\u00e1lis, haz\u00e1nkban egyed\u00fcl\u00e1ll\u00f3 elj\u00e1r\u00e1ssal konzerv\u00e1ljuk a prepar\u00e1tumokat - ezzel tart\u00f3ss\u00e1 \u00e9s hallgat\u00f3ink sz\u00e1m\u00e1ra a m\u00fazeumban tanul\u00e1sra kik\u00f6lcs\u00f6n\u00f6zhet\u0151v\u00e9 \u00e9s k\u00e9zbe vehet\u0151v\u00e9 t\u00e9ve \u0151ket.)\" \r\n                                class=\"attachment-sote-gallery-small size-sote-gallery-small\" \r\n                                srcset=\"\" ><\/a><\/div>\r\n                    <\/span>\r\n\r\n                <\/div>\r\n\r\n            <\/div>\r\n\r\n            \r\n            <\/div>\r\n\r\n            [\/slb_exclude]\r\n\t\n<p style=\"text-align: left\"><strong>Kapcsol\u00f3d\u00f3 oldalaink:<\/strong><\/p>\n<ul>\n<li><strong><a href=\"https:\/\/semmelweis.hu\/anatomia\/2014\/04\/18\/tudnivalok-a-plasztinalasrol\/\">Tudnival\u00f3k a plasztin\u00e1l\u00e1sr\u00f3l<\/a><\/strong><\/li>\n<li><strong><a href=\"https:\/\/semmelweis.hu\/anatomia\/tetemfelajanlas-aktualis\/\" target=\"_blank\" rel=\"noopener noreferrer\">Holttest felaj\u00e1nl\u00e1sa oktat\u00e1sra<\/a><\/strong><\/li>\n<li><strong><a href=\"\/anatomia\/?page_id=1557\">Anat\u00f3miai Te\u00e1trum<\/a><\/strong><\/li>\n<li><strong><span style=\"color: #0000ff\"><a href=\"https:\/\/semmelweis.hu\/anatomia\/az-intezet-alapitvanyai\/mihalkovics-palyazat\/\" target=\"_blank\" rel=\"noopener noreferrer\">Mih\u00e1lkovics-p\u00e1ly\u00e1zat<\/a><\/span> <\/strong><\/li>\n<li><strong><a href=\"https:\/\/semmelweis.hu\/anatomia\/2018\/06\/04\/intezetigazgatok-arckepcsarnoka\/\" target=\"_blank\" rel=\"noopener noreferrer\">Int\u00e9zetigazgat\u00f3k Arck\u00e9pcsarnoka<\/a><\/strong><\/li>\n<li style=\"text-align: left\"><strong><a href=\"https:\/\/semmelweis.hu\/hirek\/2018\/04\/30\/ismeretterjeszto-eloadas-latasserulteknek-az-anatomiai-muzeumban\/\" target=\"_blank\" rel=\"noopener noreferrer\">2018: l\u00e1t\u00e1ss\u00e9r\u00fcltek l\u00e1togat\u00e1sa a M\u00fazeumban<\/a><\/strong><\/li>\n<li style=\"text-align: left\"><strong><a href=\"https:\/\/semmelweis.hu\/anatomia\/category\/kutatok-ejszakaja\/\" target=\"_blank\" rel=\"noopener noreferrer\">Kutat\u00f3k \u00e9jszak\u00e1ja<\/a><\/strong><\/li>\n<li><strong><a href=\"https:\/\/semmelweis.hu\/anatomia\/2001\/03\/04\/medikus-ujsag-riportja-az-anatomiai-muzeumrol\/\" target=\"_blank\" rel=\"noopener noreferrer\">Medikus \u00fajs\u00e1g riportja az Anat\u00f3miai M\u00fazeumr\u00f3l<\/a><\/strong><\/li>\n<li><a href=\"https:\/\/semmelweis.hu\/anatomia\/2014\/06\/09\/fontana-anatomiai-viaszmodell\/\"><strong>Fontana: Anat\u00f3miai viaszmodell<\/strong><\/a><\/li>\n<\/ul>\n<hr \/>\n<p align=\"center\">\u00a0<\/p>\n","protected":false},"excerpt":{"rendered":"<p>Az Anat\u00f3miai M\u00fazeum fel\u00faj\u00edt\u00e1s miatt hat\u00e1rozatlan ideig Z\u00c1RVA tart. Meg\u00e9rt\u00e9s\u00fcket \u00e9s t\u00fcrelm\u00fcket k\u00f6sz\u00f6nj\u00fck. \u00a0 Az Anat\u00f3miai M\u00fazeum az 1896-98. k\u00f6z\u00f6tt \u00e9p\u00fclt anat\u00f3miai int\u00e9zm\u00e9ny saj\u00e1t \u00e1lland\u00f3 ki\u00e1ll\u00edt\u00e1sa, amelyet \u00fagy a Semmelweis Egyetem hallgat\u00f3i, mint k\u00fcls\u0151 \u00e9rdekl\u0151d\u0151k rendszeresen l\u00e1togatnak. A ki\u00e1ll\u00edt\u00e1son az \u00e9p\u00fclet sz\u00fclet\u00e9s\u00e9t \u00e9vtizedekkel megel\u0151z\u0151en keletkezett prepar\u00e1tumok is l\u00e1that\u00f3k, t\u00f6bbek k\u00f6z\u00f6tt Lenhoss\u00e9k J\u00f3zsef vissz\u00e9r k\u00e9sz\u00edtm\u00e9nyei, sz\u00e1mos &hellip;<\/p>\n","protected":false},"author":12,"featured_media":812,"parent":0,"menu_order":16,"comment_status":"closed","ping_status":"closed","template":"","meta":{"_acf_changed":false,"footnotes":""},"categories":[],"tags":[],"class_list":["post-114","page","type-page","status-publish","has-post-thumbnail","hentry"],"acf":[],"_links":{"self":[{"href":"https:\/\/semmelweis.hu\/anatomia\/wp-json\/wp\/v2\/pages\/114","targetHints":{"allow":["GET"]}}],"collection":[{"href":"https:\/\/semmelweis.hu\/anatomia\/wp-json\/wp\/v2\/pages"}],"about":[{"href":"https:\/\/semmelweis.hu\/anatomia\/wp-json\/wp\/v2\/types\/page"}],"author":[{"embeddable":true,"href":"https:\/\/semmelweis.hu\/anatomia\/wp-json\/wp\/v2\/users\/12"}],"replies":[{"embeddable":true,"href":"https:\/\/semmelweis.hu\/anatomia\/wp-json\/wp\/v2\/comments?post=114"}],"version-history":[{"count":13,"href":"https:\/\/semmelweis.hu\/anatomia\/wp-json\/wp\/v2\/pages\/114\/revisions"}],"predecessor-version":[{"id":32295,"href":"https:\/\/semmelweis.hu\/anatomia\/wp-json\/wp\/v2\/pages\/114\/revisions\/32295"}],"wp:featuredmedia":[{"embeddable":true,"href":"https:\/\/semmelweis.hu\/anatomia\/wp-json\/wp\/v2\/media\/812"}],"wp:attachment":[{"href":"https:\/\/semmelweis.hu\/anatomia\/wp-json\/wp\/v2\/media?parent=114"}],"wp:term":[{"taxonomy":"category","embeddable":true,"href":"https:\/\/semmelweis.hu\/anatomia\/wp-json\/wp\/v2\/categories?post=114"},{"taxonomy":"post_tag","embeddable":true,"href":"https:\/\/semmelweis.hu\/anatomia\/wp-json\/wp\/v2\/tags?post=114"}],"curies":[{"name":"wp","href":"https:\/\/api.w.org\/{rel}","templated":true}]}}