{"id":1017,"date":"2014-05-16T20:11:11","date_gmt":"2014-05-16T20:11:11","guid":{"rendered":"http:\/\/www.ana.usn.hu\/hu\/?page_id=1017"},"modified":"2021-02-19T13:57:06","modified_gmt":"2021-02-19T12:57:06","slug":"kepgaleriak","status":"publish","type":"page","link":"https:\/\/semmelweis.hu\/anatomia\/az-intezet\/kepgaleriak\/","title":{"rendered":"Gal\u00e9ria"},"content":{"rendered":"<h2><a href=\"https:\/\/semmelweis.hu\/anatomia\/category\/fotogyujtemenyek\/\" target=\"_blank\" rel=\"noopener noreferrer\">K\u00e9pek Int\u00e9zet\u00fcnkr\u0151l<\/a><\/h2>\n<h3><a href=\"https:\/\/semmelweis.hu\/anatomia\/category\/galeriak\/intezeti-kepek\/\" target=\"_blank\" rel=\"noopener noreferrer\">Int\u00e9zeti \u00e9let k\u00e9pei (2003-t\u00f3l):<\/a><\/h3>\n<ul class=\"display-posts-listing\"><li class=\"listing-item\"><a class=\"title\" href=\"https:\/\/semmelweis.hu\/anatomia\/2020\/09\/04\/zoldulo-kertunk\/\">Z\u00f6ld\u00fcl\u0151 kert\u00fcnk<\/a><\/li><li class=\"listing-item\"><a class=\"title\" href=\"https:\/\/semmelweis.hu\/anatomia\/2020\/09\/04\/feher-professzorasszony-koszontese-3\/\">Feh\u00e9r Erzs\u00e9bet professzorasszony k\u00f6sz\u00f6nt\u00e9se<\/a><\/li><li class=\"listing-item\"><a class=\"title\" href=\"https:\/\/semmelweis.hu\/anatomia\/2019\/12\/10\/mikulas-unnepseg-2019\/\">Mikul\u00e1s-\u00fcnneps\u00e9g 2019<\/a><\/li><li class=\"listing-item\"><a class=\"title\" href=\"https:\/\/semmelweis.hu\/anatomia\/2019\/11\/29\/rohlich-professzor-unneplese\/\">R\u00f6hlich professzor \u00fcnnepl\u00e9se<\/a><\/li><\/ul>\n<hr \/>\n<figure id=\"attachment_5505\" aria-describedby=\"caption-attachment-5505\" style=\"width: 900px\" class=\"wp-caption aligncenter\"><a href=\"https:\/\/semmelweis.hu\/anatomia\/files\/2015\/05\/17.jpg\"><img loading=\"lazy\" decoding=\"async\" class=\"wp-image-5505 size-full\" src=\"https:\/\/semmelweis.hu\/anatomia\/files\/2015\/05\/17.jpg\" alt=\"\" width=\"900\" height=\"600\" srcset=\"https:\/\/semmelweis.hu\/anatomia\/files\/2015\/05\/17.jpg 900w, https:\/\/semmelweis.hu\/anatomia\/files\/2015\/05\/17-300x200.jpg 300w, https:\/\/semmelweis.hu\/anatomia\/files\/2015\/05\/17-450x300.jpg 450w\" sizes=\"auto, (max-width: 900px) 100vw, 900px\" \/><\/a><figcaption id=\"caption-attachment-5505\" class=\"wp-caption-text\">Csoportfot\u00f3 (2015)<\/figcaption><\/figure>\n<h3><a href=\"https:\/\/semmelweis.hu\/anatomia\/category\/galeriak\/csoportkepek\/\" target=\"_blank\" rel=\"noopener noreferrer\">Hallgat\u00f3i csoportk\u00e9pek (2005-t\u0151l):<\/a><\/h3>\n<ul class=\"display-posts-listing\"><li class=\"listing-item\"><a class=\"title\" href=\"https:\/\/semmelweis.hu\/anatomia\/2024\/07\/18\/csoportkepek-2024\/\">Csoportk\u00e9pek 2024<\/a><\/li><li class=\"listing-item\"><a class=\"title\" href=\"https:\/\/semmelweis.hu\/anatomia\/2022\/06\/03\/csoportfotok-2022\/\">Csoportfot\u00f3k 2022<\/a><\/li><li class=\"listing-item\"><a class=\"title\" href=\"https:\/\/semmelweis.hu\/anatomia\/2021\/05\/26\/csoportkepek-2021-2\/\">Csoportk\u00e9pek 2021<\/a><\/li><li class=\"listing-item\"><a class=\"title\" href=\"https:\/\/semmelweis.hu\/anatomia\/2018\/05\/17\/csoportkepek-2018-2\/\">Csoportk\u00e9pek 2018.<\/a><\/li><\/ul>\n<hr \/>\n<h3><a href=\"https:\/\/semmelweis.hu\/anatomia\/category\/galeriak\/hallgatoi-elet-kepek\/\" target=\"_blank\" rel=\"noopener noreferrer\">Hallgat\u00f3i \u00e9let k\u00e9pei, versenyek (2004-t\u0151l):<\/a><\/h3>\n<ul class=\"display-posts-listing\"><li class=\"listing-item\"><a class=\"title\" href=\"https:\/\/semmelweis.hu\/anatomia\/2024\/03\/23\/uj-demonstratoraink-2024\/\">\u00daj demonstr\u00e1toraink &#8211; 2024<\/a><\/li><li class=\"listing-item\"><a class=\"title\" href=\"https:\/\/semmelweis.hu\/anatomia\/2023\/03\/13\/uj-demonstratoraink\/\">\u00daj demonstr\u00e1toraink &#8211; 2023<\/a><\/li><li class=\"listing-item\"><a class=\"title\" href=\"https:\/\/semmelweis.hu\/anatomia\/2022\/03\/18\/uj-demonstratoraink-2022\/\">\u00daj demonstr\u00e1toraink &#8211; 2022<\/a><\/li><li class=\"listing-item\"><a class=\"title\" href=\"https:\/\/semmelweis.hu\/anatomia\/2021\/05\/22\/versenyvizsga-2021\/\">Versenyvizsga 2021<\/a><\/li><\/ul>\n<p><a href=\"https:\/\/semmelweis.hu\/anatomia\/files\/2019\/03\/szakd-vedes20190327.jpg\"><img loading=\"lazy\" decoding=\"async\" class=\"wp-image-22337 size-large aligncenter\" src=\"https:\/\/semmelweis.hu\/anatomia\/files\/2019\/03\/szakd-vedes20190327-1024x768.jpg\" alt=\"\" width=\"690\" height=\"518\" \/><\/a><\/p>\n<hr \/>\n<h3><a href=\"https:\/\/semmelweis.hu\/anatomia\/category\/szakdolgozat-vedesek\/\" target=\"_blank\" rel=\"noopener noreferrer\">Szakdolgozatok v\u00e9d\u00e9se (2008-t\u00f3l):<\/a><\/h3>\n<ul class=\"display-posts-listing\"><li class=\"listing-item\"><a class=\"title\" href=\"https:\/\/semmelweis.hu\/anatomia\/2025\/04\/05\/zarovizsga-szakdolgozatok-vedese\/\">Z\u00e1r\u00f3vizsga szakdolgozatok v\u00e9d\u00e9se 2025<\/a><\/li><li class=\"listing-item\"><a class=\"title\" href=\"https:\/\/semmelweis.hu\/anatomia\/2024\/03\/23\/szakdolgozat-vedesek-2024\/\">Szakdolgozat v\u00e9d\u00e9sek 2024.<\/a><\/li><li class=\"listing-item\"><a class=\"title\" href=\"https:\/\/semmelweis.hu\/anatomia\/2019\/03\/30\/szakdolgozat-vedesek-2019\/\">Szakdolgozat v\u00e9d\u00e9sek 2019.<\/a><\/li><li class=\"listing-item\"><a class=\"title\" href=\"https:\/\/semmelweis.hu\/anatomia\/2018\/04\/01\/szakdolgozat-vedesek-2018\/\">Szakdolgozat v\u00e9d\u00e9sek 2018.<\/a><\/li><\/ul>\n<hr \/>\n<h3><a href=\"https:\/\/semmelweis.hu\/anatomia\/category\/phd\/\" target=\"_blank\" rel=\"noopener noreferrer\">PhD v\u00e9d\u00e9sek Int\u00e9zet\u00fcnkben (2003-t\u00f3l):<\/a><\/h3>\n<ul class=\"display-posts-listing\"><li class=\"listing-item\"><a class=\"title\" href=\"https:\/\/semmelweis.hu\/anatomia\/2025\/04\/05\/finszter-cintia-klaudia-phd-vedese\/\">Finszter Cintia Klaudia PhD v\u00e9d\u00e9se<\/a><\/li><li class=\"listing-item\"><a class=\"title\" href=\"https:\/\/semmelweis.hu\/anatomia\/2024\/11\/26\/dr-szuak-andras-ph-d-vedese\/\">Dr. Szu\u00e1k Andr\u00e1s Ph.D. v\u00e9d\u00e9se<\/a><\/li><li class=\"listing-item\"><a class=\"title\" href=\"https:\/\/semmelweis.hu\/anatomia\/2024\/07\/12\/dr-lang-tamas-elso-dija\/\">Dr. L\u00e1ng Tam\u00e1s els\u0151 d\u00edja<\/a><\/li><li class=\"listing-item\"><a class=\"title\" href=\"https:\/\/semmelweis.hu\/anatomia\/2024\/05\/30\/dr-kornai-zsuzsanna-phd-vedese\/\">Dr. Kornai Zsuzsanna PhD v\u00e9d\u00e9se<\/a><\/li><\/ul>\n<hr \/>\n<h3><a href=\"https:\/\/semmelweis.hu\/anatomia\/category\/mihalkovics-palyazat\/\" target=\"_blank\" rel=\"noopener noreferrer\">Mih\u00e1lkovics-p\u00e1ly\u00e1zat eredm\u00e9nyei (2001-t\u0151l):<\/a><\/h3>\n<ul class=\"display-posts-listing\"><li class=\"listing-item\"><a class=\"title\" href=\"https:\/\/semmelweis.hu\/anatomia\/2025\/03\/11\/a-mihalkovics-es-apathy-alapitvany-dijazottjai-2025\/\">A Mih\u00e1lkovics \u00e9s Ap\u00e1thy Alap\u00edtv\u00e1ny d\u00edjazottjai 2025<\/a><\/li><li class=\"listing-item\"><a class=\"title\" href=\"https:\/\/semmelweis.hu\/anatomia\/2024\/03\/23\/a-mihalkovics-es-apathy-alapitvany-dijazottjai-2024\/\">A Mih\u00e1lkovics \u00e9s Ap\u00e1thy Alap\u00edtv\u00e1ny d\u00edjazottjai 2024<\/a><\/li><li class=\"listing-item\"><a class=\"title\" href=\"https:\/\/semmelweis.hu\/anatomia\/2023\/03\/13\/a-mihalkovics-alapitvany-dijazottjai-2023\/\">A Mih\u00e1lkovics Alap\u00edtv\u00e1ny d\u00edjazottjai 2023<\/a><\/li><li class=\"listing-item\"><a class=\"title\" href=\"https:\/\/semmelweis.hu\/anatomia\/2022\/03\/16\/a-mihalkovics-alapitvany-dijazottjai-2022\/\">A Mih\u00e1lkovics Alap\u00edtv\u00e1ny d\u00edjazottjai 2022<\/a><\/li><\/ul>\n<hr \/>\n<h3><a href=\"https:\/\/semmelweis.hu\/anatomia\/category\/galeriak\/kongresszusok\/\" target=\"_blank\" rel=\"noopener noreferrer\">Kongresszusok:<\/a><\/h3>\n<ul class=\"display-posts-listing\"><li class=\"listing-item\"><a class=\"title\" href=\"https:\/\/semmelweis.hu\/anatomia\/2017\/06\/09\/anatomus-kongresszus-2017\/\">Anat\u00f3mus kongresszus 2017<\/a><\/li><li class=\"listing-item\"><a class=\"title\" href=\"https:\/\/semmelweis.hu\/anatomia\/2015\/06\/20\/anatomus-kongresszus-2015\/\">Anat\u00f3mus Kongresszus 2015.<\/a><\/li><li class=\"listing-item\"><a class=\"title\" href=\"https:\/\/semmelweis.hu\/anatomia\/2009\/06\/25\/anatomus-kongresszus-2009\/\">Anat\u00f3mus kongresszus 2009.<\/a><\/li><li class=\"listing-item\"><a class=\"title\" href=\"https:\/\/semmelweis.hu\/anatomia\/2005\/06\/23\/fenykepek-a-magyar-gasztroenterologiai-tarsasag-nagygyuleserol\/\">F\u00e9nyk\u00e9pek a Magyar Gasztroenterol\u00f3giai T\u00e1rsas\u00e1g nagygy\u0171l\u00e9s\u00e9r\u0151l<\/a><\/li><\/ul>\n<p><img loading=\"lazy\" decoding=\"async\" class=\"aligncenter wp-image-12678 \" src=\"https:\/\/semmelweis.hu\/anatomia\/files\/2017\/07\/n\u00e9vtelen.jpg\" alt=\"\" width=\"521\" height=\"391\" srcset=\"https:\/\/semmelweis.hu\/anatomia\/files\/2017\/07\/n\u00e9vtelen.jpg 606w, https:\/\/semmelweis.hu\/anatomia\/files\/2017\/07\/n\u00e9vtelen-300x225.jpg 300w, https:\/\/semmelweis.hu\/anatomia\/files\/2017\/07\/n\u00e9vtelen-400x300.jpg 400w\" sizes=\"auto, (max-width: 521px) 100vw, 521px\" \/><\/p>\n<hr \/>\n<h3><a href=\"https:\/\/semmelweis.hu\/anatomia\/category\/kegyelet\/\" target=\"_blank\" rel=\"noopener noreferrer\">Kegyelet, temet\u0151i megeml\u00e9kez\u00e9sek:<\/a><\/h3>\n<ul class=\"display-posts-listing\"><li class=\"listing-item\"><a class=\"title\" href=\"https:\/\/semmelweis.hu\/anatomia\/2022\/05\/01\/disztemetes-2022\/\">D\u00edsztemet\u00e9s 2022<\/a><\/li><li class=\"listing-item\"><a class=\"title\" href=\"https:\/\/semmelweis.hu\/anatomia\/2020\/12\/31\/kisfilm-anatomus-professzor-elodok\/\">Kisfilm: anat\u00f3mus professzor-el\u0151d\u00f6k<\/a><\/li><li class=\"listing-item\"><a class=\"title\" href=\"https:\/\/semmelweis.hu\/anatomia\/2019\/04\/18\/disztemetes-2019\/\">D\u00edsztemet\u00e9s 2019<\/a><\/li><li class=\"listing-item\"><a class=\"title\" href=\"https:\/\/semmelweis.hu\/anatomia\/2018\/04\/23\/http-semmelweis-hu-anatomia-files-2018-04-disztemetes-meghivo-pdf\/\">D\u00edsztemet\u00e9s 2018<\/a><\/li><\/ul>\n<hr \/>\n<h3><a href=\"https:\/\/semmelweis.hu\/anatomia\/category\/galeriak\/regi-intezeti-kepek\/\" target=\"_blank\" rel=\"noopener noreferrer\">R\u00e9gi int\u00e9zeti k\u00e9pek:<\/a><\/h3>\n<ul class=\"display-posts-listing\"><li class=\"listing-item\"><a class=\"title\" href=\"https:\/\/semmelweis.hu\/anatomia\/2015\/02\/22\/archiv-kepek-donath-professzor\/\">Arch\u00edv k\u00e9pek &#8211; Don\u00e1th professzor<\/a><\/li><li class=\"listing-item\"><a class=\"title\" href=\"https:\/\/semmelweis.hu\/anatomia\/2014\/06\/08\/archiv-csoportkepek\/\">Int\u00e9zeti csoportk\u00e9pek (1935-2015)<\/a><\/li><li class=\"listing-item\"><a class=\"title\" href=\"https:\/\/semmelweis.hu\/anatomia\/2014\/04\/17\/eumestor\/\">Arch\u00edv: Eumestor<\/a><\/li><li class=\"listing-item\"><a class=\"title\" href=\"https:\/\/semmelweis.hu\/anatomia\/2009\/08\/03\/archiv-foto-50-eve-1959-ben-keszult-intezeti-csoportkep\/\">Arch\u00edv fot\u00f3: 50 \u00e9ve (1959-ben) k\u00e9sz\u00fclt int\u00e9zeti csoportk\u00e9p<\/a><\/li><\/ul>\n<p><a href=\"https:\/\/semmelweis.hu\/anatomia\/files\/2014\/05\/DSC01574.jpg\"><img loading=\"lazy\" decoding=\"async\" class=\"aligncenter size-large wp-image-7215\" src=\"https:\/\/semmelweis.hu\/anatomia\/files\/2014\/05\/DSC01574-1024x768.jpg\" alt=\"DSC01574\" width=\"640\" height=\"480\" srcset=\"https:\/\/semmelweis.hu\/anatomia\/files\/2014\/05\/DSC01574-1024x768.jpg 1024w, https:\/\/semmelweis.hu\/anatomia\/files\/2014\/05\/DSC01574-300x225.jpg 300w, https:\/\/semmelweis.hu\/anatomia\/files\/2014\/05\/DSC01574-400x300.jpg 400w, https:\/\/semmelweis.hu\/anatomia\/files\/2014\/05\/DSC01574.jpg 1280w\" sizes=\"auto, (max-width: 640px) 100vw, 640px\" \/><\/a><\/p>\n<p>&nbsp;<\/p>\n<p>&nbsp;<\/p>\n","protected":false},"excerpt":{"rendered":"<p>A k\u00e9pen szerepl\u0151k k\u00f6z\u00fcl 4 koll\u00e9g\u00e1nk az\u00f3ta is az Int\u00e9zetben dolgozik<\/p>\n<p><a href=\"https:\/\/semmelweis.hu\/anatomia\/files\/2015\/07\/1959-orvosok.jpg\"><\/a><br \/>\nKapcsol\u00f3d\u00f3 oldal: <a href=\"https:\/\/semmelweis.hu\/anatomia\/intezetunk-tortenete\/\">az Int\u00e9zet t\u00f6rt\u00e9nete<\/a><br \/>\n&nbsp;<\/p>\n","protected":false},"author":12,"featured_media":0,"parent":12706,"menu_order":24,"comment_status":"closed","ping_status":"closed","template":"","meta":{"_acf_changed":false,"footnotes":""},"categories":[],"tags":[],"class_list":["post-1017","page","type-page","status-publish","hentry"],"acf":[],"_links":{"self":[{"href":"https:\/\/semmelweis.hu\/anatomia\/wp-json\/wp\/v2\/pages\/1017","targetHints":{"allow":["GET"]}}],"collection":[{"href":"https:\/\/semmelweis.hu\/anatomia\/wp-json\/wp\/v2\/pages"}],"about":[{"href":"https:\/\/semmelweis.hu\/anatomia\/wp-json\/wp\/v2\/types\/page"}],"author":[{"embeddable":true,"href":"https:\/\/semmelweis.hu\/anatomia\/wp-json\/wp\/v2\/users\/12"}],"replies":[{"embeddable":true,"href":"https:\/\/semmelweis.hu\/anatomia\/wp-json\/wp\/v2\/comments?post=1017"}],"version-history":[{"count":11,"href":"https:\/\/semmelweis.hu\/anatomia\/wp-json\/wp\/v2\/pages\/1017\/revisions"}],"predecessor-version":[{"id":28470,"href":"https:\/\/semmelweis.hu\/anatomia\/wp-json\/wp\/v2\/pages\/1017\/revisions\/28470"}],"up":[{"embeddable":true,"href":"https:\/\/semmelweis.hu\/anatomia\/wp-json\/wp\/v2\/pages\/12706"}],"wp:attachment":[{"href":"https:\/\/semmelweis.hu\/anatomia\/wp-json\/wp\/v2\/media?parent=1017"}],"wp:term":[{"taxonomy":"category","embeddable":true,"href":"https:\/\/semmelweis.hu\/anatomia\/wp-json\/wp\/v2\/categories?post=1017"},{"taxonomy":"post_tag","embeddable":true,"href":"https:\/\/semmelweis.hu\/anatomia\/wp-json\/wp\/v2\/tags?post=1017"}],"curies":[{"name":"wp","href":"https:\/\/api.w.org\/{rel}","templated":true}]}}