{"id":1000,"date":"2014-05-03T21:39:28","date_gmt":"2014-05-03T19:39:28","guid":{"rendered":"http:\/\/www.ana.usn.hu\/hu\/?page_id=1000"},"modified":"2020-04-06T17:31:59","modified_gmt":"2020-04-06T15:31:59","slug":"intezetunk-reszvetele-a-nemzeti-agykutatasi-programban-2","status":"publish","type":"page","link":"https:\/\/semmelweis.hu\/anatomia\/kutatas\/intezetunk-reszvetele-a-nemzeti-agykutatasi-programban-2\/","title":{"rendered":"Nemzeti Agykutat\u00e1si Program"},"content":{"rendered":"<ul>\n<li>Az \u201cA\u201d alprogram konzorciumainak egyik\u00e9ben szerepel a <strong>Dr. Palkovits Mikl\u00f3s<\/strong> professzor \u00e1ltal vezetett <strong>Hum\u00e1n Agysz\u00f6vet Bank \u00e9s Laborat\u00f3rium<\/strong>.<\/li>\n<li>A 2014-ben indul\u00f3 \u201cB\u201d alprogramban egy\u00e9ni kutat\u00f3k\u00e9nt kap t\u00e1mogat\u00e1st \u00e9s lehet\u0151s\u00e9get a<a title=\"Nemzeti Agykutat\u00e1si Program \u2013 az agy sejt- \u00e9s fejl\u0151d\u00e9sbiol\u00f3gi\u00e1ja\" href=\"\/anatomia\/?page_id=1299\"> laboralap\u00edt\u00e1sra <strong>Dr. Alp\u00e1r Al\u00e1n<\/strong><\/a> (t\u00e9m\u00e1ja az agy sejt \u00e9s fejl\u0151d\u00e9sbiol\u00f3gi\u00e1j\u00e1nak kutat\u00e1sa).<\/li>\n<\/ul>\n<p style=\"padding-left: 60px\">Forr\u00e1s: <a href=\"https:\/\/semmelweis.hu\/hirek\/2014\/02\/27\/nemzeti-agykutatasi-program-indul-a-semmelweis-egyetem-reszvetelevel\/\">h\u00edr a Semmelweis Egyetem honlapj\u00e1n<\/a><\/p>\n","protected":false},"excerpt":{"rendered":"<p>Az \u201cA\u201d alprogram konzorciumainak egyik\u00e9ben szerepel a Dr. Palkovits Mikl\u00f3s professzor \u00e1ltal vezetett Hum\u00e1n Agysz\u00f6vet Bank \u00e9s Laborat\u00f3rium.<br \/>\nA 2014-ben indul\u00f3 \u201cB\u201d alprogramban egy\u00e9ni kutat\u00f3k\u00e9nt kap t\u00e1mogat\u00e1st \u00e9s lehet\u0151s\u00e9get a<a title=\"Nemzeti Agykutat\u00e1si Program \u2013 az agy sejt- \u00e9s fejl\u0151d\u00e9sbiol\u00f3gi\u00e1ja\" href=\"\/anatomia\/?page_id=1299\"> laboralap\u00edt\u00e1sra Dr. Alp\u00e1r Al\u00e1n<\/a> (t\u00e9m\u00e1ja az agy sejt \u00e9s fejl\u0151d\u00e9sbiol\u00f3gi\u00e1j\u00e1nak kutat\u00e1sa).<\/p>\n<p>Forr\u00e1s: <a href=\"https:\/\/semmelweis.hu\/hirek\/2014\/02\/27\/nemzeti-agykutatasi-program-indul-a-semmelweis-egyetem-reszvetelevel\/\">h\u00edr a Semmelweis Egyetem honlapj\u00e1n<\/a><\/p>\n","protected":false},"author":12,"featured_media":0,"parent":1250,"menu_order":4,"comment_status":"closed","ping_status":"closed","template":"","meta":{"_acf_changed":false,"footnotes":""},"categories":[],"tags":[],"class_list":["post-1000","page","type-page","status-publish","hentry"],"acf":[],"_links":{"self":[{"href":"https:\/\/semmelweis.hu\/anatomia\/wp-json\/wp\/v2\/pages\/1000","targetHints":{"allow":["GET"]}}],"collection":[{"href":"https:\/\/semmelweis.hu\/anatomia\/wp-json\/wp\/v2\/pages"}],"about":[{"href":"https:\/\/semmelweis.hu\/anatomia\/wp-json\/wp\/v2\/types\/page"}],"author":[{"embeddable":true,"href":"https:\/\/semmelweis.hu\/anatomia\/wp-json\/wp\/v2\/users\/12"}],"replies":[{"embeddable":true,"href":"https:\/\/semmelweis.hu\/anatomia\/wp-json\/wp\/v2\/comments?post=1000"}],"version-history":[{"count":4,"href":"https:\/\/semmelweis.hu\/anatomia\/wp-json\/wp\/v2\/pages\/1000\/revisions"}],"predecessor-version":[{"id":14346,"href":"https:\/\/semmelweis.hu\/anatomia\/wp-json\/wp\/v2\/pages\/1000\/revisions\/14346"}],"up":[{"embeddable":true,"href":"https:\/\/semmelweis.hu\/anatomia\/wp-json\/wp\/v2\/pages\/1250"}],"wp:attachment":[{"href":"https:\/\/semmelweis.hu\/anatomia\/wp-json\/wp\/v2\/media?parent=1000"}],"wp:term":[{"taxonomy":"category","embeddable":true,"href":"https:\/\/semmelweis.hu\/anatomia\/wp-json\/wp\/v2\/categories?post=1000"},{"taxonomy":"post_tag","embeddable":true,"href":"https:\/\/semmelweis.hu\/anatomia\/wp-json\/wp\/v2\/tags?post=1000"}],"curies":[{"name":"wp","href":"https:\/\/api.w.org\/{rel}","templated":true}]}}