{"id":299,"date":"2020-12-09T10:36:41","date_gmt":"2020-12-09T09:36:41","guid":{"rendered":"https:\/\/semmelweis.hu\/amresu\/?page_id=299"},"modified":"2021-10-14T14:50:30","modified_gmt":"2021-10-14T12:50:30","slug":"konzorcij","status":"publish","type":"page","link":"https:\/\/semmelweis.hu\/amresu\/hr\/opis-projekta\/konzorcij\/","title":{"rendered":"Konzorcij"},"content":{"rendered":"<p style=\"text-align: justify\">Konzorcij <strong>AmReSu<\/strong> sastoji se od me\u0111unarodno priznatih istra\u017eiva\u010dkih centara izvrsnosti LMM, UAntwerp i IdISBa. Neupitna znanstvena izvrsnost ovih ustanova u podru\u010dju istra\u017eivanja imuniteta i infekcija, me\u0111unarodna mre\u017ea suradnika, tehni\u010dki kapaciteti te inicijative usmjerene ka poticanju inovacija svrstavaju ih u najbolje twinning partnere za SU i BFM:<\/p>\n<p style=\"text-align: justify\"><strong>LMM, UAntwerp<\/strong> ima veliko iskustvo u medicinskim mikrobiolo\u0161kim istra\u017eivanjima i me\u0111unarodno je priznata ustanova zbog svog multidisciplinarnog translacijskog pristupa prou\u010davanju bakterijskih uzro\u010dnika. S jedne strane, uvelike smo uklju\u010deni u koordinaciju mre\u017ea za pra\u0107enje i prikupljanje podataka o globalnoj uporabi antibiotika i rezistenciji bakterija, a s druge strane u kori\u0161tenju najsuvremenijih molekularnih tehnika za prou\u010davanje evolucije i dinamike prijenosa rezistentnih patogena pod pritiskom primjene antibiotika kako u pacijenata, tako i u bolnicama i u zajednici. Tako\u0111er smo uspostavili laboratorijsku mre\u017eu na nivou Europe (LAB-Net) kroz koju LMM educira i odr\u017eava visokokvalitetnu, geografski pokrivenu europsku laboratoriju mre\u017eu za pra\u0107enje COMBACTE za podr\u0161ku razvoja antibakterijskih lijekova. Razvoj dijagnostike za brzo otkrivanje zaraznih bolesti jedan je od na\u0161ih klju\u010dnih istra\u017eiva\u010dkih programa. Na\u0161a nedavno uspostavljena istra\u017eiva\u010dka mre\u017ea koja se bavi prou\u010davanjem klini\u010dki relevantnih biofilmova koriste\u0107i oba modela laboratorijskih sustava, kao i meta (genomski\/transkriptomski) pristupi pokazali su se vrlo uspje\u0161nima i prema ishodima istra\u017eivanja i privla\u010denju suradnika iz podru\u010dja industrije. LMM ima veliko iskustvo u koordiniranju i upravljanju velikim znanstvenim konzorcijima. UAntwerp ima impresivno iskustvo u sudjelovanju na me\u0111unarodnim projektima, od kojih je nekoliko financiralo Europsko istra\u017eiva\u010dko vije\u0107e (ERC), dvadeset osam suradni\u010dkih projekata i jednom Marie Curie istra\u017eivanju odobrenom kroz FP7\/H2020 program te vi\u0161e od 800 radova objavljenih u recenziranim \u010dasopisima. Belgijska vlada je nedavno dodijelila prof. Surbhi Malhotra-Kumar priznanje za izvrsnost u radu METHUSALEM-VAX-IDEA (2019.-2025.).<\/p>\n<p style=\"text-align: justify\"><strong>IdISBa (HUSE)<\/strong> Odjel za mikrobiologiju broji vi\u0161e od 200 recenziranih publikacija, od kojih je ve\u0107ina objavljena u 25\/10 najboljih \u010dasopisa, \u0161to odra\u017eava izvrsnu znanstvenu aktivnost. Tako\u0111er, u posljednjih 5 godina, Odjel za mikrobiologiju IdISBa (HUSE) pribavio je zna\u010dajna nacionalna i me\u0111unarodna sredstva za financiranje 6 nacionalnih kompetitivnih projekata i 6 zajedni\u010dkih me\u0111unarodnih projekata (SAD, Australija, Europa). Osim toga, Odjel je dobio zna\u010dajna nacionalna sredstva za ljudske resurse, kao i sredstva za farmaceutsku industriju (MSD; Gilead). LMM, UAntwerp i IdISBa bit \u0107e od temeljne va\u017enosti za osiguranje uspje\u0161nog znanstvenog i inovativnog razvoja SU-a, kroz zajedni\u010dki anga\u017eman svjetski priznatih voditelja istra\u017eiva\u010dkih skupina i istra\u017eiva\u010dkih skupina SU-a, slijede\u0107i znanstvenu strategiju navedenu u odjeljku 1.3.4. usredoto\u010denu na tri znanstvena smjera i podijeljenu u nekoliko radnih skupina prema ekspertizi i zajedni\u010dkim znanstvenim interesima istra\u017eiva\u010dkih skupina iz partnerskih institucija. Ova se strategija oslanja na podizanje istra\u017eiva\u010dkog profila postoje\u0107eg osoblja, kao i samih SU-a i BFM-a. Nadalje, odnos izme\u0111u twinning institucija bit \u0107e oja\u010dan bliskom suradnjom unutar twinning grupa, \u010dime \u0107e se pridonijeti daljnjem pro\u0161irenju prija\u0161nje uspje\u0161ne suradnje. Nakon zajedni\u010dkog brainstorminga, identificirane su i dogovorene odre\u0111ene sinergije izme\u0111u istra\u017eiva\u010dkih partnerskih organizacija.<\/p>\n<h3 style=\"text-align: justify\"><a href=\"https:\/\/semmelweis.hu\/english\/\">Semmelweis Sveu\u010dili\u0161te (SU)<\/a> &#8211; Koordinator<\/h3>\n<p style=\"text-align: justify\">Sveu\u010dili\u0161te Semmelweis (SU) javna je, neprofitna obrazovna i istra\u017eiva\u010dka ustanova. U Ma\u0111arskoj i srednjoeuropskoj regiji, Sveu\u010dili\u0161te Semmelweis jedna je od vode\u0107ih institucija, s izvanrednim akademskim me\u0111unarodnim polo\u017eajem. Sveu\u010dili\u0161te Semmelweis, dosegnuo je presti\u017enu poziciju 102 mjesta, kao jedina ma\u0111arska ustanova na listi 200 najboljih me\u0111unarodnih sveu\u010dili\u0161ta u svijetu. Popis koji je objavio Times Higher Education temelji se na rezultatima pokazatelja &#8220;me\u0111unarodni izgledi&#8221;, koji uzima u obzir omjer me\u0111unarodnih i doma\u0107ih studenata i osoblja te me\u0111unarodnu suradnju.<\/p>\n<p style=\"text-align: justify\">\u0160to se ti\u010de istra\u017eiva\u010dkih postignu\u0107a i ranga izdava\u010dke djelatnosti, Sveu\u010dili\u0161te Semmelweis vode\u0107e je sveu\u010dili\u0161te na podru\u010dju medicine u Ma\u0111arskoj i ima kumulativni faktor utjecaja ve\u0107i od 2000 godi\u0161nje. Budu\u0107i da Sveu\u010dili\u0161te Semmelweis ima mnogo uspostavljene suradnje u zemlji, jedan od najzna\u010dajnijih primjera istra\u017eiva\u010dke suradnje je s Ma\u0111arskom akademijom znanosti, pa Erasmus+ otvara vrata cijeloj istra\u017eiva\u010dkoj zajednici u Ma\u0111arskoj.<\/p>\n<p style=\"text-align: justify\">Korijeni sveu\u010dili\u0161ta datiraju iz davne 1769. godine, te je sveu\u010dili\u0161te, vi\u0161e od 240 godina poslije, jedno od najpoznatijih ma\u0111arskih sveu\u010dili\u0161ta sa 6 fakulteta te 1400 profesora i istra\u017eiva\u010da. Na temelju indeksa istra\u017eivanja i razvoja jedno je od najboljih sveu\u010dili\u0161ta u zemlji sa 22 R&amp;D grupe koje se bave istra\u017eivanjem i razvojem, te vi\u0161e od 100 aktivnih istra\u017eiva\u010dkih timova koji objavljuju u me\u0111unarodno priznatim i visoko rangiranim \u010dasopisima. Na 25 sveu\u010dili\u0161nih klinika prakticira se i medicina i obrazovanje na visokoj razini. Sveu\u010dili\u0161te je od svog osnutka izdalo vi\u0161e od 100.000 titula, a trenutno obrazuje 12.000 studenata. Znanstveni \u017eivot karakterizira broj od 1.500 publikacija godi\u0161nje, 1.400 \u010dimbenika utjecaja na godinu i 35 &#8211; 40 doktorskih disertacija na godinu. Sveu\u010dili\u0161te se ponosi sa svoja tri dobitnika Nobelove nagrade, koja je uru\u010dena ma\u0111arskim lije\u010dnicima koji su studirali na ovom sveu\u010dili\u0161tu..<\/p>\n<p style=\"text-align: justify\">Medicinski fakultet Sveu\u010dili\u0161ta Semmelweis osnovan je 1769. godine, najstariji je i najve\u0107i fakultet Sveu\u010dili\u0161ta Semmelweis. Fakultet pru\u017ea obrazovne standarde koji su u potpunosti u skladu s onima drugih visokokvalitetnih europskih medicinskih fakulteta. Program studija medicine (koji rezultira stupnjem doktora znanosti) dostupan je na tri jezika: ma\u0111arskom, engleskom i njema\u010dkom. Osim obrazovnih aktivnosti, Fakultet se zala\u017ee za pru\u017eanje najvi\u0161e razine zdravstvene za\u0161tite i provo\u0111enje naprednih znanstvenih istra\u017eivanja kako u svojim u\u010dionicama tako i na klini\u010dkim odjelima.<\/p>\n<p style=\"text-align: justify\">Glavni odjel SU -a koji sudjeluje u ovom prijedlogu projekta je <strong>Institut za medicinsku mikrobiologiju<\/strong>. Glavna podru\u010dja na\u0161eg interesa su epidemiolo\u0161ka i molekularno -biolo\u0161ka istra\u017eivanja Enterobacteriaceae.<\/p>\n<h3 style=\"text-align: justify\"><a href=\"https:\/\/www.uantwerpen.be\/en\/research-groups\/laboratory-of-medical-microbiology\/\">University of Antwerp (UA), LMM<\/a> &#8211; Partner<\/h3>\n<p style=\"text-align: justify\"><strong>LMM, UAntwerp<\/strong> ima veliko iskustvo u medicinskim mikrobiolo\u0161kim istra\u017eivanjima i me\u0111unarodno je priznata ustanova zbog svog multidisciplinarnog translacijskog pristupa prou\u010davanju bakterijskih uzro\u010dnika. S jedne strane, uvelike smo uklju\u010deni u koordinaciju mre\u017ea za pra\u0107enje i prikupljanje podataka o globalnoj uporabi antibiotika i rezistenciji bakterija, a s druge strane u kori\u0161tenju najsuvremenijih molekularnih tehnika za prou\u010davanje evolucije i dinamike prijenosa rezistentnih patogena pod pritiskom primjene antibiotika kako u pacijenata, tako i u bolnicama i u zajednici. Tako\u0111er smo uspostavili laboratorijsku mre\u017eu na nivou Europe (LAB-Net) kroz koju LMM educira i odr\u017eava visokokvalitetnu, geografski pokrivenu europsku laboratoriju mre\u017eu za pra\u0107enje COMBACTE za podr\u0161ku razvoja antibakterijskih lijekova. Razvoj dijagnostike za brzo otkrivanje zaraznih bolesti jedan je od na\u0161ih klju\u010dnih istra\u017eiva\u010dkih programa. Na\u0161a nedavno uspostavljena istra\u017eiva\u010dka mre\u017ea koja se bavi prou\u010davanjem klini\u010dki relevantnih biofilmova koriste\u0107i oba modela laboratorijskih sustava, kao i meta (genomski\/transkriptomski) pristupi pokazali su se vrlo uspje\u0161nima i prema ishodima istra\u017eivanja i privla\u010denju suradnika iz podru\u010dja industrije. LMM ima veliko iskustvo u koordiniranju i upravljanju velikim znanstvenim konzorcijima. UAntwerp ima impresivno iskustvo u sudjelovanju na me\u0111unarodnim projektima, od kojih je nekoliko financiralo Europsko istra\u017eiva\u010dko vije\u0107e (ERC), dvadeset osam suradni\u010dkih projekata i jednom Marie Curie istra\u017eivanju odobrenom kroz FP7\/H2020 program te vi\u0161e od 800 radova objavljenih u recenziranim \u010dasopisima LMM je priznat kao istra\u017eiva\u010dki centar izvrsnosti <strong>VAX-IDEA<\/strong> <a href=\"https:\/\/www.uantwerpen.be\/en\/research-groups\/vax-idea\/\">VAX-IDEA | Vaccine and Infectious Diseases Excellence in Antwerp | University of Antwerp (uantwerpen.be)<\/a>.<\/p>\n<p style=\"text-align: justify\">Laboratorij za medicinsku mikrobiologiju (LMM) ima svjetski ugled, a vode ga prof. Dr. Herman Goossens i prof. Dr. Surbhi Malhotra-Kumar. LMM je osnovan 1995. godine i razvio je opse\u017enu ekspertizu u molekularnoj dijagnostici, upotrebi antibiotika i rezistenciji, te istra\u017eivanjima u bolnici i primarnoj zdravstvenoj za\u0161titi. Uklju\u010deni smo i funkcioniramo kao sredi\u0161nji mikrobiolo\u0161ki laboratorij u brojnim me\u0111unarodnim projektima, pru\u017eaju\u0107i usluge iznimne znanstvene kvalitete. LMM je koordinator nekoliko europskih projekata, poput European Surveillance for Antimicrobial Consumption (ESAC), Genomics to Combat Resistance against Antibiotics in Community-acquired LRTI in Europe (GRACE), Translational Research on Antimicrobial resistance and Community-acquired infections in Europe (TRACE), Platform for European Preparedness Against (Re-) emerging Epidemics (PREPARE), and New Diagnostics for Infectious Diseases (ND4ID). LMM je tako\u0111er sredi\u0161nji koordinacijski laboratorij za LAB-Net, laboratorijsku mre\u017eu u okviru COMBACTE-Net-a (Combatting Bacterial Resistance in Europe), koji se sastoji od nekoliko stotina dijagnosti\u010dkih mikrobiolo\u0161kih laboratorija u vi\u0161e od 40 europskih zemalja, te mnogih specijaliziranih istra\u017eiva\u010dkih mikrobiolo\u0161kih laboratorija. Istra\u017eivanje utjecaja uporabe antibiotika na humane patogene i komenzalnu floru ljudi i \u017eivotinja jedno je od glavnih fokusa istra\u017eivanja LMM -a. Trenutno koristimo najsuvremenije genetske, genomske i mikrobiomske pristupe za prou\u010davanje utjecaja antibiotika te su nam odobrena sredstva za postavljanje tehnologije sekvenciranja dugih sljedova. Izvodimo sekvenciranja nove generacije (next-generation sequencing, NGS) za vlastita istra\u017eivanja, ali tako\u0111er imamo sklopljeno nekoliko ugovora s predstavnicima industrije za izvo\u0111enje i analizu podataka NGS-a. Na\u0161i drugi glavni pravac istra\u017eivanja usmjeren je na biofilmove jer se sve ve\u0107i broj kriti\u010dnih infekcija i njihova perzistencija povezuju sa stvaranjem biofilma na biomaterijalima. Istra\u017eujemo mikrobnu interakciju u biofilmu, kako in vitro tako i in vivo, u infekcijama povezanim s ure\u0111ajima, poput pneumonije povezane s mehani\u010dkom ventilacijom i infekcija povezanih s kateterom, a tako\u0111er koristimo NGS tehnike za razumijevanje mikrobnih konzorcija povezanih s biofilmom, poput onih uo\u010denih u pneumoniji povezanoj s mehani\u010dkom ventilacijom i upali srednjeg uha. Nadalje, prou\u010davamo mehanizme rezistencije na antibiotike kod patogenih bakterija. Glavni fokus je na istra\u017eivanju &#8216;starih&#8217; antibiotika koji su ponovno uvedeni u klini\u010dku praksu i \u010diji mehanizmi rezistencije jo\u0161 nisu poznati, poput kolistina, nitrofurantoina i fosfomicina. I klini\u010dki i in vitro pasa\u017eirani sojevi podvrgavaju se sekvenciranju cijelog genoma, studijama stabilnosti rezistencije i procjeni tro\u0161kova kako bi se razumjela pojava mehanizama rezistencije, kao i njihova sudbina u zajednici. Drugi glavni fokus LMM -a je pobolj\u0161anje mikrobiolo\u0161ke dijagnoze zaraznih bolesti kroz razvoj, evaluaciju, validaciju i optimizaciju dijagnosti\u010dkih testova. LMM je odgovoran za uspostavljanje, obuku i odr\u017eavanje visokokvalitetne geografski reprezentativne europske mre\u017ee dijagnosti\u010dkih mikrobiolo\u0161kih laboratorija za podr\u0161ku klini\u010dkim ispitivanjima koja se bave razvojem antibakterijskih lijekova. LMM tako\u0111er koordinira globalnu mre\u017eu bolnica za prou\u010davanje propisivanja antimikrobnih lijekova. Ovi podaci slu\u017ee za pobolj\u0161anje kvalitete propisivanja antibiotika, osobito u zemljama s niskom i srednjom razinom prihoda. Kona\u010dno, LMM koordinira inicijative klini\u010dkih istra\u017eivanja kako bi se uspostavila brza reakcija na prijete\u0107e pandemije ili nove emergentne epidemije u Europi, kroz novi dizajn ispitivanja kao \u0161to su ispitivanja na prilagodljivoj platformi.<\/p>\n<h3 style=\"text-align: justify\"><a href=\"http:\/\/www.hospitalsonespases.es\/?lang=es\">Son Espases University Hospital-IdISBa<\/a> &#8211; Partner<\/h3>\n<p style=\"text-align: justify\">Institut za istra\u017eivanje zdravlja Balearskih otoka (IdISBa) sastoji se od Regionalnog ministarstva zdravstva Vlade Balearskih otoka, Zdravstvene slu\u017ebe Balearskih otoka (IB-Salut) i Sveu\u010dili\u0161ta Balearskih otoka (UIB). IdISBa je akreditirana od strane Nacionalnog zdravstvenog instituta Carlos III koji pripada \u0161panjolskom Ministarstvu znanosti, inovacija i sveu\u010dili\u0161ta.<\/p>\n<p style=\"text-align: justify\">Sjedi\u0161te IdISBa-e nalazi se u aneksu zgrade Sveu\u010dili\u0161ne bolnice Son Espases (HUSE), te uklju\u010duje vi\u0161e od 4.000 m2 objekata za istra\u017eivanje i pou\u010davanje iz prostora HUSE-a. HUSE je javna bolnica koja se nalazi u Palma de Mallorci i pripada strukturi IB-Salut, primarna je zdravstvena slu\u017eba Mallorce i referentna bolnica na Balearskim otocima. Opslu\u017euje 1.047.288 stanovnika, od \u010dega je 320.215 dodijeljenih. Opremljena je radnom snagom od 4.833 radnika, a njeni stru\u010dnjaci godi\u0161nje obave oko 504.800 ambulantnih konzultacija, 127.300 hitnih slu\u010dajeva i 19.000 kirur\u0161kih intervencija. Medicinski fakultet Balearskih otoka smje\u0161ten je tako\u0111er u HUSE -u.<\/p>\n<p style=\"text-align: justify\">IdISBa je javna ustanova koja upravlja zdravstvenim me\u0111unarodnim i nacionalnim projektima na Balearskim otocima, odgovorna je za istra\u017eiva\u010dke aktivnosti na Balearskim otocima i usmjerena na 7 znanstvenih podru\u010dja koja uklju\u010duju 53 istra\u017eiva\u010dke skupine s vi\u0161e od 550 istra\u017eiva\u010da. Unutar IdISBa-e, Odjel za mikrobiologiju ima svoju vlastitu skupinu, nazvanu \u201cGrupa za istra\u017eivanje antimikrobne rezistencije i patogeneze bakterijskih infekcija\u201d, koja je vode\u0107a istra\u017eiva\u010dka skupina u znanstvenom podru\u010dju zaraznih i imunolo\u0161kih bolesti.<\/p>\n<h3 style=\"text-align: justify\"><a href=\"http:\/\/bfm.hr\/\">Klinika Za Infektivne Bolesti \u201eDr. Fran Mihaljevic\u201d (BFM)<\/a> \u2013 Partner<\/h3>\n<p style=\"text-align: justify\"><strong>Klinika za infektivne bolesti (BFM)<\/strong> vode\u0107a je ustanova za dijagnostiku i lije\u010denje zaraznih bolesti u Hrvatskoj i susjednoj regiji. U ovoj tercijarnoj zdravstvenoj ustanovi godi\u0161nje se lije\u010di preko 7000 hospitaliziranih bolesnika te 65.000 ambulantnih bolesnika. Klinika pru\u017ea zadravstvene usluge za podru\u010dje od cca. 1 milijun stanovnika (stanovni\u0161tvo grada Zagreba i Zagreba\u010dke \u017eupanije), ali i za sve bolesnike iz drugih regija Hrvatske i susjednih zemalja koji su upu\u0107eni u bolnicu.<\/p>\n<p style=\"text-align: justify\">BFM je nastavna baza Medicinskog fakulteta i Stomatolo\u0161kog fakulteta Sveu\u010dili\u0161ta u Zagrebu te je nastavna bolnica za studente preddiplomskih i poslijediplomskih studija medicine, dentalne medicine i sestrinstva te lije\u010dnika na specijalizaciji iz drugih medicinskih podru\u010dja &#8211; klini\u010dke mikrobiologije, epidemiologije, interne medicine, neurologije, pedijatrije, itd.<\/p>\n<p style=\"text-align: justify\">Kao vode\u0107a ustanova za zarazne bolesti u Republici Hrvatskoj, osnovana 1893.god., BFM slu\u017ei i kao nacionalni referentni centar za sljede\u0107a podru\u010dja: dijagnostiku i lije\u010denje zaraznih bolesti, virusnog hepatitisa, HIV-infekcije, infekcije mokra\u0107nog sustava, pra\u0107enje rezistencije bakterija na antibiotike, tropsku medicinu i medicinu putnika te izvantjelesnu membransku oksigenaciju akutno-respiratorno ugro\u017eenih bolesnika.<\/p>\n<p style=\"text-align: justify\">BFM tako\u0111er aktivno sura\u0111uje sa sljede\u0107im stru\u010dnim dru\u0161tvima Hrvatskog lije\u010dni\u010dkog zbora: Hrvatsko dru\u0161tvo za infektivne bolesti, Hrvatsko dru\u0161tvo za klini\u010dku mikrobiologiju, Hrvatsko dru\u0161tvo za urogenitalne i spolno prenosive infekcije, Hrvatsko dru\u0161tvo za kemoterapiju, Hrvatsko dru\u0161tvo za\u00a0 biosigurnost i bioza\u0161titu, Hrvatsko dru\u0161tvo za putni\u010dku, tropsku i migracijsku medicinu.<\/p>\n<p style=\"text-align: justify\">Klinika je sudjelovala u mnogim istra\u017eiva\u010dkim projektima i klini\u010dkim ispitivanjima koja provode lije\u010dnici iz bolnice u suradnji s me\u0111unarodnim partnerima. Posebna podru\u010dja interesa za istra\u017eivanja su infekcije u imunokompromitiranih, racionalna uporaba antibiotika i kemoterapeutika, nove dijagnosti\u010dke metode za brzu etiolo\u0161ku dijagnozu, kontrola bolni\u010dkih infekcija, itd.<\/p>\n<p style=\"text-align: justify\">Trenutno su u tijeku me\u0111unarodni projekti i suradnja koja uklju\u010duje istra\u017eivanja u podru\u010dju molekularne dijagnostike, vektorskog koncepta cjepiva protiv citomegalovirusa, imunologije virusa i cjepiva, spremnosti na (novo) nastupaju\u0107e epidemije, itd.<\/p>\n","protected":false},"excerpt":{"rendered":"<p>Konzorcij AmReSu sastoji se od me\u0111unarodno priznatih istra\u017eiva\u010dkih centara izvrsnosti LMM, UAntwerp i IdISBa. Neupitna znanstvena izvrsnost ovih ustanova u podru\u010dju istra\u017eivanja imuniteta i infekcija, me\u0111unarodna mre\u017ea suradnika, tehni\u010dki kapaciteti te inicijative usmjerene ka poticanju inovacija svrstavaju ih u najbolje twinning partnere za SU i BFM: LMM, UAntwerp ima veliko iskustvo u medicinskim mikrobiolo\u0161kim istra\u017eivanjima &hellip;<\/p>\n","protected":false},"author":182,"featured_media":0,"parent":289,"menu_order":3,"comment_status":"closed","ping_status":"closed","template":"","meta":{"_acf_changed":false,"footnotes":""},"categories":[],"tags":[],"class_list":["post-299","page","type-page","status-publish","hentry"],"acf":[],"_links":{"self":[{"href":"https:\/\/semmelweis.hu\/amresu\/wp-json\/wp\/v2\/pages\/299","targetHints":{"allow":["GET"]}}],"collection":[{"href":"https:\/\/semmelweis.hu\/amresu\/wp-json\/wp\/v2\/pages"}],"about":[{"href":"https:\/\/semmelweis.hu\/amresu\/wp-json\/wp\/v2\/types\/page"}],"author":[{"embeddable":true,"href":"https:\/\/semmelweis.hu\/amresu\/wp-json\/wp\/v2\/users\/182"}],"replies":[{"embeddable":true,"href":"https:\/\/semmelweis.hu\/amresu\/wp-json\/wp\/v2\/comments?post=299"}],"version-history":[{"count":1,"href":"https:\/\/semmelweis.hu\/amresu\/wp-json\/wp\/v2\/pages\/299\/revisions"}],"predecessor-version":[{"id":300,"href":"https:\/\/semmelweis.hu\/amresu\/wp-json\/wp\/v2\/pages\/299\/revisions\/300"}],"up":[{"embeddable":true,"href":"https:\/\/semmelweis.hu\/amresu\/wp-json\/wp\/v2\/pages\/289"}],"wp:attachment":[{"href":"https:\/\/semmelweis.hu\/amresu\/wp-json\/wp\/v2\/media?parent=299"}],"wp:term":[{"taxonomy":"category","embeddable":true,"href":"https:\/\/semmelweis.hu\/amresu\/wp-json\/wp\/v2\/categories?post=299"},{"taxonomy":"post_tag","embeddable":true,"href":"https:\/\/semmelweis.hu\/amresu\/wp-json\/wp\/v2\/tags?post=299"}],"curies":[{"name":"wp","href":"https:\/\/api.w.org\/{rel}","templated":true}]}}