{"id":296,"date":"2020-12-09T10:33:43","date_gmt":"2020-12-09T09:33:43","guid":{"rendered":"https:\/\/semmelweis.hu\/amresu\/?page_id=296"},"modified":"2021-10-14T14:41:47","modified_gmt":"2021-10-14T12:41:47","slug":"koristi","status":"publish","type":"page","link":"https:\/\/semmelweis.hu\/amresu\/hr\/opis-projekta\/koristi\/","title":{"rendered":"Koristi"},"content":{"rendered":"<p>Jedinstvenost projekta AmReSu temelji se na uskla\u0111ivanje strate\u0161ke vizije, prioriteta i interesa svih partnera u twininngu, pritom osiguravaju\u0107i da \u0107e rezultati dobiveni kroz projekt, iako usredoto\u010deni na ja\u010danje istra\u017eivanja rezistencije na antibiotike u SU, tako\u0111er biti od koristi me\u0111unarodnim vode\u0107im istra\u017eiva\u010dkim ustanovama UAntwerp i IdISBa:<\/p>\n<ul>\n<li>ja\u010danje postoje\u0107ih i po\u010detak nove znanstvene suradnje izme\u0111u istra\u017eiva\u010dkih skupina SU i BFM i vode\u0107ih svjetskih istra\u017eiva\u010da u podru\u010dju antimikrobne rezistencije;<\/li>\n<li>komplementarnost podr\u0161ke, tehni\u010dkih usluga i kapaciteta svih partnerskih institucija koji omogu\u0107uju razmjenu znanja i iskustva;<\/li>\n<li>zna\u010dajno pove\u0107anje utjecaja istra\u017eivanja u podru\u010dju rezistencije na antibiotike u SU-u, kao i maksimalno kori\u0161tenje svih drugih istra\u017eiva\u010dkih aktivnosti instituta kroz stru\u010dnost i suradni\u010dku mre\u017eu twinning partnera;<\/li>\n<li>povezivanje s vode\u0107im europskim inovativnim regijama, sjedi\u0161tima partnerskih institucija koje imaju uspostavljene suradni\u010dke mre\u017ee i izgra\u0111enu reputaciju, osobito u inovativnim aktivnostima biofarma industrije<\/li>\n<li>potencijal za unaprje\u0111enje regionalnih i nacionalnih kompetencija i izvrsnosti u podru\u010dju istra\u017eivanja imuniteta i infekcija pozicioniranjem SU-a kao povezne to\u010dke u mre\u017ei regionalnih i nacionalnih zainteresiranih strana.<\/li>\n<\/ul>\n","protected":false},"excerpt":{"rendered":"<p>Jedinstvenost projekta AmReSu temelji se na uskla\u0111ivanje strate\u0161ke vizije, prioriteta i interesa svih partnera u twininngu, pritom osiguravaju\u0107i da \u0107e rezultati dobiveni kroz projekt, iako usredoto\u010deni na ja\u010danje istra\u017eivanja rezistencije na antibiotike u SU, tako\u0111er biti od koristi me\u0111unarodnim vode\u0107im istra\u017eiva\u010dkim ustanovama UAntwerp i IdISBa: ja\u010danje postoje\u0107ih i po\u010detak nove znanstvene suradnje izme\u0111u istra\u017eiva\u010dkih skupina &hellip;<\/p>\n","protected":false},"author":182,"featured_media":0,"parent":289,"menu_order":2,"comment_status":"closed","ping_status":"closed","template":"","meta":{"_acf_changed":false,"footnotes":""},"categories":[],"tags":[],"class_list":["post-296","page","type-page","status-publish","hentry"],"acf":[],"_links":{"self":[{"href":"https:\/\/semmelweis.hu\/amresu\/wp-json\/wp\/v2\/pages\/296","targetHints":{"allow":["GET"]}}],"collection":[{"href":"https:\/\/semmelweis.hu\/amresu\/wp-json\/wp\/v2\/pages"}],"about":[{"href":"https:\/\/semmelweis.hu\/amresu\/wp-json\/wp\/v2\/types\/page"}],"author":[{"embeddable":true,"href":"https:\/\/semmelweis.hu\/amresu\/wp-json\/wp\/v2\/users\/182"}],"replies":[{"embeddable":true,"href":"https:\/\/semmelweis.hu\/amresu\/wp-json\/wp\/v2\/comments?post=296"}],"version-history":[{"count":1,"href":"https:\/\/semmelweis.hu\/amresu\/wp-json\/wp\/v2\/pages\/296\/revisions"}],"predecessor-version":[{"id":297,"href":"https:\/\/semmelweis.hu\/amresu\/wp-json\/wp\/v2\/pages\/296\/revisions\/297"}],"up":[{"embeddable":true,"href":"https:\/\/semmelweis.hu\/amresu\/wp-json\/wp\/v2\/pages\/289"}],"wp:attachment":[{"href":"https:\/\/semmelweis.hu\/amresu\/wp-json\/wp\/v2\/media?parent=296"}],"wp:term":[{"taxonomy":"category","embeddable":true,"href":"https:\/\/semmelweis.hu\/amresu\/wp-json\/wp\/v2\/categories?post=296"},{"taxonomy":"post_tag","embeddable":true,"href":"https:\/\/semmelweis.hu\/amresu\/wp-json\/wp\/v2\/tags?post=296"}],"curies":[{"name":"wp","href":"https:\/\/api.w.org\/{rel}","templated":true}]}}