{"id":289,"date":"2020-11-20T11:03:26","date_gmt":"2020-11-20T10:03:26","guid":{"rendered":"https:\/\/semmelweis.hu\/amresu\/?page_id=289"},"modified":"2021-10-14T11:16:15","modified_gmt":"2021-10-14T09:16:15","slug":"opis-projekta","status":"publish","type":"page","link":"https:\/\/semmelweis.hu\/amresu\/hr\/opis-projekta\/","title":{"rendered":"Opis Projekta"},"content":{"rendered":"<div><img loading=\"lazy\" decoding=\"async\" class=\"size-full wp-image-216 alignleft\" src=\"https:\/\/semmelweis.hu\/amresu\/files\/2020\/11\/150px-Flag_of_Europe.png\" alt=\"\" width=\"150\" height=\"100\" \/><strong>This project has received funding from the European Union\u2019s Horizon 2020 research and innovation programme under grant agreement No. <\/strong><a href=\"https:\/\/cordis.europa.eu\/project\/id\/952491\" target=\"_blank\" rel=\"noopener noreferrer\"><strong>952491<\/strong><\/a> <br \/>\n<strong>Title:<\/strong> Antimicrobial Resistance Surveillance (AmReSu)<\/div>\n<h3>\u00a0<\/h3>\n<h3>Ja\u010danje pra\u0107enja antimikrobne rezistencije u Hrvatskoj i Ma\u0111arskoj<\/h3>\n<div class=\"ng-star-inserted\">\n<p class=\"ng-star-inserted\">Antimikrobna rezistencija (engl. antimicrobial resistance, AMR) je u porastu, \u0161to rezultira sa 700 000 smrtnih slu\u010dajeva u svijetu svake godine. U Hrvatskoj i Ma\u0111arskoj, rezistencija bakterija na antibiotike dovodi do brzog pove\u0107anja stope smrtnosti i morbiditeta. Projekt AmReSu koji financira Europska Unija oja\u010dat \u0107e inovacijske kapacitete u pra\u0107enju AMR-a u obje zemlje, fokusiraju\u0107i se na sekvenciranje cijelog genoma u korelaciji s tehnikama sekvenciranja nove generacije. Tako\u0111er uspostavit \u0107e se \u201cvizija nadzora nad AMR-om\u201d. Projekt se oslanja na suradnji Sammelweis Sveu\u010dili\u0161ta u Budimpe\u0161ti i Klinike za infektiven bolesti \u201cdr. Fran Mihaljevi\u0107\u201d u Zagrebu s dvije me\u0111unarodno vode\u0107e istra\u017eiva\u010dke institucije, Laboratorij za medicinsku mikrobilogiju Sveu\u010dili\u0161ta u Antwerpenu i Institutom za zdravstvena istra\u017eivanja Balearskih otoka. Projekt AmReSu \u0107e olak\u0161ati prijenos znanja, razmjenu najboljih praksi kroz aktivnosti osposobljavanja i promicanje istra\u017eiva\u010dke izvrsnosti.<\/p>\n<h3>Informacije o projektu<\/h3>\n<p>Na\u0161 projekt \u201cPobolj\u0161anje umre\u017eavanja u pra\u0107enju antimikrobne rezistencije koriste\u0107i metode sekvenciranja sljede\u0107e generacije\u201d povezuje Sveu\u010dili\u0161te Sammelweis (SU) i Kliniku za infektivne bolesti \u201eDr. Fran Mihaljevic (BFM) s dvije me\u0111unarodno vode\u0107e istra\u017eiva\u010dke ustanove, Laboratorij za medicinsku mikrobiologiju (LMM) Sveu\u010dili\u0161ta u Antwerpenu (UAntwerp) i Institut za zdravstvena istra\u017eivanja Baleraskih otoka (IdiISBa), na temu pra\u0107enja antimikrobne rezistencije sekvenciranjem cijelog genoma u korelaciji s tehnikama sekvenciranja sljede\u0107e generacije.<br \/>\nNa\u0161 cilj u AmReSu je oja\u010dati, do najvi\u0161eg europskog standarda, znanstvenu izvrsnost i inovacijski kapacitet u Sveu\u010dili\u0161ta Sammelweis (SU) i Klinike za infetkivne bolesti \u201cdr. Fran Mihaljevi\u0107\u201d pra\u0107enju antimikrobne rezistencije te uspostaviti \u201cviziju nadzora nad AMR-om\u201d u Ma\u0111arskoj i Hrvatskoj. Ja\u010danje nadzora antimikrobne rezistencija tako\u0111er je u skladu s Ma\u0111arskom nacionalnom strategijom pametne specijalizacije i Hrvatskim nacionalnim programom za kontrolu otporosti bakterija na antibitike.<br \/>\nAntimikrobna rezistencija bakterijskih infekcija predstavlja globalnu prijetnju, i odgovorna je za pove\u0107ane stope oboljevanja i smrtnosti u Ma\u0111arskoj i Hrvatskoj, osobito u slu\u010dajevima bolni\u010dkih infekcija. Mnoge bakterijske infekcije, koje su se prije mogle lije\u010diti, postaju otporne na trenutne terapijske pristupe. Rastu\u0107e stope rezistencije pove\u010davaju morbiditet i ekonomsko optere\u0107enje povezano s infekcijama.<br \/>\nProcjenjuje se da se 700,000 smrti u svijetu svake godine mo\u017ee pripisati antimikrobnoj rezistenciji, a predvi\u0111a se i do 10 milijuna smrti godi\u0161nje do 2050. god. zbog nedostatka dodatnih mjera kontrole. Temeljne aktivnosti na\u0161eg projekta su prijenos znanja, razmjena najboljih praksi putem brojnih institucionalnih mre\u017ea i edukacijskih aktivnosti, uklju\u010duju\u0107i radionice, konferencije, ljetne \u0161kole kako bi se promicala istra\u017eiva\u010dka izvrnosti u podru\u010dju antimikrobne rezistencije i mikrobioma sa sna\u017enim ujtecajem na dru\u0161tvo. Na\u0161e predlo\u017eene akcije unaprijedit \u0107e zajedni\u010dke istra\u017eiva\u010dke programe u Europi.<\/div>\n<div class=\"ng-star-inserted\">\n<h3>\u00a0<\/h3>\n<h3>Podru\u010dje znanosti<\/h3>\n<p>\/prirodne znanosti\/biologija\/mikroibologija\/bakteriologija<br \/>\n\/medicinske znanosti\/temeljne medicinske znanosti\/farmakologija i farmacija\/rezistencija na lijekove\/rezistencija na antibiotike<\/p>\n<h3>Koordinator<\/h3>\n<p><strong><a href=\"https:\/\/semmelweis.hu\/\" target=\"_blank\" rel=\"noopener noreferrer\">SEMMELWEIS EGYETEM<\/a><\/strong><br \/>\nMa\u0111arska<br \/>\nEU sredstva: \u20ac 264 830<\/p>\n<h3>Suradne ustanove<\/h3>\n<p><strong><a href=\"https:\/\/www.uantwerpen.be\/en\/\" target=\"_blank\" rel=\"noopener noreferrer\">UNIVERSITEIT ANTWERPEN<\/a><\/strong><br \/>\nBelgija<br \/>\nEU sredstva: \u20ac 281 500<\/p>\n<p><strong><a href=\"http:\/\/www.idisba.es\/en\" target=\"_blank\" rel=\"noopener noreferrer\">FUNDACIO INSTITUT D&#8217;INVESTIGACIO SANITARIA ILLES BALEARS<\/a><br \/>\n<\/strong>\u0160panjolska<br \/>\nEU contribution: \u20ac 150 362,50<\/p>\n<p><strong><a href=\"https:\/\/bfm.hr\/\" target=\"_blank\" rel=\"noopener noreferrer\">KLINIKA ZA INFEKTIVNE BOLESTI DR. FRAN MIHALJEVIC<\/a><br \/>\n<\/strong>Hrvatska<br \/>\nEU sredstva: \u20ac 203 302,50<\/p>\n<\/div>\n","protected":false},"excerpt":{"rendered":"<p>This project has received funding from the European Union\u2019s Horizon 2020 research and innovation programme under grant agreement No. <a href=\"https:\/\/cordis.europa.eu\/project\/id\/952491\" target=\"_blank\" rel=\"noopener noreferrer\">952491<\/a> Title: Antimicrobial Resistance Surveillance (AmReSu) \u00a0 Ja\u010danje pra\u0107enja antimikrobne rezistencije u Hrvatskoj i Ma\u0111arskoj Antimikrobna rezistencija (engl. antimicrobial resistance, AMR) je u porastu, \u0161to rezultira sa 700 000 smrtnih slu\u010dajeva u svijetu svake godine. U Hrvatskoj &hellip;<\/p>\n","protected":false},"author":182,"featured_media":0,"parent":0,"menu_order":0,"comment_status":"closed","ping_status":"closed","template":"","meta":{"_acf_changed":false,"footnotes":""},"categories":[],"tags":[],"class_list":["post-289","page","type-page","status-publish","hentry"],"acf":[],"_links":{"self":[{"href":"https:\/\/semmelweis.hu\/amresu\/wp-json\/wp\/v2\/pages\/289","targetHints":{"allow":["GET"]}}],"collection":[{"href":"https:\/\/semmelweis.hu\/amresu\/wp-json\/wp\/v2\/pages"}],"about":[{"href":"https:\/\/semmelweis.hu\/amresu\/wp-json\/wp\/v2\/types\/page"}],"author":[{"embeddable":true,"href":"https:\/\/semmelweis.hu\/amresu\/wp-json\/wp\/v2\/users\/182"}],"replies":[{"embeddable":true,"href":"https:\/\/semmelweis.hu\/amresu\/wp-json\/wp\/v2\/comments?post=289"}],"version-history":[{"count":1,"href":"https:\/\/semmelweis.hu\/amresu\/wp-json\/wp\/v2\/pages\/289\/revisions"}],"predecessor-version":[{"id":290,"href":"https:\/\/semmelweis.hu\/amresu\/wp-json\/wp\/v2\/pages\/289\/revisions\/290"}],"wp:attachment":[{"href":"https:\/\/semmelweis.hu\/amresu\/wp-json\/wp\/v2\/media?parent=289"}],"wp:term":[{"taxonomy":"category","embeddable":true,"href":"https:\/\/semmelweis.hu\/amresu\/wp-json\/wp\/v2\/categories?post=289"},{"taxonomy":"post_tag","embeddable":true,"href":"https:\/\/semmelweis.hu\/amresu\/wp-json\/wp\/v2\/tags?post=289"}],"curies":[{"name":"wp","href":"https:\/\/api.w.org\/{rel}","templated":true}]}}