{"id":268,"date":"2020-12-09T10:36:41","date_gmt":"2020-12-09T09:36:41","guid":{"rendered":"https:\/\/semmelweis.hu\/amresu\/?page_id=268"},"modified":"2021-02-10T14:48:17","modified_gmt":"2021-02-10T13:48:17","slug":"consorcio","status":"publish","type":"page","link":"https:\/\/semmelweis.hu\/amresu\/es\/sobre-el-proyecto\/consorcio\/","title":{"rendered":"Consorcio"},"content":{"rendered":"<p style=\"text-align: justify\">El consorcio de AmReSu lo conforman centros de investigaci\u00f3n de excelencia reconocidos internacionalmente, como el LMM de la UAntwerp y el IdISBa. Su indiscutible excelencia cient\u00edfica en el \u00e1mbito de la investigaci\u00f3n inmunol\u00f3gica e infecciosa, sus redes de colaboraci\u00f3n internacional, sus instalaciones de alta capacidad t\u00e9cnica y sus iniciativas de impulso a la innovaci\u00f3n los colocan como los mejores socios de hermanamiento para SU y BFM.<br \/>\nEl LMM de la UAntwerp tiene una amplia base en la investigaci\u00f3n microbiol\u00f3gica m\u00e9dica y es reconocido internacionalmente por su enfoque traslacional y multidisciplinario para el estudio de pat\u00f3genos bacterianos. Por un lado, estamos muy involucrados en la coordinaci\u00f3n de las redes de vigilancia y en la recopilaci\u00f3n de datos sobre el uso global de antibi\u00f3ticos y la resistencia bacteriana y, por otro lado, en la utilizaci\u00f3n de t\u00e9cnicas moleculares de \u00faltima generaci\u00f3n para estudiar la evoluci\u00f3n y la din\u00e1mica de transmisi\u00f3n de pat\u00f3genos resistentes bajo presi\u00f3n antibi\u00f3tica tanto en pacientes como en hospitales y en la comunidad. Tambi\u00e9n hemos establecido una red de laboratorios en toda Europa (LAB-Net) donde LMM forma y mantiene una red europea de vigilancia de laboratorios COMBACTE de alta calidad, representativa geogr\u00e1ficamente, para apoyar el desarrollo de f\u00e1rmacos antibacterianos. El desarrollo de diagn\u00f3sticos para la detecci\u00f3n r\u00e1pida de enfermedades infecciosas es una de nuestras principales tareas de investigaci\u00f3n. Finalmente, nuestra l\u00ednea de investigaci\u00f3n recientemente establecida sobre el estudio de biopel\u00edculas cl\u00ednicamente relevantes, utilizando para ello tanto sistemas de modelos basados en laboratorio como enfoques meta (gen\u00f3micos\/transcript\u00f3micos), ha demostrado ser muy exitosa tanto en t\u00e9rminos de resultados de investigaci\u00f3n como en la captaci\u00f3n de colaboradores industriales. El LMM ha acumulado una experiencia significativa en la coordinaci\u00f3n y gesti\u00f3n de grandes consorcios cient\u00edficos. UAntwerp tiene una trayectoria relevante en la participaci\u00f3n de proyectos internacionales con algunas becas ERC, 28 proyectos de colaboraci\u00f3n y una beca Marie Curie concedida dentro del programa marco FP7 \/ H2020, as\u00ed como m\u00e1s de 800 publicaciones en revistas revisadas por pares. Recientemente, la Dra. Surbhi Malhotra-Kumar recibi\u00f3 (2019-2025) una beca METHUSALEM-VAX-IDEA del gobierno belga, un reconocimiento a su excelencia.<br \/>\nEl Servicio de Microbiolog\u00eda del IdISBa (HUSE) cuenta con m\u00e1s de 200 publicaciones revisadas por pares, la mayor\u00eda de ellas publicadas en revistas dentro del rango 10\/25 de las m\u00e1s importantes, lo que refleja su excelente actividad cient\u00edfica. Asimismo, en los \u00faltimos cinco a\u00f1os, el Servicio de Microbiolog\u00eda del IdISBa (HUSE) ha obtenido financiaci\u00f3n competitiva nacional e internacional: seis proyectos competitivos nacionales y seis proyectos internacionales colaborativos (EE. UU., Australia, Europa). Igualmente, ha obtenido financiaci\u00f3n nacional competitiva dirigida a recursos humanos, as\u00ed como financiaci\u00f3n de la industria farmac\u00e9utica (MSD; Gilead).<br \/>\nLos institutos LMM-UAntwerp e IdISBa ser\u00e1n fundamentales para asegurar el \u00e9xito en el desarrollo cient\u00edfico e innovador de SU, a trav\u00e9s del compromiso entre pares de sus l\u00edderes de grupos de investigaci\u00f3n, reconocidos mundialmente, y los grupos de investigaci\u00f3n de SU, siguiendo la estrategia cient\u00edfica descrita en la secci\u00f3n 1.3.4 centrada en tres l\u00edneas cient\u00edficas y subdividida en varios grupos de trabajo de acuerdo con la experiencia y los intereses cient\u00edficos comunes de los grupos de investigaci\u00f3n de las instituciones asociadas. Esta estrategia se basa en elevar el perfil de investigaci\u00f3n del personal existente, as\u00ed como el de los propios SU y BFM. Adem\u00e1s, la relaci\u00f3n entre las instituciones hermanadas se fortalecer\u00e1 a trav\u00e9s de la estrecha colaboraci\u00f3n dentro de los grupos de hermanamiento, contribuyendo as\u00ed a ampliar a\u00fan m\u00e1s las fruct\u00edferas colaboraciones anteriores. Tras una sesi\u00f3n conjunta de intercambio de ideas, ya se identificaron y acordaron sinergias espec\u00edficas entre los grupos de investigaci\u00f3n de las organizaciones asociadas.<\/p>\n<h3><a href=\"https:\/\/semmelweis.hu\/english\/\">Semmelweis University (SU)<\/a> &#8211; Coordinadora<\/h3>\n<p style=\"text-align: justify\">La Universidad de Semmelweis (SU) es una organizaci\u00f3n de educaci\u00f3n e investigaci\u00f3n p\u00fablica sin \u00e1nimo de lucro. Es una de las instituciones l\u00edderes en Hungr\u00eda y Europa Central, cuyo rango acad\u00e9mico internacional es notorio. La SU ocupa la prestigiosa 102.\u00aa posici\u00f3n en la lista de universidades m\u00e1s internacionales del mundo, siendo la \u00fanica instituci\u00f3n h\u00fangara dentro de las 200 primeras posiciones. La lista, publicada por <em>Times Higher Education<\/em>, se basa en los resultados obtenidos en el indicador de \u00abperspectiva internacional\u00bb, el cual tiene en cuenta la proporci\u00f3n entre personal y estudiantes internacionales y nacionales, as\u00ed como las colaboraciones internacionales.<\/p>\n<p style=\"text-align: justify\">En t\u00e9rminos de logros de investigaci\u00f3n y rango de actividad de publicaci\u00f3n, la SU es la universidad l\u00edder en Hungr\u00eda en el \u00e1mbito de la medicina y tiene un factor de impacto acumulado por a\u00f1o de m\u00e1s de 2000. Adem\u00e1s, la SU destaca por haber establecido muchas cooperaciones en el pa\u00eds, como el notorio programa de colaboraci\u00f3n en investigaci\u00f3n con la Academia de Ciencias de Hungr\u00eda. Gracias a estas cooperaciones nacionales, programas como Erasmus+ dan la oportunidad de participar en cualquier \u00e1mbito de investigaci\u00f3n en Hungr\u00eda.<\/p>\n<p style=\"text-align: justify\">Con ra\u00edces que se remontan a 1769, hace m\u00e1s de 240 a\u00f1os, la universidad es una de las m\u00e1s famosas de Hungr\u00eda, con seis facultades que engloban a un total de 1400 profesores e investigadores. Seg\u00fan el \u00edndice de I+D, la SU es una de las mejores universidades del pa\u00eds, donde 22 grupos se ocupan de la investigaci\u00f3n y el desarrollo, y m\u00e1s de 100 equipos de investigaci\u00f3n activos publican en revistas de alto nivel y reconocidas internacionalmente. Asimismo, en las 25 cl\u00ednicas de la universidad tambi\u00e9n hay un alto nivel de medicina y educaci\u00f3n. Desde su creaci\u00f3n, la universidad ha emitido m\u00e1s de 100\u2009000 t\u00edtulos y actualmente educa a 12\u2009000 estudiantes. La vida cient\u00edfica se caracteriza por las siguientes cifras anuales: 1500 publicaciones, 1400 factores de impacto y entre 35 y 40 tesis doctorales defendidas. La universidad se enorgullece de los tres m\u00e9dicos egresados de la SU que fueron galardonados con el Premio Nobel.<\/p>\n<p style=\"text-align: justify\">La <strong>Facultad de Medicina<\/strong> de la Universidad de Semmelweis, fundada en 1769, es la facultad m\u00e1s grande y antigua de la SU. La facultad ofrece un nivel de educaci\u00f3n que est\u00e1 en consonancia con el de otras escuelas de medicina europeas de alta calidad. Su programa de Medicina (que posibilita la obtenci\u00f3n del doctorado) est\u00e1 disponible en tres idiomas: h\u00fangaro, ingl\u00e9s y alem\u00e1n. Adem\u00e1s de sus actividades educativas, la facultad est\u00e1 comprometida en proporcionar el m\u00e1s alto nivel de atenci\u00f3n m\u00e9dica progresiva y en realizar investigaciones cient\u00edficas avanzadas tanto en sus aulas como en sus departamentos cl\u00ednicos.<\/p>\n<p style=\"text-align: justify\">El principal departamento de la SU que participa en el proyecto AmReSu es el <strong>Instituto de Microbiolog\u00eda M\u00e9dica<\/strong>, cuyos principales campos de inter\u00e9s son las investigaciones epidemiol\u00f3gicas y biol\u00f3gicas moleculares de enterobacterias.<\/p>\n<h3><a href=\"https:\/\/www.uantwerpen.be\/en\/research-groups\/laboratory-of-medical-microbiology\/\">Universidad de Amberes, Laboratorio de Microbiolog\u00eda M\u00e9dica <\/a>&#8211; Socio<\/h3>\n<p style=\"text-align: justify\">La Universidad de Amberes (UAntwerp) es una universidad joven, din\u00e1mica y con visi\u00f3n de futuro. Integra los activos de sus <a href=\"https:\/\/www.uantwerpen.be\/en\/about-uantwerp\/organisation\/facts-figures-rankings\/history\/\">ra\u00edces hist\u00f3ricas<\/a> con su ambici\u00f3n de contribuir positivamente a la sociedad. La UAntwerp desarrolla, brinda acceso y difunde el conocimiento cient\u00edfico a trav\u00e9s de la investigaci\u00f3n, la ense\u00f1anza y el servicio a la sociedad. Lleva a cabo estas tareas con un esp\u00edritu de libertad y responsabilidad acad\u00e9micas. La UAntwerp realiza <a href=\"https:\/\/www.uantwerpen.be\/en\/about-uantwerp\/mission-vision\/three-core-tasks\/research\/\">investigaciones cient\u00edficas creativas e innovadoras<\/a> que se esfuerzan por alcanzar la excelencia internacional. Estimula la investigaci\u00f3n b\u00e1sica y aplicada y su reconocimiento. La UAntwerp ofrece <a href=\"https:\/\/www.uantwerpen.be\/en\/about-uantwerp\/mission-vision\/three-core-tasks\/education\/\">ense\u00f1anza acad\u00e9mica acreditada internacionalmente<\/a> basada en la investigaci\u00f3n cient\u00edfica y tiene como objetivo el desarrollo e integraci\u00f3n de conocimientos, habilidades y actitudes que preparar\u00e1n a sus estudiantes para asumir responsabilidades en la sociedad. Adem\u00e1s, la UAntwerp act\u00faa en un entorno global y estimula la <a href=\"https:\/\/www.uantwerpen.be\/en\/about-uantwerp\/mission-vision\/internationalisation\/\">orientaci\u00f3n internaciona<\/a><u>l<\/u> de su personal y estudiantes. Por otro lado, la UAntwerp est\u00e1 comprometida con el desarrollo de su ciudad y regi\u00f3n y concede gran importancia a sus estrechos v\u00ednculos hist\u00f3ricos con el <a href=\"http:\/\/www.uza.be\/english\">Hospital Universitario de Amberes<\/a> y la <a href=\"https:\/\/www.antwerpmanagementschool.be\/en\">Escuela de Administraci\u00f3n de Amberes<\/a>. Busca alianzas constructivas en los campos de la investigaci\u00f3n, la docencia y el servicio acad\u00e9mico a la sociedad. Finalmente, la Universidad comparte su experiencia tanto con socios p\u00fablicos como privados.<\/p>\n<p style=\"text-align: justify\">El Laboratorio de Microbiolog\u00eda M\u00e9dica (LMM) tiene una reputaci\u00f3n mundial y est\u00e1 dirigido por el Prof. Dr. Herman Goossens y por la Prof. Dra. Surbhi Malhotra-Kumar. Creado en 1995, el LMM ha desarrollado una amplia experiencia en diagn\u00f3stico molecular, uso y resistencia de antibi\u00f3ticos e investigaci\u00f3n hospitalaria y de atenci\u00f3n primaria. Participa y act\u00faa como laboratorio central de microbiolog\u00eda en una serie de proyectos internacionales, brindando servicios de excepcional calidad cient\u00edfica. El LMM es el coordinador de varios proyectos europeos, como la \u00abVigilancia europea del consumo de antimicrobianos\u00bb (ESAC, por sus siglas en ingl\u00e9s), \u00abGen\u00f3mica para combatir la resistencia a los antibi\u00f3ticos en las infecciones del tracto respiratorio inferior adquiridas en la comunidad en Europa\u00bb (GRACE, por sus siglas en ingl\u00e9s), \u00abInvestigaci\u00f3n traslacional sobre resistencia a los antimicrobianos e infecciones adquiridas en la comunidad en Europa\u00bb (TRACE, por sus siglas en ingl\u00e9s), la \u00abPlataforma europea de preparaci\u00f3n contra las epidemias (re)emergentes (PREPARE) y \u00abNuevos diagn\u00f3sticos de enfermedades infecciosas\u00bb (ND4ID). El LMM es tambi\u00e9n el laboratorio central de coordinaci\u00f3n de LAB-Net, la red de laboratorios dentro de COMBACTE-Net (Combatting Bacterial Resistance in Europe), compuesta por varios cientos de laboratorios de microbiolog\u00eda de diagn\u00f3stico en m\u00e1s de 40 pa\u00edses europeos y muchos laboratorios de investigaci\u00f3n especializados en microbiolog\u00eda. El impacto del uso de antibi\u00f3ticos en los pat\u00f3genos humanos y en la microbiota comensal de humanos y animales ha sido una de las principales l\u00edneas de investigaci\u00f3n del LMM.<\/p>\n<p style=\"text-align: justify\">Actualmente, el LMM utiliza enfoques gen\u00e9ticos, gen\u00f3micos y de microbioma de \u00faltima generaci\u00f3n para estudiar el impacto de los antibi\u00f3ticos y ha recibido fondos para establecer una secuenciaci\u00f3n de lectura larga. Adem\u00e1s de la secuenciaci\u00f3n de nueva generaci\u00f3n (NGS) para su propia investigaci\u00f3n, el LMM tambi\u00e9n tiene varios contratos industriales para realizar y analizar otros datos de NGS. Otras l\u00edneas de investigaci\u00f3n destacables se centran en las biopel\u00edculas, ya que un n\u00famero creciente de infecciones cr\u00edticas y su persistencia est\u00e1n relacionadas con la formaci\u00f3n de biopel\u00edculas en biomateriales. Del mismo modo, el LMM tambi\u00e9n centra su investigaci\u00f3n en la interacci\u00f3n microbiana en biopel\u00edculas, tanto <em>in vitro<\/em> como <em>in vivo<\/em>, en infecciones relacionadas con dispositivos, como la neumon\u00eda asociada a respiradores e infecciones de cat\u00e9ter, as\u00ed como t\u00e9cnicas de NGS para comprender las agrupaciones microbianas involucradas en biopel\u00edculas relacionadas con enfermedades como las observadas en neumon\u00eda asociada al ventilador y en otitis media. Adem\u00e1s, el LMM estudia los mecanismos de resistencia a los antibi\u00f3ticos en bacterias pat\u00f3genas. Su l\u00ednea principal es investigar antibi\u00f3ticos \u00abantiguos\u00bb que se han reintroducido en la pr\u00e1ctica cl\u00ednica y cuyos mecanismos de resistencia a\u00fan no se conocen, como la colistina, la nitrofuranto\u00edna y la fosfomicina. Tanto las cepas pasadas cl\u00ednicas como las <em>in vitro<\/em> son sometidas a secuenciaci\u00f3n del genoma completo, estudios de estabilidad de resistencia y evaluaciones de costos de aptitud para comprender la aparici\u00f3n de los mecanismos de resistencia, as\u00ed como su destino en la comunidad. Otro de los objetivos principales del LMM es mejorar el diagn\u00f3stico microbiol\u00f3gico de enfermedades infecciosas mediante el desarrollo, evaluaci\u00f3n, validaci\u00f3n y optimizaci\u00f3n de pruebas de diagn\u00f3stico. El LMM es responsable de establecer, capacitar y mantener una red europea, geogr\u00e1ficamente representativa, de laboratorios de microbiolog\u00eda de diagn\u00f3stico de alta calidad para respaldar los ensayos cl\u00ednicos sobre el desarrollo de f\u00e1rmacos antibacterianos. El LMM tambi\u00e9n coordina una red global de hospitales para estudiar la prescripci\u00f3n de antimicrobianos. Estos datos sirven para mejorar la calidad de la prescripci\u00f3n de antibi\u00f3ticos, especialmente en los pa\u00edses de ingresos bajos y medios. Por \u00faltimo, el LMM coordina iniciativas de investigaci\u00f3n cl\u00ednica para responder r\u00e1pidamente a pandemias amenazantes o epidemias emergentes en Europa, a trav\u00e9s de dise\u00f1os de ensayos novedosos como son los \u00abAdaptive Platform Trials\u00bb.<\/p>\n<h3><a href=\"http:\/\/www.hospitalsonespases.es\/?lang=es\">Hospital Universitario Son Espases, IdISBa<\/a> &#8211; Socio<\/h3>\n<p style=\"text-align: justify\">El Institut d\u2019Investigaci\u00f3 Sanit\u00e0ria Illes Balears (IdISBa) est\u00e1 compuesto por la Consejer\u00eda de Salud de las Illes Balears, el Servicio Balear de Salud (IB-Salut) y la Universidad de las Islas Baleares (UIB). El IdISBa est\u00e1 acreditado por el Instituto de Salud Carlos III (ISCIII), el cual pertenece al Ministerio de Ciencias, Innovaci\u00f3n y Universidades del Gobierno de Espa\u00f1a.<\/p>\n<p style=\"text-align: justify\">Las instalaciones del IdISBa, ubicadas en el recinto del Hospital Universitario de Son Espases (HUSE), comprenden m\u00e1s de 4000 m<sup>2<\/sup> destinados a investigaci\u00f3n y docencia. El HUSE es un hospital de car\u00e1cter p\u00fablico ubicado en Palma, perteneciente al IB-Salut, que se constituye como el servicio de atenci\u00f3n primaria de la isla de Mallorca y el hospital p\u00fablico de referencia de las Islas Baleares. Da cobertura a una poblaci\u00f3n de 1\u2009047\u2009288 habitantes, de los cuales 320\u2009215 est\u00e1n adscritos a \u00e9l.<\/p>\n<p style=\"text-align: justify\">Cuenta con una plantilla de 4833 trabajadores y, anualmente, sus profesionales atienden una media de 504\u2009800 consultas externas, 127\u2009300 urgencias y 19\u2009000 intervenciones quir\u00fargicas. Adem\u00e1s, la Facultad de Medicina de las Illes Balears se encuentra en sus instalaciones.<\/p>\n<p style=\"text-align: justify\">El IdISBa es una entidad p\u00fablica con capacidad legal que gestiona los proyectos de salud, tanto nacionales como internacionales, de las Islas Baleares, y es la responsable de la investigaci\u00f3n m\u00e9dica en la Islas Baleares. El IdISBa se circunscribe en 7 \u00e1reas cient\u00edficas que comprenden 53 grupos de investigaci\u00f3n y m\u00e1s de 550 investigadores e investigadoras. Dentro del IdISBa, en el Servicio de Microbiolog\u00eda, se halla el grupo de investigaci\u00f3n denominado \u00abResistencia Antibi\u00f3tica y Patogenia de las Infecciones Bacterianas\u00bb, l\u00edder en el \u00c1rea Cient\u00edfica de Enfermedades Infecciosas e Inmunol\u00f3gicas.<\/p>\n<h3><a href=\"http:\/\/bfm.hr\/\">Hospital Universitario de Enfermedades Infecciosas Dr. Fran Mihaljevic (BFM)<\/a> \u2013 Socio<\/h3>\n<p style=\"text-align: justify\">El Hospital Universitario de Enfermedades Infecciosas Dr. Fran Mihaljevic (BFM) es la instituci\u00f3n l\u00edder para el diagn\u00f3stico y tratamiento de enfermedades infecciosas en Croacia y la regi\u00f3n circundante. Es un proveedor de atenci\u00f3n terciaria que trata, anualmente, a m\u00e1s de 7000 pacientes hospitalizados y 65\u2009000 pacientes ambulatorios, circunscritos a su \u00e1rea de influencia con una poblaci\u00f3n aproximada de 1 mill\u00f3n de personas (la poblaci\u00f3n de la ciudad de Zagreb y del condado de Zagreb) y tambi\u00e9n a pacientes de otras regiones de Croacia y pa\u00edses vecinos que son derivados al hospital.<\/p>\n<p style=\"text-align: justify\">El BFM est\u00e1 afiliado a la Facultad de Medicina y a la Facultad de Medicina Dental de la Universidad de Zagreb y es un hospital de ense\u00f1anza para estudiantes de grado y posgrado de medicina, odontolog\u00eda y enfermer\u00eda, as\u00ed como para m\u00e9dicos especializados en otros campos m\u00e9dicos como microbiolog\u00eda cl\u00ednica, epidemiolog\u00eda, medicina interna, neurolog\u00eda, pediatr\u00eda, etc.<\/p>\n<p style=\"text-align: justify\">Como instituci\u00f3n l\u00edder en enfermedades infecciosas en Croacia, fundado en 1893, el BFM tambi\u00e9n sirve como centro de referencia nacional para las siguientes \u00e1reas de especializaci\u00f3n: diagn\u00f3stico y tratamiento de enfermedades infecciosas, hepatitis viral, infecci\u00f3n por VIH, infecciones del tracto urinario, vigilancia de la resistencia a los antibi\u00f3ticos, medicina tropical y de viaje y oxigenaci\u00f3n por membrana extracorp\u00f3rea (OMEC) en pacientes con s\u00edndrome de dificultad respiratoria aguda (SDRA).<\/p>\n<p style=\"text-align: justify\">El BFM tambi\u00e9n est\u00e1 afiliado a las siguientes sociedades profesionales de la Asociaci\u00f3n M\u00e9dica Croata: Sociedad Croata de Enfermedades Infecciosas, Sociedad Croata de Microbiolog\u00eda Cl\u00ednica, Sociedad Croata de Infecciones de Transmisi\u00f3n Sexual y Urogenital, Sociedad Croata de Quimioterapia, Sociedad Croata de Bioseguridad y Bioprotecci\u00f3n y Sociedad Croata de Medicina de Viajes, Tropical y Migraciones.<\/p>\n<p style=\"text-align: justify\">Ha habido muchos proyectos de investigaci\u00f3n y ensayos cl\u00ednicos realizados por m\u00e9dicos del hospital en colaboraci\u00f3n con socios internacionales. Las \u00e1reas de investigaci\u00f3n de especial inter\u00e9s han sido: infecciones en inmunodeprimidos, uso racional de antibi\u00f3ticos y quimioter\u00e1picos, nuevos m\u00e9todos de diagn\u00f3stico para el diagn\u00f3stico etiol\u00f3gico r\u00e1pido, control de infecciones nosocomiales, etc.<\/p>\n<p style=\"text-align: justify\">Algunos de los proyectos y colaboraciones internacionales en curso incluyen investigaciones en los campos de diagn\u00f3stico molecular, conceptos de vectores de vacunas citomegalovirales, inmunolog\u00eda y vacunas de virus, preparaci\u00f3n contra epidemias (re)emergentes, etc.<\/p>\n<p><strong>NOTICIAS<\/strong><\/p>\n<p style=\"text-align: justify\">El proyecto comenz\u00f3 oficialmente su operaci\u00f3n con la primera reuni\u00f3n celebrada el 8 de octubre de 2020 mediante videoconferencia. Los socios discutieron las tareas que se han de realizar en los pr\u00f3ximos meses y reafirmaron su pleno compromiso en la implementaci\u00f3n del proyecto siguiendo los est\u00e1ndares de m\u00e1xima calidad.<\/p>\n<p style=\"text-align: justify\">La Universidad de Semmelweis asisti\u00f3 al D\u00eda de los Coordinadores de Hermanamientos que se celebr\u00f3 el 26 de noviembre por videoconferencia y que aport\u00f3 una imagen clara sobre la gesti\u00f3n de este tipo de proyectos.<\/p>\n","protected":false},"excerpt":{"rendered":"<p>El consorcio de AmReSu lo conforman centros de investigaci\u00f3n de excelencia reconocidos internacionalmente, como el LMM de la UAntwerp y el IdISBa. Su indiscutible excelencia cient\u00edfica en el \u00e1mbito de la investigaci\u00f3n inmunol\u00f3gica e infecciosa, sus redes de colaboraci\u00f3n internacional, sus instalaciones de alta capacidad t\u00e9cnica y sus iniciativas de impulso a la innovaci\u00f3n los &hellip;<\/p>\n","protected":false},"author":182,"featured_media":0,"parent":260,"menu_order":3,"comment_status":"closed","ping_status":"closed","template":"","meta":{"_acf_changed":false,"footnotes":""},"categories":[],"tags":[],"class_list":["post-268","page","type-page","status-publish","hentry"],"acf":[],"_links":{"self":[{"href":"https:\/\/semmelweis.hu\/amresu\/wp-json\/wp\/v2\/pages\/268","targetHints":{"allow":["GET"]}}],"collection":[{"href":"https:\/\/semmelweis.hu\/amresu\/wp-json\/wp\/v2\/pages"}],"about":[{"href":"https:\/\/semmelweis.hu\/amresu\/wp-json\/wp\/v2\/types\/page"}],"author":[{"embeddable":true,"href":"https:\/\/semmelweis.hu\/amresu\/wp-json\/wp\/v2\/users\/182"}],"replies":[{"embeddable":true,"href":"https:\/\/semmelweis.hu\/amresu\/wp-json\/wp\/v2\/comments?post=268"}],"version-history":[{"count":1,"href":"https:\/\/semmelweis.hu\/amresu\/wp-json\/wp\/v2\/pages\/268\/revisions"}],"predecessor-version":[{"id":269,"href":"https:\/\/semmelweis.hu\/amresu\/wp-json\/wp\/v2\/pages\/268\/revisions\/269"}],"up":[{"embeddable":true,"href":"https:\/\/semmelweis.hu\/amresu\/wp-json\/wp\/v2\/pages\/260"}],"wp:attachment":[{"href":"https:\/\/semmelweis.hu\/amresu\/wp-json\/wp\/v2\/media?parent=268"}],"wp:term":[{"taxonomy":"category","embeddable":true,"href":"https:\/\/semmelweis.hu\/amresu\/wp-json\/wp\/v2\/categories?post=268"},{"taxonomy":"post_tag","embeddable":true,"href":"https:\/\/semmelweis.hu\/amresu\/wp-json\/wp\/v2\/tags?post=268"}],"curies":[{"name":"wp","href":"https:\/\/api.w.org\/{rel}","templated":true}]}}