{"id":263,"date":"2020-12-09T10:21:20","date_gmt":"2020-12-09T09:21:20","guid":{"rendered":"https:\/\/semmelweis.hu\/amresu\/?page_id=263"},"modified":"2021-02-10T14:36:39","modified_gmt":"2021-02-10T13:36:39","slug":"implementacion","status":"publish","type":"page","link":"https:\/\/semmelweis.hu\/amresu\/es\/sobre-el-proyecto\/implementacion\/","title":{"rendered":"Implementaci\u00f3n"},"content":{"rendered":"<p style=\"text-align: justify\">La estructura de los paquetes de trabajo del proyecto AmReSu sigue el concepto de desarrollo de la visi\u00f3n estrat\u00e9gica de resistencia antimicrobiana del mismo y se ejecuta en tres v\u00edas paralelas, m\u00e1s las acciones de apoyo al proyecto, como son los requisitos \u00e9ticos (WP1), la gesti\u00f3n general del proyecto (WP2), las medidas de comunicaci\u00f3n y difusi\u00f3n (WP5) y su impacto y sostenibilidad (WP6). La gesti\u00f3n del consorcio, englobada dentro del WP2, abarca las responsabilidades de gesti\u00f3n necesarias para coordinar el trabajo de los socios del proyecto as\u00ed como para el cumplimiento de todas las tareas administrativas relacionadas con la implementaci\u00f3n del acuerdo de subvenci\u00f3n. El WP5, \u00abDifusi\u00f3n y comunicaci\u00f3n\u00bb, pone un \u00e9nfasis considerable en el desarrollo de estrategias de comunicaci\u00f3n tanto en t\u00e9rminos de sensibilizaci\u00f3n como de transmisi\u00f3n de informaci\u00f3n para llegar a las asociaciones y partes interesadas relevantes. Asimismo se desarrollar\u00e1 y proporcionar\u00e1 informaci\u00f3n general sobre el proyecto al p\u00fablico en general y se preparar\u00e1n publicaciones de acceso abierto.<br \/>\nLos elementos de acci\u00f3n de coordinaci\u00f3n y apoyo asegurar\u00e1n la ejecuci\u00f3n adecuada de la visi\u00f3n estrat\u00e9gica de resistencia de AmReSu. Por lo tanto, aunque el funcionamiento de los grupos de hermanamiento se desarrollar\u00e1 en paralelo, cada uno estar\u00e1 especializado en el subdominio dado. As\u00ed pues, el WP3, \u00abAcciones del grupo de hermanamiento en la resistencia a los antimicrobianos en el hu\u00e9sped humano (resistoma)\u00bb, y el WP4, \u00abAcciones del grupo de hermanamiento en la resistencia a los antimicrobianos a nivel de la cepa bacteriana\u00bb, evaluar\u00e1n y mejorar\u00e1n el potencial de investigaci\u00f3n del subdominio dado mientras se realizan la tareas de tutorizaci\u00f3n, formaci\u00f3n y los cursos de verano. Para la formaci\u00f3n dentro del WP3 elegiremos los diez principales pat\u00f3genos bacterianos relevantes de la lista de pat\u00f3genos prioritarios publicados por la Organizaci\u00f3n Mundial de la Salud y diez cepas de cada uno de ellos, excepto la P. aeruginosa que se tratar\u00e1 dentro del WP4. Para la metagen\u00f3mica, nos enfocaremos en las muestras respiratorias, ya que la mayor\u00eda de los pat\u00f3genos enumerados causan enfermedades respiratorias graves. Seleccionaremos aleatoriamente un grupo de 30 a 50 muestras de infecciones respiratorias (por ejemplo, muestras endotraqueales), que se encuentran almacenadas en el biobanco de la Universidad de Amberes. Con el fin de preparar la sostenibilidad, en el WP6, \u00abEvaluaci\u00f3n de impacto y sostenibilidad\u00bb, los socios se centrar\u00e1n en la gesti\u00f3n de la propiedad intelectual y los problemas de intercambio as\u00ed como en impulsar las redes con la industria y otras partes interesadas, incluidos los responsables pol\u00edticos.<\/p>\n<p>La ejecuci\u00f3n del proyecto ser\u00e1 la siguiente:<\/p>\n<table style=\"height: 210px;width: 100%;border-collapse: collapse;background-color: 000099\">\n<tbody>\n<tr style=\"height: 30px;background-color: #000099\">\n<td style=\"width: 67px;height: 30px;text-align: center\"><span style=\"color: #ffffff\"><strong>WP Number<\/strong><\/span><\/td>\n<td style=\"width: 450.8px;height: 30px;text-align: center\"><span style=\"color: #ffffff\"><strong>WP Title<\/strong><\/span><\/td>\n<td style=\"width: 89.85px;height: 30px;text-align: center\"><span style=\"color: #ffffff\"><strong>Lead beneficiary<\/strong><\/span><\/td>\n<td style=\"width: 57.8px;height: 30px;text-align: center\"><span style=\"color: #ffffff\"><strong>Start month<\/strong><\/span><\/td>\n<td style=\"width: 68.55px;height: 30px;text-align: center\"><span style=\"color: #ffffff\"><strong>End month<\/strong><\/span><\/td>\n<\/tr>\n<tr style=\"height: 30px\">\n<td style=\"width: 67px;height: 30px\"><strong>WP1<\/strong><\/td>\n<td style=\"width: 450.8px;height: 30px\">Requisitos \u00e9ticos<\/td>\n<td style=\"width: 89.85px;height: 30px\">SU<\/td>\n<td style=\"width: 57.8px;height: 30px;text-align: center\">1<\/td>\n<td style=\"width: 68.55px;height: 30px;text-align: center\">36<\/td>\n<\/tr>\n<tr style=\"height: 30px\">\n<td style=\"width: 67px;height: 30px\"><strong>WP2<\/strong><\/td>\n<td style=\"width: 450.8px;height: 30px\">Gesti\u00f3n del consorcio<\/td>\n<td style=\"width: 89.85px;height: 30px\">SU<\/td>\n<td style=\"width: 57.8px;height: 30px;text-align: center\">1<\/td>\n<td style=\"width: 68.55px;height: 30px;text-align: center\">36<\/td>\n<\/tr>\n<tr style=\"height: 30px\">\n<td style=\"width: 67px;height: 30px\"><strong>WP3<\/strong><\/td>\n<td style=\"width: 450.8px;height: 30px\">Acciones del grupo de hermanamiento en la resistencia a los antimicrobianos con secuenciaci\u00f3n de genoma completo y an\u00e1lisis metagen\u00f3mico<\/td>\n<td style=\"width: 89.85px;height: 30px\">UAntwerp<\/td>\n<td style=\"width: 57.8px;height: 30px;text-align: center\">1<\/td>\n<td style=\"width: 68.55px;height: 30px;text-align: center\">36<\/td>\n<\/tr>\n<tr style=\"height: 30px\">\n<td style=\"width: 67px;height: 30px\"><strong>WP4<\/strong><\/td>\n<td style=\"width: 450.8px;height: 30px\">Acciones del grupo de hermanamiento en el an\u00e1lisis del genoma completo de Pseudomonas aeruginosa<\/td>\n<td style=\"width: 89.85px;height: 30px\">IdISBa<\/td>\n<td style=\"width: 57.8px;height: 30px;text-align: center\">1<\/td>\n<td style=\"width: 68.55px;height: 30px;text-align: center\">36<\/td>\n<\/tr>\n<tr style=\"height: 30px\">\n<td style=\"width: 67px;height: 30px\"><strong>WP5<\/strong><\/td>\n<td style=\"width: 450.8px;height: 30px\">Difusi\u00f3n y comunicaci\u00f3n<\/td>\n<td style=\"width: 89.85px;height: 30px\">BFM<\/td>\n<td style=\"width: 57.8px;height: 30px;text-align: center\">1<\/td>\n<td style=\"width: 68.55px;height: 30px;text-align: center\">36<\/td>\n<\/tr>\n<tr style=\"height: 30px\">\n<td style=\"width: 67px;height: 30px\"><strong>WP6<\/strong><\/td>\n<td style=\"width: 450.8px;height: 30px\">Evaluaci\u00f3n de impacto y sostenibilidad<\/td>\n<td style=\"width: 89.85px;height: 30px\">SU<\/td>\n<td style=\"width: 57.8px;height: 30px;text-align: center\">12<\/td>\n<td style=\"width: 68.55px;height: 30px;text-align: center\">36<\/td>\n<\/tr>\n<\/tbody>\n<\/table>\n","protected":false},"excerpt":{"rendered":"<p>La estructura de los paquetes de trabajo del proyecto AmReSu sigue el concepto de desarrollo de la visi\u00f3n estrat\u00e9gica de resistencia antimicrobiana del mismo y se ejecuta en tres v\u00edas paralelas, m\u00e1s las acciones de apoyo al proyecto, como son los requisitos \u00e9ticos (WP1), la gesti\u00f3n general del proyecto (WP2), las medidas de comunicaci\u00f3n y &hellip;<\/p>\n","protected":false},"author":182,"featured_media":0,"parent":260,"menu_order":1,"comment_status":"closed","ping_status":"closed","template":"","meta":{"_acf_changed":false,"footnotes":""},"categories":[],"tags":[],"class_list":["post-263","page","type-page","status-publish","hentry"],"acf":[],"_links":{"self":[{"href":"https:\/\/semmelweis.hu\/amresu\/wp-json\/wp\/v2\/pages\/263","targetHints":{"allow":["GET"]}}],"collection":[{"href":"https:\/\/semmelweis.hu\/amresu\/wp-json\/wp\/v2\/pages"}],"about":[{"href":"https:\/\/semmelweis.hu\/amresu\/wp-json\/wp\/v2\/types\/page"}],"author":[{"embeddable":true,"href":"https:\/\/semmelweis.hu\/amresu\/wp-json\/wp\/v2\/users\/182"}],"replies":[{"embeddable":true,"href":"https:\/\/semmelweis.hu\/amresu\/wp-json\/wp\/v2\/comments?post=263"}],"version-history":[{"count":1,"href":"https:\/\/semmelweis.hu\/amresu\/wp-json\/wp\/v2\/pages\/263\/revisions"}],"predecessor-version":[{"id":264,"href":"https:\/\/semmelweis.hu\/amresu\/wp-json\/wp\/v2\/pages\/263\/revisions\/264"}],"up":[{"embeddable":true,"href":"https:\/\/semmelweis.hu\/amresu\/wp-json\/wp\/v2\/pages\/260"}],"wp:attachment":[{"href":"https:\/\/semmelweis.hu\/amresu\/wp-json\/wp\/v2\/media?parent=263"}],"wp:term":[{"taxonomy":"category","embeddable":true,"href":"https:\/\/semmelweis.hu\/amresu\/wp-json\/wp\/v2\/categories?post=263"},{"taxonomy":"post_tag","embeddable":true,"href":"https:\/\/semmelweis.hu\/amresu\/wp-json\/wp\/v2\/tags?post=263"}],"curies":[{"name":"wp","href":"https:\/\/api.w.org\/{rel}","templated":true}]}}