{"id":260,"date":"2020-11-20T11:03:26","date_gmt":"2020-11-20T10:03:26","guid":{"rendered":"https:\/\/semmelweis.hu\/amresu\/?page_id=260"},"modified":"2021-02-08T11:05:12","modified_gmt":"2021-02-08T10:05:12","slug":"sobre-el-proyecto","status":"publish","type":"page","link":"https:\/\/semmelweis.hu\/amresu\/es\/sobre-el-proyecto\/","title":{"rendered":"Sobre el proyecto"},"content":{"rendered":"<div style=\"text-align: left\"><img loading=\"lazy\" decoding=\"async\" class=\"size-full wp-image-216 alignleft\" src=\"https:\/\/semmelweis.hu\/amresu\/files\/2020\/11\/150px-Flag_of_Europe.png\" alt=\"\" width=\"150\" height=\"100\" \/><strong>This project has received funding from the European Union\u2019s Horizon 2020 research and innovation programme under grant agreement No. <\/strong><a href=\"https:\/\/cordis.europa.eu\/project\/id\/952491\" target=\"_blank\" rel=\"noopener noreferrer\"><strong>952491<\/strong><\/a> <br \/>\n<strong>Title:<\/strong> Antimicrobial Resistance Surveillance (AmReSu)<\/div>\n<h3>\u00a0<\/h3>\n<h3 style=\"text-align: left\">Fortalecer la vigilancia de la resistencia a los antimicrobianos en Croacia y Hungr\u00eda<\/h3>\n<div class=\"ng-star-inserted\">\n<p class=\"ng-star-inserted\" style=\"text-align: justify\">La resistencia a los antimicrobianos (RAM) va en aumento y provoca 700\u2009000 muertes anuales en el mundo. En Croacia y Hungr\u00eda, la resistencia microbiana es responsable del r\u00e1pido aumento de las tasas de morbilidad y mortalidad. El proyecto \u00abAntimicrobial Resistance Surveillance with Next Generation Sequencing\u00bb (AmReSu), financiado con fondos europeos, fortalecer\u00e1 la capacidad de innovaci\u00f3n en la vigilancia de la RAM en ambos pa\u00edses, centr\u00e1ndose en la secuenciaci\u00f3n del genoma completo mediante el uso de t\u00e9cnicas de secuenciaci\u00f3n de nueva generaci\u00f3n (NGS, por sus siglas en ingl\u00e9s). Adem\u00e1s, establecer\u00e1 una \u00abred de vigilancia de la resistencia microbiana\u00bb. El proyecto se basa en la cooperaci\u00f3n entre la Universidad Semmelweis de Budapest y el Hospital Universitario de Enfermedades Infecciosas Dr. Fran Mihaljevic de Zagreb con dos instituciones de renombre: el Laboratorio de Microbiolog\u00eda M\u00e9dica de la Universidad de Amberes y el Instituto de Investigaci\u00f3n Sanitaria de las Islas Baleares. AmReSu facilitar\u00e1 la transferencia de conocimientos, el intercambio de mejores pr\u00e1cticas a trav\u00e9s de actividades de formaci\u00f3n y la promoci\u00f3n de la excelencia investigadora.<\/p>\n<h3>Objective<\/h3>\n<p style=\"text-align: justify\">Our project \u201cEnhanced networking on antimicrobial resistance surveillance with NGS\u201d brings together Semmelweis University (SU) and Klinika Za Infektivne Bolesti \u201eDr. Fran Mihaljevic (BFM) with two internationally leading research institutions, Laboratory of Medical Microbiology (LMM), University of Antwerp (UAntwerp) and the Health Research Institute of the Balearic Islands (IdISBa) , on the topic of Antimicrobial resistance surveillance with whole genome sequencing (WGS) in correlation next-generation sequencing techniques.<\/p>\n<p style=\"text-align: justify\">Our aim in AmReSu is to strengthen, to the highest European level, Semmelweis University (SU)\u2019s and Klinika Za Infektivne Bolesti \u201eDr. Fran Mihaljevic\u201d (BFM)\u2019s scientific excellence and innovation capacity in Antimicrobial resistance surveillance and to set-up an \u2018Antimicrobial resistance surveillance vision\u2019 in Hungary and Croatia.<br \/>\nStrenghtening antimicrobial resistance (AMR) surveillance is also in line with the Hungarian National Smart Specialisation Strategy and the Croatian National Programe for Antibiotic Resistance Control.<\/p>\n<p style=\"text-align: justify\">AMR bacterial infections are a global threat, they are responsible for increased morbidity and mortality rates in Hungary and Croatia, especially in cases of nosocomial infection.<br \/>\nMany previously manageable bacterial infections are becoming increasingly hard to treat. Rising rates of resistance amplify the morbidity and economic burden associated with infections.<br \/>\nAn estimated 700,000 deaths attributable to AMR every year in the world, and a projected 10 million deaths per year by 2050 in the absence of additional control measures.<br \/>\nThe core activities of our project are knowledge transfer, exchanges of best practices via a number of institutional networking<br \/>\nand training activities, including workshops, conferences, summer schools. to a new level, promoting research excellence in AMR and Microbiome with strong societal impact. Our proposed actions will strengthen joint research programmes in Europe.<\/p>\n<h3>\u00c1mbito cient\u00edfico<\/h3>\n<p>\/ciencias naturales\/ciencias biol\u00f3gicas\/microbiolog\u00eda\/bacteriolog\u00eda<br \/>\n\/ciencias m\u00e9dicas y de la salud \/ medicina b\u00e1sica\/farmacolog\u00eda y farmacia \/ farmacorresistencia \/ resistencia a antibi\u00f3ticos.<\/p>\n<h3>Programa<\/h3>\n<p><a href=\"https:\/\/cordis.europa.eu\/programme\/id\/H2020-EU.4.b.\/es\" target=\"_blank\" rel=\"noopener noreferrer\">H2020-EU.4.b. \u2013 El hermanamiento de centros de investigaci\u00f3n<\/a><\/p>\n<h3>Tema<\/h3>\n<p><a href=\"https:\/\/cordis.europa.eu\/programme\/id\/H2020_WIDESPREAD-05-2020\/en\" target=\"_blank\" rel=\"noopener noreferrer\">WIDESPREAD-05-2020 &#8211; Hermanamiento<\/a><\/p>\n<h3>Convocatoria de propuestas<\/h3>\n<p>H2020-WIDESPREAD-2020-5<br \/>\n<a href=\"https:\/\/cordis.europa.eu\/search\/es?q=contenttype%3D%27project%27%20AND%20%2Fproject%2Frelations%2Fassociations%2FrelatedSubCall%2Fcall%2Fidentifier%3D%27H2020-WIDESPREAD-2020-5%27&amp;p=1&amp;num=10&amp;srt=Relevance:decreasing\" target=\"_blank\" rel=\"noopener noreferrer\">Consulte otros proyectos de esta convocatoria<\/a><\/p>\n<h3>R\u00e9gimen de financiaci\u00f3n<\/h3>\n<p>CSA &#8211; Coordination and support action<\/p>\n<h3>Coordinator<\/h3>\n<p><strong><a href=\"https:\/\/semmelweis.hu\/\" target=\"_blank\" rel=\"noopener noreferrer\">SEMMELWEIS EGYETEM<\/a><\/strong><br \/>\nHungr\u00eda<br \/>\nTipo de actividad: Entidades de educaci\u00f3n superior o secundaria <br \/>\nAportaci\u00f3n de la UE <strong>264\u2009830 \u20ac<\/strong><\/p>\n<h3>Participants<\/h3>\n<p><strong><a href=\"https:\/\/www.uantwerpen.be\/en\/\" target=\"_blank\" rel=\"noopener noreferrer\">UNIVERSITEIT ANTWERPEN<\/a><\/strong><br \/>\nB\u00e9lgica<br \/>\nAportaci\u00f3n de la UE: <strong>281\u2009500 \u20ac<\/strong><\/p>\n<p><strong><a href=\"http:\/\/www.idisba.es\/en\" target=\"_blank\" rel=\"noopener noreferrer\">FUNDACIO INSTITUT D&#8217;INVESTIGACIO SANITARIA ILLES BALEARS<\/a><br \/>\n<\/strong>Espa\u00f1a<br \/>\nAportaci\u00f3n de la UE: <strong>150\u2009362,50 \u20ac<\/strong><\/p>\n<p><strong><a href=\"https:\/\/bfm.hr\/\" target=\"_blank\" rel=\"noopener noreferrer\">KLINIKA ZA INFEKTIVNE BOLESTI DR. FRAN MIHALJEVIC<\/a><br \/>\n<\/strong>Croacia<br \/>\nAportaci\u00f3n de la UE: <strong>203\u2009302,50 \u20ac<\/strong><\/p>\n<\/div>\n","protected":false},"excerpt":{"rendered":"<p>This project has received funding from the European Union\u2019s Horizon 2020 research and innovation programme under grant agreement No. <a href=\"https:\/\/cordis.europa.eu\/project\/id\/952491\" target=\"_blank\" rel=\"noopener noreferrer\">952491<\/a> Title: Antimicrobial Resistance Surveillance (AmReSu) \u00a0 Fortalecer la vigilancia de la resistencia a los antimicrobianos en Croacia y Hungr\u00eda La resistencia a los antimicrobianos (RAM) va en aumento y provoca 700\u2009000 muertes anuales en el mundo. &hellip;<\/p>\n","protected":false},"author":182,"featured_media":0,"parent":0,"menu_order":0,"comment_status":"closed","ping_status":"closed","template":"","meta":{"_acf_changed":false,"footnotes":""},"categories":[],"tags":[],"class_list":["post-260","page","type-page","status-publish","hentry"],"acf":[],"_links":{"self":[{"href":"https:\/\/semmelweis.hu\/amresu\/wp-json\/wp\/v2\/pages\/260","targetHints":{"allow":["GET"]}}],"collection":[{"href":"https:\/\/semmelweis.hu\/amresu\/wp-json\/wp\/v2\/pages"}],"about":[{"href":"https:\/\/semmelweis.hu\/amresu\/wp-json\/wp\/v2\/types\/page"}],"author":[{"embeddable":true,"href":"https:\/\/semmelweis.hu\/amresu\/wp-json\/wp\/v2\/users\/182"}],"replies":[{"embeddable":true,"href":"https:\/\/semmelweis.hu\/amresu\/wp-json\/wp\/v2\/comments?post=260"}],"version-history":[{"count":1,"href":"https:\/\/semmelweis.hu\/amresu\/wp-json\/wp\/v2\/pages\/260\/revisions"}],"predecessor-version":[{"id":261,"href":"https:\/\/semmelweis.hu\/amresu\/wp-json\/wp\/v2\/pages\/260\/revisions\/261"}],"wp:attachment":[{"href":"https:\/\/semmelweis.hu\/amresu\/wp-json\/wp\/v2\/media?parent=260"}],"wp:term":[{"taxonomy":"category","embeddable":true,"href":"https:\/\/semmelweis.hu\/amresu\/wp-json\/wp\/v2\/categories?post=260"},{"taxonomy":"post_tag","embeddable":true,"href":"https:\/\/semmelweis.hu\/amresu\/wp-json\/wp\/v2\/tags?post=260"}],"curies":[{"name":"wp","href":"https:\/\/api.w.org\/{rel}","templated":true}]}}