{"id":251,"date":"2020-12-09T10:36:41","date_gmt":"2020-12-09T09:36:41","guid":{"rendered":"https:\/\/semmelweis.hu\/amresu\/?page_id=251"},"modified":"2020-12-17T11:23:41","modified_gmt":"2020-12-17T10:23:41","slug":"konzorcium","status":"publish","type":"page","link":"https:\/\/semmelweis.hu\/amresu\/hu\/projekt-leiras\/konzorcium\/","title":{"rendered":"Konzorcium"},"content":{"rendered":"<p style=\"text-align: justify\">Az AmReSu konzorcium nemzetk\u00f6zileg elismert kutat\u00f3k\u00f6zpontjai UAntwerp \u00e9s IdISBa. Vitathatatlanul tudom\u00e1nyos kiv\u00e1l\u00f3s\u00e1gok az immunit\u00e1s \u00e9s a fert\u0151z\u00e9sek kutat\u00e1s\u00e1ban, nemzetk\u00f6zi egy\u00fcttm\u0171k\u00f6d\u00e9si h\u00e1l\u00f3zataik, technikai kapacit\u00e1suk \u00e9s innov\u00e1ci\u00f3 \u00f6szt\u00f6nz\u00e9seik teszik \u0151ket a legjobb Twinning partnerekk\u00e9 az SU \u00e9s a BFM sz\u00e1m\u00e1ra.<\/p>\n<p style=\"text-align: justify\">UAntwerp, sz\u00e9les k\u00f6r\u0171 orvosi mikrobiol\u00f3giai kutat\u00e1sokat v\u00e9gez, \u00e9s nemzetk\u00f6zileg is elismert multidiszciplin\u00e1ris megk\u00f6zel\u00edt\u00e9st alkalmaz a bakteri\u00e1lis k\u00f3rokoz\u00f3k vizsg\u00e1lata sor\u00e1n. Egyr\u00e9szt kiveszik a r\u00e9sz\u00fck az antibiotikum rezisztencia fel\u00fcgyeleti h\u00e1l\u00f3zatok \u00f6sszehangol\u00e1s\u00e1ban, valamint a glob\u00e1lis antibiotikum-felhaszn\u00e1l\u00e1sr\u00f3l \u00e9s a bakt\u00e9riumok rezisztenci\u00e1j\u00e1r\u00f3l sz\u00f3l\u00f3 adatgy\u0171jt\u00e9sb\u0151l, m\u00e1sr\u00e9szt a legmodernebb molekul\u00e1ris technik\u00e1k alkalmaz\u00e1s\u00e1val a rezisztens k\u00f3rokoz\u00f3k evol\u00faci\u00f3j\u00e1nak \u00e9s transzmisszi\u00f3s dinamik\u00e1j\u00e1nak tanulm\u00e1nyoz\u00e1s\u00e1t is v\u00e9gzik, mind a betegek, mind a k\u00f3rh\u00e1zak, mind a k\u00f6z\u00f6ss\u00e9gek szintj\u00e9n. L\u00e9trehoztak egy eg\u00e9sz Eur\u00f3p\u00e1ra kiterjed\u0151 laborat\u00f3riumi h\u00e1l\u00f3zatot (LAB-Net) is, ahol fenntartj\u00e1k az antibakteri\u00e1lis gy\u00f3gyszerek fejleszt\u00e9s\u00e9nek t\u00e1mogat\u00e1s\u00e1ra alapult eur\u00f3pai COMBACTE laborat\u00f3riumi fel\u00fcgyeleti h\u00e1l\u00f3zatot. A diagnosztika fejleszt\u00e9se a fert\u0151z\u0151 betegs\u00e9gek gyorsabb detekt\u00e1l\u00e1s\u00e1ra az egyik legfontosabb kutat\u00e1si c\u00e9ljuk. A k\u00f6zelm\u00faltban l\u00e9trehoztak egy \u00faj kutat\u00e1si vonalat is, mely a klinikai mint\u00e1kb\u00f3l sz\u00e1rmaz\u00f3 biofilmek tanulm\u00e1nyoz\u00e1s\u00e1ra \u00f6sszpontos\u00edt: mind laborat\u00f3riumi modellrendszerek seg\u00edts\u00e9g\u00e9vel, mind meta (genomikus \/ transzkriptikus) megk\u00f6zel\u00edt\u00e9sek alkalmaz\u00e1s\u00e1val. Ez nagyon sikeresnek bizonyult mind a kutat\u00e1si eredm\u00e9nyek, mind az ipari munkat\u00e1rsak, egy\u00fcttm\u0171k\u00f6d\u00e9si partnerek vonz\u00e1sa szempontj\u00e1b\u00f3l. UAntwerp \u00f3ri\u00e1si tapasztalatokat halmozott fel a nagy tudom\u00e1nyos konzorciumok \u00f6sszehangol\u00e1s\u00e1val \u00e9s ir\u00e1ny\u00edt\u00e1s\u00e1val kapcsolatban is. Antwerpen leny\u0171g\u00f6z\u0151 tapasztalatokkal rendelkezik nemzetk\u00f6zi projektekben val\u00f3 r\u00e9szv\u00e9telr\u0151l, j\u00f3 n\u00e9h\u00e1ny ERC t\u00e1mogat\u00e1ssal, huszonnyolc egy\u00fcttm\u0171k\u00f6d\u00e9si projekttel \u00e9s egy Marie Curie-akci\u00f3val, amelyeket az FP7\/ H2020 projekt keret\u00e9ben t\u00e1mogattak, \u00e9s t\u00f6bb mint 800 publik\u00e1ci\u00f3val rendelkezik peer-reviwed foly\u00f3iratokban. A k\u00f6zelm\u00faltban Prof. Surbhi Malhotra-Kumar nemr\u00e9g a METHUSALEM-VAX-IDEA belga korm\u00e1ny \u00e1ltal finansz\u00edrozott (2019-2025) d\u00edjat kapta, tudom\u00e1nyos kiv\u00e1l\u00f3s\u00e1g\u00e1nak elismer\u00e9s\u00e9re.<\/p>\n<p style=\"text-align: justify\">Az IdISBa Mikrobiol\u00f3giai Tansz\u00e9k kiv\u00e1l\u00f3 tudom\u00e1nyos tev\u00e9kenys\u00e9g\u00e9t t\u00fckr\u00f6zi, hogy t\u00f6bb mint 200 szak\u00e9rt\u0151i v\u00e9lem\u00e9nyez\u00e9s\u0171 publik\u00e1ci\u00f3 f\u0171z\u0151dik a nev\u00e9hez, amelyek t\u00f6bbs\u00e9ge top foly\u00f3iratokban tal\u00e1lhat\u00f3. Emellett az elm\u00falt 5 \u00e9vben az IdISBa Mikrobiol\u00f3giai Tansz\u00e9k t\u00f6bb versenyk\u00e9pes nemzeti \u00e9s nemzetk\u00f6zi t\u00e1mogat\u00e1st nyert el: 6 nemzeti p\u00e1ly\u00e1zati projektet \u00e9s 6 nemzetk\u00f6zi egy\u00fcttm\u0171k\u00f6d\u00e9si projektet is bonyol\u00edtott (USA, Ausztr\u00e1lia, Eur\u00f3pa). Ezen fel\u00fcl sz\u00e1mos nemzeti p\u00e1ly\u00e1zati p\u00e9nzt, valamint gy\u00f3gyszeripar finansz\u00edroz\u00e1st is maga m\u00f6g\u00f6tt tudhat (MSD; Gilead).<\/p>\n<p style=\"text-align: justify\">UAntwerp \u00e9s IdISBa alapvet\u0151 fontoss\u00e1g\u00faak a vil\u00e1gszerte ismert kutat\u00f3ikkal az SU megfelel\u0151 tudom\u00e1nyos \u00e9s innov\u00e1ci\u00f3s fejleszt\u00e9s\u00e9nek biztos\u00edt\u00e1s\u00e1ban a Twinning program sor\u00e1n felv\u00e1zolt tudom\u00e1nyos strat\u00e9gi\u00e1t k\u00f6vetve. E szerint h\u00e1rom tudom\u00e1nyos vonalra \u00f6sszpontos\u00edtva, \u00e9s t\u00f6bb munkacsoportra osztva fognak dolgozni a partner int\u00e9zm\u00e9nyek, egym\u00e1s kutat\u00f3csoportjainak szak\u00e9rtelm\u00e9re \u00e9s k\u00f6z\u00f6s tudom\u00e1nyos \u00e9rdekeikre alapozva. Ez a strat\u00e9gia a megl\u00e9v\u0151 munkat\u00e1rsakra, valamint az SU \u00e9s a BFM kutat\u00e1si profilj\u00e1nak n\u00f6vel\u00e9s\u00e9re alapoz. Ezenk\u00edv\u00fcl a Twinning programban r\u00e9sztvev\u0151 int\u00e9zm\u00e9nyek k\u00f6z\u00f6tti tudom\u00e1nyos kapcsolatok meger\u0151s\u00f6dnek a Twinning sor\u00e1n kialakult szoros egy\u00fcttm\u0171k\u00f6d\u00e9s r\u00e9v\u00e9n, ez\u00e1ltal hozz\u00e1j\u00e1rulva a tov\u00e1bbi sikeres k\u00f6z\u00f6s munk\u00e1hoz. A partnerek k\u00f6z\u00f6tti eszmefuttat\u00e1st k\u00f6vet\u0151en m\u00e1r k\u00f6rvanalaz\u00f3dnak is kutat\u00e1si ir\u00e1nyok \u00e9s tervek a partner szervezetek kutat\u00f3csoportjai k\u00f6z\u00f6tt.<\/p>\n<h3 style=\"text-align: justify\"><a href=\"https:\/\/semmelweis.hu\" target=\"_blank\" rel=\"noopener noreferrer\">Semmelweis Egyetem (SU)<\/a> &#8211; koordin\u00e1tor<\/h3>\n<p style=\"text-align: justify\">A Semmelweis Egyetem (SU) \u00e1llami, non-profit oktat\u00e1si \u00e9s kutat\u00e1si szervezet. Magyarorsz\u00e1gon \u00e9s a k\u00f6z\u00e9p-eur\u00f3pai r\u00e9gi\u00f3ban az egyike a vezet\u0151 int\u00e9zm\u00e9nyeknek, emellett nemzetk\u00f6zi akad\u00e9miai rangja is figyelemre m\u00e9lt\u00f3. A rangos 102. poz\u00edci\u00f3t el\u00e9r\u0151 Semmelweis Egyetem az egyetlen magyar int\u00e9zm\u00e9ny a vil\u00e1g 200 legn\u00e9pszer\u0171bb egyetem\u00e9nek list\u00e1j\u00e1n. A Times Higher Education \u00e1ltal k\u00f6zz\u00e9tett lista az \u201einternational outlook\u201d mutat\u00f3 eredm\u00e9nyein alapul, amely figyelembe veszi a nemzetk\u00f6zi \u00e9s a hazai hallgat\u00f3k, ill. szem\u00e9lyzet ar\u00e1ny\u00e1t \u00e9s a nemzetk\u00f6zi egy\u00fcttm\u0171k\u00f6d\u00e9seket.<\/p>\n<p style=\"text-align: justify\">Kutat\u00e1si eredm\u00e9nyei \u00e9s publik\u00e1ci\u00f3s tev\u00e9kenys\u00e9gei szempontj\u00e1b\u00f3l a Semmelweis Egyetem a vezet\u0151 egyetem Magyarorsz\u00e1gon az orvostudom\u00e1ny ter\u00fclet\u00e9n, kumulat\u00edv impakt faktora meghaladja a 2000-et \u00e9vente. Mivel a Semmelweis Egyetemnek sz\u00e1mos kutat\u00e1si egy\u00fcttm\u0171k\u00f6d\u00e9si partnere van az orsz\u00e1gban, \u00fagymint p\u00e9ld\u00e1ul a Magyar Tudom\u00e1nyos Akad\u00e9mia \u00edgy az Erasmus + megnyitja az ajt\u00f3t az eg\u00e9sz magyar kutat\u00f3i k\u00f6z\u00f6ss\u00e9g el\u0151tt.<\/p>\n<p style=\"text-align: justify\">Az 1769-es gy\u00f6kerekkel \u00e9s a t\u00f6bb mint 240 \u00e9ves t\u00f6rt\u00e9nelm\u00e9vel az egyetem Magyarorsz\u00e1g egyik legh\u00edresebbje, mely 6 karral, 1400 professzorral \u00e9s kutat\u00f3val rendelkezik. A K + F index alapj\u00e1n az orsz\u00e1g egyik legjobbja, ahol 22 K + F csoport foglalkozik kutat\u00e1ssal \u00e9s fejleszt\u00e9ssel, t\u00f6bb mint 100 akt\u00edv kutat\u00f3csoport publik\u00e1l nemzetk\u00f6zileg elismert \u00e9s magas rang\u00fa foly\u00f3iratokban. Az egyetem 25 klinik\u00e1j\u00e1n magas szint\u0171 orvosl\u00e1s \u00e9s oktat\u00e1s is folyik. Megalakul\u00e1sa \u00f3ta az egyetem t\u00f6bb mint 100 000 diplom\u00e1t adott ki, \u00e9s jelenleg 12 000 hallgat\u00f3t oktat. A tudom\u00e1nyos \u00e9letet 1500 publik\u00e1ci\u00f3 \/ \u00e9v, 1 400 impakt faktor \/ \u00e9v \u00e9s 35 &#8211; 40 Ph.D. disszert\u00e1ci\u00f3 \/ \u00e9v jellemzi. Az egyetem b\u00fcszke h\u00e1rom Nobel-d\u00edjas\u00e1ra, \u00e9s minden itt tanult orvos\u00e1ra is.<\/p>\n<p style=\"text-align: justify\">A Semmelweis Egyetem Orvostudom\u00e1nyi Kar\u00e1t 1769-ben alap\u00edtott\u00e1k, ezzel ez legr\u00e9gebbi \u00e9s legnagyobb kara az egyetemnek. A kar olyan sz\u00ednvonal\u00fa oktat\u00e1st ny\u00fajt, amely teljes m\u00e9rt\u00e9kben egyenrang\u00fa a t\u00f6bbi magas sz\u00ednvonal\u00fa eur\u00f3pai orvosi egyetem\u00e9vel. Orvostudom\u00e1nyi programja (amely M.D. fokozatot eredm\u00e9nyez) h\u00e1rom nyelven \u00e9rhet\u0151 el: magyarul, angolul \u00e9s n\u00e9met\u00fcl. Oktat\u00e1si tev\u00e9kenys\u00e9ge mellett a Kar elk\u00f6telezett h\u00edve, hogy a legmagasabb szint\u0171 eg\u00e9szs\u00e9g\u00fcgyi ell\u00e1t\u00e1s biztos\u00edt\u00e1sa mellett fejlett tudom\u00e1nyos kutat\u00e1sokat is folytasson mind oszt\u00e1lytermeiben, mind klinikai oszt\u00e1lyain.<\/p>\n<p style=\"text-align: justify\">A jelen projektben az SU-t k\u00e9pvisel\u0151 int\u00e9zet az Orvosi Mikrobiol\u00f3giai Int\u00e9zet. Legf\u0151bb \u00e9rdekl\u0151d\u00e9si k\u00f6r\u00fcnk az Enterobacteriaceae epidemiol\u00f3giai \u00e9s molekul\u00e1ris biol\u00f3giai vizsg\u00e1lata.<\/p>\n<h3 style=\"text-align: justify\"><a href=\"https:\/\/www.uantwerpen.be\/en\/research-groups\/laboratory-of-medical-microbiology\/\" target=\"_blank\" rel=\"noopener noreferrer\">Antwerpeni Egyetem (UA)<\/a> &#8211; Partner<\/h3>\n<p style=\"text-align: justify\">Az LMM, UAntwerp Orvosi Mikrobiol\u00f3giai Laborat\u00f3riumn\u00e1l sz\u00e9les k\u00f6r\u0171 orvosi mikrobiol\u00f3giai kutat\u00e1sokkal foglalkoznak, \u00e9s nemzetk\u00f6zileg is elismertek a bakteri\u00e1lis k\u00f3rokoz\u00f3k vizsg\u00e1lat\u00e1ban alkalmazott multidiszciplin\u00e1ris transzl\u00e1ci\u00f3s megk\u00f6zel\u00edt\u00e9s\u00fck miatt. R\u00e9szt vesznek az antibiotikum fel\u00fcgyeleti h\u00e1l\u00f3zatok koordin\u00e1l\u00e1s\u00e1ban, a glob\u00e1lis antibiotikum-haszn\u00e1lat \u00e9s bakteri\u00e1lis rezisztencia adatok gy\u0171jt\u00e9s\u00e9ben, valamint a legmodernebb molekul\u00e1ris technik\u00e1k haszn\u00e1lat\u00e1val a rezisztens k\u00f3rokoz\u00f3k evol\u00faci\u00f3j\u00e1nak \u00e9s \u00e1tviteli dinamik\u00e1j\u00e1nak tanulm\u00e1nyoz\u00e1s\u00e1ban is oroszl\u00e1nr\u00e9szt v\u00e1llalnak.<br \/>\nL\u00e9trehoztak \u00e9s koordin\u00e1lnak egy eg\u00e9sz Eur\u00f3p\u00e1ra kiterjed\u0151 laborat\u00f3riumi h\u00e1l\u00f3zatot (LAB-Net), melynek f\u0151 feladata az antibakteri\u00e1lis gy\u00f3gyszerek fejleszt\u00e9se. <br \/>\nEmellett az egyik legfontosabb kutat\u00e1si programjuk a diagnosztika fejleszt\u00e9se a fert\u0151z\u0151 betegs\u00e9gek gyorsabb felder\u00edt\u00e9se \u00e9rdek\u00e9ben. A k\u00f6zelm\u00faltban elkezdett kutat\u00e1si vonaluk a klinikailag relev\u00e1ns biofilmek tanulm\u00e1nyoz\u00e1s\u00e1ra f\u00f3kusz\u00e1l laborat\u00f3riumi modellrendszerek, valamint metagenomikus \/ transzkriptikus megk\u00f6zel\u00edt\u00e9sek felhaszn\u00e1l\u00e1s\u00e1val. Ez a projekt egyar\u00e1nt sikeresnek bizonyult a kutat\u00e1si eredm\u00e9nyek, \u00e9s az ipari befektet\u0151k vonz\u00e1sa szempontj\u00e1b\u00f3l. <br \/>\nAz LMM \u00f3ri\u00e1si tapasztalatokat halmozott fel a nagy tudom\u00e1nyos konzorciumok, nemzetk\u00f6zi projektek \u00f6sszehangol\u00e1s\u00e1val \u00e9s ir\u00e1ny\u00edt\u00e1s\u00e1val kapcsolatban is: sz\u00e1mos EKT-t\u00e1mogat\u00e1st, t\u00f6bb mint huszonnyolc egy\u00fcttm\u0171k\u00f6d\u00e9si projektet \u00e9s egy Marie Curie-akci\u00f3t nyertek el, amelyeket az FP7 \/ H2020 keret\u00e9ben v\u00e9geztek, \u00e9s t\u00f6bb mint 800 publik\u00e1ci\u00f3juk jelent meg neves szakmai foly\u00f3iratokban. Az LMM elismert kutat\u00e1si k\u00f6zpont a VAX-IDEA programban <a href=\"https:\/\/www.uantwerpen.be\/en\/research-groups\/vax-idea\/\" target=\"_blank\" rel=\"noopener noreferrer\">VAX-IDEA | Vaccine and Infectious Diseases Excellence in Antwerp | University of Antwerp (uantwerpen.be)<\/a>.<\/p>\n<p style=\"text-align: justify\">Az Orvosi Mikrobiol\u00f3giai Laborat\u00f3rium (LMM) vil\u00e1gh\u00edr\u0171, Dr. Herman Goossens \u00e9s Dr. Surbhi Malhotra-Kumar professzorok vezet\u00e9se alatt \u00e1ll. Az LMM-t 1995-ben hozt\u00e1k l\u00e9tre, \u00e9s sz\u00e9lesk\u00f6r\u0171 szak\u00e9rtelemmel rendelkezik a molekul\u00e1ris diagnosztika, az antibiotikumok haszn\u00e1lata \u00e9s rezisztenci\u00e1ja, valamint a k\u00f3rh\u00e1zi \u00e9s az alapell\u00e1t\u00e1si kutat\u00e1sok ter\u00fclet\u00e9n. R\u00e9szt vesz \u00e9s k\u00f6zponti mikrobiol\u00f3giai laborat\u00f3riumk\u00e9nt m\u0171k\u00f6dik sz\u00e1mos nemzetk\u00f6zi projektben, magas szint\u0171 tudom\u00e1nyos szolg\u00e1ltat\u00e1sokat ny\u00fajtva. Az LMM sz\u00e1mos eur\u00f3pai projekt koordin\u00e1tora, mint p\u00e9ld\u00e1ul az European Surveillance for Antimicrobial Consumption (ESAC), Genomics to Combat Resistance against Antibiotics in Community-acquired LRTI in Europe (GRACE), Translational Research on Antimicrobial resistance and Community-acquired infections in Europe (TRACE), Platform for European Preparedness Against (Re-) emerging Epidemics (PREPARE), \u00e9s a New Diagnostics for Infectious Diseases (ND4ID). Az LMM a LAB-Netnek, a COMBACTE-Net (Combatting Bacterial Resistance in Europe) keretein bel\u00fcl m\u0171k\u00f6d\u0151 laborat\u00f3riumi h\u00e1l\u00f3zatnak a k\u00f6zponti koordin\u00e1ci\u00f3s laborat\u00f3riuma, amely t\u00f6bb mint 40 eur\u00f3pai orsz\u00e1g t\u00f6bb sz\u00e1z diagnosztikai \u00e9s sz\u00e1mos speci\u00e1lis kutat\u00f3 laborat\u00f3rium\u00e1b\u00f3l \u00e1ll. Az antibiotikumok haszn\u00e1lat\u00e1nak az emberi k\u00f3rokoz\u00f3kra \u00e9s az emberek \u00e9s \u00e1llatok kommenz\u00e1lis fl\u00f3r\u00e1j\u00e1ra gyakorolt hat\u00e1s\u00e1nak vizsg\u00e1lata az LMM egyik f\u0151 kutat\u00e1si ter\u00fclete. Jelenleg a legmodernebb genetikai, genomikai \u00e9s mikrobiol\u00f3giai megk\u00f6zel\u00edt\u00e9seket alkalmazz\u00e1k az antibiotikumok hat\u00e1sainak tanulm\u00e1nyoz\u00e1s\u00e1ra, \u00e9s t\u00e1mogat\u00e1st kaptak a hossz\u00fa leolvas\u00e1s\u00fa szekven\u00e1l\u00e1si technik\u00e1k fejleszt\u00e9s\u00e9re is. Nemcsak a saj\u00e1t kutat\u00e1saikhoz sz\u00fcks\u00e9ges k\u00f6vetkez\u0151 gener\u00e1ci\u00f3s szekven\u00e1l\u00e1sokat v\u00e9gzik, de sz\u00e1mos ipari szerz\u0151d\u00e9ssel is rendelkeznek NGS vizsg\u00e1latok elv\u00e9gz\u00e9s\u00e9re \u00e9s adatok elemz\u00e9s\u00e9re.<\/p>\n<p style=\"text-align: justify\">Tov\u00e1bbi f\u0151bb kutat\u00e1si ir\u00e1nyuk a biofilmekre \u00f6sszpontos\u00edt, mivel egyre t\u00f6bb perziszt\u00e1l\u00f3 fert\u0151z\u00e9s kapcsol\u00f3dik a biofilm k\u00e9pz\u0151d\u00e9s\u00e9hez. Vizsg\u00e1lj\u00e1k a mikrobi\u00e1lis k\u00f6lcs\u00f6nhat\u00e1st a biofilmeken bel\u00fcl, in vitro \u00e9s in vivo, orvosi eszk\u00f6z\u00f6kkel kapcsolatos fert\u0151z\u00e9sekben, p\u00e9ld\u00e1ul l\u00e9legeztet\u0151g\u00e9phez t\u00e1rsult t\u00fcd\u0151gyullad\u00e1sban \u00e9s kat\u00e9terfert\u0151z\u00e9sekben, tov\u00e1bb\u00e1 NGS technik\u00e1kat is haszn\u00e1lnak a vizsg\u00e1lt biofilmekben r\u00e9szt vev\u0151 mikrobi\u00e1lis t\u00e1rsul\u00e1sok jobb meg\u00e9rt\u00e9se \u00e9rdek\u00e9ben.<br \/>\nTov\u00e1bb\u00e1 tanulm\u00e1nyozz\u00e1k a patog\u00e9n bakt\u00e9riumok antibiotikum-rezisztenci\u00e1j\u00e1nak mechanizmusait is. A f\u0151 hangs\u00faly a \u201er\u00e9gi\u201d antibiotikumok vizsg\u00e1lat\u00e1ra ir\u00e1nyul, amelyeket \u00fajb\u00f3l bevezettek a klinikai gyakorlatba, \u00e9s amelyek rezisztencia-mechanizmusai ez\u00e1ltal m\u00e9g nem ismertek, mint p\u00e9ld\u00e1ul a kolisztin, a nitrofurantoin \u00e9s a foszfomicin. Mind a klinikai, mind az in vitro passz\u00e1lt t\u00f6rzsek teljes genomszekven\u00e1l\u00e1son, rezisztenciastabilit\u00e1si vizsg\u00e1latokon \u00e9s fitness cost-felm\u00e9r\u00e9seken mennek kereszt\u00fcl, hogy jobban meg\u00e9rthess\u00fck a rezisztencia-mechanizmusok megjelen\u00e9s\u00e9t, valamint dinamik\u00e1jukat a k\u00f6z\u00f6ss\u00e9gekben.<br \/>\nAz LMM m\u00e1sik f\u0151 c\u00e9lja a diagnosztikai tesztek fejleszt\u00e9se, \u00e9rt\u00e9kel\u00e9se, valid\u00e1l\u00e1sa \u00e9s optimaliz\u00e1l\u00e1sa. Az LMM feladata a diagnosztikai mikrobiol\u00f3giai laborat\u00f3riumok magas sz\u00ednvonal\u00fa, f\u00f6ldrajzilag reprezentat\u00edv eur\u00f3pai h\u00e1l\u00f3zat\u00e1nak kialak\u00edt\u00e1sa \u00e9s fenntart\u00e1sa az antibakteri\u00e1lis gy\u00f3gyszerek fejleszt\u00e9s\u00e9vel kapcsolatos klinikai vizsg\u00e1latok t\u00e1mogat\u00e1sa \u00e9rdek\u00e9ben. Az LMM k\u00f3rh\u00e1zak glob\u00e1lis h\u00e1l\u00f3zat\u00e1t is koordin\u00e1lja az antimikrobi\u00e1lis gy\u00f3gyszerek alkalmaz\u00e1s\u00e1nak tanulm\u00e1nyoz\u00e1sa miatt. Ezek az adatok a k\u00e9s\u0151bbi antibiotikum haszn\u00e1lati jav\u00edt\u00e1s\u00e1t szolg\u00e1lj\u00e1k, k\u00fcl\u00f6n\u00f6sen az alacsony \u00e9s k\u00f6zepes j\u00f6vedelm\u0171 orsz\u00e1gokban. V\u00e9g\u00fcl az LMM koordin\u00e1lja a klinikai kutat\u00e1si kezdem\u00e9nyez\u00e9seket is, hogy a j\u00f6v\u0151ben gyorsan reag\u00e1lhassunk a fenyeget\u0151 COVID-j\u00e1rv\u00e1nyokra (RECOVER \u00e9s ORCHESTRA). Az Eur\u00f3p\u00e1ban kialakulhat\u00f3 egy\u00e9b j\u00e1rv\u00e1nyokra pedig \u00fajszer\u0171 k\u00eds\u00e9rleti terveket dolgoz ki, mint p\u00e9ld\u00e1ul az Adaptive Platform Trials.<\/p>\n<h3 style=\"text-align: justify\">Son Espases Egyetemi K\u00f3rh\u00e1z-IdISBa &#8211; Partner<\/h3>\n<p style=\"text-align: justify\"><a href=\"http:\/\/www.idisba.es\/cat\/\" target=\"_blank\" rel=\"noopener noreferrer\">http:\/\/www.idisba.es\/cat\/<\/a>;\u00a0 <a href=\"http:\/\/www.hospitalsonespases.es\/?lang=es\" target=\"_blank\" rel=\"noopener noreferrer\">http:\/\/www.hospitalsonespases.es\/?lang=es<\/a><\/p>\n<p style=\"text-align: justify\">A Bale\u00e1r-szigetek Eg\u00e9szs\u00e9g\u00fcgyi Kutat\u00f3int\u00e9zet\u00e9t (IdISBa) a Bale\u00e1r-szigetek korm\u00e1ny\u00e1nak Eg\u00e9szs\u00e9g\u00fcgyi Miniszt\u00e9riuma, a Bale\u00e1r-szigetek Eg\u00e9szs\u00e9g\u00fcgyi Szolg\u00e1lata (IB-Salut) \u00e9s a Bale\u00e1r-szigeteki Egyetem (UIB) alkotja. Az IdISBa-t a III. Carlos Nemzeti Eg\u00e9szs\u00e9g\u00fcgyi Int\u00e9zet akkredit\u00e1lta, amely a spanyol Tudom\u00e1nyos, Innov\u00e1ci\u00f3s \u00e9s Egyetemi Miniszt\u00e9riumhoz tartozik.<\/p>\n<p style=\"text-align: justify\">Az IdISBa k\u00f6zponti \u00e9p\u00fclete a Son Espases Egyetemi K\u00f3rh\u00e1zhoz (HUSE) kapcsol\u00f3d\u00f3an tal\u00e1lhat\u00f3, amely \u00edgy t\u00f6bb mint 4.000 m2-es kutat\u00e1si \u00e9s oktat\u00e1si l\u00e9tes\u00edtm\u00e9nyt tartalmaz. A HUSE egy \u00e1llami k\u00f3rh\u00e1z Palma de Mallorc\u00e1n, mely az IB-Salut strukt\u00far\u00e1j\u00e1hoz tartozik, \u00e9s Mallorca els\u0151dleges eg\u00e9szs\u00e9g\u00fcgyi szolg\u00e1ltat\u00f3ja \u00e9s a Bale\u00e1r-szigetek referencia k\u00f3rh\u00e1za is egyben. 1 047 288 lakost szolg\u00e1l ki. 4833 dolgoz\u00f3ja \u00e9vente \u00e1tlagosan 504 800 j\u00e1r\u00f3beteg-konzult\u00e1ci\u00f3t, 127 300 s\u00fcrg\u0151ss\u00e9gi \u00e9s 19 000 seb\u00e9szeti beavatkoz\u00e1st v\u00e9gez el. A Bale\u00e1r-szigetek Orvostudom\u00e1nyi Kara is a HUSE-ban tal\u00e1lhat\u00f3.<\/p>\n<h3 style=\"text-align: justify\"><a href=\"\/\/bfm.hr\/\" target=\"_blank\" rel=\"noopener noreferrer\">Klinika Za Infektivne Bolesti \u201eDr. Fran Mihaljevic \u201d(BFM) &#8211; Partner<\/a><\/h3>\n<p style=\"text-align: justify\">Az Egyetemi Fert\u0151z\u0151 Betegs\u00e9gek K\u00f3rh\u00e1za (BFM) a vezet\u0151 int\u00e9zm\u00e9ny a fert\u0151z\u0151 betegs\u00e9gek diagnosztiz\u00e1l\u00e1s\u00e1ban \u00e9s kezel\u00e9s\u00e9ben Horv\u00e1torsz\u00e1gban \u00e9s a k\u00f6rnyez\u0151 r\u00e9gi\u00f3ban. Ez egy harmadlagos refer\u00e1l\u00f3 eg\u00e9szs\u00e9g\u00fcgyi szolg\u00e1ltat\u00f3, mely \u00e9vente t\u00f6bb mint 7000 fekv\u0151 \u00e9s 65 000 j\u00e1r\u00f3beteget kezel, akik kb. 1 milli\u00f3 lakos\u00fa ter\u00fcletr\u0151l \u00e9rkeznek (Z\u00e1gr\u00e1b v\u00e1ros\u00e1nak \u00e9s Z\u00e1gr\u00e1b megy\u00e9nek lakoss\u00e1ga), de Horv\u00e1torsz\u00e1g m\u00e1s r\u00e9gi\u00f3ib\u00f3l \u00e9s a szomsz\u00e9dos orsz\u00e1gokb\u00f3l is ir\u00e1ny\u00edtanak ide betegeket.<\/p>\n<p style=\"text-align: justify\">A BFM kapcsolatban \u00e1ll a Z\u00e1gr\u00e1bi Egyetem Orvostudom\u00e1nyi Kar\u00e1val \u00e9s a Fogorvosi Orvostudom\u00e1nyi Karral. Oktat\u00f3 k\u00f3rh\u00e1z az orvostudom\u00e1nyi, a fogorvosl\u00e1si \u00e9s az \u00e1pol\u00e1stani hallgat\u00f3k \u00e9s a posztgradu\u00e1lis k\u00e9pz\u00e9sben r\u00e9sztvev\u0151k sz\u00e1m\u00e1ra, valamint m\u00e1s orvosi ter\u00fcleteken &#8211; klinikai mikrobiol\u00f3gia, epidemiol\u00f3gia, belgy\u00f3gy\u00e1szat, neurol\u00f3gia, gyermekgy\u00f3gy\u00e1szat \u2013 szakosodni k\u00edv\u00e1n\u00f3 orvosok sz\u00e1m\u00e1ra.<\/p>\n<p style=\"text-align: justify\">A horv\u00e1torsz\u00e1gi fert\u0151z\u0151 betegs\u00e9gek vezet\u0151 int\u00e9zm\u00e9nyek\u00e9nt 1893-ban alap\u00edtott BFM az al\u00e1bbi szakter\u00fcletek nemzeti referenciak\u00f6zpontjak\u00e9nt is szolg\u00e1l: fert\u0151z\u0151 betegs\u00e9gek diagnosztiz\u00e1l\u00e1sa \u00e9s kezel\u00e9se, v\u00edrusos hepatitis, HIV-fert\u0151z\u00e9s, h\u00fagy\u00fati fert\u0151z\u00e9sek, antibiotikum-rezisztencia fel\u00fcgyelet, tr\u00f3pusi \u00e9s utaz\u00e1si orvosl\u00e1s \u00e9s az extracorporeal membr\u00e1n oxigeniz\u00e1l\u00e1s (ECMO) szak\u00e9rt\u0151je akut l\u00e9gz\u00e9si distressz szindr\u00f3m\u00e1ban (ARDS) szenved\u0151 betegekn\u00e9l.<\/p>\n<p style=\"text-align: justify\">A BFM a horv\u00e1t Orvosi Sz\u00f6vets\u00e9g, a Horv\u00e1t Fert\u0151z\u0151 Betegs\u00e9gek T\u00e1rsas\u00e1ga, a Horv\u00e1t Klinikai Mikrobiol\u00f3giai T\u00e1rsas\u00e1g, a Horv\u00e1t Urogenit\u00e1lis \u00e9s Nemi Fert\u0151z\u00e9sek T\u00e1rsas\u00e1ga, a Horv\u00e1t Kemoter\u00e1pi\u00e1s T\u00e1rsas\u00e1g, a Horv\u00e1t Biobiztons\u00e1gi \u00e9s Biol\u00f3giai Biztons\u00e1gi T\u00e1rsas\u00e1g, valamint a Horv\u00e1t Utaz\u00e1si, Tr\u00f3pusi \u00e9s Migr\u00e1ci\u00f3s Orvosl\u00e1s szakmai t\u00e1rsas\u00e1gaihoz is tartozik.<\/p>\n<p style=\"text-align: justify\">Sz\u00e1mos kutat\u00e1si projektet \u00e9s klinikai vizsg\u00e1latot hajtanak v\u00e9gre a k\u00f3rh\u00e1z orvosai nemzetk\u00f6zi partnerekkel egy\u00fcttm\u0171k\u00f6dve. K\u00fcl\u00f6nleges kutat\u00e1si \u00e9rdekl\u0151d\u00e9si ter\u00fcletei az immunhi\u00e1ny k\u00f6vetkezt\u00e9ben kialakul\u00f3 fert\u0151z\u00e9sek, az antibiotikumok \u00e9s kemoter\u00e1pi\u00e1s gy\u00f3gyszerek racion\u00e1lis alkalmaz\u00e1sa, az \u00faj diagnosztikai m\u00f3dszerek kidolgoz\u00e1sa a gyors k\u00f3roki diagnosztiz\u00e1l\u00e1shoz, a k\u00f3rh\u00e1zi fert\u0151z\u00e9sek elleni v\u00e9dekez\u00e9s stb.<\/p>\n<p style=\"text-align: justify\">A jelenleg zajl\u00f3 nemzetk\u00f6zi projektjeik \u00e9s egy\u00fcttm\u0171k\u00f6d\u00e9seik mag\u00e1ba foglalj\u00e1k a molekul\u00e1ris diagnosztika, a citomegalovir\u00e1lis vakcina vektor-koncepci\u00f3k, a v\u00edrusimmunol\u00f3gia \u00e9s a vakcin\u00e1k fejleszt\u00e9se ter\u00fclet\u00e9n v\u00e9gzett kutat\u00e1sokat.<\/p>\n","protected":false},"excerpt":{"rendered":"<p>Az AmReSu konzorcium nemzetk\u00f6zileg elismert kutat\u00f3k\u00f6zpontjai UAntwerp \u00e9s IdISBa. Vitathatatlanul tudom\u00e1nyos kiv\u00e1l\u00f3s\u00e1gok az immunit\u00e1s \u00e9s a fert\u0151z\u00e9sek kutat\u00e1s\u00e1ban, nemzetk\u00f6zi egy\u00fcttm\u0171k\u00f6d\u00e9si h\u00e1l\u00f3zataik, technikai kapacit\u00e1suk \u00e9s innov\u00e1ci\u00f3 \u00f6szt\u00f6nz\u00e9seik teszik \u0151ket a legjobb Twinning partnerekk\u00e9 az SU \u00e9s a BFM sz\u00e1m\u00e1ra. UAntwerp, sz\u00e9les k\u00f6r\u0171 orvosi mikrobiol\u00f3giai kutat\u00e1sokat v\u00e9gez, \u00e9s nemzetk\u00f6zileg is elismert multidiszciplin\u00e1ris megk\u00f6zel\u00edt\u00e9st alkalmaz a bakteri\u00e1lis k\u00f3rokoz\u00f3k &hellip;<\/p>\n","protected":false},"author":182,"featured_media":0,"parent":244,"menu_order":3,"comment_status":"closed","ping_status":"closed","template":"","meta":{"_acf_changed":false,"footnotes":""},"categories":[],"tags":[],"class_list":["post-251","page","type-page","status-publish","hentry"],"acf":[],"_links":{"self":[{"href":"https:\/\/semmelweis.hu\/amresu\/wp-json\/wp\/v2\/pages\/251","targetHints":{"allow":["GET"]}}],"collection":[{"href":"https:\/\/semmelweis.hu\/amresu\/wp-json\/wp\/v2\/pages"}],"about":[{"href":"https:\/\/semmelweis.hu\/amresu\/wp-json\/wp\/v2\/types\/page"}],"author":[{"embeddable":true,"href":"https:\/\/semmelweis.hu\/amresu\/wp-json\/wp\/v2\/users\/182"}],"replies":[{"embeddable":true,"href":"https:\/\/semmelweis.hu\/amresu\/wp-json\/wp\/v2\/comments?post=251"}],"version-history":[{"count":2,"href":"https:\/\/semmelweis.hu\/amresu\/wp-json\/wp\/v2\/pages\/251\/revisions"}],"predecessor-version":[{"id":253,"href":"https:\/\/semmelweis.hu\/amresu\/wp-json\/wp\/v2\/pages\/251\/revisions\/253"}],"up":[{"embeddable":true,"href":"https:\/\/semmelweis.hu\/amresu\/wp-json\/wp\/v2\/pages\/244"}],"wp:attachment":[{"href":"https:\/\/semmelweis.hu\/amresu\/wp-json\/wp\/v2\/media?parent=251"}],"wp:term":[{"taxonomy":"category","embeddable":true,"href":"https:\/\/semmelweis.hu\/amresu\/wp-json\/wp\/v2\/categories?post=251"},{"taxonomy":"post_tag","embeddable":true,"href":"https:\/\/semmelweis.hu\/amresu\/wp-json\/wp\/v2\/tags?post=251"}],"curies":[{"name":"wp","href":"https:\/\/api.w.org\/{rel}","templated":true}]}}