{"id":246,"date":"2020-12-09T10:21:20","date_gmt":"2020-12-09T09:21:20","guid":{"rendered":"https:\/\/semmelweis.hu\/amresu\/?page_id=246"},"modified":"2020-12-17T11:23:08","modified_gmt":"2020-12-17T10:23:08","slug":"megvalositas","status":"publish","type":"page","link":"https:\/\/semmelweis.hu\/amresu\/hu\/projekt-leiras\/megvalositas\/","title":{"rendered":"Megval\u00f3s\u00edt\u00e1s"},"content":{"rendered":"<p style=\"text-align: justify\">A munkacsomagok (work package WP) fel\u00e9p\u00edt\u00e9se az AmReSu j\u00f6v\u0151k\u00e9p fejleszt\u00e9si koncepci\u00f3j\u00e1t k\u00f6veti, \u00e9s ezek a csomagok t\u00f6bb p\u00e1rhuzamos p\u00e1ly\u00e1n futnak, a projekt t\u00e1mogat\u00e1si akci\u00f3ival egy\u00fctt, \u00fagymint p\u00e9ld\u00e1ul az etikai k\u00f6vetelm\u00e9nyek (WP1), az \u00e1ltal\u00e1nos projektmenedzsment (WP2), valamint a WP5 \u00e9s WP6 kommunik\u00e1ci\u00f3s \u00e9s h\u00edrterjeszt\u00e9si int\u00e9zked\u00e9sek. A WP2 (projektmenedzsment) fel\u00f6leli azokat a vezet\u0151i feladatokat, amelyek sz\u00fcks\u00e9gesek a partnerek munk\u00e1j\u00e1nak \u00f6sszehangol\u00e1s\u00e1hoz, valamint a t\u00e1mogat\u00e1si meg\u00e1llapod\u00e1s v\u00e9grehajt\u00e1s\u00e1val kapcsolatos \u00f6sszes adminisztrat\u00edv feladat teljes\u00edt\u00e9s\u00e9hez. A WP5 (terjeszt\u00e9s, kommunik\u00e1ci\u00f3) jelent\u0151s hangs\u00falyt fektet a megfelel\u0151 kommunik\u00e1ci\u00f3s strat\u00e9gi\u00e1k kidolgoz\u00e1s\u00e1ra mind a figyelemfelkelt\u00e9s, mind az inform\u00e1ci\u00f3 tov\u00e1bb\u00edt\u00e1sa ter\u00e9n, a megfelel\u0151 befektet\u0151k \u00e9s \u00e9rdekletek el\u00e9r\u00e9se \u00e9rdek\u00e9ben. A projektr\u0151l sz\u00f3l\u00f3 \u00e1ltal\u00e1nos inform\u00e1ci\u00f3kat a sz\u00e9lesebb nyilv\u00e1noss\u00e1g sz\u00e1m\u00e1ra is rendelkez\u00e9sre bocs\u00e1tjuk, valamint ny\u00edlt hozz\u00e1f\u00e9r\u00e9s\u0171 kiadv\u00e1nyokat, cikkeket is k\u00e9sz\u00edt\u00fcnk.<\/p>\n<p style=\"text-align: justify\">A koordin\u00e1ci\u00f3s elemek \u00e9s cselekv\u00e9si tervek k\u00f6z\u00f6sen biztos\u00edtj\u00e1k az AmReSu j\u00f6v\u0151k\u00e9p megfelel\u0151 megval\u00f3s\u00edt\u00e1s\u00e1t. Ez\u00e9rt a r\u00e9sztvev\u0151 partnerek k\u00f6z\u00f6sen \u00e9s egym\u00e1s mellett p\u00e1rhuzamosan is fognak dolgozni, mindenki egy-egy alfeladatra koncentr\u00e1lva. A WP3 (antimikrobi\u00e1lis rezisztencia az emberi gazdaszervezetben), a WP4 (antimikrobi\u00e1lis rezisztencia a bakt\u00e9riumt\u00f6rzsek szintj\u00e9n) ismerteti \u00e9s seg\u00edt jav\u00edtani az adott t\u00e9ma kutat\u00e1si potenci\u00e1lj\u00e1t, mik\u00f6zben a Twinning program megval\u00f3s\u00edtja a mentor\u00e1l\u00e1si, tov\u00e1bbk\u00e9pz\u00e9si c\u00e9ljait is. A WP3 eset\u00e9ben kiv\u00e1lasztunk a WHO els\u0151bbs\u00e9gi k\u00f3rokoz\u00f3 list\u00e1j\u00e1b\u00f3l t\u00edz relev\u00e1ns bakeri\u00e1lis k\u00f3rokoz\u00f3t, (kiv\u00e9ve a P. aeruginosa-t, mivel ezzel majd a WP4 foglalkozik r\u00e9szleteiben) \u00e9s felhaszn\u00e1ljuk ezeket a t\u00f6rzseket a k\u00e9pz\u00e9s sor\u00e1n. A metagenomika ter\u00fclet\u00e9n legink\u00e1bb a l\u00e9gz\u0151szervi mint\u00e1kra fogunk \u00f6sszpontos\u00edtani, mivel a WHO list\u00e1n felsorolt k\u00f3rokoz\u00f3k t\u00f6bbs\u00e9ge k\u00f6ztudottan s\u00falyos l\u00e9gz\u0151szeri megbetegs\u00e9geket okoz. V\u00e9letlenszer\u0171en kiv\u00e1lasztunk 30-50 l\u00e9g\u00fati fert\u0151z\u00e9sb\u0151l \u00e1ll\u00f3 mint\u00e1t (p\u00e9ld\u00e1ul ETA), amelyet m\u00e1r t\u00e1rolnak az UAntwerp biobankban.<\/p>\n<p style=\"text-align: justify\">A fenntarthat\u00f3s\u00e1g el\u0151k\u00e9sz\u00edt\u00e9se \u00e9rdek\u00e9ben a WP6-ban (Hat\u00e1svizsg\u00e1lat \u00e9s fenntarthat\u00f3s\u00e1g) a partnerek az IP-menedzsmentre \u00e9s a megoszt\u00e1si k\u00e9rd\u00e9sekre \u00f6sszpontos\u00edtanak, valamint az egy\u00fcttm\u0171k\u00f6d\u00e9s fellend\u00edt\u00e9s\u00e9re az iparral \u00e9s m\u00e1s \u00e9rdekelt d\u00f6nt\u00e9shoz\u00f3kkal.<\/p>\n<p style=\"text-align: justify\">Az AmReSu program v\u00e9grehajt\u00e1sa a fentebb le\u00edrtaknak megfelel\u0151en t\u00f6rt\u00e9nik:<\/p>\n<table style=\"height: 319px;width: 99.8992%;border-collapse: collapse\">\n<tbody>\n<tr style=\"height: 30px;background-color: #000099\">\n<td style=\"width: 8.02718%;height: 30px;text-align: center\"><span style=\"color: #ffffff\"><strong>WP sz\u00e1m<\/strong><\/span><\/td>\n<td style=\"width: 62.449%;height: 30px;text-align: center\"><span style=\"color: #ffffff\"><strong>WP c\u00edm<\/strong><\/span><\/td>\n<td style=\"width: 12.2449%;height: 30px;text-align: center\"><span style=\"color: #ffffff\"><strong>Vezet\u0151 partner<\/strong><\/span><\/td>\n<td style=\"width: 7.89121%;height: 30px;text-align: center\"><span style=\"color: #ffffff\"><strong>Kezd\u0151 h\u00f3nap<\/strong><\/span><\/td>\n<td style=\"width: 9.38773%;height: 30px;text-align: center\"><span style=\"color: #ffffff\"><strong>V\u00e9ge h\u00f3nap<\/strong><\/span><\/td>\n<\/tr>\n<tr style=\"height: 30px\">\n<td style=\"width: 8.02718%;height: 30px\"><strong>WP1<\/strong><\/td>\n<td style=\"width: 62.449%;height: 30px\">Etikai dokument\u00e1ci\u00f3<\/td>\n<td style=\"width: 12.2449%;height: 30px\">SU<\/td>\n<td style=\"width: 7.89121%;height: 30px;text-align: center\">1<\/td>\n<td style=\"width: 9.38773%;height: 30px;text-align: center\">36<\/td>\n<\/tr>\n<tr style=\"height: 30px\">\n<td style=\"width: 8.02718%;height: 30px\"><strong>WP2<\/strong><\/td>\n<td style=\"width: 62.449%;height: 30px\">Konzorciumi menedzsment<\/td>\n<td style=\"width: 12.2449%;height: 30px\">SU<\/td>\n<td style=\"width: 7.89121%;height: 30px;text-align: center\">1<\/td>\n<td style=\"width: 9.38773%;height: 30px;text-align: center\">36<\/td>\n<\/tr>\n<tr style=\"height: 30px\">\n<td style=\"width: 8.02718%;height: 30px\"><strong>WP3<\/strong><\/td>\n<td style=\"width: 62.449%;height: 30px\">Antimikrobi\u00e1lis rezisztencia az emberi gazdaszervezetben (rezisztome)<\/td>\n<td style=\"width: 12.2449%;height: 30px\">UAntwerp<\/td>\n<td style=\"width: 7.89121%;height: 30px;text-align: center\">1<\/td>\n<td style=\"width: 9.38773%;height: 30px;text-align: center\">36<\/td>\n<\/tr>\n<tr style=\"height: 30px\">\n<td style=\"width: 8.02718%;height: 30px\"><strong>WP4<\/strong><\/td>\n<td style=\"width: 62.449%;height: 30px\">Teljes genom szekven\u00e1l\u00e1si eredm\u00e9nyek \u00e9rt\u00e9kel\u00e9se <em>Pseudomonas aeruginosa<\/em> t\u00f6rzseken<\/td>\n<td style=\"width: 12.2449%;height: 30px\">IdISBa<\/td>\n<td style=\"width: 7.89121%;height: 30px;text-align: center\">1<\/td>\n<td style=\"width: 9.38773%;height: 30px;text-align: center\">36<\/td>\n<\/tr>\n<tr style=\"height: 30px\">\n<td style=\"width: 8.02718%;height: 30px\"><strong>WP5<\/strong><\/td>\n<td style=\"width: 62.449%;height: 30px\">Kommunik\u00e1ci\u00f3<\/td>\n<td style=\"width: 12.2449%;height: 30px\">BFM<\/td>\n<td style=\"width: 7.89121%;height: 30px;text-align: center\">1<\/td>\n<td style=\"width: 9.38773%;height: 30px;text-align: center\">36<\/td>\n<\/tr>\n<tr style=\"height: 30px\">\n<td style=\"width: 8.02718%;height: 30px\"><strong>WP6<\/strong><\/td>\n<td style=\"width: 62.449%;height: 30px\">Hat\u00e1svizsg\u00e1lat \u00e9s fenntarthat\u00f3s\u00e1g<\/td>\n<td style=\"width: 12.2449%;height: 30px\">SU<\/td>\n<td style=\"width: 7.89121%;height: 30px;text-align: center\">12<\/td>\n<td style=\"width: 9.38773%;height: 30px;text-align: center\">36<\/td>\n<\/tr>\n<\/tbody>\n<\/table>\n<p>&nbsp;<\/p>\n","protected":false},"excerpt":{"rendered":"<p>A munkacsomagok (work package WP) fel\u00e9p\u00edt\u00e9se az AmReSu j\u00f6v\u0151k\u00e9p fejleszt\u00e9si koncepci\u00f3j\u00e1t k\u00f6veti, \u00e9s ezek a csomagok t\u00f6bb p\u00e1rhuzamos p\u00e1ly\u00e1n futnak, a projekt t\u00e1mogat\u00e1si akci\u00f3ival egy\u00fctt, \u00fagymint p\u00e9ld\u00e1ul az etikai k\u00f6vetelm\u00e9nyek (WP1), az \u00e1ltal\u00e1nos projektmenedzsment (WP2), valamint a WP5 \u00e9s WP6 kommunik\u00e1ci\u00f3s \u00e9s h\u00edrterjeszt\u00e9si int\u00e9zked\u00e9sek. A WP2 (projektmenedzsment) fel\u00f6leli azokat a vezet\u0151i feladatokat, amelyek sz\u00fcks\u00e9gesek a &hellip;<\/p>\n","protected":false},"author":182,"featured_media":0,"parent":244,"menu_order":1,"comment_status":"closed","ping_status":"closed","template":"","meta":{"_acf_changed":false,"footnotes":""},"categories":[],"tags":[],"class_list":["post-246","page","type-page","status-publish","hentry"],"acf":[],"_links":{"self":[{"href":"https:\/\/semmelweis.hu\/amresu\/wp-json\/wp\/v2\/pages\/246","targetHints":{"allow":["GET"]}}],"collection":[{"href":"https:\/\/semmelweis.hu\/amresu\/wp-json\/wp\/v2\/pages"}],"about":[{"href":"https:\/\/semmelweis.hu\/amresu\/wp-json\/wp\/v2\/types\/page"}],"author":[{"embeddable":true,"href":"https:\/\/semmelweis.hu\/amresu\/wp-json\/wp\/v2\/users\/182"}],"replies":[{"embeddable":true,"href":"https:\/\/semmelweis.hu\/amresu\/wp-json\/wp\/v2\/comments?post=246"}],"version-history":[{"count":1,"href":"https:\/\/semmelweis.hu\/amresu\/wp-json\/wp\/v2\/pages\/246\/revisions"}],"predecessor-version":[{"id":248,"href":"https:\/\/semmelweis.hu\/amresu\/wp-json\/wp\/v2\/pages\/246\/revisions\/248"}],"up":[{"embeddable":true,"href":"https:\/\/semmelweis.hu\/amresu\/wp-json\/wp\/v2\/pages\/244"}],"wp:attachment":[{"href":"https:\/\/semmelweis.hu\/amresu\/wp-json\/wp\/v2\/media?parent=246"}],"wp:term":[{"taxonomy":"category","embeddable":true,"href":"https:\/\/semmelweis.hu\/amresu\/wp-json\/wp\/v2\/categories?post=246"},{"taxonomy":"post_tag","embeddable":true,"href":"https:\/\/semmelweis.hu\/amresu\/wp-json\/wp\/v2\/tags?post=246"}],"curies":[{"name":"wp","href":"https:\/\/api.w.org\/{rel}","templated":true}]}}