{"id":244,"date":"2020-11-20T11:03:26","date_gmt":"2020-11-20T10:03:26","guid":{"rendered":"https:\/\/semmelweis.hu\/amresu\/?page_id=244"},"modified":"2020-12-17T11:22:53","modified_gmt":"2020-12-17T10:22:53","slug":"projekt-leiras","status":"publish","type":"page","link":"https:\/\/semmelweis.hu\/amresu\/hu\/projekt-leiras\/","title":{"rendered":"Projekt le\u00edr\u00e1s"},"content":{"rendered":"<p><img loading=\"lazy\" decoding=\"async\" class=\"size-full wp-image-216 alignleft\" src=\"https:\/\/semmelweis.hu\/amresu\/files\/2020\/11\/150px-Flag_of_Europe.png\" alt=\"\" width=\"150\" height=\"100\" \/><strong>Ez a projekt az Eur\u00f3pai Uni\u00f3 Horizon 2020 kutat\u00e1si \u00e9s fejleszt\u00e9si programj\u00e1t\u00f3l nyert t\u00e1mogat\u00e1st.<br \/>\nT\u00e1mogat\u00e1si szerz\u0151d\u00e9s azonos\u00edt\u00f3ja: <a href=\"https:\/\/cordis.europa.eu\/project\/id\/952491\" target=\"_blank\" rel=\"noopener noreferrer\">952491<\/a><br \/>\nC\u00edm: <\/strong>Antimicrobial Resistance Surveillance (AmReSu)<\/p>\n<h3>Az antimikrobi\u00e1lis rezisztencia fel\u00fcgyelet\u00e9nek (antimicrobial resistance surveillance) fejleszt\u00e9se Horv\u00e1torsz\u00e1gban \u00e9s Magyarorsz\u00e1gon<\/h3>\n<p style=\"text-align: justify\">Az antimikrobi\u00e1lis rezisztencia (AMR) n\u00f6vekszik, \u00e9s \u00e9vente nagyj\u00e1b\u00f3l 700 000 hal\u00e1lesetet okoz vil\u00e1gszerte. Horv\u00e1torsz\u00e1gban \u00e9s Magyarorsz\u00e1gon is r\u00e9szben az AMR felel\u0151s a morbidit\u00e1s \u00e9s a hal\u00e1loz\u00e1si ar\u00e1ny gyors l\u00e9pt\u00e9k\u0171 n\u00f6veked\u00e9s\u00e9\u00e9rt. Az EU \u00e1ltal finansz\u00edrozott AmReSu projekt c\u00e9lja mindk\u00e9t orsz\u00e1gban fejleszteneni az AMR-fel\u00fcgyelet innov\u00e1ci\u00f3s k\u00e9pess\u00e9g\u00e9t, azon bel\u00fcl is a teljes genom-szekven\u00e1l\u00e1sra \u00e9s a k\u00f6vetkez\u0151 gener\u00e1ci\u00f3s szekven\u00e1l\u00e1si technik\u00e1kra \u00f6sszpontos\u00edtva. Ezenk\u00edv\u00fcl a Twinning projekt sor\u00e1n kifejleszten\u00e9nk egy \u201eAMR-fel\u00fcgyeleti j\u00f6v\u0151k\u00e9pet\u201d.<br \/>\nA projekt a budapesti Semmelweis Egyetem (SU) \u00e9s a z\u00e1gr\u00e1bi Klinika za infektivne bolesti &#8216;Dr. Fran Mihaljevic &#8216; k\u00f3rh\u00e1z laborat\u00f3rium\u00e1nk (BFM) egy\u00fcttm\u0171k\u00f6d\u00e9se k\u00e9t nemzetk\u00f6zileg vezet\u0151 kutat\u00f3int\u00e9zettel: az Antwerpeni Egyetem Orvosi Mikrobiol\u00f3giai Laborat\u00f3rium\u00e1val (UAntwerp) \u00e9s a Bale\u00e1r-szigetek Eg\u00e9szs\u00e9g\u00fcgyi Kutat\u00f3int\u00e9zet\u00e9vel (IdISBa). Az AmReSu el\u0151seg\u00edti az ismeretek \u00e1tad\u00e1s\u00e1t, \u00e9s a gyakorlati tud\u00e1s cser\u00e9j\u00e9t k\u00e9pz\u00e9si tev\u00e9kenys\u00e9gek \u00e9s a kutat\u00e1si kiv\u00e1l\u00f3s\u00e1gok t\u00e1mogat\u00e1sa r\u00e9v\u00e9n.<\/p>\n<h3 style=\"text-align: justify\">C\u00e9lkit\u0171z\u00e9s\u00fcnk<\/h3>\n<p style=\"text-align: justify\">\u201eEnhanced networking on antimicrobial resistance monitoring with NGS\u201d azaz \u201eFokozott egy\u00fcttm\u0171k\u00f6d\u00e9s az antibiotikum rezisztencia monitor vizsg\u00e1latokban k\u00f6vetkez\u0151 gener\u00e1ci\u00f3s szekven\u00e1l\u00e1si technik\u00e1kkal\u201d projekt\u00fcnk \u00f6sszefogja a Semmelweis Egyetemet (SU) \u00e9s a Klinika Za Infektivne Bolesti \u201eDr. Fran Mihaljevic (BFM) laborat\u00f3rium\u00e1t k\u00e9t nemzetk\u00f6zileg vezet\u0151 kutat\u00f3int\u00e9zettel: az Antwerpeni Egyetem (UAntwerp) Orvosi Mikrobiol\u00f3giai Laborat\u00f3rium\u00e1val (LMM) \u00e9s a Bale\u00e1r-szigetek Eg\u00e9szs\u00e9g\u00fcgyi Kutat\u00f3int\u00e9zet\u00e9vel (IdISBa). A k\u00e9t vezet\u0151 kutat\u00f3hely ir\u00e1nymutat\u00e1st ny\u00fajt abban, hogy hogyan lehet a teljes genom szekven\u00e1l\u00e1si (WGS) \u00e9s k\u00f6vetkez\u0151 gener\u00e1ci\u00f3s szekven\u00e1l\u00e1si technik\u00e1kat (NGS) az antimikrobi\u00e1lis rezisztencia monitoroz\u00e1s\u00e1ban hasznos\u00edtani. <br \/>\nC\u00e9lunk az AmReSu-ban, hogy a legmagasabb eur\u00f3pai szintre er\u0151s\u00edts\u00fck a Semmelweis Egyetem (SU) \u00e9s a Klinika Za Infektivne Bolesti \u201eDr. Fran Mihaljevic (BFM) tudom\u00e1nyos \u00e9s innov\u00e1ci\u00f3s kapacit\u00e1s\u00e1t az antimikrobi\u00e1lis rezisztencia fel\u00fcgyelet\u00e9ben \u00e9s l\u00e9trehozzunk egy antimikrobi\u00e1lis rezisztencia fel\u00fcgyeleti j\u00f6v\u0151k\u00e9pet Magyarorsz\u00e1gon \u00e9s Horv\u00e1torsz\u00e1gban.<br \/>\nAz antimikrobi\u00e1lis rezisztencia (AMR) monitoring er\u0151s\u00edt\u00e9se szint\u00e9n \u00f6sszhangban \u00e1ll a magyar Nemzeti Intelligens Szakosod\u00e1si Strat\u00e9gi\u00e1val (S3) \u00e9s az Antibiotikum-rezisztencia Elleni Horv\u00e1t Nemzeti Programmal (Croatian National Programme for Antibiotic Resistance Control). <br \/>\nAz AMR bakteri\u00e1lis fert\u0151z\u00e9sek glob\u00e1lis vesz\u00e9lyt jelentenek, tov\u00e1bb\u00e1 felel\u0151sek a megn\u00f6vekedett morbidit\u00e1s\u00e9rt \u00e9s hal\u00e1loz\u00e1s\u00e9rt Magyarorsz\u00e1gon \u00e9s Horv\u00e1torsz\u00e1gban is, k\u00fcl\u00f6n\u00f6sen a k\u00f3rh\u00e1zi fert\u0151z\u00e9sek eset\u00e9ben. Sz\u00e1mos kor\u00e1bban kezelhet\u0151 bakteri\u00e1lis fert\u0151z\u00e9st egyre nehezebb gy\u00f3gy\u00edtani. A rezisztencia emelked\u00e9se n\u00f6veli a fert\u0151z\u00e9sekkel j\u00e1r\u00f3 morbidit\u00e1st \u00e9s nagyobb gazdas\u00e1gi terhet r\u00f3 az orsz\u00e1gokra is.<br \/>\nBecsl\u00e9sek szerint a vil\u00e1gon 700 000 hal\u00e1leset tulajdon\u00edthat\u00f3 az AMR-nek minden \u00e9vben, \u00e9s tov\u00e1bbi ellen\u0151rz\u00e9si int\u00e9zked\u00e9sek hi\u00e1ny\u00e1ban 2050-re ez a sz\u00e1m ak\u00e1r az \u00e9vi 10 milli\u00f3 hal\u00e1lesetet is el\u00e9rheti.<br \/>\nProjekt\u00fcnk f\u0151 tev\u00e9kenys\u00e9ge a tud\u00e1stranszfer, int\u00e9zm\u00e9nyi h\u00e1l\u00f3zat\u00e9p\u00edt\u00e9si \u00e9s k\u00e9pz\u00e9si tev\u00e9kenys\u00e9gek r\u00e9v\u00e9n, ide \u00e9rtve a workshopokat, konferenci\u00e1kat, ny\u00e1ri iskol\u00e1kat. Mindezekkel \u00faj szintre tervezz\u00fck emelni az AMR \u00e9s a mikrobiom kutat\u00e1s\u00e1t haz\u00e1nkban, melynek er\u0151s t\u00e1rsadalmi hat\u00e1sa lesz. Ezen projekt r\u00e9v\u00e9n v\u00e1rhat\u00f3an meger\u0151s\u00f6dnek a k\u00f6z\u00f6s kutat\u00e1si programjaink m\u00e1s eur\u00f3pai partnerekkel is.<\/p>\n<h3 style=\"text-align: justify\">Tudom\u00e1nyter\u00fcletek<\/h3>\n<p style=\"text-align: justify\">\u2022 term\u00e9szettudom\u00e1nyok \/ biol\u00f3giai tudom\u00e1nyok \/ mikrobiol\u00f3gia \/ bakteriol\u00f3gia<br \/>\n\u2022 orvosi \u00e9s eg\u00e9szs\u00e9gtudom\u00e1nyok \/ alapgy\u00f3gy\u00e1szat \/ farmakol\u00f3gia \u00e9s gy\u00f3gyszer\u00e9szet \/ gy\u00f3gyszerrezisztencia \/ antibiotikum rezisztencia<\/p>\n<h3>Koordin\u00e1tor<\/h3>\n<p><a href=\"https:\/\/semmelweis.hu\/\" target=\"_blank\" rel=\"noopener noreferrer\">SEMMELWEIS EGYETEM<\/a><br \/>\nMagyarorsz\u00e1g<\/p>\n<p>Tev\u00e9kenys\u00e9g t\u00edpusa<br \/>\nFels\u0151- vagy k\u00f6z\u00e9pfok\u00fa oktat\u00e1si int\u00e9zm\u00e9nyek<br \/>\nEU hozz\u00e1j\u00e1rul\u00e1s: 264 830 eur\u00f3<\/p>\n<h3>R\u00e9sztvev\u0151k<\/h3>\n<p><a href=\"https:\/\/www.uantwerpen.be\/en\/\" target=\"_blank\" rel=\"noopener noreferrer\">UNIVERSITEIT ANTWERPEN<\/a><br \/>\nBelgium<br \/>\nEU-hozz\u00e1j\u00e1rul\u00e1s: 281 500 eur\u00f3<\/p>\n<p><a href=\"http:\/\/www.idisba.es\/en\" target=\"_blank\" rel=\"noopener noreferrer\">FUNDACIO INSTITUT D&#8217;INVESTIGACIO SANITARIA ILLES BALEARS<\/a><br \/>\nSpanyolorsz\u00e1g<br \/>\nEU hozz\u00e1j\u00e1rul\u00e1s: 150 362,50 eur\u00f3<\/p>\n<p><a href=\"https:\/\/bfm.hr\/\" target=\"_blank\" rel=\"noopener noreferrer\">KLINIKA ZA INFEKTIVNE BOLESTI DR. FRAN MIHALJEVIC<\/a><br \/>\nHorv\u00e1torsz\u00e1g<br \/>\nEU-hozz\u00e1j\u00e1rul\u00e1s: 203 302,50 eur\u00f3<\/p>\n","protected":false},"excerpt":{"rendered":"<p>Ez a projekt az Eur\u00f3pai Uni\u00f3 Horizon 2020 kutat\u00e1si \u00e9s fejleszt\u00e9si programj\u00e1t\u00f3l nyert t\u00e1mogat\u00e1st. T\u00e1mogat\u00e1si szerz\u0151d\u00e9s azonos\u00edt\u00f3ja: <a href=\"https:\/\/cordis.europa.eu\/project\/id\/952491\" target=\"_blank\" rel=\"noopener noreferrer\">952491<\/a> C\u00edm: Antimicrobial Resistance Surveillance (AmReSu) Az antimikrobi\u00e1lis rezisztencia fel\u00fcgyelet\u00e9nek (antimicrobial resistance surveillance) fejleszt\u00e9se Horv\u00e1torsz\u00e1gban \u00e9s Magyarorsz\u00e1gon Az antimikrobi\u00e1lis rezisztencia (AMR) n\u00f6vekszik, \u00e9s \u00e9vente nagyj\u00e1b\u00f3l 700 000 hal\u00e1lesetet okoz vil\u00e1gszerte. Horv\u00e1torsz\u00e1gban \u00e9s Magyarorsz\u00e1gon is r\u00e9szben az AMR felel\u0151s a &hellip;<\/p>\n","protected":false},"author":182,"featured_media":0,"parent":0,"menu_order":0,"comment_status":"closed","ping_status":"closed","template":"","meta":{"_acf_changed":false,"footnotes":""},"categories":[],"tags":[],"class_list":["post-244","page","type-page","status-publish","hentry"],"acf":[],"_links":{"self":[{"href":"https:\/\/semmelweis.hu\/amresu\/wp-json\/wp\/v2\/pages\/244","targetHints":{"allow":["GET"]}}],"collection":[{"href":"https:\/\/semmelweis.hu\/amresu\/wp-json\/wp\/v2\/pages"}],"about":[{"href":"https:\/\/semmelweis.hu\/amresu\/wp-json\/wp\/v2\/types\/page"}],"author":[{"embeddable":true,"href":"https:\/\/semmelweis.hu\/amresu\/wp-json\/wp\/v2\/users\/182"}],"replies":[{"embeddable":true,"href":"https:\/\/semmelweis.hu\/amresu\/wp-json\/wp\/v2\/comments?post=244"}],"version-history":[{"count":1,"href":"https:\/\/semmelweis.hu\/amresu\/wp-json\/wp\/v2\/pages\/244\/revisions"}],"predecessor-version":[{"id":245,"href":"https:\/\/semmelweis.hu\/amresu\/wp-json\/wp\/v2\/pages\/244\/revisions\/245"}],"wp:attachment":[{"href":"https:\/\/semmelweis.hu\/amresu\/wp-json\/wp\/v2\/media?parent=244"}],"wp:term":[{"taxonomy":"category","embeddable":true,"href":"https:\/\/semmelweis.hu\/amresu\/wp-json\/wp\/v2\/categories?post=244"},{"taxonomy":"post_tag","embeddable":true,"href":"https:\/\/semmelweis.hu\/amresu\/wp-json\/wp\/v2\/tags?post=244"}],"curies":[{"name":"wp","href":"https:\/\/api.w.org\/{rel}","templated":true}]}}