{"id":965,"date":"2025-01-16T10:05:39","date_gmt":"2025-01-16T09:05:39","guid":{"rendered":"https:\/\/semmelweis.hu\/amerikaiut\/?page_id=965"},"modified":"2025-01-16T10:05:39","modified_gmt":"2025-01-16T09:05:39","slug":"latogatasi-rend","status":"publish","type":"page","link":"https:\/\/semmelweis.hu\/amerikaiut\/beteginformacio\/latogatasi-rend\/","title":{"rendered":"L\u00e1togat\u00e1si rend"},"content":{"rendered":"<p style=\"text-align: center\"><strong>L\u00e1togat\u00e1si Rend<\/strong><\/p>\n<p style=\"text-align: center\">az 2\/2025. sz. Klinikaigazgat\u00f3i Utas\u00edt\u00e1s Mell\u00e9klete<\/p>\n<p>&nbsp;<\/p>\n<table style=\"width: 47.2591%;height: 363px\" width=\"917\">\n<tbody>\n<tr style=\"height: 34px\">\n<td style=\"width: 23.2967%;text-align: center;height: 73px;vertical-align: middle\" rowspan=\"2\" width=\"227\">\n<p><strong>Oszt\u00e1ly<\/strong><\/p>\n<\/td>\n<td style=\"width: 15.3846%;text-align: center;height: 34px;vertical-align: middle\" colspan=\"2\" width=\"135\">\n<p><strong>H\u00e9tk\u00f6znap<\/strong><\/p>\n<\/td>\n<td style=\"width: 15.3846%;text-align: center;height: 34px;vertical-align: middle\" colspan=\"2\" width=\"123\">\n<p><strong>H\u00e9tv\u00e9ge<\/strong><\/p>\n<\/td>\n<td style=\"width: 80.4952%;text-align: center;height: 34px;vertical-align: middle\" colspan=\"4\" width=\"432\">\n<p><strong>Aj\u00e1nl\u00e1s<\/strong><\/p>\n<\/td>\n<\/tr>\n<tr style=\"height: 39px\">\n<td style=\"width: 7.58242%;text-align: center;height: 39px;vertical-align: middle\" width=\"66\">\n<p><strong>D\u00e9lel\u0151tt<\/strong><\/p>\n<\/td>\n<td style=\"width: 7.8022%;text-align: center;height: 39px;vertical-align: middle\" width=\"68\">\n<p><strong>D\u00e9lut\u00e1n<\/strong><\/p>\n<\/td>\n<td style=\"width: 7.58242%;text-align: center;height: 39px;vertical-align: middle\" width=\"59\">\n<p><strong>D\u00e9lel\u0151tt <\/strong><\/p>\n<\/td>\n<td style=\"width: 7.8022%;text-align: center;height: 39px;vertical-align: middle\" width=\"64\">\n<p><strong>D\u00e9lut\u00e1n<\/strong><\/p>\n<\/td>\n<td style=\"width: 10.2198%;text-align: center;height: 39px;vertical-align: middle\" width=\"94\">\n<p><strong>K\u00f3rterem <\/strong><\/p>\n<\/td>\n<td style=\"width: 8.9011%;text-align: center;height: 39px;vertical-align: middle\" width=\"85\">\n<p><strong>K\u00f6z\u00f6s t\u00e9r<\/strong><\/p>\n<\/td>\n<td style=\"width: 9.01099%;text-align: center;height: 39px;vertical-align: middle\" width=\"85\">\n<p><strong>Udvar<\/strong><\/p>\n<\/td>\n<td style=\"width: 52.3633%;text-align: center;height: 39px;vertical-align: middle\" width=\"168\">\n<p><strong>Gondoz\u00e1s<\/strong><\/p>\n<\/td>\n<\/tr>\n<tr style=\"height: 82px\">\n<td style=\"width: 23.2967%;height: 82px\" width=\"227\">\n<p>K\u00f6zponti Intenz\u00edv Oszt\u00e1ly<\/p>\n<\/td>\n<td style=\"width: 7.58242%;height: 82px\" width=\"66\">\n<p>&#8211;<\/p>\n<\/td>\n<td style=\"width: 7.8022%;height: 82px\" width=\"68\">\n<p>13-14 h \u00e9s <br \/>\n17-18 h<\/p>\n<\/td>\n<td style=\"width: 7.58242%;height: 82px\" width=\"59\">\n<p>11-12 h<\/p>\n<\/td>\n<td style=\"width: 7.8022%;height: 82px\" width=\"64\">\n<p>16-17 h<\/p>\n<\/td>\n<td style=\"width: 10.2198%;height: 82px\" width=\"94\">\n<p>max. 2 f\u0151, <br \/>\nmax. 20 perc<\/p>\n<\/td>\n<td style=\"width: 8.9011%;height: 82px\" width=\"85\">\n<p>&#8211;<\/p>\n<\/td>\n<td style=\"width: 9.01099%;height: 82px\" width=\"85\">\n<p>&#8211;<\/p>\n<\/td>\n<td style=\"width: 52.3633%;height: 82px\" width=\"168\">\n<p>&#8211;<\/p>\n<\/td>\n<\/tr>\n<tr style=\"height: 52px\">\n<td style=\"width: 23.2967%;height: 52px\" width=\"227\">\n<p>Szubintenz\u00edv r\u00e9szleg<\/p>\n<\/td>\n<td style=\"width: 7.58242%;height: 52px\" width=\"66\">\n<p>11-12 h<\/p>\n<\/td>\n<td style=\"width: 7.8022%;height: 52px\" width=\"68\">\n<p>16-17 h<\/p>\n<\/td>\n<td style=\"width: 7.58242%;height: 52px\" width=\"59\">\n<p>11-12 h<\/p>\n<\/td>\n<td style=\"width: 7.8022%;height: 52px\" width=\"64\">\n<p>16-17 h<\/p>\n<\/td>\n<td style=\"width: 10.2198%;height: 52px\" width=\"94\">\n<p>max. 1 f\u0151<\/p>\n<\/td>\n<td style=\"width: 8.9011%;height: 52px\" width=\"85\">\n<p>&#8211;<\/p>\n<\/td>\n<td style=\"width: 9.01099%;height: 52px\" width=\"85\">\n<p>&#8211;<\/p>\n<\/td>\n<td style=\"width: 52.3633%;height: 52px\" width=\"168\">\n<p>&#8211;<\/p>\n<\/td>\n<\/tr>\n<tr style=\"height: 52px\">\n<td style=\"width: 23.2967%;height: 52px\" width=\"227\">\n<p>Feln\u0151tt idegseb\u00e9szeti oszt\u00e1lyok<\/p>\n<\/td>\n<td style=\"width: 7.58242%;height: 52px\" width=\"66\">\n<p>&#8211;<\/p>\n<\/td>\n<td style=\"width: 7.8022%;height: 52px\" width=\"68\">\n<p>16-18 h<\/p>\n<\/td>\n<td style=\"width: 7.58242%;height: 52px\" width=\"59\">\n<p>11-13 h<\/p>\n<\/td>\n<td style=\"width: 7.8022%;height: 52px\" width=\"64\">\n<p>16-17 h<\/p>\n<\/td>\n<td style=\"width: 10.2198%;height: 52px\" width=\"94\">\n<p>max. 2 f\u0151<\/p>\n<\/td>\n<td style=\"width: 8.9011%;height: 52px\" width=\"85\">\n<p>max. 3 f\u0151<\/p>\n<\/td>\n<td style=\"width: 9.01099%;height: 52px\" width=\"85\">\n<p>max. 3 f\u0151<\/p>\n<\/td>\n<td style=\"width: 52.3633%;height: 52px\" width=\"168\">\n<p>Gondoz\u00e1sban seg\u00edthet<\/p>\n<\/td>\n<\/tr>\n<tr style=\"height: 52px\">\n<td style=\"width: 23.2967%;height: 52px\" width=\"227\">\n<p>Gyermek Idegseb\u00e9szet<\/p>\n<\/td>\n<td style=\"width: 7.58242%;height: 52px\" width=\"66\">\n<p>11-13 h<\/p>\n<\/td>\n<td style=\"width: 7.8022%;height: 52px\" width=\"68\">\n<p>16-17 h<\/p>\n<\/td>\n<td style=\"width: 7.58242%;height: 52px\" width=\"59\">\n<p>11-13 h<\/p>\n<\/td>\n<td style=\"width: 7.8022%;height: 52px\" width=\"64\">\n<p>16-17 h<\/p>\n<\/td>\n<td style=\"width: 10.2198%;height: 52px\" width=\"94\">\n<p>max. 2 f\u0151<\/p>\n<\/td>\n<td style=\"width: 8.9011%;height: 52px\" width=\"85\">\n<p>max. 2 f\u0151<\/p>\n<\/td>\n<td style=\"width: 9.01099%;height: 52px\" width=\"85\">\n<p>max. 2 f\u0151<\/p>\n<\/td>\n<td style=\"width: 52.3633%;height: 52px\" width=\"168\">\n<p>Gondoz\u00e1sban seg\u00edthet<\/p>\n<\/td>\n<\/tr>\n<tr style=\"height: 52px\">\n<td style=\"width: 23.2967%;height: 52px\" width=\"227\">\n<p>Neurol\u00f3giai Oszt\u00e1ly<\/p>\n<\/td>\n<td style=\"width: 7.58242%;height: 52px\" width=\"66\">\n<p>11-13 h<\/p>\n<\/td>\n<td style=\"width: 7.8022%;height: 52px\" width=\"68\">\n<p>16-17 h<\/p>\n<\/td>\n<td style=\"width: 7.58242%;height: 52px\" width=\"59\">\n<p>11-13 h<\/p>\n<\/td>\n<td style=\"width: 7.8022%;height: 52px\" width=\"64\">\n<p>16-17 h<\/p>\n<\/td>\n<td style=\"width: 10.2198%;height: 52px\" width=\"94\">\n<p>max. 2 f\u0151<\/p>\n<\/td>\n<td style=\"width: 8.9011%;height: 52px\" width=\"85\">\n<p>max. 3 f\u0151<\/p>\n<\/td>\n<td style=\"width: 9.01099%;height: 52px\" width=\"85\">\n<p>max. 3 f\u0151<\/p>\n<\/td>\n<td style=\"width: 52.3633%;height: 52px\" width=\"168\">\n<p>Gondoz\u00e1sban seg\u00edthet<\/p>\n<\/td>\n<\/tr>\n<\/tbody>\n<\/table>\n<p>&nbsp;<\/p>\n<p style=\"text-align: justify\"><strong>Kritikus \u00e1llapot\u00fa beteg rendk\u00edv\u00fcli l\u00e1togat\u00e1sa a nap b\u00e1rmely szakasz\u00e1ban lehets\u00e9ges, az oszt\u00e1lyvezet\u0151 f\u0151orvos\/\u00fcgyeletvezet\u0151 enged\u00e9ly\u00e9vel.<\/strong><\/p>\n<p style=\"text-align: justify\"><strong>Rendszeres, egy\u00e9ni l\u00e1togat\u00e1si rend ir\u00e1nti k\u00e9relmet az oszt\u00e1lyvezet\u0151 f\u0151orvoson kereszt\u00fcl, a klinikaigazgat\u00f3nak kell beny\u00fajtani, az al\u00e1bbi adatok megad\u00e1s\u00e1val: a beteg neve, TAJ-sz\u00e1ma, a betegs\u00e9g megnevez\u00e9se, a k\u00e9relem indokl\u00e1sa \u00e9s a k\u00e9rt egy\u00e9ni l\u00e1togat\u00e1si rend.<\/strong><\/p>\n<p style=\"text-align: justify\"><strong>A Gyermek Idegseb\u00e9szeti Oszt\u00e1lyon lehets\u00e9ges a folyamatos sz\u00fcl\u0151i jelenl\u00e9t (1 f\u0151), a higi\u00e9n\u00e9s szab\u00e1lyok betart\u00e1s\u00e1val, az oszt\u00e1lyvezet\u0151 f\u0151orvossal el\u0151re egyeztetve. M\u00e1sik sz\u00fcl\u0151 11:00-13:00, valamint 16:00-18:30 id\u0151tartamokban l\u00e1togathat. A Gyermek Idegseb\u00e9szeti Oszt\u00e1lyon a gyermeket kiz\u00e1r\u00f3lag az \u00e9desanya \u00e9s az \u00e9desapa, vagy az \u00e1ltaluk megjel\u00f6lt szem\u00e9ly l\u00e1togathatja.<\/strong><\/p>\n<p style=\"text-align: justify\"><strong>14 \u00e9v alatti gyermek csak nagykor\u00fa k\u00eds\u00e9rettel, az oszt\u00e1lyvezet\u0151\/\u00fcgyeletvezet\u0151 k\u00fcl\u00f6n enged\u00e9ly\u00e9vel l\u00e1togathat.<\/strong><\/p>\n<p style=\"text-align: justify\"><strong>Fennj\u00e1r\u00f3 beteg eset\u00e9ben, amennyiben a felt\u00e9telek adottak \u00e9s relev\u00e1ns az oszt\u00e1ly jelleg\u00e9b\u0151l ad\u00f3d\u00f3an, a l\u00e1togat\u00f3t lehet\u0151leg a k\u00f3rtermen k\u00edv\u00fcl, a k\u00f6z\u00f6s t\u00e9rben vagy az udvaron fogadja a p\u00e1ciens.<\/strong><\/p>\n<p>2025.01.06.<\/p>\n<p style=\"text-align: right\">med. habil. Dr. Er\u0151ss Lor\u00e1nd PhD., klinikaigazgat\u00f3 f\u0151orvos<\/p>\n","protected":false},"excerpt":{"rendered":"<p>L\u00e1togat\u00e1si Rend az 2\/2025. sz. Klinikaigazgat\u00f3i Utas\u00edt\u00e1s Mell\u00e9klete &nbsp; Oszt\u00e1ly H\u00e9tk\u00f6znap H\u00e9tv\u00e9ge Aj\u00e1nl\u00e1s D\u00e9lel\u0151tt D\u00e9lut\u00e1n D\u00e9lel\u0151tt D\u00e9lut\u00e1n K\u00f3rterem K\u00f6z\u00f6s t\u00e9r Udvar Gondoz\u00e1s K\u00f6zponti Intenz\u00edv Oszt\u00e1ly &#8211; 13-14 h \u00e9s 17-18 h 11-12 h 16-17 h max. 2 f\u0151, max. 20 perc &#8211; &#8211; &#8211; Szubintenz\u00edv r\u00e9szleg 11-12 h 16-17 h 11-12 h 16-17 h max. &hellip;<\/p>\n","protected":false},"author":102360,"featured_media":0,"parent":469,"menu_order":0,"comment_status":"closed","ping_status":"closed","template":"","meta":{"_acf_changed":false,"footnotes":""},"categories":[],"tags":[],"class_list":["post-965","page","type-page","status-publish","hentry"],"acf":[],"_links":{"self":[{"href":"https:\/\/semmelweis.hu\/amerikaiut\/wp-json\/wp\/v2\/pages\/965","targetHints":{"allow":["GET"]}}],"collection":[{"href":"https:\/\/semmelweis.hu\/amerikaiut\/wp-json\/wp\/v2\/pages"}],"about":[{"href":"https:\/\/semmelweis.hu\/amerikaiut\/wp-json\/wp\/v2\/types\/page"}],"author":[{"embeddable":true,"href":"https:\/\/semmelweis.hu\/amerikaiut\/wp-json\/wp\/v2\/users\/102360"}],"replies":[{"embeddable":true,"href":"https:\/\/semmelweis.hu\/amerikaiut\/wp-json\/wp\/v2\/comments?post=965"}],"version-history":[{"count":1,"href":"https:\/\/semmelweis.hu\/amerikaiut\/wp-json\/wp\/v2\/pages\/965\/revisions"}],"predecessor-version":[{"id":966,"href":"https:\/\/semmelweis.hu\/amerikaiut\/wp-json\/wp\/v2\/pages\/965\/revisions\/966"}],"up":[{"embeddable":true,"href":"https:\/\/semmelweis.hu\/amerikaiut\/wp-json\/wp\/v2\/pages\/469"}],"wp:attachment":[{"href":"https:\/\/semmelweis.hu\/amerikaiut\/wp-json\/wp\/v2\/media?parent=965"}],"wp:term":[{"taxonomy":"category","embeddable":true,"href":"https:\/\/semmelweis.hu\/amerikaiut\/wp-json\/wp\/v2\/categories?post=965"},{"taxonomy":"post_tag","embeddable":true,"href":"https:\/\/semmelweis.hu\/amerikaiut\/wp-json\/wp\/v2\/tags?post=965"}],"curies":[{"name":"wp","href":"https:\/\/api.w.org\/{rel}","templated":true}]}}