{"id":863,"date":"2024-09-13T14:14:56","date_gmt":"2024-09-13T12:14:56","guid":{"rendered":"https:\/\/semmelweis.hu\/amerikaiut\/?page_id=863"},"modified":"2024-10-24T09:17:47","modified_gmt":"2024-10-24T07:17:47","slug":"tortenetunk","status":"publish","type":"page","link":"https:\/\/semmelweis.hu\/amerikaiut\/rolunk\/tortenetunk\/","title":{"rendered":"T\u00f6rt\u00e9net\u00fcnk"},"content":{"rendered":"<div class=\"keretes w-100\">\n<p style=\"text-align: justify\">Az Idegseb\u00e9szeti \u00e9s Neurointervenci\u00f3s Klinika, kor\u00e1bban <strong>Orsz\u00e1gos Klinikai Idegtudom\u00e1nyi Int\u00e9zet, azaz OKITI <\/strong>t\u00f6rt\u00e9nete 1953-ra ny\u00falik vissza, azonban az Amerikai \u00fati \u00e9p\u00fcletben 1911-\u00f3ta folyik \u00e1pol\u00f3, betegell\u00e1t\u00f3 munka.\u00a0<\/p>\n<\/div>\n<figure id=\"attachment_866\" aria-describedby=\"caption-attachment-866\" style=\"width: 400px\" class=\"wp-caption alignright\"><a href=\"https:\/\/semmelweis.hu\/amerikaiut\/files\/2024\/09\/szeretethaz.jpg\"><img loading=\"lazy\" decoding=\"async\" class=\"size-medium wp-image-866\" src=\"https:\/\/semmelweis.hu\/amerikaiut\/files\/2024\/09\/szeretethaz-400x297.jpg\" alt=\"\" width=\"400\" height=\"297\" srcset=\"https:\/\/semmelweis.hu\/amerikaiut\/files\/2024\/09\/szeretethaz-400x297.jpg 400w, https:\/\/semmelweis.hu\/amerikaiut\/files\/2024\/09\/szeretethaz-768x569.jpg 768w, https:\/\/semmelweis.hu\/amerikaiut\/files\/2024\/09\/szeretethaz-753x558.jpg 753w, https:\/\/semmelweis.hu\/amerikaiut\/files\/2024\/09\/szeretethaz.jpg 800w\" sizes=\"auto, (max-width: 400px) 100vw, 400px\" \/><\/a><figcaption id=\"caption-attachment-866\" class=\"wp-caption-text\">A Lajta B\u00e9la \u00e1ltal tervezett Szereteth\u00e1z \u00e9p\u00fclete az Amerikai \u00fat 57. sz\u00e1m alatt 1928-ban. (Forr\u00e1s: FSZEK Budapest-k\u00e9parch\u00edvum, Reiffenstein Bruno felv\u00e9tele).<\/figcaption><\/figure>\n<h4><strong>Az \u00e9p\u00fclet<\/strong><\/h4>\n<p style=\"text-align: justify\">Az Amerikai \u00fat 57. sz\u00e1m alatt tal\u00e1lhat\u00f3 m\u0171eml\u00e9k \u00e9p\u00fcletet 1911-ben adt\u00e1k \u00e1t. Eredetileg nem a mai \u00e9rtelemben vett k\u00f3rh\u00e1z volt, ink\u00e1bb gondoz\u00f3h\u00e1z id\u0151s, gy\u00f3gy\u00edthatatlan betegek vagy magukr\u00f3l m\u00e1s ok miatt gondoskodni k\u00e9ptelen emberek sz\u00e1m\u00e1ra.<\/p>\n<p style=\"text-align: justify\">Az int\u00e9zm\u00e9ny 1919-ben lett a mai \u00e9rtelemben vett k\u00f3rh\u00e1zz\u00e1. Az I. vil\u00e1gh\u00e1bor\u00fa kit\u00f6r\u00e9se ut\u00e1n m\u00e1r 156 \u00e1gyon \u00e1polta a sebes\u00fclteket: sok katona sz\u00e1m\u00e1ra adta vissza a civil \u00e9letbe val\u00f3 visszat\u00e9r\u00e9s, az \u00fajb\u00f3li munk\u00e1ba \u00e1ll\u00e1s rem\u00e9ny\u00e9t. A vil\u00e1gh\u00e1bor\u00fa ut\u00e1n \u00faj r\u00f6ntgenint\u00e9zet l\u00e9tes\u00fclt benne, 1923-ban pedig f\u00e9l \u00e9vtizedes rekonstrukci\u00f3 kezd\u0151d\u00f6tt benne, melynek sor\u00e1n t\u00f6bbek k\u00f6z\u00f6tt idegoszt\u00e1ly l\u00e9tes\u00fclt, a szem\u00e9szeti \u00e9s g\u00e9g\u00e9szeti oszt\u00e1lyok pedig \u00fajj\u00e1\u00e9p\u00fcltek.<\/p>\n<h4 style=\"text-align: justify\"><strong>Orsz\u00e1gos Klinikai Idegtudom\u00e1nyi Int\u00e9zet (OKITI)<\/strong><\/h4>\n<p style=\"text-align: justify\">Az <strong>Orsz\u00e1gos Klinikai Idegtudom\u00e1nyi Int\u00e9zet<\/strong>, azaz az OKITI t\u00f6rt\u00e9net\u00e9t m\u00e9lt\u00e1n \u00f6vezik legend\u00e1k: j\u00f3 h\u00edr\u00e9t az elm\u00falt \u00e9vtizedekben sok gy\u00f3gyult beteg vitte mag\u00e1val szerte az orsz\u00e1gba \u00e9s a nagyvil\u00e1gba.<\/p>\n<p style=\"text-align: justify\">Az OKITI el\u0151dje, az Orsz\u00e1gos Idegseb\u00e9szeti Tudom\u00e1nyos Int\u00e9zet 1953-ban alakult meg, az\u00f3ta pedig egyed\u00fcl\u00e1ll\u00f3an sz\u00e9les spektrum\u00fa szakmai k\u00f6zpontt\u00e1 fejl\u0151d\u00f6tt. Szakmai profilja 2007-ben teljesedett ki, amikor a stroke-on \u00e1tesett \u00e9s az epilepszi\u00e1s betegek \u00e1ltal\u00e1nos kezel\u00e9s\u00e9vel b\u0151v\u00fclt. Ekkort\u00f3l viseli az <strong>Orsz\u00e1gos Idegtudom\u00e1nyi Int\u00e9zet<\/strong> nevet.<\/p>\n<p style=\"text-align: justify\">Int\u00e9zet\u00e9ben egy csapatban, k\u00f6z\u00f6s fed\u00e9l alatt dolgoznak idegseb\u00e9szek, neurol\u00f3gusok, neuroonkol\u00f3gusok, epileptol\u00f3gusok \u00e9s a stroke szak\u00e9rt\u0151i. Ez a beteg sz\u00e1m\u00e1ra a legoptim\u00e1lisabb \u00e9s legeredm\u00e9nyesebb kezel\u00e9si k\u00f6r\u00fclm\u00e9nyeket garant\u00e1lja: h\u00e1zon bel\u00fcli gyors kivizsg\u00e1l\u00e1si id\u0151t, azonnali konzult\u00e1ci\u00f3s \u00e9s beavatkoz\u00e1si lehet\u0151s\u00e9get \u2212 ami sok esetben egyet jelent a t\u00fal\u00e9l\u00e9s \u00e9s a v\u00e1ltozatlan \u00e9letmin\u0151s\u00e9g es\u00e9ly\u00e9vel.<\/p>\n<p style=\"text-align: justify\">Az OKITI a 2010-es \u00e9vek v\u00e9g\u00e9re a harmadik legnagyobb idegseb\u00e9szeti k\u00f6zpontt\u00e1 n\u0151tte ki mag\u00e1t Eur\u00f3p\u00e1ban. \u00c9lenj\u00e1rt a nagy seb\u00e9szi pontoss\u00e1got jelent\u0151 neuronavig\u00e1ci\u00f3s m\u00f3dszerekben, az ablat\u00edv oper\u00e1ci\u00f3t sok esetben kiv\u00e1lt\u00f3 neurostimul\u00e1toros beavatkoz\u00e1sokban, a kis sebfel\u00fclettel j\u00e1r\u00f3 gerincm\u0171t\u00e9tek ter\u00e9n \u00e9s sok egy\u00e9b m\u00e1s korszer\u0171 neuroseb\u00e9szeti elj\u00e1r\u00e1sban.<\/p>\n<p style=\"text-align: justify\">Az int\u00e9zet j\u00f3 h\u00edrnevet szerzett az Orsz\u00e1gos Onkol\u00f3giai Int\u00e9zettel \u00e9s a Debreceni Gamma Sug\u00e1rseb\u00e9szeti K\u00f6zponttal egy\u00fcttm\u0171k\u00f6d\u00e9sben v\u00e9gzett, seb\u00e9szeti behatol\u00e1s n\u00e9lk\u00fcli tumorkezel\u00e9sben, a nagy \u00e9s neh\u00e9z daganatok, s\u00e9r\u00fcl\u00e9sek oper\u00e1ci\u00f3iban, valamint a gy\u00f3gyszerrel nem kezelhet\u0151 epilepszi\u00e1k \u00e9s f\u00e1jdalmak kezel\u00e9s\u00e9ben. Itt alap\u00edtott\u00e1k meg tov\u00e1bb\u00e1 az orsz\u00e1g els\u0151 gyermek-idegseb\u00e9szeti oszt\u00e1ly\u00e1t is, ahol az id\u0151k sor\u00e1n szint\u00e9n felbecs\u00fclhetetlen \u00e9rt\u00e9k\u0171 szakmai tapasztalat halmoz\u00f3dott fel. 2010-ben alap\u00edtott\u00e1k meg a funkcion\u00e1lis idegseb\u00e9szeti oszt\u00e1lyt, ahol egyebek mellett olyan unik\u00e1lis elj\u00e1r\u00e1sokat v\u00e9geznek, mint p\u00e9ld\u00e1ul az epilepszia-, mozg\u00e1szavar-seb\u00e9szet \u00e9s a legmodernebb invaz\u00edv neuromodul\u00e1ci\u00f3s elj\u00e1r\u00e1sok. <span style=\"font-size: 1rem\">2018 \u00f3ta <\/span><span style=\"font-size: 1rem\">szint\u00e9n csak itt v\u00e9geznek r<\/span><span style=\"font-size: 1rem\">obotassziszt\u00e1lt idegseb\u00e9szeti elj\u00e1r\u00e1sokat az orsz\u00e1gban \u00e9s mag\u00e1nak a robotnak a szoftverfejleszt\u00e9s\u00e9hez is hozz\u00e1j\u00e1rult az int\u00e9zet.\u00a0\u00a0<\/span><\/p>\n<p style=\"text-align: justify\">Az <span style=\"font-size: 1rem\">\u00a0<\/span><strong style=\"font-size: 1rem\">Orsz\u00e1gos Ment\u00e1lis, Ideggy\u00f3gy\u00e1szati \u00e9s Idegseb\u00e9szeti Int\u00e9zet<\/strong> (<span style=\"font-size: 1rem\">OMIII) 2021-ben k\u00e9t nagy m\u00falt\u00fa int\u00e9zm\u00e9ny \u00e9s egy szakk\u00f3rh\u00e1z egyes\u00fcl\u00e9s\u00e9vel j\u00f6tt l\u00e9tre: az Orsz\u00e1gos Klinikai Idegtudom\u00e1nyi Int\u00e9zet (OKITI), a Ny\u00edr\u0151 Gyula Orsz\u00e1gos Pszichi\u00e1triai \u00e9s Addiktol\u00f3giai Int\u00e9zet (OPAI), illetve a G\u00e1lfi B\u00e9la Pszichi\u00e1triai \u00e9s Addiktol\u00f3giai Rehabilit\u00e1ci\u00f3s K\u00f3rh\u00e1z integr\u00e1ci\u00f3j\u00e1val. 2023-ban sz\u00fcletett az a korm\u00e1nyzati d\u00f6nt\u00e9s, amely szerint az idegseb\u00e9szet a Semmelweis Egyetem klinik\u00e1jak\u00e9nt m\u0171k\u00f6dik majd tov\u00e1bb. Ennek megfelel\u0151en\u00a0<\/span>2024 m\u00e1rcius elsej\u00e9vel az Amerikai \u00fati Orsz\u00e1gos Ment\u00e1lis, Ideggy\u00f3gy\u00e1szati \u00e9s Idegseb\u00e9szeti Int\u00e9zet (OMIII) ideggy\u00f3gy\u00e1szati, neurointervenci\u00f3s \u00e9s idegseb\u00e9szeti ell\u00e1t\u00e1sa a Semmelweis Egyetembe integr\u00e1l\u00f3dott, \u00edgy j\u00f6tt l\u00e9tre az <a href=\"https:\/\/semmelweis.hu\/amerikaiut\/rolunk\/\">Idegseb\u00e9szeti \u00e9s Neurointervenci\u00f3s Klinika<\/a>. Az egyetemhez val\u00f3 csatlakoz\u00e1ssal az int\u00e9zm\u00e9ny \u00faj ell\u00e1t\u00e1si ter\u00fcletet kapott az idegseb\u00e9szettel, a sz\u00e1mos m\u0171t\u00e9ti elj\u00e1r\u00e1st orsz\u00e1gosan egyed\u00fclik\u00e9nt v\u00e9gz\u0151 klinika pedig tov\u00e1bb fokozhatja tudom\u00e1nyos \u00e9s oktat\u00e1si tev\u00e9kenys\u00e9g\u00e9t.<\/p>\n","protected":false},"excerpt":{"rendered":"<p>Az Idegseb\u00e9szeti \u00e9s Neurointervenci\u00f3s Klinika, kor\u00e1bban Orsz\u00e1gos Klinikai Idegtudom\u00e1nyi Int\u00e9zet, azaz OKITI t\u00f6rt\u00e9nete 1953-ra ny\u00falik vissza, azonban az Amerikai \u00fati \u00e9p\u00fcletben 1911-\u00f3ta folyik \u00e1pol\u00f3, betegell\u00e1t\u00f3 munka.\u00a0 Az \u00e9p\u00fclet Az Amerikai \u00fat 57. sz\u00e1m alatt tal\u00e1lhat\u00f3 m\u0171eml\u00e9k \u00e9p\u00fcletet 1911-ben adt\u00e1k \u00e1t. Eredetileg nem a mai \u00e9rtelemben vett k\u00f3rh\u00e1z volt, ink\u00e1bb gondoz\u00f3h\u00e1z id\u0151s, gy\u00f3gy\u00edthatatlan betegek vagy magukr\u00f3l &hellip;<\/p>\n","protected":false},"author":12,"featured_media":0,"parent":461,"menu_order":1,"comment_status":"closed","ping_status":"closed","template":"template-fullwidth.php","meta":{"_acf_changed":false,"footnotes":""},"categories":[],"tags":[],"class_list":["post-863","page","type-page","status-publish","hentry"],"acf":[],"_links":{"self":[{"href":"https:\/\/semmelweis.hu\/amerikaiut\/wp-json\/wp\/v2\/pages\/863","targetHints":{"allow":["GET"]}}],"collection":[{"href":"https:\/\/semmelweis.hu\/amerikaiut\/wp-json\/wp\/v2\/pages"}],"about":[{"href":"https:\/\/semmelweis.hu\/amerikaiut\/wp-json\/wp\/v2\/types\/page"}],"author":[{"embeddable":true,"href":"https:\/\/semmelweis.hu\/amerikaiut\/wp-json\/wp\/v2\/users\/12"}],"replies":[{"embeddable":true,"href":"https:\/\/semmelweis.hu\/amerikaiut\/wp-json\/wp\/v2\/comments?post=863"}],"version-history":[{"count":7,"href":"https:\/\/semmelweis.hu\/amerikaiut\/wp-json\/wp\/v2\/pages\/863\/revisions"}],"predecessor-version":[{"id":910,"href":"https:\/\/semmelweis.hu\/amerikaiut\/wp-json\/wp\/v2\/pages\/863\/revisions\/910"}],"up":[{"embeddable":true,"href":"https:\/\/semmelweis.hu\/amerikaiut\/wp-json\/wp\/v2\/pages\/461"}],"wp:attachment":[{"href":"https:\/\/semmelweis.hu\/amerikaiut\/wp-json\/wp\/v2\/media?parent=863"}],"wp:term":[{"taxonomy":"category","embeddable":true,"href":"https:\/\/semmelweis.hu\/amerikaiut\/wp-json\/wp\/v2\/categories?post=863"},{"taxonomy":"post_tag","embeddable":true,"href":"https:\/\/semmelweis.hu\/amerikaiut\/wp-json\/wp\/v2\/tags?post=863"}],"curies":[{"name":"wp","href":"https:\/\/api.w.org\/{rel}","templated":true}]}}