{"id":664,"date":"2024-06-14T09:33:04","date_gmt":"2024-06-14T07:33:04","guid":{"rendered":"https:\/\/semmelweis.hu\/amerikaiut\/?page_id=664"},"modified":"2024-07-17T14:17:33","modified_gmt":"2024-07-17T12:17:33","slug":"neuropszichologia","status":"publish","type":"page","link":"https:\/\/semmelweis.hu\/amerikaiut\/gyogyitas\/jarobeteg-osztalyok\/neuropszichologia\/","title":{"rendered":"Neuropszichol\u00f3gia"},"content":{"rendered":"<h3>Felt\u00e9telek:<\/h3>\n<p>Beutal\u00f3 \u00e9s el\u0151jegyz\u00e9s sz\u00fcks\u00e9ges<\/p>\n<hr \/>\n<h3>El\u0151jegyz\u00e9s:<\/h3>\n<ul>\n<li>Borb\u00e9ly Csaba <br \/>\n(neuropszichol\u00f3gus)<br \/>\nCs\u00fct\u00f6rt\u00f6k, P\u00e9ntek: 9:00-16:00<br \/>\nTelefon: +36\/30\/378-1677<\/li>\n<li>T\u00f3th Zsuzsanna <br \/>\n(neuropszichol\u00f3gus, klinikai szakpszichol\u00f3gus)<br \/>\nH\u00e9tf\u0151, Szerda: 9:00 \u2013 16:00<br \/>\nTelefon: +36\/30\/689-4138<\/li>\n<\/ul>\n<hr \/>\n<h3>K\u00e9rj\u00fck hozza mag\u00e1val:<\/h3>\n<ul>\n<li>TAJ k\u00e1rtya,<\/li>\n<li>Szem\u00e9lyi igazolv\u00e1ny<\/li>\n<li>Lakc\u00edmk\u00e1rtya<\/li>\n<li>Kor\u00e1bbi orvosi leletek, illetve z\u00e1r\u00f3jelent\u00e9sek<\/li>\n<\/ul>\n<hr \/>\n<h3>A rendel\u00e9sen r\u00e9sztvev\u0151 orvosok:<\/h3>\n<ul>\n<li>Dr. Borb\u00e9ly Csaba<br \/>\nH\u00e9tf\u0151, Szerda 9:00-16:00<\/li>\n<li>Dr. T\u00f3th Zsuzsanna<br \/>\nCs\u00fct\u00f6rt\u00f6k, P\u00e9ntek 9:00-16:00<\/li>\n<\/ul>\n","protected":false},"excerpt":{"rendered":"<p>Felt\u00e9telek: Beutal\u00f3 \u00e9s el\u0151jegyz\u00e9s sz\u00fcks\u00e9ges El\u0151jegyz\u00e9s: Borb\u00e9ly Csaba (neuropszichol\u00f3gus) Cs\u00fct\u00f6rt\u00f6k, P\u00e9ntek: 9:00-16:00 Telefon: +36\/30\/378-1677 T\u00f3th Zsuzsanna (neuropszichol\u00f3gus, klinikai szakpszichol\u00f3gus) H\u00e9tf\u0151, Szerda: 9:00 \u2013 16:00 Telefon: +36\/30\/689-4138 K\u00e9rj\u00fck hozza mag\u00e1val: TAJ k\u00e1rtya, Szem\u00e9lyi igazolv\u00e1ny Lakc\u00edmk\u00e1rtya Kor\u00e1bbi orvosi leletek, illetve z\u00e1r\u00f3jelent\u00e9sek A rendel\u00e9sen r\u00e9sztvev\u0151 orvosok: Dr. Borb\u00e9ly Csaba H\u00e9tf\u0151, Szerda 9:00-16:00 Dr. T\u00f3th Zsuzsanna Cs\u00fct\u00f6rt\u00f6k, P\u00e9ntek 9:00-16:00 &hellip;<\/p>\n","protected":false},"author":102360,"featured_media":0,"parent":489,"menu_order":0,"comment_status":"closed","ping_status":"closed","template":"","meta":{"_acf_changed":false,"footnotes":""},"categories":[10,8],"tags":[],"class_list":["post-664","page","type-page","status-publish","hentry","category-jarobeteg","category-osztaly"],"acf":[],"_links":{"self":[{"href":"https:\/\/semmelweis.hu\/amerikaiut\/wp-json\/wp\/v2\/pages\/664","targetHints":{"allow":["GET"]}}],"collection":[{"href":"https:\/\/semmelweis.hu\/amerikaiut\/wp-json\/wp\/v2\/pages"}],"about":[{"href":"https:\/\/semmelweis.hu\/amerikaiut\/wp-json\/wp\/v2\/types\/page"}],"author":[{"embeddable":true,"href":"https:\/\/semmelweis.hu\/amerikaiut\/wp-json\/wp\/v2\/users\/102360"}],"replies":[{"embeddable":true,"href":"https:\/\/semmelweis.hu\/amerikaiut\/wp-json\/wp\/v2\/comments?post=664"}],"version-history":[{"count":5,"href":"https:\/\/semmelweis.hu\/amerikaiut\/wp-json\/wp\/v2\/pages\/664\/revisions"}],"predecessor-version":[{"id":770,"href":"https:\/\/semmelweis.hu\/amerikaiut\/wp-json\/wp\/v2\/pages\/664\/revisions\/770"}],"up":[{"embeddable":true,"href":"https:\/\/semmelweis.hu\/amerikaiut\/wp-json\/wp\/v2\/pages\/489"}],"wp:attachment":[{"href":"https:\/\/semmelweis.hu\/amerikaiut\/wp-json\/wp\/v2\/media?parent=664"}],"wp:term":[{"taxonomy":"category","embeddable":true,"href":"https:\/\/semmelweis.hu\/amerikaiut\/wp-json\/wp\/v2\/categories?post=664"},{"taxonomy":"post_tag","embeddable":true,"href":"https:\/\/semmelweis.hu\/amerikaiut\/wp-json\/wp\/v2\/tags?post=664"}],"curies":[{"name":"wp","href":"https:\/\/api.w.org\/{rel}","templated":true}]}}