{"id":662,"date":"2024-06-14T09:32:43","date_gmt":"2024-06-14T07:32:43","guid":{"rendered":"https:\/\/semmelweis.hu\/amerikaiut\/?page_id=662"},"modified":"2024-10-24T11:22:35","modified_gmt":"2024-10-24T09:22:35","slug":"neuroonkologia","status":"publish","type":"page","link":"https:\/\/semmelweis.hu\/amerikaiut\/gyogyitas\/jarobeteg-osztalyok\/neuroonkologia\/","title":{"rendered":"Neuroonkol\u00f3gia"},"content":{"rendered":"<h3>Felt\u00e9telek:<\/h3>\n<p>Beutal\u00f3 \u00e9s el\u0151jegyz\u00e9s sz\u00fcks\u00e9ges<\/p>\n<hr \/>\n<h3>El\u0151jegyz\u00e9s:<\/h3>\n<ul>\n<li>Dr. Fedorcs\u00e1k Imre<br \/>\noszt\u00e1lyvezet\u0151 f\u0151orvos (idegseb\u00e9sz, klinikai onkol\u00f3gus)<br \/>\nH\u00e9tf\u0151 9:00-16:00<br \/>\nTelefon: +36\/1\/467-9314<br \/>\nE-mail: drfedorcsakrendeles@gmail.com<\/li>\n<li>Dr. Bag\u00f3 Attila Gy\u00f6rgy PhD. <br \/>\nOszt\u00e1lyvezet\u0151 f\u0151orvos<br \/>\nH\u00e9tf\u0151 9:00-16:00<br \/>\nTelefon: +36\/1\/467-9314, +36\/30\/689-4249<\/li>\n<li>Dr. Sipos L\u00e1szl\u00f3 PhD. <br \/>\nOszt\u00e1lyvezet\u0151 f\u0151orvos<br \/>\nKedd: 8:00-14:00<br \/>\nTelefon: +36\/30\/689-4249<\/li>\n<\/ul>\n<hr \/>\n<h3>K\u00e9rj\u00fck hozza mag\u00e1val:<\/h3>\n<ul>\n<li>TAJ k\u00e1rtya<\/li>\n<li>Szem\u00e9lyi igazolv\u00e1ny<\/li>\n<li>Lakc\u00edmk\u00e1rtya<\/li>\n<li>Kor\u00e1bbi orvosi leletek, illetve z\u00e1r\u00f3jelent\u00e9sek<\/li>\n<\/ul>\n<hr \/>\n<h3>A rendel\u00e9sen r\u00e9sztvev\u0151 orvosok:<\/h3>\n<ul>\n<li>Dr. Fedorcs\u00e1k Imre<\/li>\n<li>Dr. Bag\u00f3 Attila Ph.D.<\/li>\n<li>Dr. Sipos L\u00e1szl\u00f3<\/li>\n<\/ul>\n","protected":false},"excerpt":{"rendered":"<p>Felt\u00e9telek: Beutal\u00f3 \u00e9s el\u0151jegyz\u00e9s sz\u00fcks\u00e9ges El\u0151jegyz\u00e9s: Dr. Fedorcs\u00e1k Imre oszt\u00e1lyvezet\u0151 f\u0151orvos (idegseb\u00e9sz, klinikai onkol\u00f3gus) H\u00e9tf\u0151 9:00-16:00 Telefon: +36\/1\/467-9314 E-mail: drfedorcsakrendeles@gmail.com Dr. Bag\u00f3 Attila Gy\u00f6rgy PhD. Oszt\u00e1lyvezet\u0151 f\u0151orvos H\u00e9tf\u0151 9:00-16:00 Telefon: +36\/1\/467-9314, +36\/30\/689-4249 Dr. Sipos L\u00e1szl\u00f3 PhD. Oszt\u00e1lyvezet\u0151 f\u0151orvos Kedd: 8:00-14:00 Telefon: +36\/30\/689-4249 K\u00e9rj\u00fck hozza mag\u00e1val: TAJ k\u00e1rtya Szem\u00e9lyi igazolv\u00e1ny Lakc\u00edmk\u00e1rtya Kor\u00e1bbi orvosi leletek, illetve z\u00e1r\u00f3jelent\u00e9sek &hellip;<\/p>\n","protected":false},"author":102360,"featured_media":0,"parent":489,"menu_order":0,"comment_status":"closed","ping_status":"closed","template":"","meta":{"_acf_changed":false,"footnotes":""},"categories":[10,8],"tags":[],"class_list":["post-662","page","type-page","status-publish","hentry","category-jarobeteg","category-osztaly"],"acf":[],"_links":{"self":[{"href":"https:\/\/semmelweis.hu\/amerikaiut\/wp-json\/wp\/v2\/pages\/662","targetHints":{"allow":["GET"]}}],"collection":[{"href":"https:\/\/semmelweis.hu\/amerikaiut\/wp-json\/wp\/v2\/pages"}],"about":[{"href":"https:\/\/semmelweis.hu\/amerikaiut\/wp-json\/wp\/v2\/types\/page"}],"author":[{"embeddable":true,"href":"https:\/\/semmelweis.hu\/amerikaiut\/wp-json\/wp\/v2\/users\/102360"}],"replies":[{"embeddable":true,"href":"https:\/\/semmelweis.hu\/amerikaiut\/wp-json\/wp\/v2\/comments?post=662"}],"version-history":[{"count":5,"href":"https:\/\/semmelweis.hu\/amerikaiut\/wp-json\/wp\/v2\/pages\/662\/revisions"}],"predecessor-version":[{"id":915,"href":"https:\/\/semmelweis.hu\/amerikaiut\/wp-json\/wp\/v2\/pages\/662\/revisions\/915"}],"up":[{"embeddable":true,"href":"https:\/\/semmelweis.hu\/amerikaiut\/wp-json\/wp\/v2\/pages\/489"}],"wp:attachment":[{"href":"https:\/\/semmelweis.hu\/amerikaiut\/wp-json\/wp\/v2\/media?parent=662"}],"wp:term":[{"taxonomy":"category","embeddable":true,"href":"https:\/\/semmelweis.hu\/amerikaiut\/wp-json\/wp\/v2\/categories?post=662"},{"taxonomy":"post_tag","embeddable":true,"href":"https:\/\/semmelweis.hu\/amerikaiut\/wp-json\/wp\/v2\/tags?post=662"}],"curies":[{"name":"wp","href":"https:\/\/api.w.org\/{rel}","templated":true}]}}