{"id":660,"date":"2024-06-14T09:32:22","date_gmt":"2024-06-14T07:32:22","guid":{"rendered":"https:\/\/semmelweis.hu\/amerikaiut\/?page_id=660"},"modified":"2024-10-31T11:34:29","modified_gmt":"2024-10-31T10:34:29","slug":"neurologia-stroke-ambulancia","status":"publish","type":"page","link":"https:\/\/semmelweis.hu\/amerikaiut\/gyogyitas\/jarobeteg-osztalyok\/neurologia-stroke-ambulancia\/","title":{"rendered":"Neurol\u00f3gia &#8211; Stroke Ambulancia"},"content":{"rendered":"<h3>Felt\u00e9telek:<\/h3>\n<p>Beutal\u00f3 \u00e9s el\u0151jegyz\u00e9s sz\u00fcks\u00e9ges<\/p>\n<hr \/>\n<h3>El\u0151jegyz\u00e9s:<\/h3>\n<ul>\n<li>E-mail: <a id=\"LPlnkOWA5a724487-f64b-4757-a69b-e6b30e749061\" href=\"mailto:neurologia.amb.amerikaiut@semmelweis.hu\">neurologia.amb.amerikaiut@semmelweis.hu<\/a><\/li>\n<li>Dr. Papp Anik\u00f3 <br \/>\n(neurol\u00f3gus szakorvos)<br \/>\nkedd 9.00-16.00<br \/>\nTelefon: (06-1) 467 9300\/172<\/li>\n<li>Dr. J\u00f3ri-Birk\u00e1s Adrienn <br \/>\n(neurol\u00f3gus f\u0151orvos) \u2013 Neuroimmunol\u00f3gia, Sclerosis Multiplex (SM) rendel\u00e9s<br \/>\nszerda 8.00-9.00, cs\u00fct\u00f6rt\u00f6k 8.00-16.00, p\u00e9ntek 8.00-12.00<br \/>\nTelefon: (06-1) 467 9300\/172<\/li>\n<li>Dr. Fut\u00f3 Klaudia <br \/>\n(neurol\u00f3gus)<br \/>\nszerda 9.30-15.30<br \/>\nTelefon: (06-1) 467 9300\/172<\/li>\n<\/ul>\n<hr \/>\n<h3>K\u00e9rj\u00fck hozza mag\u00e1val:<\/h3>\n<ul>\n<li>TAJ k\u00e1rtya,<\/li>\n<li>Szem\u00e9lyi igazolv\u00e1ny<\/li>\n<li>Lakc\u00edmk\u00e1rtya<\/li>\n<li>Kor\u00e1bbi orvosi leletek, illetve z\u00e1r\u00f3jelent\u00e9sek<\/li>\n<\/ul>\n<hr \/>\n<h3>A rendel\u00e9sen r\u00e9sztvev\u0151 orvosok:<\/h3>\n<ul>\n<li>Dr. Papp Anik\u00f3<\/li>\n<li>Dr. J\u00f3ri-Birk\u00e1s Adrienn<\/li>\n<li>Dr. Fut\u00f3 Klaudia<\/li>\n<\/ul>\n","protected":false},"excerpt":{"rendered":"<p>Felt\u00e9telek: Beutal\u00f3 \u00e9s el\u0151jegyz\u00e9s sz\u00fcks\u00e9ges El\u0151jegyz\u00e9s: E-mail: <a id=\"LPlnkOWA5a724487-f64b-4757-a69b-e6b30e749061\" href=\"mailto:neurologia.amb.amerikaiut@semmelweis.hu\">neurologia.amb.amerikaiut@semmelweis.hu<\/a> Dr. Papp Anik\u00f3 (neurol\u00f3gus szakorvos) kedd 9.00-16.00 Telefon: (06-1) 467 9300\/172 Dr. J\u00f3ri-Birk\u00e1s Adrienn (neurol\u00f3gus f\u0151orvos) \u2013 Neuroimmunol\u00f3gia, Sclerosis Multiplex (SM) rendel\u00e9s szerda 8.00-9.00, cs\u00fct\u00f6rt\u00f6k 8.00-16.00, p\u00e9ntek 8.00-12.00 Telefon: (06-1) 467 9300\/172 Dr. Fut\u00f3 Klaudia (neurol\u00f3gus) szerda 9.30-15.30 Telefon: (06-1) 467 9300\/172 K\u00e9rj\u00fck hozza mag\u00e1val: TAJ k\u00e1rtya, Szem\u00e9lyi &hellip;<\/p>\n","protected":false},"author":102360,"featured_media":0,"parent":489,"menu_order":0,"comment_status":"closed","ping_status":"closed","template":"","meta":{"_acf_changed":false,"footnotes":""},"categories":[10,8],"tags":[],"class_list":["post-660","page","type-page","status-publish","hentry","category-jarobeteg","category-osztaly"],"acf":[],"_links":{"self":[{"href":"https:\/\/semmelweis.hu\/amerikaiut\/wp-json\/wp\/v2\/pages\/660","targetHints":{"allow":["GET"]}}],"collection":[{"href":"https:\/\/semmelweis.hu\/amerikaiut\/wp-json\/wp\/v2\/pages"}],"about":[{"href":"https:\/\/semmelweis.hu\/amerikaiut\/wp-json\/wp\/v2\/types\/page"}],"author":[{"embeddable":true,"href":"https:\/\/semmelweis.hu\/amerikaiut\/wp-json\/wp\/v2\/users\/102360"}],"replies":[{"embeddable":true,"href":"https:\/\/semmelweis.hu\/amerikaiut\/wp-json\/wp\/v2\/comments?post=660"}],"version-history":[{"count":6,"href":"https:\/\/semmelweis.hu\/amerikaiut\/wp-json\/wp\/v2\/pages\/660\/revisions"}],"predecessor-version":[{"id":935,"href":"https:\/\/semmelweis.hu\/amerikaiut\/wp-json\/wp\/v2\/pages\/660\/revisions\/935"}],"up":[{"embeddable":true,"href":"https:\/\/semmelweis.hu\/amerikaiut\/wp-json\/wp\/v2\/pages\/489"}],"wp:attachment":[{"href":"https:\/\/semmelweis.hu\/amerikaiut\/wp-json\/wp\/v2\/media?parent=660"}],"wp:term":[{"taxonomy":"category","embeddable":true,"href":"https:\/\/semmelweis.hu\/amerikaiut\/wp-json\/wp\/v2\/categories?post=660"},{"taxonomy":"post_tag","embeddable":true,"href":"https:\/\/semmelweis.hu\/amerikaiut\/wp-json\/wp\/v2\/tags?post=660"}],"curies":[{"name":"wp","href":"https:\/\/api.w.org\/{rel}","templated":true}]}}